{"id":881,"date":"2020-05-25T00:49:14","date_gmt":"2020-05-25T00:49:14","guid":{"rendered":"http:\/\/localhost\/consulado\/?page_id=881"},"modified":"2022-10-28T08:43:29","modified_gmt":"2022-10-28T08:43:29","slug":"certificado-de-inscripcion-consular","status":"publish","type":"page","link":"https:\/\/consuladodevenezuelaenmadrid.com\/index.php\/certificado-de-inscripcion-consular\/","title":{"rendered":"CERTIFICADO DE INSCRIPCI\u00d3N CONSULAR"},"content":{"rendered":"\t\t<div data-elementor-type=\"wp-page\" data-elementor-id=\"881\" class=\"elementor elementor-881\">\n\t\t\t\t\t\t<section class=\"elementor-section elementor-top-section elementor-element elementor-element-28354abb elementor-section-boxed elementor-section-height-default elementor-section-height-default\" data-id=\"28354abb\" data-element_type=\"section\" data-e-type=\"section\">\n\t\t\t\t\t\t<div class=\"elementor-container elementor-column-gap-default\">\n\t\t\t\t\t<div class=\"elementor-column elementor-col-100 elementor-top-column elementor-element elementor-element-47695b8d\" data-id=\"47695b8d\" data-element_type=\"column\" data-e-type=\"column\">\n\t\t\t<div class=\"elementor-widget-wrap elementor-element-populated\">\n\t\t\t\t\t\t<div class=\"elementor-element elementor-element-60834904 elementor-widget elementor-widget-text-editor\" data-id=\"60834904\" data-element_type=\"widget\" data-e-type=\"widget\" data-widget_type=\"text-editor.default\">\n\t\t\t\t<div class=\"elementor-widget-container\">\n\t\t\t\t\t\t\t\t\t\n<div class=\"wp-block-themeisle-blocks-advanced-columns has-undefined-columns has-desktop-undefined-layout has-tablet-equal-layout has-mobile-equal-layout has-default-gap has-vertical-unset\" id=\"wp-block-themeisle-blocks-advanced-columns-c8600f48\"><div class=\"wp-block-themeisle-blocks-advanced-columns-overlay\"><\/div><div class=\"innerblocks-wrap\"><\/div><\/div>\n\t\t\t\t\t\t\t\t<\/div>\n\t\t\t\t<\/div>\n\t\t\t\t<div class=\"elementor-element elementor-element-809a823 elementor-widget elementor-widget-heading\" data-id=\"809a823\" data-element_type=\"widget\" data-e-type=\"widget\" data-widget_type=\"heading.default\">\n\t\t\t\t<div class=\"elementor-widget-container\">\n\t\t\t\t\t<h2 class=\"elementor-heading-title elementor-size-default\">Certificado de inscripci\u00f3n consular<\/h2>\t\t\t\t<\/div>\n\t\t\t\t<\/div>\n\t\t\t\t\t<\/div>\n\t\t<\/div>\n\t\t\t\t\t<\/div>\n\t\t<\/section>\n\t\t\t\t<section class=\"elementor-section elementor-top-section elementor-element elementor-element-ff9e53b elementor-section-boxed elementor-section-height-default elementor-section-height-default\" data-id=\"ff9e53b\" data-element_type=\"section\" data-e-type=\"section\">\n\t\t\t\t\t\t<div class=\"elementor-container elementor-column-gap-default\">\n\t\t\t\t\t<div class=\"elementor-column elementor-col-100 elementor-top-column elementor-element elementor-element-a5f2c7f\" data-id=\"a5f2c7f\" data-element_type=\"column\" data-e-type=\"column\">\n\t\t\t<div class=\"elementor-widget-wrap elementor-element-populated\">\n\t\t\t\t\t\t<div class=\"elementor-element elementor-element-7cf509f elementor-widget elementor-widget-spacer\" data-id=\"7cf509f\" data-element_type=\"widget\" data-e-type=\"widget\" data-widget_type=\"spacer.default\">\n\t\t\t\t<div class=\"elementor-widget-container\">\n\t\t\t\t\t\t\t<div class=\"elementor-spacer\">\n\t\t\t<div class=\"elementor-spacer-inner\"><\/div>\n\t\t<\/div>\n\t\t\t\t\t\t<\/div>\n\t\t\t\t<\/div>\n\t\t\t\t<div class=\"elementor-element elementor-element-1fa5f88 elementor-widget elementor-widget-text-editor\" data-id=\"1fa5f88\" data-element_type=\"widget\" data-e-type=\"widget\" data-widget_type=\"text-editor.default\">\n\t\t\t\t<div class=\"elementor-widget-container\">\n\t\t\t\t\t\t\t\t\t<p id=\"h.p_9HbK5xxXDZR9\" class=\"zfr3Q\">Este tr\u00e1mite se hace\u00a0<strong>EXCLUSIVAMENTE POR CORREO POSTAL.<\/strong>\u00a0Para ello, el interesado debe enviar a nuestra direcci\u00f3n postal:<\/p>\n<ol class=\"n8H08c BKnRcf\">\n<li id=\"h.p_5Yn89f3rDZiV\" class=\"TYR86d zfr3Q\">Una carta solicitando el tr\u00e1mite y sus datos de contacto (n\u00fameros de tel\u00e9fono y correo electr\u00f3nico).<\/li>\n<li id=\"h.p_yjCoVAl4DZiV\" class=\"TYR86d zfr3Q\">Copia del\u00a0<b>Registro de Inscripci\u00f3n Consular<\/b>, si no est\u00e1 inscrito o no la ha actualizado despu\u00e9s de 2012, puede hacer ambos tr\u00e1mites al mismo tiempo. Puede verificar los recaudos y procedimientos siguiendo este enlace:\u00a0<a href=\"https:\/\/consuladodevenezuelaenmadrid.com\/index.php\/registro-consular\/\" target=\"_blank\" rel=\"noopener\">REGISTRO CONSULAR DE CAR\u00c1CTER<\/a><a href=\"http:\/\/localhost\/consulado\/index.php\/registro-consular\/\" target=\"_blank\" rel=\"noopener\">\u00a0GENERAL.<\/a><\/li>\n<li id=\"h.p_xhFpnHQEDZiV\" class=\"TYR86d zfr3Q\">Copia legible de las p\u00e1ginas del pasaporte donde aparecen sus datos personales, huella dactilar y datos de emisi\u00f3n.<\/li>\n<li id=\"h.p_u10r_gvCDZiW\" class=\"TYR86d zfr3Q\"><strong>Original del comprobante del dep\u00f3sito\u00a0<\/strong>bancario de las tasas consulares correspondientes, las cuales ascienden a <strong>sesenta euros<\/strong> <strong>(60,00 \u20ac)<\/strong>:<br \/>\n<ul class=\"n8H08c UVNKR\">\n<li id=\"h.p_8V6S86OJDZiW\" class=\"TYR86d zfr3Q\">Numero de Cuenta: IBAN: ES 91<strong> 0081-7307-05-0001577660<\/strong><\/li>\n<li id=\"h.p_IYBh_AhSDZiW\" class=\"TYR86d zfr3Q\">Banco:\u00a0<strong>Sabadell<\/strong><\/li>\n<li id=\"h.p_rIHY_vOMDZiX\" class=\"TYR86d zfr3Q\">Titular:\u00a0<strong>Consulado General de la Rep\u00fablica Bolivariana de Venezuela<\/strong><\/li>\n<li id=\"h.p_LSYAUXmEDZiX\" class=\"TYR86d zfr3Q\">Incluir el nombre completo del interesado.<\/li>\n<\/ul>\n<\/li>\n<li id=\"h.p_rR_GMsaIDZiX\" class=\"TYR86d zfr3Q\">Un sobre, tama\u00f1o Din A4,\u00a0<u>con las estampillas o sellos postales<\/u>\u00a0necesarios para un env\u00edo de hasta 200 grs, donde debe\u00a0<u>escribir su direcci\u00f3n personal como destinatario.<\/u>\u00a0Ser\u00e1 utilizado por esta Misi\u00f3n Consular para remitirle el Certificado de Inscripci\u00f3n Consular.<\/li>\n<\/ol>\n<p><strong><span style=\"color: #ff0000;\">Los ni\u00f1os, ni\u00f1as y adolescentes est\u00e1n exentos del pago del arancel consular.<\/span><\/strong><\/p>\n<p id=\"h.p_nPQtHaCTDZiY\" class=\"zfr3Q\"><strong>OBSERVACI\u00d3N:<\/strong><\/p>\n<p id=\"h.p_jp84XfxvDZiY\" class=\"zfr3Q\">Los Consulados venezolanos\u00a0<strong>NO PUEDEN DEVOLVER EL DINERO DEPOSITADO POR TASAS CONSULARES EN NINGUNA CIRCUNSTANCIA<\/strong>\u00a0y<strong>\u00a0SOLO SE PUEDEN REALIZAR LOS TR\u00c1MITES EL MISMO MES EN QUE SE HA REALIZADO EL ABONO EN EL BANCO.<\/strong><\/p>\n<p id=\"h.p_w_Myk9AWDZia\" class=\"zfr3Q\"><strong>TIEMPO DE ENTREGA:<\/strong><\/p>\n<p id=\"h.p_UxTW6bCbDZia\" class=\"zfr3Q\">El tiempo de entrega de este tr\u00e1mite depende del volumen de solicitudes que se est\u00e9n procesando; como referencia, se estima en unos cinco (5) d\u00edas laborables. A esto hay que a\u00f1adir el tiempo que tarde correos en la entrega de la solicitud inicial y del documento final.<\/p>\t\t\t\t\t\t\t\t<\/div>\n\t\t\t\t<\/div>\n\t\t\t\t<section class=\"elementor-section elementor-inner-section elementor-element elementor-element-d2e78d9 elementor-section-boxed elementor-section-height-default elementor-section-height-default\" data-id=\"d2e78d9\" data-element_type=\"section\" data-e-type=\"section\">\n\t\t\t\t\t\t<div class=\"elementor-container elementor-column-gap-default\">\n\t\t\t\t\t<div class=\"elementor-column elementor-col-50 elementor-inner-column elementor-element elementor-element-f0a189e\" data-id=\"f0a189e\" data-element_type=\"column\" data-e-type=\"column\">\n\t\t\t<div class=\"elementor-widget-wrap elementor-element-populated\">\n\t\t\t\t\t\t<div class=\"elementor-element elementor-element-f1f48ea elementor-align-center elementor-widget elementor-widget-button\" data-id=\"f1f48ea\" data-element_type=\"widget\" data-e-type=\"widget\" data-widget_type=\"button.default\">\n\t\t\t\t<div class=\"elementor-widget-container\">\n\t\t\t\t\t\t\t\t\t<div class=\"elementor-button-wrapper\">\n\t\t\t\t\t<a class=\"elementor-button elementor-button-link elementor-size-sm\" href=\"http:\/\/consuladodevenezuelaenmadrid.com\/index.php\/contacto\/\">\n\t\t\t\t\t\t<span class=\"elementor-button-content-wrapper\">\n\t\t\t\t\t\t\t\t\t<span class=\"elementor-button-text\">Requiero m\u00e1s informaci\u00f3n<\/span>\n\t\t\t\t\t<\/span>\n\t\t\t\t\t<\/a>\n\t\t\t\t<\/div>\n\t\t\t\t\t\t\t\t<\/div>\n\t\t\t\t<\/div>\n\t\t\t\t\t<\/div>\n\t\t<\/div>\n\t\t\t\t<div class=\"elementor-column elementor-col-50 elementor-inner-column elementor-element elementor-element-54b080e\" data-id=\"54b080e\" data-element_type=\"column\" data-e-type=\"column\">\n\t\t\t<div class=\"elementor-widget-wrap elementor-element-populated\">\n\t\t\t\t\t\t<div class=\"elementor-element elementor-element-3158fb2 elementor-align-center elementor-widget elementor-widget-button\" data-id=\"3158fb2\" data-element_type=\"widget\" data-e-type=\"widget\" data-widget_type=\"button.default\">\n\t\t\t\t<div class=\"elementor-widget-container\">\n\t\t\t\t\t\t\t\t\t<div class=\"elementor-button-wrapper\">\n\t\t\t\t\t<a class=\"elementor-button elementor-button-link elementor-size-sm\" href=\"http:\/\/consuladodevenezuelaenmadrid.com\/\">\n\t\t\t\t\t\t<span class=\"elementor-button-content-wrapper\">\n\t\t\t\t\t\t\t\t\t<span class=\"elementor-button-text\">Salir<\/span>\n\t\t\t\t\t<\/span>\n\t\t\t\t\t<\/a>\n\t\t\t\t<\/div>\n\t\t\t\t\t\t\t\t<\/div>\n\t\t\t\t<\/div>\n\t\t\t\t\t<\/div>\n\t\t<\/div>\n\t\t\t\t\t<\/div>\n\t\t<\/section>\n\t\t\t\t\t<\/div>\n\t\t<\/div>\n\t\t\t\t\t<\/div>\n\t\t<\/section>\n\t\t\t\t<\/div>\n\t\t","protected":false},"excerpt":{"rendered":"<p>Certificado de inscripci\u00f3n consular Este tr\u00e1mite se hace\u00a0EXCLUSIVAMENTE POR CORREO POSTAL.\u00a0Para ello, el interesado debe enviar a nuestra direcci\u00f3n postal: Una carta solicitando el tr\u00e1mite y sus datos de contacto (n\u00fameros de tel\u00e9fono y correo electr\u00f3nico). Copia del\u00a0Registro de Inscripci\u00f3n Consular, si no est\u00e1 inscrito o no la ha actualizado despu\u00e9s de 2012, puede hacer [&hellip;]<\/p>\n","protected":false},"author":1,"featured_media":0,"parent":0,"menu_order":0,"comment_status":"closed","ping_status":"closed","template":"elementor_header_footer","meta":{"site-sidebar-layout":"default","site-content-layout":"default","ast-site-content-layout":"default","site-content-style":"default","site-sidebar-style":"default","ast-global-header-display":"","ast-banner-title-visibility":"","ast-main-header-display":"","ast-hfb-above-header-display":"","ast-hfb-below-header-display":"","ast-hfb-mobile-header-display":"","site-post-title":"","ast-breadcrumbs-content":"","ast-featured-img":"","footer-sml-layout":"","ast-disable-related-posts":"","theme-transparent-header-meta":"default","adv-header-id-meta":"","stick-header-meta":"","header-above-stick-meta":"","header-main-stick-meta":"","header-below-stick-meta":"","astra-migrate-meta-layouts":"default","ast-page-background-enabled":"default","ast-page-background-meta":{"desktop":{"background-color":"var(--ast-global-color-4)","background-image":"","background-repeat":"repeat","background-position":"center center","background-size":"auto","background-attachment":"scroll","background-type":"","background-media":"","overlay-type":"","overlay-color":"","overlay-opacity":"","overlay-gradient":""},"tablet":{"background-color":"","background-image":"","background-repeat":"repeat","background-position":"center center","background-size":"auto","background-attachment":"scroll","background-type":"","background-media":"","overlay-type":"","overlay-color":"","overlay-opacity":"","overlay-gradient":""},"mobile":{"background-color":"","background-image":"","background-repeat":"repeat","background-position":"center center","background-size":"auto","background-attachment":"scroll","background-type":"","background-media":"","overlay-type":"","overlay-color":"","overlay-opacity":"","overlay-gradient":""}},"ast-content-background-meta":{"desktop":{"background-color":"var(--ast-global-color-5)","background-image":"","background-repeat":"repeat","background-position":"center center","background-size":"auto","background-attachment":"scroll","background-type":"","background-media":"","overlay-type":"","overlay-color":"","overlay-opacity":"","overlay-gradient":""},"tablet":{"background-color":"var(--ast-global-color-5)","background-image":"","background-repeat":"repeat","background-position":"center center","background-size":"auto","background-attachment":"scroll","background-type":"","background-media":"","overlay-type":"","overlay-color":"","overlay-opacity":"","overlay-gradient":""},"mobile":{"background-color":"var(--ast-global-color-5)","background-image":"","background-repeat":"repeat","background-position":"center center","background-size":"auto","background-attachment":"scroll","background-type":"","background-media":"","overlay-type":"","overlay-color":"","overlay-opacity":"","overlay-gradient":""}},"footnotes":""},"class_list":["post-881","page","type-page","status-publish","hentry"],"_links":{"self":[{"href":"https:\/\/consuladodevenezuelaenmadrid.com\/index.php\/wp-json\/wp\/v2\/pages\/881","targetHints":{"allow":["GET"]}}],"collection":[{"href":"https:\/\/consuladodevenezuelaenmadrid.com\/index.php\/wp-json\/wp\/v2\/pages"}],"about":[{"href":"https:\/\/consuladodevenezuelaenmadrid.com\/index.php\/wp-json\/wp\/v2\/types\/page"}],"author":[{"embeddable":true,"href":"https:\/\/consuladodevenezuelaenmadrid.com\/index.php\/wp-json\/wp\/v2\/users\/1"}],"replies":[{"embeddable":true,"href":"https:\/\/consuladodevenezuelaenmadrid.com\/index.php\/wp-json\/wp\/v2\/comments?post=881"}],"version-history":[{"count":16,"href":"https:\/\/consuladodevenezuelaenmadrid.com\/index.php\/wp-json\/wp\/v2\/pages\/881\/revisions"}],"predecessor-version":[{"id":3583,"href":"https:\/\/consuladodevenezuelaenmadrid.com\/index.php\/wp-json\/wp\/v2\/pages\/881\/revisions\/3583"}],"wp:attachment":[{"href":"https:\/\/consuladodevenezuelaenmadrid.com\/index.php\/wp-json\/wp\/v2\/media?parent=881"}],"curies":[{"name":"wp","href":"https:\/\/api.w.org\/{rel}","templated":true}]}}