{"id":82,"date":"2020-05-09T17:39:00","date_gmt":"2020-05-09T17:39:00","guid":{"rendered":"http:\/\/localhost\/consulado\/?page_id=82"},"modified":"2024-03-09T15:49:05","modified_gmt":"2024-03-09T15:49:05","slug":"prorrogas-de-pasaporte","status":"publish","type":"page","link":"https:\/\/consuladodevenezuelaenmadrid.com\/index.php\/prorrogas-de-pasaporte\/","title":{"rendered":"C\u00d3MO SOLICITAR PR\u00d3RROGA DE PASAPORTE"},"content":{"rendered":"\t\t<div data-elementor-type=\"wp-page\" data-elementor-id=\"82\" class=\"elementor elementor-82\">\n\t\t\t\t\t\t<section class=\"elementor-section elementor-top-section elementor-element elementor-element-34bffed elementor-section-boxed elementor-section-height-default elementor-section-height-default\" data-id=\"34bffed\" data-element_type=\"section\" data-e-type=\"section\">\n\t\t\t\t\t\t<div class=\"elementor-container elementor-column-gap-default\">\n\t\t\t\t\t<div class=\"elementor-column elementor-col-100 elementor-top-column elementor-element elementor-element-b5d78c5\" data-id=\"b5d78c5\" data-element_type=\"column\" data-e-type=\"column\">\n\t\t\t<div class=\"elementor-widget-wrap elementor-element-populated\">\n\t\t\t\t\t\t<div class=\"elementor-element elementor-element-9d06478 elementor-widget elementor-widget-spacer\" data-id=\"9d06478\" data-element_type=\"widget\" data-e-type=\"widget\" data-widget_type=\"spacer.default\">\n\t\t\t\t<div class=\"elementor-widget-container\">\n\t\t\t\t\t\t\t<div class=\"elementor-spacer\">\n\t\t\t<div class=\"elementor-spacer-inner\"><\/div>\n\t\t<\/div>\n\t\t\t\t\t\t<\/div>\n\t\t\t\t<\/div>\n\t\t\t\t<div class=\"elementor-element elementor-element-8eb1a1f elementor-widget elementor-widget-heading\" data-id=\"8eb1a1f\" data-element_type=\"widget\" data-e-type=\"widget\" data-widget_type=\"heading.default\">\n\t\t\t\t<div class=\"elementor-widget-container\">\n\t\t\t\t\t<h2 class=\"elementor-heading-title elementor-size-default\">C\u00d3MO SOLICITAR Pr\u00f3rroga de Pasaporte<\/h2>\t\t\t\t<\/div>\n\t\t\t\t<\/div>\n\t\t\t\t<div class=\"elementor-element elementor-element-343f935 elementor-widget elementor-widget-spacer\" data-id=\"343f935\" data-element_type=\"widget\" data-e-type=\"widget\" data-widget_type=\"spacer.default\">\n\t\t\t\t<div class=\"elementor-widget-container\">\n\t\t\t\t\t\t\t<div class=\"elementor-spacer\">\n\t\t\t<div class=\"elementor-spacer-inner\"><\/div>\n\t\t<\/div>\n\t\t\t\t\t\t<\/div>\n\t\t\t\t<\/div>\n\t\t\t\t<div class=\"elementor-element elementor-element-9f0b623 elementor-widget elementor-widget-text-editor\" data-id=\"9f0b623\" data-element_type=\"widget\" data-e-type=\"widget\" data-widget_type=\"text-editor.default\">\n\t\t\t\t<div class=\"elementor-widget-container\">\n\t\t\t\t\t\t\t\t\t<p><span style=\"color: #444444; font-family: Ubuntu, Helvetica, Arial, sans-serif; font-size: 14px; font-style: normal; font-weight: 400;\">La pr\u00f3rroga es una extensi\u00f3n de la vigencia del pasaporte por cinco (05) a\u00f1os, contados a partir de su fecha de impresi\u00f3n. El documento consiste en una calcoman\u00eda oficial con elementos de seguridad, que contiene los datos del pasaporte prorrogado y los del ciudadano, y que se estampa en el pasaporte cuyo n\u00famero coincide con el de la pr\u00f3rroga. Las pr\u00f3rrogas solicitadas antes del 22 de marzo de 2021 tienen una duraci\u00f3n de dos (02) a\u00f1os. <strong>En la actualidad los ni\u00f1os, ni\u00f1as y adolescentes no pueden prorrogar sus pasaportes<\/strong>.<\/span><\/p>\n<p style=\"margin-bottom: 20px; font-size: 14px; line-height: 1.71429; color: #444444; font-family: Ubuntu, Helvetica, Arial, sans-serif; font-style: normal; font-weight: 400;\" align=\"justify\"><strong style=\"font-size: 14px;\"><span style=\"color: #008080;\">SOLICITUD DE LA PR\u00d3RROGA<\/span>:<\/strong><\/p>\n<ol style=\"margin-bottom: 24px; margin-left: 0px; font-size: 14px; list-style-position: outside; line-height: 1.71429; color: #444444; font-family: Ubuntu, Helvetica, Arial, sans-serif; font-style: normal; font-weight: 400;\">\n<li style=\"margin-left: 36px; font-size: 14px;\">\n<p style=\"margin-bottom: 20px; font-size: 14px; line-height: 1.71429;\" align=\"justify\">Ingresa a la nueva p\u00e1gina web de Saime (<b style=\"margin: 0px; padding: 0px; border: 0px; vertical-align: baseline;\">siic.saime.gob.ve<\/b>) y selecciona la opci\u00f3n \u201c<b style=\"margin: 0px; padding: 0px; border: 0px; vertical-align: baseline;\">Iniciar sesi\u00f3n<\/b>\u201d. Si todav\u00eda no tienes un usuario Saime, reg\u00edstrate a trav\u00e9s de la opci\u00f3n \u201cCrear cuenta\u201d y sigue los pasos.<\/p>\n<\/li>\n<li style=\"margin-left: 36px; font-size: 14px;\">\n<p style=\"margin-bottom: 20px; font-size: 14px; line-height: 1.71429;\" align=\"justify\"><b style=\"margin: 0px; padding: 0px; border: 0px; vertical-align: baseline;\">Introduce tu n\u00famero de c\u00e9dula y contrase\u00f1a<\/b>. Si es la primera vez que ingresas a la nueva plataforma, selecciona la opci\u00f3n \u201cOlvid\u00e9 contrase\u00f1a\u201d: el sistema te enviar\u00e1 un c\u00f3digo de verificaci\u00f3n al correo electr\u00f3nico que tienes registrado (recuerda revisar el buz\u00f3n de spam) que tendr\u00e1s que introducir para que el sistema te d\u00e9 la opci\u00f3n de escoger tu nueva contrase\u00f1a. Si ya no tienes acceso al correo electr\u00f3nico registrado en el sistema, ponte en contacto directamente con Saime.<\/p>\n<\/li>\n<li style=\"margin-left: 36px; font-size: 14px;\">\n<p style=\"margin-bottom: 20px; font-size: 14px; line-height: 1.71429;\" align=\"justify\">Una vez en tu perfil, sugerimos que aproveches para&nbsp;<b style=\"margin: 0px; padding: 0px; border: 0px; vertical-align: baseline;\">actualizar el correo electr\u00f3nico&nbsp;<\/b>que tienes registrado en el sistema (recomendamos que utilices un correo electr\u00f3nico GMAIL). Podr\u00e1s hacerlo entrando en el men\u00fa disponible en la parte superior izquierda y seleccionando la opci\u00f3n \u201cModificaci\u00f3n de usuario\u201d.<\/p>\n<\/li>\n<li style=\"margin-left: 36px; font-size: 14px;\">\n<p style=\"margin-bottom: 20px; font-size: 14px; line-height: 1.71429;\" align=\"justify\">En el portal aparecer\u00e1 tu&nbsp;<b style=\"margin: 0px; padding: 0px; border: 0px; vertical-align: baseline;\">informaci\u00f3n personal b\u00e1sica<\/b>. Rev\u00edsala. Paso siguiente, rellena con tus datos todos los campos requeridos, referentes a: acta de nacimiento, lugar de nacimiento, direcci\u00f3n de residencia en Espa\u00f1a.<\/p>\n<\/li>\n<\/ol>\n<ul style=\"margin-bottom: 24px; margin-left: 0px; font-size: 14px; list-style-position: outside; list-style-type: square; line-height: 1.71429; color: #444444; font-family: Ubuntu, Helvetica, Arial, sans-serif; font-style: normal; font-weight: 400;\">\n<li style=\"margin-left: 36px; font-size: 14px; list-style-type: none;\">\n<ul style=\"margin-left: 0px; font-size: 14px; list-style-position: outside; list-style-type: square; line-height: 1.71429;\">\n<li style=\"margin-left: 36px; font-size: 14px;\">\n<p style=\"margin-bottom: 20px; font-size: 14px; line-height: 1.71429;\" align=\"justify\">Para insertar el n\u00famero&nbsp;<b style=\"margin: 0px; padding: 0px; border: 0px; vertical-align: baseline;\">de tel\u00e9fono espa\u00f1ol<\/b>, selecciona \u201cSpain\u201d en el primer campo para que aparezca el +34, y en el segundo campo introduce el n\u00famero 34 m\u00e1s las cifras de tu n\u00famero telef\u00f3nico.<\/p>\n<\/li>\n<li style=\"margin-left: 36px; font-size: 14px;\">\n<p style=\"margin-bottom: 20px; font-size: 14px; line-height: 1.71429;\" align=\"justify\">Si naciste en el exterior y no dispones de acta de nacimiento venezolana, debes insertar los datos relativos al lugar donde se encuentra insertada el acta en Venezuela. En el registro de nacimiento tramitado en el Consulado venezolano en Barcelona, esta informaci\u00f3n se encuentra en la parte inferior de la primera pagina, secci\u00f3n \u201cDatos del \u00faltimo domicilio de los padres en Venezuela\u201d. Si eres naturalizado\/a venezolano\/a, pon los datos de la Gaceta Oficial con la que se anunci\u00f3 tu naturalizaci\u00f3n. En su ausencia, los del documento que te sirvi\u00f3 para tal fin.<\/p>\n<\/li>\n<\/ul>\n<\/li>\n<\/ul>\n<p style=\"margin-bottom: 20px; font-size: 14px; line-height: 1.71429; color: #444444; font-family: Ubuntu, Helvetica, Arial, sans-serif; font-style: normal; font-weight: 400;\" align=\"justify\">&nbsp;&nbsp;&nbsp;&nbsp;&nbsp;&nbsp; 5. En el portal aparecer\u00e1 tu&nbsp;<b style=\"margin: 0px; padding: 0px; border: 0px; vertical-align: baseline;\">informaci\u00f3n personal b\u00e1sica<\/b>. Rev\u00edsala. Paso siguiente, rellena con tus datos todos los campos requeridos, referentes a: acta de nacimiento, lugar de nacimiento.<\/p>\n<p style=\"margin-bottom: 20px; font-size: 14px; line-height: 1.71429; color: #444444; font-family: Ubuntu, Helvetica, Arial, sans-serif; font-style: normal; font-weight: 400;\" align=\"justify\">&nbsp;&nbsp;&nbsp;&nbsp;&nbsp; 6.&nbsp;<b style=\"margin: 0px; padding: 0px; border: 0px; vertical-align: baseline;\">Paga<\/b>&nbsp;con una tarjeta de d\u00e9bito o cr\u00e9dito el importe correspondiente al documento y sigue las instrucciones para tramitar y recibir la pr\u00f3rroga en el Consulado General de la Rep\u00fablica Bolivariana de Venezuela en Madrid(En el extranjero \/ Espa\u00f1a \/ Madrid).<\/p>\n<p align=\"justify\">\n<\/p><p style=\"margin-bottom: 20px; font-size: 14px; line-height: 1.71429; color: #444444; font-family: Ubuntu, Helvetica, Arial, sans-serif; font-style: normal; font-weight: 400;\"><span style=\"color: #008080;\"><strong style=\"font-size: 14px;\">IMPORTE DERECHOS CONSULARES<\/strong><\/span><br>El monto de los derechos consulares para este tr\u00e1mite es de \u20ac120,00 (ciento veinte euros) en efectivo. Las ni\u00f1as, ni\u00f1os y adolescentes est\u00e1n exentos de este pago.<\/p>\n<p><\/p>\n<p style=\"margin-bottom: 20px; font-size: 14px; line-height: 1.71429; color: #444444; font-family: Ubuntu, Helvetica, Arial, sans-serif; font-style: normal; font-weight: 400;\"><span style=\"color: #008080;\"><strong style=\"font-size: 14px;\">PERIODO DE VALIDEZ DEL DOCUMENTO ENTREGADO POR EL CONSULADO<\/strong><\/span><br>La pr\u00f3rroga tiene una validez de cinco (5) a\u00f1os desde el momento de su expedici\u00f3n en Venezuela.<\/p>\n<p><span style=\"font-size: 16px; font-family: var( --e-global-typography-text-font-family ), Sans-serif;\">.<\/span><\/p>\t\t\t\t\t\t\t\t<\/div>\n\t\t\t\t<\/div>\n\t\t\t\t\t<\/div>\n\t\t<\/div>\n\t\t\t\t\t<\/div>\n\t\t<\/section>\n\t\t\t\t<section class=\"elementor-section elementor-top-section elementor-element elementor-element-4181a8a elementor-section-boxed elementor-section-height-default elementor-section-height-default\" data-id=\"4181a8a\" data-element_type=\"section\" data-e-type=\"section\">\n\t\t\t\t\t\t<div class=\"elementor-container elementor-column-gap-default\">\n\t\t\t\t\t<div class=\"elementor-column elementor-col-100 elementor-top-column elementor-element elementor-element-211533d\" data-id=\"211533d\" data-element_type=\"column\" data-e-type=\"column\">\n\t\t\t<div class=\"elementor-widget-wrap elementor-element-populated\">\n\t\t\t\t\t\t<div class=\"elementor-element elementor-element-654c2a0 elementor-align-center elementor-widget elementor-widget-button\" data-id=\"654c2a0\" data-element_type=\"widget\" data-e-type=\"widget\" data-widget_type=\"button.default\">\n\t\t\t\t<div class=\"elementor-widget-container\">\n\t\t\t\t\t\t\t\t\t<div class=\"elementor-button-wrapper\">\n\t\t\t\t\t<a class=\"elementor-button elementor-button-link elementor-size-sm\" href=\"https:\/\/consuladodevenezuelaenmadrid.com\/index.php\/prorrogas-2021\/\">\n\t\t\t\t\t\t<span class=\"elementor-button-content-wrapper\">\n\t\t\t\t\t\t\t\t\t<span class=\"elementor-button-text\">Listado de pr\u00f3rrogas recibidas<\/span>\n\t\t\t\t\t<\/span>\n\t\t\t\t\t<\/a>\n\t\t\t\t<\/div>\n\t\t\t\t\t\t\t\t<\/div>\n\t\t\t\t<\/div>\n\t\t\t\t\t<\/div>\n\t\t<\/div>\n\t\t\t\t\t<\/div>\n\t\t<\/section>\n\t\t\t\t<\/div>\n\t\t","protected":false},"excerpt":{"rendered":"<p>C\u00d3MO SOLICITAR Pr\u00f3rroga de Pasaporte La pr\u00f3rroga es una extensi\u00f3n de la vigencia del pasaporte por cinco (05) a\u00f1os, contados a partir de su fecha de impresi\u00f3n. El documento consiste en una calcoman\u00eda oficial con elementos de seguridad, que contiene los datos del pasaporte prorrogado y los del ciudadano, y que se estampa en el [&hellip;]<\/p>\n","protected":false},"author":1,"featured_media":0,"parent":0,"menu_order":0,"comment_status":"closed","ping_status":"closed","template":"elementor_header_footer","meta":{"site-sidebar-layout":"no-sidebar","site-content-layout":"page-builder","ast-site-content-layout":"default","site-content-style":"default","site-sidebar-style":"default","ast-global-header-display":"","ast-banner-title-visibility":"","ast-main-header-display":"","ast-hfb-above-header-display":"","ast-hfb-below-header-display":"","ast-hfb-mobile-header-display":"","site-post-title":"disabled","ast-breadcrumbs-content":"","ast-featured-img":"disabled","footer-sml-layout":"","ast-disable-related-posts":"","theme-transparent-header-meta":"default","adv-header-id-meta":"","stick-header-meta":"","header-above-stick-meta":"","header-main-stick-meta":"","header-below-stick-meta":"","astra-migrate-meta-layouts":"default","ast-page-background-enabled":"default","ast-page-background-meta":{"desktop":{"background-color":"var(--ast-global-color-4)","background-image":"","background-repeat":"repeat","background-position":"center center","background-size":"auto","background-attachment":"scroll","background-type":"","background-media":"","overlay-type":"","overlay-color":"","overlay-opacity":"","overlay-gradient":""},"tablet":{"background-color":"","background-image":"","background-repeat":"repeat","background-position":"center center","background-size":"auto","background-attachment":"scroll","background-type":"","background-media":"","overlay-type":"","overlay-color":"","overlay-opacity":"","overlay-gradient":""},"mobile":{"background-color":"","background-image":"","background-repeat":"repeat","background-position":"center center","background-size":"auto","background-attachment":"scroll","background-type":"","background-media":"","overlay-type":"","overlay-color":"","overlay-opacity":"","overlay-gradient":""}},"ast-content-background-meta":{"desktop":{"background-color":"var(--ast-global-color-5)","background-image":"","background-repeat":"repeat","background-position":"center center","background-size":"auto","background-attachment":"scroll","background-type":"","background-media":"","overlay-type":"","overlay-color":"","overlay-opacity":"","overlay-gradient":""},"tablet":{"background-color":"var(--ast-global-color-5)","background-image":"","background-repeat":"repeat","background-position":"center center","background-size":"auto","background-attachment":"scroll","background-type":"","background-media":"","overlay-type":"","overlay-color":"","overlay-opacity":"","overlay-gradient":""},"mobile":{"background-color":"var(--ast-global-color-5)","background-image":"","background-repeat":"repeat","background-position":"center center","background-size":"auto","background-attachment":"scroll","background-type":"","background-media":"","overlay-type":"","overlay-color":"","overlay-opacity":"","overlay-gradient":""}},"footnotes":""},"class_list":["post-82","page","type-page","status-publish","hentry"],"_links":{"self":[{"href":"https:\/\/consuladodevenezuelaenmadrid.com\/index.php\/wp-json\/wp\/v2\/pages\/82","targetHints":{"allow":["GET"]}}],"collection":[{"href":"https:\/\/consuladodevenezuelaenmadrid.com\/index.php\/wp-json\/wp\/v2\/pages"}],"about":[{"href":"https:\/\/consuladodevenezuelaenmadrid.com\/index.php\/wp-json\/wp\/v2\/types\/page"}],"author":[{"embeddable":true,"href":"https:\/\/consuladodevenezuelaenmadrid.com\/index.php\/wp-json\/wp\/v2\/users\/1"}],"replies":[{"embeddable":true,"href":"https:\/\/consuladodevenezuelaenmadrid.com\/index.php\/wp-json\/wp\/v2\/comments?post=82"}],"version-history":[{"count":34,"href":"https:\/\/consuladodevenezuelaenmadrid.com\/index.php\/wp-json\/wp\/v2\/pages\/82\/revisions"}],"predecessor-version":[{"id":4242,"href":"https:\/\/consuladodevenezuelaenmadrid.com\/index.php\/wp-json\/wp\/v2\/pages\/82\/revisions\/4242"}],"wp:attachment":[{"href":"https:\/\/consuladodevenezuelaenmadrid.com\/index.php\/wp-json\/wp\/v2\/media?parent=82"}],"curies":[{"name":"wp","href":"https:\/\/api.w.org\/{rel}","templated":true}]}}