{"id":667,"date":"2020-05-22T15:14:32","date_gmt":"2020-05-22T15:14:32","guid":{"rendered":"http:\/\/localhost\/consulado\/?page_id=667"},"modified":"2022-10-28T09:07:37","modified_gmt":"2022-10-28T09:07:37","slug":"recaudos-para-renovacion-de-pasaporte","status":"publish","type":"page","link":"https:\/\/consuladodevenezuelaenmadrid.com\/index.php\/recaudos-para-renovacion-de-pasaporte\/","title":{"rendered":"RECAUDOS PARA RENOVACI\u00d3N DE PASAPORTE"},"content":{"rendered":"\t\t<div data-elementor-type=\"wp-page\" data-elementor-id=\"667\" class=\"elementor elementor-667\">\n\t\t\t\t\t\t<section class=\"elementor-section elementor-top-section elementor-element elementor-element-20984bdd elementor-section-boxed elementor-section-height-default elementor-section-height-default\" data-id=\"20984bdd\" data-element_type=\"section\" data-e-type=\"section\">\n\t\t\t\t\t\t<div class=\"elementor-container elementor-column-gap-default\">\n\t\t\t\t\t<div class=\"elementor-column elementor-col-100 elementor-top-column elementor-element elementor-element-56c2000d\" data-id=\"56c2000d\" data-element_type=\"column\" data-e-type=\"column\">\n\t\t\t<div class=\"elementor-widget-wrap elementor-element-populated\">\n\t\t\t\t\t\t<div class=\"elementor-element elementor-element-7572d37 elementor-widget elementor-widget-spacer\" data-id=\"7572d37\" data-element_type=\"widget\" data-e-type=\"widget\" data-widget_type=\"spacer.default\">\n\t\t\t\t<div class=\"elementor-widget-container\">\n\t\t\t\t\t\t\t<div class=\"elementor-spacer\">\n\t\t\t<div class=\"elementor-spacer-inner\"><\/div>\n\t\t<\/div>\n\t\t\t\t\t\t<\/div>\n\t\t\t\t<\/div>\n\t\t\t\t<div class=\"elementor-element elementor-element-3299697 elementor-widget elementor-widget-heading\" data-id=\"3299697\" data-element_type=\"widget\" data-e-type=\"widget\" data-widget_type=\"heading.default\">\n\t\t\t\t<div class=\"elementor-widget-container\">\n\t\t\t\t\t<h2 class=\"elementor-heading-title elementor-size-default\">RECAUDOS PARA RENOVAR PASAPORTE<\/h2>\t\t\t\t<\/div>\n\t\t\t\t<\/div>\n\t\t\t\t<div class=\"elementor-element elementor-element-3e55903 elementor-widget elementor-widget-spacer\" data-id=\"3e55903\" data-element_type=\"widget\" data-e-type=\"widget\" data-widget_type=\"spacer.default\">\n\t\t\t\t<div class=\"elementor-widget-container\">\n\t\t\t\t\t\t\t<div class=\"elementor-spacer\">\n\t\t\t<div class=\"elementor-spacer-inner\"><\/div>\n\t\t<\/div>\n\t\t\t\t\t\t<\/div>\n\t\t\t\t<\/div>\n\t\t\t\t<div class=\"elementor-element elementor-element-21ad815 elementor-widget elementor-widget-text-editor\" data-id=\"21ad815\" data-element_type=\"widget\" data-e-type=\"widget\" data-widget_type=\"text-editor.default\">\n\t\t\t\t<div class=\"elementor-widget-container\">\n\t\t\t\t\t\t\t\t\t<p id=\"h.p__cxrq2wvJXB4\" class=\"zfr3Q\">La solicitud para renovar el pasaporte en el exterior se realiza a trav\u00e9s del portal oficial del SAIME:\u00a0<a class=\"dhtgD aw5Odc\" href=\"http:\/\/www.google.com\/url?q=http%3A%2F%2Fwww.saime.gob.ve&amp;sa=D&amp;sntz=1&amp;usg=AFQjCNEgAbQvK70An_l8G0xKwnaVZrd1pQ\" target=\"_blank\" rel=\"noopener\">http:\/\/www.saime.gob.ve<\/a>.<\/p><p id=\"h.p_uXnge4UQJXZ5\" class=\"zfr3Q\">La asignaci\u00f3n de la cita ser\u00e1 remitida por el SAIME al correo electr\u00f3nico que usted indic\u00f3 en su registro. Si requiere informaci\u00f3n sobre los pasos a seguir,\u00a0<a class=\"dhtgD aw5Odc\" href=\"http:\/\/www.google.com\/url?q=http%3A%2F%2Fwww.saime.gob.ve&amp;sa=D&amp;sntz=1&amp;usg=AFQjCNEgAbQvK70An_l8G0xKwnaVZrd1pQ\" target=\"_blank\" rel=\"noopener\">ingrese en el portal oficial del SAIME<\/a>.<\/p><p id=\"h.p_x7uzYVyQJXZ5\" class=\"zfr3Q\">El d\u00eda de su cita\u00a0<strong>deber\u00e1 presentarse a las 09:00 horas<\/strong> en el Consulado, donde se actualizar\u00e1n sus datos,\u00a0 le tomar\u00e1n las huellas dactilares y una fotograf\u00eda. <strong>Si usted no asiste o no presenta todos los recaudos, pierde la cita y la tasa cancelada,\u00a0 deber\u00e1 solicitar una nueva despu\u00e9s de transcurridos 8 d\u00edas h\u00e1biles<\/strong>.<\/p><p id=\"h.p__bHqwmZ4JXZ6\" class=\"zfr3Q\"><strong>Los recaudos que debe presentar son los siguientes<\/strong>:<\/p><p id=\"h.p_PUn8bJDDJXZ7\" class=\"zfr3Q\"><strong>\u00b7<\/strong>\u00a0Planilla de solicitud de pasaporte venezolano debidamente firmada y que podr\u00e1 imprimir desde el apartado\u00a0<strong>Estado del Tr\u00e1mite<\/strong>\u00a0de la\u00a0<a class=\"dhtgD aw5Odc\" href=\"http:\/\/www.google.com\/url?q=http%3A%2F%2Fwww.saime.gob.ve%2F&amp;sa=D&amp;sntz=1&amp;usg=AFQjCNFSF0oEUH7mRv7ePPyPKxNncIfEpA\" target=\"_blank\" rel=\"noopener\">p\u00e1gina del SAIME<\/a>, ingresando con el usuario y contrase\u00f1a que le han asignado.<\/p><p id=\"h.p_PPv5HxX-JXZ7\" class=\"zfr3Q\"><strong>\u00b7<\/strong>\u00a0Original y copia legible de la partida de nacimiento.<\/p><p id=\"h.p_WwFWHp6OJXZ8\" class=\"zfr3Q\"><strong>&#8211;<\/strong>\u00a0La partida de nacimiento debe reflejar los siguientes datos: acta, folio, libro, fecha de presentaci\u00f3n y fecha de emisi\u00f3n.<\/p><p id=\"h.p_mCGIvlfdJXZ9\" class=\"zfr3Q\"><strong>&#8211;<\/strong>\u00a0Si la partida de nacimiento no indica la C\u00e9dula de Identidad de los padres se deber\u00e1 proporcionar copia de dichas c\u00e9dulas o al menos los n\u00fameros de las mismas.<\/p><p id=\"h.p_U8bjNbvHJXZ9\" class=\"zfr3Q\"><strong>\u00b7<\/strong>\u00a0Original y copia legible de la C\u00e9dula de Identidad (vigente o vencida).<strong>\u00a0Los menores de edad deben tener C\u00e9dula de Identidad si para el momento de la cita ya han cumplido nueve (9) a\u00f1os<\/strong>.<\/p><p id=\"h.p_cjoenn11JXZ9\" class=\"zfr3Q\"><strong>\u00b7<\/strong>\u00a0Original del pasaporte vencido y copia legible de las p\u00e1ginas donde se encuentran los datos personales, la huella dactilar y, de ser el caso, las pr\u00f3rrogas.<\/p><p id=\"h.p_fCpPG3eQJXZ-\" class=\"zfr3Q\"><strong>\u00b7<\/strong>\u00a0En caso de p\u00e9rdida o robo de la C\u00e9dula de Identidad o del pasaporte, debe presentar original y copia del comprobante de denuncia ante la polic\u00eda espa\u00f1ola.<\/p><p id=\"h.p_IzmToIRcJXZ-\" class=\"zfr3Q\"><strong>\u00b7<\/strong>\u00a0Si ha perdido su C\u00e9dula de Identidad y no conserva copia de su documento, puede presentar una copia reciente de los datos filiatorios.<\/p><p id=\"h.p_SPN5edi8JXZ-\" class=\"zfr3Q\"><strong>\u00b7<\/strong>\u00a0Copia de la constancia de registro consular. Puede verificar los recaudos y procedimientos siguiendo este enlace: <a href=\"http:\/\/consuladodevenezuelaenmadrid.net\/index.php\/registro-consular\/\" target=\"_blank\" rel=\"noopener\">Registro Consular.<\/a><\/p><p id=\"h.p_H1X5NLuQJXZ_\" class=\"zfr3Q\"><strong>.<\/strong>\u00a0Si es<strong>\u00a0menor de edad, deben acudir ambos padres\u00a0<\/strong>(traer original y copia de sus documento de identidad venezolanos). En caso de que uno de los padres no pueda asistir el d\u00eda de la cita, debe otorgarle una<strong>\u00a0autorizaci\u00f3n autenticada al progenitor que estar\u00e1 presente<\/strong>.<\/p><p id=\"h.p_TZX84EL0JXZ_\" class=\"zfr3Q\"><strong>\u00b7<\/strong> <strong>Ciento veinte euros (120,00 \u20ac)<\/strong> en efectivo para el pago de los derechos consulares. Los menores de edad est\u00e1n exentos de este pago.<\/p><p id=\"h.p_qP90hETVJXaA\" class=\"zfr3Q\"><strong>Los ciudadanos y ciudadanas naturalizados, adicionalmente deben presentar:<\/strong><\/p><p id=\"h.p_IlyBliRwJXaB\" class=\"zfr3Q\"><strong>\u00b7<\/strong>\u00a0Original y copia legible de la\u00a0<a class=\"dhtgD aw5Odc\" href=\"http:\/\/www.google.com\/url?q=http%3A%2F%2Fwww.tsj.gob.ve%2Fgaceta-oficial&amp;sa=D&amp;sntz=1&amp;usg=AFQjCNEVaBpDcdgNHfOqDUTrHtA9KMFNNw\" target=\"_blank\" rel=\"noopener\">Gaceta Oficial<\/a>\u00a0donde se le otorg\u00f3 la nacionalidad o el Certificado de Naturalizaci\u00f3n.<\/p><p id=\"h.p_O416dM9lJXaB\" class=\"zfr3Q\"><strong>\u00b7<\/strong>\u00a0Original y copia de su partida de nacimiento legalizada por los organismos competentes.<\/p><p id=\"h.p_sFR-glHJJXaC\" class=\"zfr3Q\">\u00a0<\/p>\t\t\t\t\t\t\t\t<\/div>\n\t\t\t\t<\/div>\n\t\t\t\t<div class=\"elementor-element elementor-element-0c5203e elementor-widget elementor-widget-button\" data-id=\"0c5203e\" data-element_type=\"widget\" data-e-type=\"widget\" data-widget_type=\"button.default\">\n\t\t\t\t<div class=\"elementor-widget-container\">\n\t\t\t\t\t\t\t\t\t<div class=\"elementor-button-wrapper\">\n\t\t\t\t\t<a class=\"elementor-button elementor-button-link elementor-size-sm\" href=\"http:\/\/consuladodevenezuelaenmadrid.net\/\">\n\t\t\t\t\t\t<span class=\"elementor-button-content-wrapper\">\n\t\t\t\t\t\t\t\t\t<span class=\"elementor-button-text\">Regresar<\/span>\n\t\t\t\t\t<\/span>\n\t\t\t\t\t<\/a>\n\t\t\t\t<\/div>\n\t\t\t\t\t\t\t\t<\/div>\n\t\t\t\t<\/div>\n\t\t\t\t\t<\/div>\n\t\t<\/div>\n\t\t\t\t\t<\/div>\n\t\t<\/section>\n\t\t\t\t<\/div>\n\t\t","protected":false},"excerpt":{"rendered":"<p>RECAUDOS PARA RENOVAR PASAPORTE La solicitud para renovar el pasaporte en el exterior se realiza a trav\u00e9s del portal oficial del SAIME:\u00a0http:\/\/www.saime.gob.ve. La asignaci\u00f3n de la cita ser\u00e1 remitida por el SAIME al correo electr\u00f3nico que usted indic\u00f3 en su registro. Si requiere informaci\u00f3n sobre los pasos a seguir,\u00a0ingrese en el portal oficial del SAIME. [&hellip;]<\/p>\n","protected":false},"author":1,"featured_media":0,"parent":0,"menu_order":0,"comment_status":"closed","ping_status":"closed","template":"elementor_header_footer","meta":{"site-sidebar-layout":"default","site-content-layout":"default","ast-site-content-layout":"default","site-content-style":"default","site-sidebar-style":"default","ast-global-header-display":"","ast-banner-title-visibility":"","ast-main-header-display":"","ast-hfb-above-header-display":"","ast-hfb-below-header-display":"","ast-hfb-mobile-header-display":"","site-post-title":"","ast-breadcrumbs-content":"","ast-featured-img":"","footer-sml-layout":"","ast-disable-related-posts":"","theme-transparent-header-meta":"default","adv-header-id-meta":"","stick-header-meta":"","header-above-stick-meta":"","header-main-stick-meta":"","header-below-stick-meta":"","astra-migrate-meta-layouts":"default","ast-page-background-enabled":"default","ast-page-background-meta":{"desktop":{"background-color":"var(--ast-global-color-4)","background-image":"","background-repeat":"repeat","background-position":"center center","background-size":"auto","background-attachment":"scroll","background-type":"","background-media":"","overlay-type":"","overlay-color":"","overlay-opacity":"","overlay-gradient":""},"tablet":{"background-color":"","background-image":"","background-repeat":"repeat","background-position":"center center","background-size":"auto","background-attachment":"scroll","background-type":"","background-media":"","overlay-type":"","overlay-color":"","overlay-opacity":"","overlay-gradient":""},"mobile":{"background-color":"","background-image":"","background-repeat":"repeat","background-position":"center center","background-size":"auto","background-attachment":"scroll","background-type":"","background-media":"","overlay-type":"","overlay-color":"","overlay-opacity":"","overlay-gradient":""}},"ast-content-background-meta":{"desktop":{"background-color":"var(--ast-global-color-5)","background-image":"","background-repeat":"repeat","background-position":"center center","background-size":"auto","background-attachment":"scroll","background-type":"","background-media":"","overlay-type":"","overlay-color":"","overlay-opacity":"","overlay-gradient":""},"tablet":{"background-color":"var(--ast-global-color-5)","background-image":"","background-repeat":"repeat","background-position":"center center","background-size":"auto","background-attachment":"scroll","background-type":"","background-media":"","overlay-type":"","overlay-color":"","overlay-opacity":"","overlay-gradient":""},"mobile":{"background-color":"var(--ast-global-color-5)","background-image":"","background-repeat":"repeat","background-position":"center center","background-size":"auto","background-attachment":"scroll","background-type":"","background-media":"","overlay-type":"","overlay-color":"","overlay-opacity":"","overlay-gradient":""}},"footnotes":""},"class_list":["post-667","page","type-page","status-publish","hentry"],"_links":{"self":[{"href":"https:\/\/consuladodevenezuelaenmadrid.com\/index.php\/wp-json\/wp\/v2\/pages\/667","targetHints":{"allow":["GET"]}}],"collection":[{"href":"https:\/\/consuladodevenezuelaenmadrid.com\/index.php\/wp-json\/wp\/v2\/pages"}],"about":[{"href":"https:\/\/consuladodevenezuelaenmadrid.com\/index.php\/wp-json\/wp\/v2\/types\/page"}],"author":[{"embeddable":true,"href":"https:\/\/consuladodevenezuelaenmadrid.com\/index.php\/wp-json\/wp\/v2\/users\/1"}],"replies":[{"embeddable":true,"href":"https:\/\/consuladodevenezuelaenmadrid.com\/index.php\/wp-json\/wp\/v2\/comments?post=667"}],"version-history":[{"count":12,"href":"https:\/\/consuladodevenezuelaenmadrid.com\/index.php\/wp-json\/wp\/v2\/pages\/667\/revisions"}],"predecessor-version":[{"id":3594,"href":"https:\/\/consuladodevenezuelaenmadrid.com\/index.php\/wp-json\/wp\/v2\/pages\/667\/revisions\/3594"}],"wp:attachment":[{"href":"https:\/\/consuladodevenezuelaenmadrid.com\/index.php\/wp-json\/wp\/v2\/media?parent=667"}],"curies":[{"name":"wp","href":"https:\/\/api.w.org\/{rel}","templated":true}]}}