{"id":4467,"date":"2024-09-30T07:56:14","date_gmt":"2024-09-30T07:56:14","guid":{"rendered":"https:\/\/consuladodevenezuelaenmadrid.com\/?page_id=4467"},"modified":"2025-11-21T08:42:07","modified_gmt":"2025-11-21T08:42:07","slug":"elementor-4467","status":"publish","type":"page","link":"https:\/\/consuladodevenezuelaenmadrid.com\/index.php\/elementor-4467\/","title":{"rendered":"Elementor #4467"},"content":{"rendered":"\t\t<div data-elementor-type=\"wp-page\" data-elementor-id=\"4467\" class=\"elementor elementor-4467\">\n\t\t\t\t\t\t<section class=\"elementor-section elementor-top-section elementor-element elementor-element-0e4dcc1 elementor-section-boxed elementor-section-height-default elementor-section-height-default\" data-id=\"0e4dcc1\" data-element_type=\"section\" data-e-type=\"section\">\n\t\t\t\t\t\t<div class=\"elementor-container elementor-column-gap-default\">\n\t\t\t\t\t<div class=\"elementor-column elementor-col-100 elementor-top-column elementor-element elementor-element-169d77b\" data-id=\"169d77b\" data-element_type=\"column\" data-e-type=\"column\">\n\t\t\t<div class=\"elementor-widget-wrap elementor-element-populated\">\n\t\t\t\t\t\t<div class=\"elementor-element elementor-element-e021238 elementor-widget elementor-widget-spacer\" data-id=\"e021238\" data-element_type=\"widget\" data-e-type=\"widget\" data-widget_type=\"spacer.default\">\n\t\t\t\t<div class=\"elementor-widget-container\">\n\t\t\t\t\t\t\t<div class=\"elementor-spacer\">\n\t\t\t<div class=\"elementor-spacer-inner\"><\/div>\n\t\t<\/div>\n\t\t\t\t\t\t<\/div>\n\t\t\t\t<\/div>\n\t\t\t\t<div class=\"elementor-element elementor-element-834d66a elementor-widget elementor-widget-heading\" data-id=\"834d66a\" data-element_type=\"widget\" data-e-type=\"widget\" data-widget_type=\"heading.default\">\n\t\t\t\t<div class=\"elementor-widget-container\">\n\t\t\t\t\t<h2 class=\"elementor-heading-title elementor-size-default\"><h1 style=\"text-align: center\"><b style=\"font-style: inherit;font-family: var( --e-global-typography-text-font-family ), Sans-serif\"><span lang=\"ES-VE\" style=\"font-size: 18.0pt;line-height: 125%;font-family: 'Cambria',serif;color: #c00000\">DECLARACI\u00d3N JURADA<\/span><\/b><span style=\"color: var( --e-global-color-primary );font-family: var( --e-global-typography-primary-font-family ), Sans-serif;font-size: 1.875rem;font-weight: var( --e-global-typography-primary-font-weight )\"><\/span><\/h1><\/h2>\t\t\t\t<\/div>\n\t\t\t\t<\/div>\n\t\t\t\t<div class=\"elementor-element elementor-element-3e1bfb5 elementor-widget elementor-widget-text-editor\" data-id=\"3e1bfb5\" data-element_type=\"widget\" data-e-type=\"widget\" data-widget_type=\"text-editor.default\">\n\t\t\t\t<div class=\"elementor-widget-container\">\n\t\t\t\t\t\t\t\t\t<p><span style=\"font-family: Cambria, serif; font-size: 12pt; color: var( --e-global-color-text );\">Una <\/span><b style=\"font-family: Cambria, serif; font-size: 12pt; font-style: inherit; color: var( --e-global-color-text );\">declaraci\u00f3n jurada<\/b><span style=\"font-family: Cambria, serif; font-size: 12pt; color: var( --e-global-color-text );\"><strong> es una manifestaci\u00f3n personal, voluntaria y escrita<\/strong>, donde se asegura la veracidad de esa misma bajo juramento ante las autoridades consulares. Como consecuencia se presume como cierto lo se\u00f1alado por el declarante hasta que se pueda acreditar lo contrario.<\/span><span style=\"font-family: Cambria, serif; font-size: 12pt; color: var( --e-global-color-text );\">\u00a0<\/span><\/p><p><span lang=\"ES-VE\" style=\"font-size: 12.0pt; line-height: 125%; font-family: 'Cambria',serif;\">La importancia de este documento es que la persona que declara adquiere <strong>una responsabilidad legal y debe contener hechos verdaderos. <\/strong><strong><span style=\"font-weight: normal;\">En el caso de que la manifestaci\u00f3n personal sea sobre hechos o informaci\u00f3n <\/span><\/strong><strong>no real,<\/strong> <b>podr\u00eda acarrear un delito ante la ley<\/b>, es decir, la persona firmante podr\u00eda ser acusada de perjurio y estar\u00eda sujeta a una sentencia por mentir bajo juramento.<\/span><\/p><p><span lang=\"ES-VE\" style=\"font-size: 12.0pt; line-height: 125%; font-family: 'Cambria',serif;\">Esta declaraci\u00f3n viene a <strong>agilizar los tr\u00e1mites legales <\/strong>que necesitan la presentaci\u00f3n de un documento que en ese momento no se ha podido obtener.<\/span><\/p><p><b><span lang=\"ES-VE\" style=\"font-size: 12.0pt; line-height: 125%; font-family: 'Cambria',serif; color: #c00000;\">TIPOS DECLARACIONES JURADAS<\/span><\/b><\/p><p><span lang=\"ES-VE\" style=\"font-size: 12.0pt; line-height: 125%; font-family: 'Cambria',serif;\">Las declaraciones juradas se otorgan con diversos contenidos, seg\u00fan el prop\u00f3sito y el contexto, no obstante, esta declaraci\u00f3n no deber\u00e1 contener asuntos contrarios o expresamente prohibidos en la legislaci\u00f3n venezolana.<\/span><\/p><p><span lang=\"ES-VE\" style=\"font-size: 12.0pt; line-height: 125%; font-family: 'Cambria',serif;\">A continuaci\u00f3n, mencionamos algunos ejemplos de declaraciones que se pueden tramitar en esta Oficina Consular:<\/span><\/p><ul type=\"disc\"><li class=\"MsoNormal\" style=\"mso-margin-top-alt: auto; mso-margin-bottom-alt: auto; text-align: left; line-height: normal; mso-list: l2 level1 lfo1; tab-stops: list 36.0pt;\"><b><span style=\"font-size: 12.0pt; font-family: 'Cambria',serif; mso-fareast-font-family: 'Times New Roman'; mso-bidi-font-family: 'Times New Roman'; mso-font-kerning: 0pt; mso-ligatures: none; mso-ansi-language: ES; mso-fareast-language: ES;\">Ingresos econ\u00f3micos, <\/span><\/b><span style=\"font-size: 12.0pt; font-family: 'Cambria',serif; mso-fareast-font-family: 'Times New Roman'; mso-bidi-font-family: 'Times New Roman'; mso-font-kerning: 0pt; mso-ligatures: none; mso-ansi-language: ES; mso-fareast-language: ES;\">t\u00edpica del proceso en la solicitud de becas o ayudas sociales de cualquier tipo, ejemplo: <span style=\"text-decoration: underline;\">Declaraci\u00f3n Jurada de No haber sido Becado<\/span>, <span style=\"text-decoration: underline;\">Declara Jurada de no poseer ning\u00fan tipo de ingreso, pensi\u00f3n o ayuda desde Venezuela<\/span><u>, <\/u>\u00a0etc.<\/span><\/li><li class=\"MsoNormal\" style=\"mso-margin-top-alt: auto; mso-margin-bottom-alt: auto; text-align: left; line-height: normal; mso-list: l2 level1 lfo1; tab-stops: list 36.0pt;\"><b style=\"font-style: inherit;\"><span style=\"font-size: 12.0pt; font-family: 'Cambria',serif; mso-fareast-font-family: 'Times New Roman'; mso-bidi-font-family: 'Times New Roman'; mso-font-kerning: 0pt; mso-ligatures: none; mso-ansi-language: ES; mso-fareast-language: ES;\">Patrimonial<\/span><\/b><span style=\"font-size: 12pt; font-family: Cambria, serif;\">, <\/span><span lang=\"ES-VE\" style=\"font-size: 12pt; font-family: Cambria, serif;\">su finalidad es justificar los distintos bienes que componen el patrimonio del declarante<\/span><span style=\"font-size: 12pt; font-family: Cambria, serif;\">, ejemplo: <u>Declara Jurada de no poseer bienes, muebles o inmuebles en territorio venezolano.<\/u><\/span><\/li><li class=\"MsoNormal\" style=\"mso-margin-top-alt: auto; mso-margin-bottom-alt: auto; text-align: left; line-height: normal; mso-list: l2 level1 lfo1; tab-stops: list 36.0pt;\"><b><span style=\"font-size: 12.0pt; font-family: 'Cambria',serif; mso-fareast-font-family: 'Times New Roman'; mso-bidi-font-family: 'Times New Roman'; mso-font-kerning: 0pt; mso-ligatures: none; mso-ansi-language: ES; mso-fareast-language: ES;\">Residencia<\/span><\/b><span lang=\"ES-VE\" style=\"font-size: 12.0pt; font-family: 'Cambria',serif;\">, se emplea para <a href=\"https:\/\/consuladodevenezuelaenmadrid.com\/index.php\/carta-de-residencia\/\" target=\"_blank\" rel=\"noopener\">indicar el domicilio en territorio nacional venezolano en los dos(2) \u00faltimos a\u00f1os (o en parte)<\/a>. Este documento lo piden las autoridades espa\u00f1olas cuando el contrayente venezolano tiene menos de dos(2) en Espa\u00f1a. <\/span><\/li><li class=\"MsoNormal\" style=\"mso-margin-top-alt: auto; mso-margin-bottom-alt: auto; text-align: left; line-height: normal; mso-list: l2 level1 lfo1; tab-stops: list 36.0pt;\"><b><span style=\"font-size: 12.0pt; font-family: 'Cambria',serif; mso-fareast-font-family: 'Times New Roman'; mso-bidi-font-family: 'Times New Roman'; mso-font-kerning: 0pt; mso-ligatures: none; mso-ansi-language: ES; mso-fareast-language: ES;\">Naturaleza Diversa<\/span><\/b><span lang=\"ES-VE\" style=\"font-size: 12.0pt; font-family: 'Cambria',serif;\">, hace referencia a las declaraciones que no est\u00e1n aqu\u00ed rese\u00f1adas y <u>cuyo texto debe ser remitido por el interesado para su evaluaci\u00f3n<\/u>. El contenido de una declaraci\u00f3n jurada debe ser claro, conciso y preciso. S<\/span><span style=\"font-size: 12.0pt; font-family: 'Cambria',serif; mso-fareast-font-family: 'Times New Roman'; mso-bidi-font-family: 'Times New Roman'; mso-font-kerning: 0pt; mso-ligatures: none; mso-ansi-language: ES; mso-fareast-language: ES;\">i no est\u00e1 seguro del contenido de su declaraci\u00f3n jurada, busque el asesoramiento legal de un abogado para asegurarse de que cumpla con todos los est\u00e1ndares legales<\/span><\/li><\/ul><p><b><span lang=\"ES-VE\" style=\"font-size: 12.0pt; line-height: 125%; font-family: 'Cambria',serif; color: #c00000;\">PROCEDIMIENTO PARA TRAMITAR UNA DECLARACI\u00d3N JURADA<\/span><\/b><\/p><p><span lang=\"ES-VE\" style=\"font-size: 12.0pt; line-height: 125%; font-family: 'Cambria',serif;\">Debe remitir un correo electr\u00f3nico a la siguiente direcci\u00f3n:<\/span><\/p><p><span lang=\"ES-VE\"><a href=\"mailto:tramites@consuladodevenezuelaenmadrid.com\"><span style=\"font-size: 12.0pt; line-height: 125%; font-family: 'Cambria',serif;\">tramites@consuladodevenezuelaenmadrid.com<\/span><\/a><\/span><\/p><p><strong><span lang=\"ES-VE\" style=\"font-size: 12.0pt; line-height: 125%; font-family: 'Cambria',serif;\">colocando en el <span style=\"color: #0000ff;\">asunto<\/span> DECLARACI\u00d3N JURADA<\/span><\/strong><span lang=\"ES-VE\" style=\"font-size: 12.0pt; line-height: 125%; font-family: 'Cambria',serif;\"> y en el <span style=\"color: #0000ff;\">contenido<\/span> una <u>breve descripci\u00f3n del prop\u00f3sito<\/u> de la misma y <span style=\"text-decoration: underline;\">el organismo al que va dirigida<\/span>, debe <span style=\"color: #0000ff;\">adjuntar<\/span> en formato PDF:<\/span><\/p><ol><li><span lang=\"ES-VE\" style=\"font-size: 12.0pt; line-height: 125%; font-family: 'Cambria',serif; mso-fareast-font-family: Cambria; mso-bidi-font-family: Cambria;\"><span style=\"font-style: normal; font-variant-numeric: normal; font-variant-east-asian: normal; font-variant-alternates: normal; font-size-adjust: none; font-kerning: auto; font-optical-sizing: auto; font-feature-settings: normal; font-variation-settings: normal; font-variant-position: normal; font-weight: normal; font-stretch: normal; font-size: 7pt; line-height: normal; font-family: 'Times New Roman';\">\u00a0<\/span><\/span><!--[endif]--><span lang=\"ES-VE\" style=\"font-size: 12.0pt; line-height: 125%; font-family: 'Cambria',serif;\">Copia de su c\u00e9dula y pasaporte<\/span><span lang=\"ES-VE\" style=\"font-size: 12.0pt; line-height: 125%; font-family: 'Cambria',serif;\"> (solo hoja de datos), no importa si est\u00e1n vencidos.<\/span><\/li><li><!-- [if !supportLists]--><span lang=\"ES-VE\" style=\"font-size: 12.0pt; line-height: 125%; font-family: 'Cambria',serif;\">Copia de su padr\u00f3n municipal actualizado<\/span><span lang=\"ES-VE\" style=\"font-size: 12.0pt; line-height: 125%; font-family: 'Cambria',serif;\">, y <\/span><\/li><li><!-- [if !supportLists]--><span lang=\"ES-VE\" style=\"font-size: 12.0pt; line-height: 125%; font-family: 'Cambria',serif;\">Si la Declaraci\u00f3n debe incluir un texto especifico, debe remitir un\u00a0 Documento (en Word) con el texto de lo que desea declarar (opcional).<\/span><\/li><\/ol><p><span lang=\"ES-VE\" style=\"font-size: 12.0pt; line-height: 125%; font-family: 'Cambria',serif;\">Una vez emitido la Declaraci\u00f3n Jurada <strong>se le remitir\u00e1 una cita por Correo Electr\u00f3nico<\/strong><u>, para que acuda al consulado a revisar, firmar y retirar la misma<\/u>. Este tr\u00e1mite tiene un costo en tasas consulares de sesenta (60) euros, que se abonar\u00e1n el mismo d\u00eda de la cita en efectivo.<\/span><\/p><p><span lang=\"ES-VE\" style=\"font-size: 12.0pt; line-height: 125%; font-family: 'Cambria',serif;\">Debido al alto volumen de solicitudes, el tiempo de espera para la tramitaci\u00f3n de este tr\u00e1mite es actualmente de 30 a 60 d\u00edas.<\/span><\/p><p><b><span lang=\"ES-VE\" style=\"font-size: 12.0pt; line-height: 125%; font-family: 'Cambria',serif; color: #c00000;\">DOCUMENTOS QUE NO PUEDEN SER DECLARACIONES JURADAS<\/span><\/b><\/p><p><span lang=\"ES-VE\" style=\"font-size: 12.0pt; line-height: 125%; font-family: 'Cambria',serif;\">No todo Documento es susceptibles de ser de ser autenticado bajo la modalidad de Declaraci\u00f3n bajo fe de juramento, por ejemplo:<\/span><\/p><ul><li>Certificados de Antecedentes Penales<\/li><li>Antecedentes policiales<\/li><li>Certificado de Nacimiento<\/li><li>Cartas de solter\u00eda (cuando el que declara es el interesado sin testigos).<\/li><li>Documentos de Identidad (c\u00e9dula o pasaporte)<\/li><li>Documentos de Educaci\u00f3n B\u00e1sica y Media General<\/li><li>Documentos de Educaci\u00f3n Universitaria<\/li><li>Registro de Informaci\u00f3n Fiscal, etc.<\/li><\/ul><p><b><span style=\"font-size: 12.0pt; font-family: 'Cambria',serif; mso-fareast-font-family: 'Times New Roman'; mso-bidi-font-family: 'Times New Roman'; color: #c00000; mso-font-kerning: 0pt; mso-ligatures: none; mso-ansi-language: ES; mso-fareast-language: ES;\">OBSERVACIONES<\/span><\/b><\/p><ol start=\"1\" type=\"1\"><li class=\"MsoNormal\" style=\"mso-margin-top-alt: auto; mso-margin-bottom-alt: auto; text-align: left; line-height: normal; mso-list: l0 level1 lfo2; tab-stops: list 36.0pt;\"><span style=\"font-size: 12.0pt; font-family: 'Cambria',serif; mso-fareast-font-family: 'Times New Roman'; mso-bidi-font-family: 'Times New Roman'; mso-font-kerning: 0pt; mso-ligatures: none; mso-ansi-language: ES; mso-fareast-language: ES;\">La Oficina Consular <b>no garantiza que la declaraci\u00f3n Jurada ser\u00e1 aceptada como buena y v\u00e1lida<\/b>. Es responsabilidad del ciudadano consultar sobre su aceptaci\u00f3n o no.<\/span><\/li><li class=\"MsoNormal\" style=\"mso-margin-top-alt: auto; mso-margin-bottom-alt: auto; text-align: left; line-height: normal; mso-list: l0 level1 lfo2; tab-stops: list 36.0pt;\"><span style=\"font-size: 12.0pt; font-family: 'Cambria',serif; mso-fareast-font-family: 'Times New Roman'; mso-bidi-font-family: 'Times New Roman'; mso-font-kerning: 0pt; mso-ligatures: none; mso-ansi-language: ES; mso-fareast-language: ES;\">En esta secci\u00f3n s\u00f3lo se mencionan las Declaraciones Juradas m\u00e1s frecuentes. Cualquier otro tipo de Declaraci\u00f3n ser\u00e1 tomada atendiendo a la naturaleza de la misma.<\/span><\/li><li class=\"MsoNormal\" style=\"mso-margin-top-alt: auto; mso-margin-bottom-alt: auto; text-align: left; line-height: normal; mso-list: l0 level1 lfo2; tab-stops: list 36.0pt;\"><span style=\"font-size: 12.0pt; font-family: 'Cambria',serif; mso-fareast-font-family: 'Times New Roman'; mso-bidi-font-family: 'Times New Roman'; mso-font-kerning: 0pt; mso-ligatures: none; mso-ansi-language: ES; mso-fareast-language: ES;\">Para cualquier servicio, las oficinas consulares est\u00e1n autorizadas a incluir requisitos adicionales a los indicados en esta rese\u00f1a.<\/span><\/li><li class=\"MsoNormal\" style=\"mso-margin-top-alt: auto; mso-margin-bottom-alt: auto; text-align: left; line-height: normal; mso-list: l0 level1 lfo2; tab-stops: list 36.0pt;\"><span style=\"font-size: 12.0pt; font-family: 'Cambria',serif; mso-fareast-font-family: 'Times New Roman'; mso-bidi-font-family: 'Times New Roman'; mso-font-kerning: 0pt; mso-ligatures: none; mso-ansi-language: ES; mso-fareast-language: ES;\">Las oficinas consulares tienen derecho a negarse a tomar declaraci\u00f3n a un ciudadano si se duda de la utilidad de la declaraci\u00f3n o si piensa que dicha declaraci\u00f3n puede ser contrarias a las normas o leyes.<\/span><\/li><li class=\"MsoNormal\" style=\"mso-margin-top-alt: auto; mso-margin-bottom-alt: auto; text-align: left; line-height: normal; mso-list: l0 level1 lfo2; tab-stops: list 36.0pt;\"><span style=\"font-size: 12.0pt; font-family: 'Cambria',serif; mso-fareast-font-family: 'Times New Roman'; mso-bidi-font-family: 'Times New Roman'; mso-font-kerning: 0pt; mso-ligatures: none; mso-ansi-language: ES; mso-fareast-language: ES;\">Le recordamos que el consulado no puede regresar en ning\u00fan caso los abonos recibidos.<br \/><\/span><\/li><\/ol>\t\t\t\t\t\t\t\t<\/div>\n\t\t\t\t<\/div>\n\t\t\t\t\t<\/div>\n\t\t<\/div>\n\t\t\t\t\t<\/div>\n\t\t<\/section>\n\t\t\t\t<\/div>\n\t\t","protected":false},"excerpt":{"rendered":"<p>DECLARACI\u00d3N JURADA Una declaraci\u00f3n jurada es una manifestaci\u00f3n personal, voluntaria y escrita, donde se asegura la veracidad de esa misma bajo juramento ante las autoridades consulares. Como consecuencia se presume como cierto lo se\u00f1alado por el declarante hasta que se pueda acreditar lo contrario.\u00a0 La importancia de este documento es que la persona que declara [&hellip;]<\/p>\n","protected":false},"author":1,"featured_media":0,"parent":0,"menu_order":0,"comment_status":"closed","ping_status":"closed","template":"","meta":{"site-sidebar-layout":"no-sidebar","site-content-layout":"page-builder","ast-site-content-layout":"default","site-content-style":"default","site-sidebar-style":"default","ast-global-header-display":"","ast-banner-title-visibility":"","ast-main-header-display":"","ast-hfb-above-header-display":"","ast-hfb-below-header-display":"","ast-hfb-mobile-header-display":"","site-post-title":"disabled","ast-breadcrumbs-content":"","ast-featured-img":"disabled","footer-sml-layout":"","ast-disable-related-posts":"","theme-transparent-header-meta":"default","adv-header-id-meta":"","stick-header-meta":"","header-above-stick-meta":"","header-main-stick-meta":"","header-below-stick-meta":"","astra-migrate-meta-layouts":"default","ast-page-background-enabled":"default","ast-page-background-meta":{"desktop":{"background-color":"var(--ast-global-color-4)","background-image":"","background-repeat":"repeat","background-position":"center center","background-size":"auto","background-attachment":"scroll","background-type":"","background-media":"","overlay-type":"","overlay-color":"","overlay-opacity":"","overlay-gradient":""},"tablet":{"background-color":"","background-image":"","background-repeat":"repeat","background-position":"center center","background-size":"auto","background-attachment":"scroll","background-type":"","background-media":"","overlay-type":"","overlay-color":"","overlay-opacity":"","overlay-gradient":""},"mobile":{"background-color":"","background-image":"","background-repeat":"repeat","background-position":"center center","background-size":"auto","background-attachment":"scroll","background-type":"","background-media":"","overlay-type":"","overlay-color":"","overlay-opacity":"","overlay-gradient":""}},"ast-content-background-meta":{"desktop":{"background-color":"var(--ast-global-color-5)","background-image":"","background-repeat":"repeat","background-position":"center center","background-size":"auto","background-attachment":"scroll","background-type":"","background-media":"","overlay-type":"","overlay-color":"","overlay-opacity":"","overlay-gradient":""},"tablet":{"background-color":"var(--ast-global-color-5)","background-image":"","background-repeat":"repeat","background-position":"center center","background-size":"auto","background-attachment":"scroll","background-type":"","background-media":"","overlay-type":"","overlay-color":"","overlay-opacity":"","overlay-gradient":""},"mobile":{"background-color":"var(--ast-global-color-5)","background-image":"","background-repeat":"repeat","background-position":"center center","background-size":"auto","background-attachment":"scroll","background-type":"","background-media":"","overlay-type":"","overlay-color":"","overlay-opacity":"","overlay-gradient":""}},"footnotes":""},"class_list":["post-4467","page","type-page","status-publish","hentry"],"_links":{"self":[{"href":"https:\/\/consuladodevenezuelaenmadrid.com\/index.php\/wp-json\/wp\/v2\/pages\/4467","targetHints":{"allow":["GET"]}}],"collection":[{"href":"https:\/\/consuladodevenezuelaenmadrid.com\/index.php\/wp-json\/wp\/v2\/pages"}],"about":[{"href":"https:\/\/consuladodevenezuelaenmadrid.com\/index.php\/wp-json\/wp\/v2\/types\/page"}],"author":[{"embeddable":true,"href":"https:\/\/consuladodevenezuelaenmadrid.com\/index.php\/wp-json\/wp\/v2\/users\/1"}],"replies":[{"embeddable":true,"href":"https:\/\/consuladodevenezuelaenmadrid.com\/index.php\/wp-json\/wp\/v2\/comments?post=4467"}],"version-history":[{"count":67,"href":"https:\/\/consuladodevenezuelaenmadrid.com\/index.php\/wp-json\/wp\/v2\/pages\/4467\/revisions"}],"predecessor-version":[{"id":5327,"href":"https:\/\/consuladodevenezuelaenmadrid.com\/index.php\/wp-json\/wp\/v2\/pages\/4467\/revisions\/5327"}],"wp:attachment":[{"href":"https:\/\/consuladodevenezuelaenmadrid.com\/index.php\/wp-json\/wp\/v2\/media?parent=4467"}],"curies":[{"name":"wp","href":"https:\/\/api.w.org\/{rel}","templated":true}]}}