{"id":428,"date":"2020-05-17T22:04:05","date_gmt":"2020-05-17T22:04:05","guid":{"rendered":"http:\/\/localhost\/consulado\/?page_id=428"},"modified":"2024-10-09T13:22:28","modified_gmt":"2024-10-09T13:22:28","slug":"tramites-apostilla","status":"publish","type":"page","link":"https:\/\/consuladodevenezuelaenmadrid.com\/index.php\/tramites-apostilla\/","title":{"rendered":"APOSTILLA"},"content":{"rendered":"\t\t<div data-elementor-type=\"wp-page\" data-elementor-id=\"428\" class=\"elementor elementor-428\">\n\t\t\t\t\t\t<section class=\"elementor-section elementor-top-section elementor-element elementor-element-365e7b99 elementor-section-boxed elementor-section-height-default elementor-section-height-default\" data-id=\"365e7b99\" data-element_type=\"section\" data-e-type=\"section\">\n\t\t\t\t\t\t<div class=\"elementor-container elementor-column-gap-default\">\n\t\t\t\t\t<div class=\"elementor-column elementor-col-100 elementor-top-column elementor-element elementor-element-ade6c55\" data-id=\"ade6c55\" data-element_type=\"column\" data-e-type=\"column\">\n\t\t\t<div class=\"elementor-widget-wrap elementor-element-populated\">\n\t\t\t\t\t\t<div class=\"elementor-element elementor-element-d1d3210 elementor-widget elementor-widget-image\" data-id=\"d1d3210\" data-element_type=\"widget\" data-e-type=\"widget\" data-widget_type=\"image.default\">\n\t\t\t\t<div class=\"elementor-widget-container\">\n\t\t\t\t\t\t\t\t\t\t\t\t\t\t\t<img decoding=\"async\" src=\"https:\/\/consuladodevenezuelaenmadrid.com\/wp-content\/uploads\/elementor\/thumbs\/cancilleria-opx027z5nzpfbcq43a0gdotzgt74141rydae0m5j6g.png\" title=\"cancilleria\" alt=\"Casa Amarilla Caracas, Venezuela\" loading=\"lazy\" \/>\t\t\t\t\t\t\t\t\t\t\t\t\t\t\t<\/div>\n\t\t\t\t<\/div>\n\t\t\t\t<div class=\"elementor-element elementor-element-9bd68b2 elementor-widget elementor-widget-heading\" data-id=\"9bd68b2\" data-element_type=\"widget\" data-e-type=\"widget\" data-widget_type=\"heading.default\">\n\t\t\t\t<div class=\"elementor-widget-container\">\n\t\t\t\t\t<h2 class=\"elementor-heading-title elementor-size-default\">APOSTILLA<\/h2>\t\t\t\t<\/div>\n\t\t\t\t<\/div>\n\t\t\t\t<div class=\"elementor-element elementor-element-94ac7a4 elementor-widget elementor-widget-spacer\" data-id=\"94ac7a4\" data-element_type=\"widget\" data-e-type=\"widget\" data-widget_type=\"spacer.default\">\n\t\t\t\t<div class=\"elementor-widget-container\">\n\t\t\t\t\t\t\t<div class=\"elementor-spacer\">\n\t\t\t<div class=\"elementor-spacer-inner\"><\/div>\n\t\t<\/div>\n\t\t\t\t\t\t<\/div>\n\t\t\t\t<\/div>\n\t\t\t\t<div class=\"elementor-element elementor-element-7dd1ffb2 elementor-widget elementor-widget-text-editor\" data-id=\"7dd1ffb2\" data-element_type=\"widget\" data-e-type=\"widget\" data-widget_type=\"text-editor.default\">\n\t\t\t\t<div class=\"elementor-widget-container\">\n\t\t\t\t\t\t\t\t\t<p><span style=\"font-family: Arial;\"><b>La Legalizaci\u00f3n<\/b> da validez a un documento p\u00fablico extranjero mediante la comprobaci\u00f3n de la autenticidad de la firma y de la calidad de la autoridad que firme el documento. <strong>La Legalizaci\u00f3n no certifica el contenido del documento<\/strong>.<\/span><\/p><p><span style=\"font-family: Arial;\"><b>La Apostilla <\/b>de la Haya es un tr\u00e1mite m\u00e1s simplificado que tiene la misma finalidad que la legalizaci\u00f3n y que se aplica entre los<b> <a href=\"https:\/\/www.hcch.net\/es\/instruments\/conventions\/status-table\/?cid=41\" target=\"_blank\" rel=\"noopener\"><span style=\"color: #3984c6;\">Estados parte<\/span><\/a>\u00a0<\/b>que forman parte del\u00a0Convenio de 5 de Octubre de 1961 por el que se suprime la exigencia de la legalizaci\u00f3n de los documentos p\u00fablicos extranjeros.<\/span><\/p><p>Para tramitar la apostilla de su documentaci\u00f3n, debe solicitar cita en el sistema <a href=\"http:\/\/legalizacionve.mppre.gob.ve\">http:\/\/legalizacionve.mppre.gob.ve <\/a><\/p><p>Para acceder al sistema legalizaci\u00f3n.mppre.gob.ve, el titular del documento debe <strong>contar con una cuenta de usuario<\/strong>. Para ello, es indispensable <strong>crear una cuenta <\/strong>en el m\u00f3dulo de Registro del portal web del Sistema de Legalizaci\u00f3n y Apostilla Electr\u00f3nica (SLAE), a trav\u00e9s de 3 simples pasos.<\/p><ol><li><strong>Verificar Identificaci\u00f3n<\/strong>:\u00a0Al introducir la c\u00e9dula de identidad (RIF para personas jur\u00eddicas), el sistema desplegar\u00e1 autom\u00e1ticamente los datos de identificaci\u00f3n, verifique que sean correctos y suministre su correo electr\u00f3nico principal.<\/li><li><strong>Registrarse<\/strong>:\u00a0Haga clic en el enlace que le fue enviado al correo electr\u00f3nico suministrado por usted en el paso anterior, y asigne una contrase\u00f1a segura a su cuenta de usuario. No comparta esta contrase\u00f1a con otra persona y gu\u00e1rdela en un lugar seguro.<\/li><li><strong>Completar el Perfil<\/strong>:\u00a0El proceso de registro te llevar\u00e1 autom\u00e1ticamente al m\u00f3dulo Perfil.<\/li><\/ol><p>Si requiere, legalizar o apostillar los documentos de tus hijos o hijas, menores a 18 a\u00f1os, posean c\u00e9dula o no, los debe agregar al sistema. <a href=\"https:\/\/consuladodevenezuelaenmadrid.com\/wp-content\/uploads\/2024\/09\/agregar_hija_hijo-min.pdf\" target=\"_blank\" rel=\"noopener\">Descargue el instructivo PDF para agregar al hijo\/hija<\/a>.\u00a0\u00a0<\/p><p>Al ingresar con su usuario, <strong>deber\u00e1 cargar la informaci\u00f3n requerida, dependiendo del documento que requiera apostillar. <\/strong><a href=\"https:\/\/consuladodevenezuelaenmadrid.com\/index.php\/como-solicitar-cita-de-apostilla\/\">Haga click para ver algunos ejemplos.<\/a><\/p><p>Una vez registrado el (los) documento(s), debe solicitar la cita e indicar que sea atendida en la sede consular en Madrid, el sistema le adjudicar\u00e1 cita para la verificaci\u00f3n de sus documentos y le enviar\u00e1 un correo electr\u00f3nico inform\u00e1ndole la fecha en la cual debe asistir al Consulado, as\u00ed como los recaudos que debe presentar.<\/p><p>La atenci\u00f3n de las citas para este tr\u00e1mite es por <strong>orden de llegada<\/strong>, en horario de<strong> 9:00 am a 1:00 PM<\/strong>. <strong>Todo documento validado<\/strong> (apostillado)<strong> por parte de la Coordinaci\u00f3n de Legalizaciones del MPPRE, ser\u00e1 entregado el mismo d\u00eda de su cita<\/strong>, <strong>en el horario de 1:45 PM a 2:00 PM<\/strong>. Excepci\u00f3n de casos particulares que pueden tomar m\u00e1s tiempo.<\/p><p>El d\u00eda de su cita <strong>debe asistir personalmente e identificarse con su c\u00e9dula de identidad o pasaporte venezolano original<\/strong>, los\u00a0<span style=\"font-size: 16px; font-style: normal; font-weight: 400; font-family: var( --e-global-typography-text-font-family ), Sans-serif;\">documentos para ser apostillados deben ser <strong>originales y estar debidamente legalizado<\/strong><\/span><span style=\"font-size: 16px; font-family: var( --e-global-typography-text-font-family ), Sans-serif;\">. En la cita, se proceder\u00e1 a la verificaci\u00f3n de los documentos para apostilla, y se remite a la Coordinaci\u00f3n de Legalizaciones del MPPRE para su verificaci\u00f3n final y emisi\u00f3n de la Apostilla.<\/span><\/p><p>El d\u00eda de la cita deber\u00e1 acudir <strong>Sin Acompa\u00f1antes<\/strong> (excepto personas con movilidad reducida, o que requieren del servicio de acompa\u00f1amiento), <strong>Ni es necesario traer a los hijos\/hijas<\/strong> menores de edad.<\/p><p><span style=\"font-size: 16px; font-family: var( --e-global-typography-text-font-family ), Sans-serif;\">As\u00ed mismo, <strong>La<\/strong> <strong>\u00a0entrega<\/strong> del Documento con su Apostilla <strong>es estrictamente personal<\/strong>. En este sentido, se les sugiere a los usuarios de este servicio, <strong>tomar las previsiones de tiempo necesarias el d\u00eda de su cita<\/strong>, a fin de estar disponibles para el retiro del documento (reservaciones de Bus, Tren, Avi\u00f3n, permiso de trabajo, etc.)<\/span><\/p><p>Recuerde que para sus tr\u00e1mites con el Consulado debe estar registrado en la sede consular.<\/p><p><strong><span style=\"color: #3366ff;\">PAGO DEL ARANCEL CONSULAR<\/span><\/strong><\/p><p>El tr\u00e1mite requiere el pago del arancel consular, correspondiente a <strong>sesenta euro<\/strong>s (<strong>60,00 \u20ac<\/strong>) por cada documento registrado en el sistema de Legalizaciones, sin excepci\u00f3n. En caso contrario, deber\u00e1 esperar la cancelaci\u00f3n de la cita en el sistema y gestionar una nueva cita con los documentos que desea tramitar. Los <strong>documentos de ni\u00f1os, ni\u00f1as y adolescentes est\u00e1n exentos<\/strong> del pago del arancel consular.<\/p><p><strong>Los derechos consulares pagados por cada documento p\u00fablico a verificar no podr\u00e1n ser devueltos bajo ning\u00fan concepto<\/strong>.<\/p><p><strong>El pago del derecho consular no garantiza la legalizaci\u00f3n internacional del documento p\u00fablico<\/strong> presentado, pues si este presenta alguna inconsistencia o incumplimiento de los requisitos, ser\u00e1 rechazado al momento de verificarse, lo cual no implica devoluci\u00f3n del pago.<\/p><p><span style=\"color: #3366ff;\"><strong>APOSTILLA ELECTR\u00d3NICA<\/strong><\/span><\/p><p>Para la Certificaci\u00f3n de Antecedentes Penales y la Certificaci\u00f3n de Datos de Licencia de Conducir (emitida por el INTT) se tramita la apostilla electr\u00f3nica. No es necesario solicitar cita.<\/p><p>La apostilla electr\u00f3nica se solicita en el sistema y se recibe en formato PDF en su correo electr\u00f3nico, en un plazo no mayor a 10 d\u00edas, sin necesidad de acudir f\u00edsicamente a una oficina.<\/p><p><strong><span style=\"color: #3366ff;\">CANCELACI\u00d3N DE CITAS<\/span><\/strong><\/p><p>Si desea agregar o eliminar documentos, cambiar la oficina de atenci\u00f3n o alguna otra modificaci\u00f3n sobre una cita ya asignada o solicitada, debe hacer clic en el bot\u00f3n Cancelar del m\u00f3dulo Citas, en el Sistema de Legalizaci\u00f3n y Apostilla Electr\u00f3nica, realizar las modificaciones necesarias y solicitar una nueva cita.<\/p><p><strong><span style=\"color: #3366ff;\">PROBLEMAS DE USUARIO\/CONTRASE\u00d1A<\/span><\/strong><\/p><p align=\"left\">En el caso de que la persona interesada tenga problemas de acceso a su cuenta en el SLAE y requiere <span style=\"text-decoration: underline;\">hacer un reseteo de su contrase\u00f1a<\/span> o <span style=\"text-decoration: underline;\">modificar alg\u00fan dato<\/span> debe <strong>hacer una solicitud<\/strong> a trav\u00e9s del correo electr\u00f3nico <span style=\"color: #ff6600;\">info@consuladodevenezuelaenmadrid.com<\/span> donde le indicaran como proceder.<\/p><p>El consulado no tiene acceso a la plataforma del SLAE para gestionar directamente este tipo de solicitud, sino que prepara un expediente y lo remitir\u00e1 a la <strong>Coordinaci\u00f3n de Legalizaciones del MPPRE <\/strong>en Venezuela, quienes realizar\u00e1n el tr\u00e1mite y se comunicar\u00e1n directamente con el usuario a trav\u00e9s del correo electr\u00f3nico. El tiempo aproximado de este tr\u00e1mite es de veinte (20) d\u00edas.<\/p>\t\t\t\t\t\t\t\t<\/div>\n\t\t\t\t<\/div>\n\t\t\t\t\t<\/div>\n\t\t<\/div>\n\t\t\t\t\t<\/div>\n\t\t<\/section>\n\t\t\t\t<section class=\"elementor-section elementor-top-section elementor-element elementor-element-cff7d03 elementor-section-boxed elementor-section-height-default elementor-section-height-default\" data-id=\"cff7d03\" data-element_type=\"section\" data-e-type=\"section\">\n\t\t\t\t\t\t<div class=\"elementor-container elementor-column-gap-default\">\n\t\t\t\t\t<div class=\"elementor-column elementor-col-33 elementor-top-column elementor-element elementor-element-8e0a141\" data-id=\"8e0a141\" data-element_type=\"column\" data-e-type=\"column\">\n\t\t\t<div class=\"elementor-widget-wrap elementor-element-populated\">\n\t\t\t\t\t\t<div class=\"elementor-element elementor-element-e00deaf elementor-align-center elementor-widget elementor-widget-button\" data-id=\"e00deaf\" data-element_type=\"widget\" data-e-type=\"widget\" data-widget_type=\"button.default\">\n\t\t\t\t<div class=\"elementor-widget-container\">\n\t\t\t\t\t\t\t\t\t<div class=\"elementor-button-wrapper\">\n\t\t\t\t\t<a class=\"elementor-button elementor-button-link elementor-size-xs\" href=\"https:\/\/consuladodevenezuelaenmadrid.com\/index.php\/contacto\/\">\n\t\t\t\t\t\t<span class=\"elementor-button-content-wrapper\">\n\t\t\t\t\t\t\t\t\t<span class=\"elementor-button-text\">Requiero m\u00e1s informaci\u00f3n<\/span>\n\t\t\t\t\t<\/span>\n\t\t\t\t\t<\/a>\n\t\t\t\t<\/div>\n\t\t\t\t\t\t\t\t<\/div>\n\t\t\t\t<\/div>\n\t\t\t\t\t<\/div>\n\t\t<\/div>\n\t\t\t\t<div class=\"elementor-column elementor-col-33 elementor-top-column elementor-element elementor-element-27be6ec\" data-id=\"27be6ec\" data-element_type=\"column\" data-e-type=\"column\">\n\t\t\t<div class=\"elementor-widget-wrap\">\n\t\t\t\t\t\t\t<\/div>\n\t\t<\/div>\n\t\t\t\t<div class=\"elementor-column elementor-col-33 elementor-top-column elementor-element elementor-element-b9f6b42\" data-id=\"b9f6b42\" data-element_type=\"column\" data-e-type=\"column\">\n\t\t\t<div class=\"elementor-widget-wrap elementor-element-populated\">\n\t\t\t\t\t\t<div class=\"elementor-element elementor-element-fef1769 elementor-align-center elementor-widget elementor-widget-button\" data-id=\"fef1769\" data-element_type=\"widget\" data-e-type=\"widget\" data-widget_type=\"button.default\">\n\t\t\t\t<div class=\"elementor-widget-container\">\n\t\t\t\t\t\t\t\t\t<div class=\"elementor-button-wrapper\">\n\t\t\t\t\t<a class=\"elementor-button elementor-button-link elementor-size-xs\" href=\"https:\/\/consuladodevenezuelaenmadrid.com\/\">\n\t\t\t\t\t\t<span class=\"elementor-button-content-wrapper\">\n\t\t\t\t\t\t\t\t\t<span class=\"elementor-button-text\">Salir<\/span>\n\t\t\t\t\t<\/span>\n\t\t\t\t\t<\/a>\n\t\t\t\t<\/div>\n\t\t\t\t\t\t\t\t<\/div>\n\t\t\t\t<\/div>\n\t\t\t\t\t<\/div>\n\t\t<\/div>\n\t\t\t\t\t<\/div>\n\t\t<\/section>\n\t\t\t\t<\/div>\n\t\t","protected":false},"excerpt":{"rendered":"<p>APOSTILLA La Legalizaci\u00f3n da validez a un documento p\u00fablico extranjero mediante la comprobaci\u00f3n de la autenticidad de la firma y de la calidad de la autoridad que firme el documento. La Legalizaci\u00f3n no certifica el contenido del documento. La Apostilla de la Haya es un tr\u00e1mite m\u00e1s simplificado que tiene la misma finalidad que la [&hellip;]<\/p>\n","protected":false},"author":1,"featured_media":0,"parent":0,"menu_order":0,"comment_status":"closed","ping_status":"closed","template":"elementor_header_footer","meta":{"site-sidebar-layout":"default","site-content-layout":"default","ast-site-content-layout":"default","site-content-style":"default","site-sidebar-style":"default","ast-global-header-display":"","ast-banner-title-visibility":"","ast-main-header-display":"","ast-hfb-above-header-display":"","ast-hfb-below-header-display":"","ast-hfb-mobile-header-display":"","site-post-title":"","ast-breadcrumbs-content":"","ast-featured-img":"","footer-sml-layout":"","ast-disable-related-posts":"","theme-transparent-header-meta":"default","adv-header-id-meta":"","stick-header-meta":"","header-above-stick-meta":"","header-main-stick-meta":"","header-below-stick-meta":"","astra-migrate-meta-layouts":"default","ast-page-background-enabled":"default","ast-page-background-meta":{"desktop":{"background-color":"var(--ast-global-color-4)","background-image":"","background-repeat":"repeat","background-position":"center center","background-size":"auto","background-attachment":"scroll","background-type":"","background-media":"","overlay-type":"","overlay-color":"","overlay-opacity":"","overlay-gradient":""},"tablet":{"background-color":"","background-image":"","background-repeat":"repeat","background-position":"center center","background-size":"auto","background-attachment":"scroll","background-type":"","background-media":"","overlay-type":"","overlay-color":"","overlay-opacity":"","overlay-gradient":""},"mobile":{"background-color":"","background-image":"","background-repeat":"repeat","background-position":"center center","background-size":"auto","background-attachment":"scroll","background-type":"","background-media":"","overlay-type":"","overlay-color":"","overlay-opacity":"","overlay-gradient":""}},"ast-content-background-meta":{"desktop":{"background-color":"var(--ast-global-color-5)","background-image":"","background-repeat":"repeat","background-position":"center center","background-size":"auto","background-attachment":"scroll","background-type":"","background-media":"","overlay-type":"","overlay-color":"","overlay-opacity":"","overlay-gradient":""},"tablet":{"background-color":"var(--ast-global-color-5)","background-image":"","background-repeat":"repeat","background-position":"center center","background-size":"auto","background-attachment":"scroll","background-type":"","background-media":"","overlay-type":"","overlay-color":"","overlay-opacity":"","overlay-gradient":""},"mobile":{"background-color":"var(--ast-global-color-5)","background-image":"","background-repeat":"repeat","background-position":"center center","background-size":"auto","background-attachment":"scroll","background-type":"","background-media":"","overlay-type":"","overlay-color":"","overlay-opacity":"","overlay-gradient":""}},"footnotes":""},"class_list":["post-428","page","type-page","status-publish","hentry"],"_links":{"self":[{"href":"https:\/\/consuladodevenezuelaenmadrid.com\/index.php\/wp-json\/wp\/v2\/pages\/428","targetHints":{"allow":["GET"]}}],"collection":[{"href":"https:\/\/consuladodevenezuelaenmadrid.com\/index.php\/wp-json\/wp\/v2\/pages"}],"about":[{"href":"https:\/\/consuladodevenezuelaenmadrid.com\/index.php\/wp-json\/wp\/v2\/types\/page"}],"author":[{"embeddable":true,"href":"https:\/\/consuladodevenezuelaenmadrid.com\/index.php\/wp-json\/wp\/v2\/users\/1"}],"replies":[{"embeddable":true,"href":"https:\/\/consuladodevenezuelaenmadrid.com\/index.php\/wp-json\/wp\/v2\/comments?post=428"}],"version-history":[{"count":63,"href":"https:\/\/consuladodevenezuelaenmadrid.com\/index.php\/wp-json\/wp\/v2\/pages\/428\/revisions"}],"predecessor-version":[{"id":4582,"href":"https:\/\/consuladodevenezuelaenmadrid.com\/index.php\/wp-json\/wp\/v2\/pages\/428\/revisions\/4582"}],"wp:attachment":[{"href":"https:\/\/consuladodevenezuelaenmadrid.com\/index.php\/wp-json\/wp\/v2\/media?parent=428"}],"curies":[{"name":"wp","href":"https:\/\/api.w.org\/{rel}","templated":true}]}}