{"id":3279,"date":"2022-07-21T13:44:50","date_gmt":"2022-07-21T13:44:50","guid":{"rendered":"https:\/\/consuladodevenezuelaenmadrid.com\/?page_id=3279"},"modified":"2026-04-14T14:30:19","modified_gmt":"2026-04-14T14:30:19","slug":"transeunte-familiar-venezolano","status":"publish","type":"page","link":"https:\/\/consuladodevenezuelaenmadrid.com\/index.php\/transeunte-familiar-venezolano\/","title":{"rendered":"TRANSE\u00daNTE FAMILIAR VENEZOLANO"},"content":{"rendered":"\t\t<div data-elementor-type=\"wp-page\" data-elementor-id=\"3279\" class=\"elementor elementor-3279\">\n\t\t\t\t\t\t<section class=\"elementor-section elementor-top-section elementor-element elementor-element-144b878c elementor-section-boxed elementor-section-height-default elementor-section-height-default\" data-id=\"144b878c\" data-element_type=\"section\" data-e-type=\"section\">\n\t\t\t\t\t\t<div class=\"elementor-container elementor-column-gap-default\">\n\t\t\t\t\t<div class=\"elementor-column elementor-col-100 elementor-top-column elementor-element elementor-element-76b7dc22\" data-id=\"76b7dc22\" data-element_type=\"column\" data-e-type=\"column\">\n\t\t\t<div class=\"elementor-widget-wrap elementor-element-populated\">\n\t\t\t\t\t\t<div class=\"elementor-element elementor-element-8b2e229 elementor-widget elementor-widget-text-editor\" data-id=\"8b2e229\" data-element_type=\"widget\" data-e-type=\"widget\" data-widget_type=\"text-editor.default\">\n\t\t\t\t<div class=\"elementor-widget-container\">\n\t\t\t\t\t\t\t\t\t\n<div class=\"wp-block-themeisle-blocks-advanced-columns has-undefined-columns has-desktop-undefined-layout has-tablet-equal-layout has-mobile-equal-layout has-default-gap has-vertical-unset\" id=\"wp-block-themeisle-blocks-advanced-columns-9218192f\"><div class=\"wp-block-themeisle-blocks-advanced-columns-overlay\"><\/div><div class=\"innerblocks-wrap\"><\/div><\/div>\n\t\t\t\t\t\t\t\t<\/div>\n\t\t\t\t<\/div>\n\t\t\t\t<div class=\"elementor-element elementor-element-bf23b90 elementor-widget elementor-widget-heading\" data-id=\"bf23b90\" data-element_type=\"widget\" data-e-type=\"widget\" data-widget_type=\"heading.default\">\n\t\t\t\t<div class=\"elementor-widget-container\">\n\t\t\t\t\t<h2 class=\"elementor-heading-title elementor-size-default\">VISA TRANSE\u00daNTE FAMILIAR VENEZOLANO<\/h2>\t\t\t\t<\/div>\n\t\t\t\t<\/div>\n\t\t\t\t\t<\/div>\n\t\t<\/div>\n\t\t\t\t\t<\/div>\n\t\t<\/section>\n\t\t\t\t<section class=\"elementor-section elementor-top-section elementor-element elementor-element-9ba9061 elementor-section-boxed elementor-section-height-default elementor-section-height-default\" data-id=\"9ba9061\" data-element_type=\"section\" data-e-type=\"section\">\n\t\t\t\t\t\t<div class=\"elementor-container elementor-column-gap-default\">\n\t\t\t\t\t<div class=\"elementor-column elementor-col-100 elementor-top-column elementor-element elementor-element-60e76cc\" data-id=\"60e76cc\" data-element_type=\"column\" data-e-type=\"column\">\n\t\t\t<div class=\"elementor-widget-wrap elementor-element-populated\">\n\t\t\t\t\t\t<div class=\"elementor-element elementor-element-be44f46 elementor-widget elementor-widget-text-editor\" data-id=\"be44f46\" data-element_type=\"widget\" data-e-type=\"widget\" data-widget_type=\"text-editor.default\">\n\t\t\t\t<div class=\"elementor-widget-container\">\n\t\t\t\t\t\t\t\t\t<div class=\"wpb_column vc_column_container vc_col-sm-8\">\n<div class=\"vc_column-inner\">\n<div class=\"wpb_wrapper\">\n<div class=\"wpb_text_column wpb_content_element \">\n<div class=\"wpb_wrapper\">\n<p><span style=\"color: #000000;\"><span style=\"text-decoration: underline;\">Se otorgar\u00e1 al c\u00f3nyuge del venezolano(a), cuando el matrimonio se hubiere celebrado en el extranjero e inscrito ante la Oficina Consular venezolana<\/span>, a los hijos menores de 18 a\u00f1os de edad no emancipados, a los progenitores y padres pol\u00edticos, <strong>que desean domiciliarse en el pa\u00eds<\/strong>, previa comprobaci\u00f3n fehaciente del v\u00ednculo familiar.\u00a0 Tendr\u00e1 una vigencia por un(1) a\u00f1o, m\u00faltiples entradas, sin limite de permanencia. Vencido dicho termino el interesado podr\u00e1 solicitar en el pa\u00eds la pr\u00f3rroga.<\/span><\/p>\n<p>El visado de Transe\u00fante Familiar Venezolano (TR-FV)<span style=\"color: #993300;\"><strong> no es un visado para hacer turismo o visitas familiares<\/strong><\/span>, sino el primer paso en el proceso de inmigraci\u00f3n. Por lo tanto, si el prop\u00f3sito del viaje es turismo o visita familiar, <strong>la<\/strong> <strong>solicitud podr\u00eda ser rechazada<\/strong>.<\/p>\n<p><span style=\"color: #000000;\">Este tr\u00e1mite se hace\u00a0<strong>EXCLUSIVAMENTE POR CORREO POSTAL.<\/strong>\u00a0Para ello, el interesado debe residir en cualquier Comunidad Aut\u00f3noma de la\u00a0<a class=\"dhtgD aw5Odc\" style=\"color: #000000;\" href=\"https:\/\/consuladodevenezuelaenmadrid.net\/index.php\/registro-consular\/\">circunscripci\u00f3n de esta Misi\u00f3n Consular<\/a> y remitir a nuestra direcci\u00f3n <strong>Calle Eloy Gonzalo 40 &#8211; 28010 Madrid<\/strong>, los siguientes recaudos:<\/span><\/p>\n<ul class=\"n8H08c UVNKR\">\n<li id=\"h.p_7Vcn85PtSsAE\" class=\"TYR86d zfr3Q\"><span style=\"color: #000000;\"><a href=\"https:\/\/consuladodevenezuelaenmadrid.com\/wp-content\/uploads\/2026\/04\/planilla-solicitud-visado.pdf\">Planilla de\u00a0solicitud de visa<\/a>, complementada en letra legible y sin tachadura.<\/span><\/li>\n<li>Fotocopia de la Tarjeta de Residencia vigente, con m\u00ednimo de seis (6) meses desde su expedici\u00f3n.<\/li>\n<li id=\"h.p_HueGMeTwSsAE\" class=\"TYR86d zfr3Q\"><span style=\"color: #000000;\"><strong>Original y copia de su pasaporte<\/strong>, que debe tener por lo menos doce meses de validez.<\/span><\/li>\n<li id=\"h.p_4bhHUg4MSsAE\" class=\"TYR86d zfr3Q\"><span style=\"color: #000000;\">Original del Certificado M\u00e9dico Oficial Ordinario, debidamente legalizado por el Consejo General de Colegios Oficiales de M\u00e9dicos de Espa\u00f1a (CGCOM) (v\u00e9ase el siguiente enlace:\u00a0 <a href=\"https:\/\/www.cgcom.es\/servicios\/certificados-medicos\/legalizacion-de-certificados-medicos-oficiales-ordinarios\" target=\"_blank\" rel=\"noopener\">https:\/\/www.cgcom.es\/servicios\/certificados-medicos\/legalizacion-de-certificados-medicos-oficiales-ordinarios<\/a>).<\/span><\/li>\n<li id=\"h.p_IEKnqKZcSsAF\" class=\"TYR86d zfr3Q\"><span style=\"color: #000000;\">Dos (2) fotograf\u00edas a color, recientes, tama\u00f1o carnet y fondo blanco.<\/span><\/li>\n<li id=\"h.p_TnVr0xTjSsAF\" class=\"TYR86d zfr3Q\"><span style=\"color: #000000;\">Demostrar los nexos a trav\u00e9s de documentaci\u00f3n fehaciente del v\u00ednculo familiar (partida de nacimiento, matrimonio, etc. estos documentos si son emitidos fuera de Venezuela deben estar traducidos y legalizados con la postilla de la Haya).<\/span><\/li>\n<li id=\"h.p_TnVr0xTjSsAF\" class=\"TYR86d zfr3Q\"><span style=\"color: #000000;\">Incluir copia de la c\u00e9dula de identidad y\/o del pasaporte del familiar venezolano.<\/span><\/li>\n<li id=\"h.p_cAjlLb4WlT5E\" class=\"TYR86d zfr3Q\"><span style=\"color: #000000;\"><strong>Original del comprobante del dep\u00f3sito bancario\u00a0<\/strong>de las tasas consulares correspondientes, las cuales ascienden a\u00a0<strong>sesenta euros<\/strong>\u00a0(60,00 \u20ac).<\/span><br \/>\n<ul class=\"n8H08c UVNKR\">\n<li id=\"h.p_E6IdNAaeXtNx\" class=\"TYR86d zfr3Q\"><span style=\"color: #000000;\">N\u00famero de Cuenta:\u00a0<strong>0081-7307-05-0001577660<\/strong><\/span><\/li>\n<li id=\"h.p_5jv1B_xuXtN1\" class=\"TYR86d zfr3Q\"><span style=\"color: #000000;\">Banco:\u00a0<strong>Sabadell<\/strong><\/span><\/li>\n<li id=\"h.p_U0PukWbnXtN3\" class=\"TYR86d zfr3Q\"><span style=\"color: #000000;\">Titular:\u00a0<strong>Consulado General de la Rep\u00fablica Bolivariana de Venezuela<\/strong><\/span><\/li>\n<li id=\"h.p_B99D2KbQXtN5\" class=\"TYR86d zfr3Q\"><span style=\"color: #000000;\">Incluir el nombre completo del interesado.<\/span><\/li>\n<\/ul>\n<\/li>\n<\/ul>\n<p><strong>El tiempo de espera para tramitar un visado, depende del volumen de solicitudes<\/strong>. Existen circunstancias individuales que pueden variar el tiempo de espera en forma significativa, sobre todo cuando se requiere la aprobaci\u00f3n por parte de alg\u00fan Departamento externo. Por lo anterior, se recomienda hacer la solicitud al menos noventa (90) d\u00edas antes del viaje.<\/p>\n<p><strong>La petici\u00f3n de visado puede ser rechazada<\/strong> por varias razones, entra las m\u00e1s comunes se encuentra la falta de documentaci\u00f3n necesaria para completar la solicitud, respaldar su situaci\u00f3n o justificar el prop\u00f3sito del viaje. Tambi\u00e9n se puede negar por error en el tipo de visa solicitada, etc.<\/p>\n<p><strong>Si se le niega una visa no se le devolver\u00e1 las tasas consulares<\/strong>.<\/p>\n<p>\u00a0<\/p>\n<p style=\"text-align: center;\"><span style=\"color: #ff0000;\"><strong>INGRESO A VENEZUELA DE HIJOS DE CIUDADANOS VENEZOLANOS CON NACIONALIDAD ESPA\u00d1OLA<\/strong><\/span><\/p>\n<p>De conformidad con la Constituci\u00f3n de la Rep\u00fablica Bolivariana de Venezuela, los hijos de ciudadanos venezolanos tienen derecho a la nacionalidad venezolana por nacimiento, incluso si han nacido fuera del territorio nacional.<\/p>\n<p>Para ejercer este derecho, es necesario que el nacimiento sea formalmente inscrito en el sistema de registro civil venezolano. Esta inscripci\u00f3n puede realizarse directamente en Venezuela o a trav\u00e9s del consulado correspondiente en Espa\u00f1a.<\/p>\n<p>Es importante destacar que los hijos de ciudadanos venezolanos con nacionalidad espa\u00f1ola pueden ingresar a Venezuela sin necesidad de visa, <strong>incluso si a\u00fan no han sido registrados oficialmente como venezolanos<\/strong>.<\/p>\n<p><strong>No obstante, si el viaje a Venezuela tiene como prop\u00f3sito establecer residencia definitiva<\/strong>, y el hijo del ciudadano venezolano a\u00fan no ha sido registrado oficialmente como venezolano, <strong>deber\u00e1 tramitar una visa de Transe\u00fante Familiar Venezolano<\/strong> antes de su ingreso al pa\u00eds.<\/p>\n<\/div>\n<\/div>\n<\/div>\n<\/div>\n<\/div>\t\t\t\t\t\t\t\t<\/div>\n\t\t\t\t<\/div>\n\t\t\t\t\t<\/div>\n\t\t<\/div>\n\t\t\t\t\t<\/div>\n\t\t<\/section>\n\t\t\t\t<\/div>\n\t\t","protected":false},"excerpt":{"rendered":"<p>VISA TRANSE\u00daNTE FAMILIAR VENEZOLANO Se otorgar\u00e1 al c\u00f3nyuge del venezolano(a), cuando el matrimonio se hubiere celebrado en el extranjero e inscrito ante la Oficina Consular venezolana, a los hijos menores de 18 a\u00f1os de edad no emancipados, a los progenitores y padres pol\u00edticos, que desean domiciliarse en el pa\u00eds, previa comprobaci\u00f3n fehaciente del v\u00ednculo familiar.\u00a0 [&hellip;]<\/p>\n","protected":false},"author":1,"featured_media":0,"parent":0,"menu_order":0,"comment_status":"closed","ping_status":"closed","template":"elementor_header_footer","meta":{"site-sidebar-layout":"default","site-content-layout":"default","ast-site-content-layout":"default","site-content-style":"default","site-sidebar-style":"default","ast-global-header-display":"","ast-banner-title-visibility":"","ast-main-header-display":"","ast-hfb-above-header-display":"","ast-hfb-below-header-display":"","ast-hfb-mobile-header-display":"","site-post-title":"","ast-breadcrumbs-content":"","ast-featured-img":"","footer-sml-layout":"","ast-disable-related-posts":"","theme-transparent-header-meta":"default","adv-header-id-meta":"","stick-header-meta":"","header-above-stick-meta":"","header-main-stick-meta":"","header-below-stick-meta":"","astra-migrate-meta-layouts":"default","ast-page-background-enabled":"default","ast-page-background-meta":{"desktop":{"background-color":"var(--ast-global-color-4)","background-image":"","background-repeat":"repeat","background-position":"center center","background-size":"auto","background-attachment":"scroll","background-type":"","background-media":"","overlay-type":"","overlay-color":"","overlay-opacity":"","overlay-gradient":""},"tablet":{"background-color":"","background-image":"","background-repeat":"repeat","background-position":"center center","background-size":"auto","background-attachment":"scroll","background-type":"","background-media":"","overlay-type":"","overlay-color":"","overlay-opacity":"","overlay-gradient":""},"mobile":{"background-color":"","background-image":"","background-repeat":"repeat","background-position":"center center","background-size":"auto","background-attachment":"scroll","background-type":"","background-media":"","overlay-type":"","overlay-color":"","overlay-opacity":"","overlay-gradient":""}},"ast-content-background-meta":{"desktop":{"background-color":"var(--ast-global-color-5)","background-image":"","background-repeat":"repeat","background-position":"center center","background-size":"auto","background-attachment":"scroll","background-type":"","background-media":"","overlay-type":"","overlay-color":"","overlay-opacity":"","overlay-gradient":""},"tablet":{"background-color":"var(--ast-global-color-5)","background-image":"","background-repeat":"repeat","background-position":"center center","background-size":"auto","background-attachment":"scroll","background-type":"","background-media":"","overlay-type":"","overlay-color":"","overlay-opacity":"","overlay-gradient":""},"mobile":{"background-color":"var(--ast-global-color-5)","background-image":"","background-repeat":"repeat","background-position":"center center","background-size":"auto","background-attachment":"scroll","background-type":"","background-media":"","overlay-type":"","overlay-color":"","overlay-opacity":"","overlay-gradient":""}},"footnotes":""},"class_list":["post-3279","page","type-page","status-publish","hentry"],"_links":{"self":[{"href":"https:\/\/consuladodevenezuelaenmadrid.com\/index.php\/wp-json\/wp\/v2\/pages\/3279","targetHints":{"allow":["GET"]}}],"collection":[{"href":"https:\/\/consuladodevenezuelaenmadrid.com\/index.php\/wp-json\/wp\/v2\/pages"}],"about":[{"href":"https:\/\/consuladodevenezuelaenmadrid.com\/index.php\/wp-json\/wp\/v2\/types\/page"}],"author":[{"embeddable":true,"href":"https:\/\/consuladodevenezuelaenmadrid.com\/index.php\/wp-json\/wp\/v2\/users\/1"}],"replies":[{"embeddable":true,"href":"https:\/\/consuladodevenezuelaenmadrid.com\/index.php\/wp-json\/wp\/v2\/comments?post=3279"}],"version-history":[{"count":76,"href":"https:\/\/consuladodevenezuelaenmadrid.com\/index.php\/wp-json\/wp\/v2\/pages\/3279\/revisions"}],"predecessor-version":[{"id":5587,"href":"https:\/\/consuladodevenezuelaenmadrid.com\/index.php\/wp-json\/wp\/v2\/pages\/3279\/revisions\/5587"}],"wp:attachment":[{"href":"https:\/\/consuladodevenezuelaenmadrid.com\/index.php\/wp-json\/wp\/v2\/media?parent=3279"}],"curies":[{"name":"wp","href":"https:\/\/api.w.org\/{rel}","templated":true}]}}