{"id":3263,"date":"2022-07-12T13:55:07","date_gmt":"2022-07-12T13:55:07","guid":{"rendered":"https:\/\/consuladodevenezuelaenmadrid.com\/?page_id=3263"},"modified":"2024-09-26T07:09:03","modified_gmt":"2024-09-26T07:09:03","slug":"como-solicitar-cita-de-apostilla","status":"publish","type":"page","link":"https:\/\/consuladodevenezuelaenmadrid.com\/index.php\/como-solicitar-cita-de-apostilla\/","title":{"rendered":"COMO SOLICITAR CITA DE APOSTILLA"},"content":{"rendered":"\t\t<div data-elementor-type=\"wp-page\" data-elementor-id=\"3263\" class=\"elementor elementor-3263\">\n\t\t\t\t\t\t<section class=\"elementor-section elementor-top-section elementor-element elementor-element-4370d7ab elementor-section-boxed elementor-section-height-default elementor-section-height-default\" data-id=\"4370d7ab\" data-element_type=\"section\" data-e-type=\"section\">\n\t\t\t\t\t\t<div class=\"elementor-container elementor-column-gap-default\">\n\t\t\t\t\t<div class=\"elementor-column elementor-col-100 elementor-top-column elementor-element elementor-element-1845ce09\" data-id=\"1845ce09\" data-element_type=\"column\" data-e-type=\"column\">\n\t\t\t<div class=\"elementor-widget-wrap elementor-element-populated\">\n\t\t\t\t\t\t<div class=\"elementor-element elementor-element-5d63a55 elementor-widget elementor-widget-spacer\" data-id=\"5d63a55\" data-element_type=\"widget\" data-e-type=\"widget\" data-widget_type=\"spacer.default\">\n\t\t\t\t<div class=\"elementor-widget-container\">\n\t\t\t\t\t\t\t<div class=\"elementor-spacer\">\n\t\t\t<div class=\"elementor-spacer-inner\"><\/div>\n\t\t<\/div>\n\t\t\t\t\t\t<\/div>\n\t\t\t\t<\/div>\n\t\t\t\t<div class=\"elementor-element elementor-element-2f53fd78 elementor-widget elementor-widget-text-editor\" data-id=\"2f53fd78\" data-element_type=\"widget\" data-e-type=\"widget\" data-widget_type=\"text-editor.default\">\n\t\t\t\t<div class=\"elementor-widget-container\">\n\t\t\t\t\t\t\t\t\t<div class=\"elementor-element elementor-element-9bd68b2 elementor-widget elementor-widget-heading\" data-id=\"9bd68b2\" data-element_type=\"widget\" data-widget_type=\"heading.default\">\n<div class=\"elementor-widget-container\">\n<h2 class=\"elementor-heading-title elementor-size-default\" style=\"text-align: center;\"><span style=\"color: #ff0000;\">EJEMPLOS DE CARGA DE DOCUMENTOS<\/span><\/h2>\n<\/div>\n<\/div>\n<div class=\"elementor-element elementor-element-94ac7a4 elementor-widget elementor-widget-spacer\" data-id=\"94ac7a4\" data-element_type=\"widget\" data-widget_type=\"spacer.default\">\n<div class=\"elementor-widget-container\">\n<div class=\"elementor-spacer\">\n<div class=\"elementor-spacer-inner\">\u00a0<\/div>\n<\/div>\n<\/div>\n<\/div>\n<div class=\"elementor-element elementor-element-7dd1ffb2 elementor-widget elementor-widget-text-editor\" data-id=\"7dd1ffb2\" data-element_type=\"widget\" data-widget_type=\"text-editor.default\">\n<div class=\"elementor-widget-container\">\n<div class=\"elementor-text-editor elementor-clearfix\">\n<p><span style=\"color: #000000;\">Para tramitar la apostilla de su documentaci\u00f3n, debe ingresar a su Secci\u00f3n en la Plataforma del SLAE y <strong>registrar<\/strong> <\/span><strong>informaci\u00f3n relacionada con dicha documento. <\/strong>A continuaci\u00f3n, algunos ejemplos de los documentos m\u00e1s comunes:<\/p>\n<p><strong>Documentos Legalizados \u2013 SAREN<\/strong><\/p>\n<div class=\"col-md-8\">Datos a verificar en el Documento: (marcados en amarillo)\n<ul type=\"disc\">\n<li>Categor\u00eda: Legal.<\/li>\n<li>Sub-categor\u00eda: Civil.<\/li>\n<li>Tipo de Documento.<\/li>\n<li>Planilla \u00danica Bancaria. (P.U.B)<\/li>\n<li>Organismo Emisor.<\/li>\n<li>Fecha de Legalizaci\u00f3n.<\/li>\n<li>Nombres y Apellidos Suscriptor.<\/li>\n<\/ul>\n<\/div>\n<p style=\"text-align: center;\"><strong><a href=\"https:\/\/consuladodevenezuelaenmadrid.com\/wp-content\/uploads\/2024\/09\/1_Apostilla_AN_SAREN.pdf\" target=\"_blank\" rel=\"noopener\">Descargue Ejemplo de Acta de Nacimiento<\/a><\/strong><\/p>\n<p>\u00a0<\/p>\n<p><strong>Documentos Legalizados ante el Consejo Nacional Electoral (CNE)<\/strong>.<\/p>\n<div class=\"col-md-8\">Datos a verificar en el Documento: (marcados en amarillo)\n<ul type=\"disc\">\n<li>Categor\u00eda: Legal.<\/li>\n<li>Sub-categor\u00eda: Civil.<\/li>\n<li>Documento p\u00fablico: ACTA DE <strong> \u2014 tipo de documento que desea apostillar \u2014<\/strong> (CNE\/CRCE).<\/li>\n<li>Fecha de emisi\u00f3n: d\u00eda \u2013 mes \u2013 a\u00f1o<\/li>\n<li>N\u00famero de Acta.<\/li>\n<li>Organismo emisor: CONSEJO NACIONAL ELECTORAL.<\/li>\n<li>Suscriptor\/a: Nombre del funcionario que certifica el Acta CNE.<\/li>\n<\/ul>\n<\/div>\n<p style=\"text-align: center;\"><strong><a href=\"https:\/\/consuladodevenezuelaenmadrid.com\/wp-content\/uploads\/2024\/09\/7_Apostilla_CNE.pdf\" target=\"_blank\" rel=\"noopener\">Descargue Ejemplo de Documento \u2013 CNE<\/a><\/strong><\/p>\n<p><strong>T\u00edtulo de Bachiller.<\/strong><\/p>\n<div class=\"col-md-8\">Datos a verificar en el Documento:\n<ul type=\"disc\">\n<li>Categor\u00eda: Educaci\u00f3n.<\/li>\n<li>Sub-categor\u00eda: Educaci\u00f3n B\u00e1sica.<\/li>\n<li>N\u00famero del T\u00edtulo de Bachiller.<\/li>\n<li>Nombres y Apellidos<\/li>\n<li>Documento de Identidad del Titular.<\/li>\n<li>Fecha de Expedici\u00f3n del Titulo.<\/li>\n<li>Nombres y Apellidos Suscriptor \/ Director de la Zona Educativa.<\/li>\n<li>Zona Educativa de la Entidad Federal Correspondiente.<\/li>\n<li>Organismo Emisor.<\/li>\n<\/ul>\n<\/div>\n<p style=\"text-align: center;\"><strong><a href=\"https:\/\/consuladodevenezuelaenmadrid.com\/wp-content\/uploads\/2024\/09\/2_Apostilla_TyC.pdf\" target=\"_blank\" rel=\"noopener\">Descargue Ejemplo de T\u00edtulo de Bachiller<\/a><\/strong><\/p>\n<p><strong>Servicio Aut\u00f3nomo de Contralor\u00eda Sanitar\u00eda.<\/strong><\/p>\n<div class=\"col-md-8\">Datos a verificar en el Documento:\n<ul type=\"disc\">\n<li>Categor\u00eda: Salud.<\/li>\n<li>Sub-categor\u00eda: Contralor\u00eda Sanitaria.<\/li>\n<li>Tipos de Documentos SACS.<\/li>\n<li>Organismo Emisor.<\/li>\n<li>T\u00edtulo del Documento SACS.<\/li>\n<li>Fecha de Expedici\u00f3n.<\/li>\n<li>Nombres y Apellidos \/ Suscriptor.<\/li>\n<li>N\u00famero de Solicitud.<\/li>\n<\/ul>\n<\/div>\n<p style=\"text-align: center;\"><strong><a href=\"https:\/\/consuladodevenezuelaenmadrid.com\/wp-content\/uploads\/2024\/09\/5_Apostilla_SACS.pdf\" target=\"_blank\" rel=\"noopener\">Descargue Ejemplo de Documentos del SACS<\/a><\/strong><\/p>\n<p><strong>Certificaciones electr\u00f3nicas del sistema de Gesti\u00f3n de Tr\u00e1mites Universitarios (GTU).<\/strong><\/p>\n<div class=\"col-md-8\">Datos a verificar en el Documento:\n<ul type=\"disc\">\n<li>Categor\u00eda: Educaci\u00f3n.<\/li>\n<li>Sub-categor\u00eda: Educaci\u00f3n Universitaria.<\/li>\n<li>N\u00famero de la Certificaci\u00f3n.<\/li>\n<li>Fecha de Expedici\u00f3n.<\/li>\n<li>Nombres y Apellidos \/ Suscriptor.<\/li>\n<\/ul>\n<\/div>\n<p style=\"text-align: center;\"><strong><a href=\"https:\/\/consuladodevenezuelaenmadrid.com\/wp-content\/uploads\/2024\/09\/6_Apostilla_GTU.pdf\" target=\"_blank\" rel=\"noopener\">Descargue Ejemplo de Documentos del GTU<\/a><\/strong><\/p>\n<p style=\"text-align: center;\"><span style=\"color: #000000;\">Puede consultar informaci\u00f3n a trav\u00e9s de la cuenta instagram @consularesve<\/span><\/p>\n<\/div>\n<\/div>\n<\/div>\n<p><span style=\"color: #000000;\"><\/span><\/p>\n<div id=\"wp-block-themeisle-blocks-advanced-columns-479dbd34\" class=\"wp-block-themeisle-blocks-advanced-columns has-undefined-columns has-desktop-undefined-layout has-tablet-equal-layout has-mobile-equal-layout has-default-gap has-vertical-unset\">\n<div class=\"wp-block-themeisle-blocks-advanced-columns-overlay\">\u00a0<\/div>\n<div class=\"innerblocks-wrap\">\u00a0<\/div>\n<\/div>\n<p><\/p>\t\t\t\t\t\t\t\t<\/div>\n\t\t\t\t<\/div>\n\t\t\t\t\t<\/div>\n\t\t<\/div>\n\t\t\t\t\t<\/div>\n\t\t<\/section>\n\t\t\t\t<\/div>\n\t\t","protected":false},"excerpt":{"rendered":"<p>EJEMPLOS DE CARGA DE DOCUMENTOS \u00a0 Para tramitar la apostilla de su documentaci\u00f3n, debe ingresar a su Secci\u00f3n en la Plataforma del SLAE y registrar informaci\u00f3n relacionada con dicha documento. A continuaci\u00f3n, algunos ejemplos de los documentos m\u00e1s comunes: Documentos Legalizados \u2013 SAREN Datos a verificar en el Documento: (marcados en amarillo) Categor\u00eda: Legal. Sub-categor\u00eda: [&hellip;]<\/p>\n","protected":false},"author":1,"featured_media":0,"parent":0,"menu_order":0,"comment_status":"closed","ping_status":"closed","template":"elementor_header_footer","meta":{"site-sidebar-layout":"default","site-content-layout":"","ast-site-content-layout":"default","site-content-style":"default","site-sidebar-style":"default","ast-global-header-display":"","ast-banner-title-visibility":"","ast-main-header-display":"","ast-hfb-above-header-display":"","ast-hfb-below-header-display":"","ast-hfb-mobile-header-display":"","site-post-title":"","ast-breadcrumbs-content":"","ast-featured-img":"","footer-sml-layout":"","ast-disable-related-posts":"","theme-transparent-header-meta":"","adv-header-id-meta":"","stick-header-meta":"","header-above-stick-meta":"","header-main-stick-meta":"","header-below-stick-meta":"","astra-migrate-meta-layouts":"default","ast-page-background-enabled":"default","ast-page-background-meta":{"desktop":{"background-color":"var(--ast-global-color-4)","background-image":"","background-repeat":"repeat","background-position":"center center","background-size":"auto","background-attachment":"scroll","background-type":"","background-media":"","overlay-type":"","overlay-color":"","overlay-opacity":"","overlay-gradient":""},"tablet":{"background-color":"","background-image":"","background-repeat":"repeat","background-position":"center center","background-size":"auto","background-attachment":"scroll","background-type":"","background-media":"","overlay-type":"","overlay-color":"","overlay-opacity":"","overlay-gradient":""},"mobile":{"background-color":"","background-image":"","background-repeat":"repeat","background-position":"center center","background-size":"auto","background-attachment":"scroll","background-type":"","background-media":"","overlay-type":"","overlay-color":"","overlay-opacity":"","overlay-gradient":""}},"ast-content-background-meta":{"desktop":{"background-color":"var(--ast-global-color-5)","background-image":"","background-repeat":"repeat","background-position":"center center","background-size":"auto","background-attachment":"scroll","background-type":"","background-media":"","overlay-type":"","overlay-color":"","overlay-opacity":"","overlay-gradient":""},"tablet":{"background-color":"var(--ast-global-color-5)","background-image":"","background-repeat":"repeat","background-position":"center center","background-size":"auto","background-attachment":"scroll","background-type":"","background-media":"","overlay-type":"","overlay-color":"","overlay-opacity":"","overlay-gradient":""},"mobile":{"background-color":"var(--ast-global-color-5)","background-image":"","background-repeat":"repeat","background-position":"center center","background-size":"auto","background-attachment":"scroll","background-type":"","background-media":"","overlay-type":"","overlay-color":"","overlay-opacity":"","overlay-gradient":""}},"footnotes":""},"class_list":["post-3263","page","type-page","status-publish","hentry"],"_links":{"self":[{"href":"https:\/\/consuladodevenezuelaenmadrid.com\/index.php\/wp-json\/wp\/v2\/pages\/3263","targetHints":{"allow":["GET"]}}],"collection":[{"href":"https:\/\/consuladodevenezuelaenmadrid.com\/index.php\/wp-json\/wp\/v2\/pages"}],"about":[{"href":"https:\/\/consuladodevenezuelaenmadrid.com\/index.php\/wp-json\/wp\/v2\/types\/page"}],"author":[{"embeddable":true,"href":"https:\/\/consuladodevenezuelaenmadrid.com\/index.php\/wp-json\/wp\/v2\/users\/1"}],"replies":[{"embeddable":true,"href":"https:\/\/consuladodevenezuelaenmadrid.com\/index.php\/wp-json\/wp\/v2\/comments?post=3263"}],"version-history":[{"count":6,"href":"https:\/\/consuladodevenezuelaenmadrid.com\/index.php\/wp-json\/wp\/v2\/pages\/3263\/revisions"}],"predecessor-version":[{"id":4455,"href":"https:\/\/consuladodevenezuelaenmadrid.com\/index.php\/wp-json\/wp\/v2\/pages\/3263\/revisions\/4455"}],"wp:attachment":[{"href":"https:\/\/consuladodevenezuelaenmadrid.com\/index.php\/wp-json\/wp\/v2\/media?parent=3263"}],"curies":[{"name":"wp","href":"https:\/\/api.w.org\/{rel}","templated":true}]}}