{"id":3245,"date":"2022-07-12T09:33:45","date_gmt":"2022-07-12T09:33:45","guid":{"rendered":"https:\/\/consuladodevenezuelaenmadrid.com\/?page_id=3245"},"modified":"2024-09-26T07:26:12","modified_gmt":"2024-09-26T07:26:12","slug":"requisitos-apostilla","status":"publish","type":"page","link":"https:\/\/consuladodevenezuelaenmadrid.com\/index.php\/requisitos-apostilla\/","title":{"rendered":"REQUISITOS CITA APOSTILLA"},"content":{"rendered":"\t\t<div data-elementor-type=\"wp-page\" data-elementor-id=\"3245\" class=\"elementor elementor-3245\">\n\t\t\t\t\t\t<section class=\"elementor-section elementor-top-section elementor-element elementor-element-48bbe40f elementor-section-boxed elementor-section-height-default elementor-section-height-default\" data-id=\"48bbe40f\" data-element_type=\"section\" data-e-type=\"section\">\n\t\t\t\t\t\t<div class=\"elementor-container elementor-column-gap-default\">\n\t\t\t\t\t<div class=\"elementor-column elementor-col-100 elementor-top-column elementor-element elementor-element-476f69d2\" data-id=\"476f69d2\" data-element_type=\"column\" data-e-type=\"column\">\n\t\t\t<div class=\"elementor-widget-wrap elementor-element-populated\">\n\t\t\t\t\t\t<div class=\"elementor-element elementor-element-109dac7 elementor-widget elementor-widget-spacer\" data-id=\"109dac7\" data-element_type=\"widget\" data-e-type=\"widget\" data-widget_type=\"spacer.default\">\n\t\t\t\t<div class=\"elementor-widget-container\">\n\t\t\t\t\t\t\t<div class=\"elementor-spacer\">\n\t\t\t<div class=\"elementor-spacer-inner\"><\/div>\n\t\t<\/div>\n\t\t\t\t\t\t<\/div>\n\t\t\t\t<\/div>\n\t\t\t\t<div class=\"elementor-element elementor-element-a5a4af0 elementor-widget elementor-widget-heading\" data-id=\"a5a4af0\" data-element_type=\"widget\" data-e-type=\"widget\" data-widget_type=\"heading.default\">\n\t\t\t\t<div class=\"elementor-widget-container\">\n\t\t\t\t\t<h2 class=\"elementor-heading-title elementor-size-default\">REQUISITOS CITA APOSTILLA<\/h2>\t\t\t\t<\/div>\n\t\t\t\t<\/div>\n\t\t\t\t<div class=\"elementor-element elementor-element-482ec675 elementor-widget elementor-widget-text-editor\" data-id=\"482ec675\" data-element_type=\"widget\" data-e-type=\"widget\" data-widget_type=\"text-editor.default\">\n\t\t\t\t<div class=\"elementor-widget-container\">\n\t\t\t\t\t\t\t\t\t\n<div class=\"wp-block-themeisle-blocks-advanced-columns has-undefined-columns has-desktop-undefined-layout has-tablet-equal-layout has-mobile-equal-layout has-default-gap has-vertical-unset\" id=\"wp-block-themeisle-blocks-advanced-columns-b05ea651\"><div class=\"wp-block-themeisle-blocks-advanced-columns-overlay\"><\/div><div class=\"innerblocks-wrap\"><\/div><\/div>\n\t\t\t\t\t\t\t\t<\/div>\n\t\t\t\t<\/div>\n\t\t\t\t<div class=\"elementor-element elementor-element-fc0a628 elementor-widget elementor-widget-text-editor\" data-id=\"fc0a628\" data-element_type=\"widget\" data-e-type=\"widget\" data-widget_type=\"text-editor.default\">\n\t\t\t\t<div class=\"elementor-widget-container\">\n\t\t\t\t\t\t\t\t\t<p><span style=\"color: #000000;\"><strong>\u00bf<\/strong>QU\u00c9 DEBE HACER EL D\u00cdA DE SU CITA?<\/span><\/p>\n<p><span style=\"color: #000000;\">Debe acudir personalmente a esta Sede Consular<strong>, a partir de las 9:00 am (la atenci\u00f3n es por orden de llegada), con los siguientes recaudos <\/strong>:<\/span><\/p>\n<p><span style=\"color: #000000;\">1.- Dos (2) ejemplares impresos del correo electr\u00f3nico de la cita de apostilla.<\/span><\/p>\n<p><span style=\"color: #000000;\">2.- <strong>Original y copia<\/strong> de la <strong>C\u00e9dula<\/strong>.<\/span><\/p>\n<p><span style=\"color: #000000;\">3.- <strong>Original y copia<\/strong>\u00a0<b>del pasaporte <\/b>(solo p\u00e1gina de datos personales).<\/span><\/p>\n<p><span style=\"color: #000000;\">4.- <strong>Original del documento o de los documentos susceptibles de ser apostillados<\/strong> (no se requiere copia).<\/span><\/p>\n<p><span style=\"color: #000000;\">5.- Abonar <strong>en efectivo<\/strong> el pago de la tasa consular.<strong> Sesenta euros (60,00 \u20ac) por documento<\/strong>.<\/span><\/p>\n<p><span style=\"color: #000000;\">En el caso de los documentos que pertenezcan a <span style=\"text-decoration: underline;\">Ni\u00f1as, ni\u00f1os o adolescentes (NNA) est\u00e1n exentos del pago<\/span> del arancel consular.<\/span><\/p>\n<p><span style=\"color: #000000;\">Los documentos apostillados se entregan el mismo d\u00eda, <strong>entre las 13:45 y las 14:00 horas <\/strong>(Excepci\u00f3n de casos particulares que pueden tomar m\u00e1s tiempo).<\/span><\/p>\n<p><span style=\"color: #008080;\"><strong>OBSERVACI\u00d3N:<\/strong><\/span><\/p>\n<ul>\n<li>El d\u00eda de la cita deber\u00e1 acudir <strong>Sin Acompa\u00f1antes<\/strong> (excepto personas con movilidad reducida, o que requieren del servicio de acompa\u00f1amiento).<\/li>\n<li>No es necesaria la presencia de su hijo\/hija menores de edad.\u00a0<\/li>\n<li><span style=\"font-family: 'Arial',sans-serif;\">As\u00ed mismo, l<strong>a<\/strong> <strong>\u00a0entrega<\/strong> <strong>del Documento con su Apostilla es estrictamente personal<\/strong>. En este sentido, se les sugiere a los usuarios de este servicio, <strong>tomar las previsiones de tiempo necesarias el d\u00eda de su cita<\/strong>, a fin de estar disponibles para el retiro del documento (reservaciones de Bus, Tren, Avi\u00f3n, permiso de trabajo, etc.)<\/span><\/li>\n<\/ul>\n<p>\u00a0<\/p>\n<p><span style=\"color: #000000;\">\u00a0<\/span><\/p>\t\t\t\t\t\t\t\t<\/div>\n\t\t\t\t<\/div>\n\t\t\t\t\t<\/div>\n\t\t<\/div>\n\t\t\t\t\t<\/div>\n\t\t<\/section>\n\t\t\t\t<\/div>\n\t\t","protected":false},"excerpt":{"rendered":"<p>REQUISITOS CITA APOSTILLA \u00bfQU\u00c9 DEBE HACER EL D\u00cdA DE SU CITA? Debe acudir personalmente a esta Sede Consular, a partir de las 9:00 am (la atenci\u00f3n es por orden de llegada), con los siguientes recaudos : 1.- Dos (2) ejemplares impresos del correo electr\u00f3nico de la cita de apostilla. 2.- Original y copia de la [&hellip;]<\/p>\n","protected":false},"author":1,"featured_media":0,"parent":0,"menu_order":0,"comment_status":"closed","ping_status":"closed","template":"elementor_header_footer","meta":{"site-sidebar-layout":"default","site-content-layout":"default","ast-site-content-layout":"default","site-content-style":"default","site-sidebar-style":"default","ast-global-header-display":"","ast-banner-title-visibility":"","ast-main-header-display":"","ast-hfb-above-header-display":"","ast-hfb-below-header-display":"","ast-hfb-mobile-header-display":"","site-post-title":"","ast-breadcrumbs-content":"","ast-featured-img":"","footer-sml-layout":"","ast-disable-related-posts":"","theme-transparent-header-meta":"default","adv-header-id-meta":"","stick-header-meta":"","header-above-stick-meta":"","header-main-stick-meta":"","header-below-stick-meta":"","astra-migrate-meta-layouts":"default","ast-page-background-enabled":"default","ast-page-background-meta":{"desktop":{"background-color":"var(--ast-global-color-4)","background-image":"","background-repeat":"repeat","background-position":"center center","background-size":"auto","background-attachment":"scroll","background-type":"","background-media":"","overlay-type":"","overlay-color":"","overlay-opacity":"","overlay-gradient":""},"tablet":{"background-color":"","background-image":"","background-repeat":"repeat","background-position":"center center","background-size":"auto","background-attachment":"scroll","background-type":"","background-media":"","overlay-type":"","overlay-color":"","overlay-opacity":"","overlay-gradient":""},"mobile":{"background-color":"","background-image":"","background-repeat":"repeat","background-position":"center center","background-size":"auto","background-attachment":"scroll","background-type":"","background-media":"","overlay-type":"","overlay-color":"","overlay-opacity":"","overlay-gradient":""}},"ast-content-background-meta":{"desktop":{"background-color":"var(--ast-global-color-5)","background-image":"","background-repeat":"repeat","background-position":"center center","background-size":"auto","background-attachment":"scroll","background-type":"","background-media":"","overlay-type":"","overlay-color":"","overlay-opacity":"","overlay-gradient":""},"tablet":{"background-color":"var(--ast-global-color-5)","background-image":"","background-repeat":"repeat","background-position":"center center","background-size":"auto","background-attachment":"scroll","background-type":"","background-media":"","overlay-type":"","overlay-color":"","overlay-opacity":"","overlay-gradient":""},"mobile":{"background-color":"var(--ast-global-color-5)","background-image":"","background-repeat":"repeat","background-position":"center center","background-size":"auto","background-attachment":"scroll","background-type":"","background-media":"","overlay-type":"","overlay-color":"","overlay-opacity":"","overlay-gradient":""}},"footnotes":""},"class_list":["post-3245","page","type-page","status-publish","hentry"],"_links":{"self":[{"href":"https:\/\/consuladodevenezuelaenmadrid.com\/index.php\/wp-json\/wp\/v2\/pages\/3245","targetHints":{"allow":["GET"]}}],"collection":[{"href":"https:\/\/consuladodevenezuelaenmadrid.com\/index.php\/wp-json\/wp\/v2\/pages"}],"about":[{"href":"https:\/\/consuladodevenezuelaenmadrid.com\/index.php\/wp-json\/wp\/v2\/types\/page"}],"author":[{"embeddable":true,"href":"https:\/\/consuladodevenezuelaenmadrid.com\/index.php\/wp-json\/wp\/v2\/users\/1"}],"replies":[{"embeddable":true,"href":"https:\/\/consuladodevenezuelaenmadrid.com\/index.php\/wp-json\/wp\/v2\/comments?post=3245"}],"version-history":[{"count":16,"href":"https:\/\/consuladodevenezuelaenmadrid.com\/index.php\/wp-json\/wp\/v2\/pages\/3245\/revisions"}],"predecessor-version":[{"id":4459,"href":"https:\/\/consuladodevenezuelaenmadrid.com\/index.php\/wp-json\/wp\/v2\/pages\/3245\/revisions\/4459"}],"wp:attachment":[{"href":"https:\/\/consuladodevenezuelaenmadrid.com\/index.php\/wp-json\/wp\/v2\/media?parent=3245"}],"curies":[{"name":"wp","href":"https:\/\/api.w.org\/{rel}","templated":true}]}}