{"id":3232,"date":"2022-07-11T09:33:52","date_gmt":"2022-07-11T09:33:52","guid":{"rendered":"https:\/\/consuladodevenezuelaenmadrid.com\/?page_id=3232"},"modified":"2026-03-02T16:43:47","modified_gmt":"2026-03-02T16:43:47","slug":"requisitos-cita-saime","status":"publish","type":"page","link":"https:\/\/consuladodevenezuelaenmadrid.com\/index.php\/requisitos-cita-saime\/","title":{"rendered":"REQUISITOS CITA SAIME"},"content":{"rendered":"\t\t<div data-elementor-type=\"wp-page\" data-elementor-id=\"3232\" class=\"elementor elementor-3232\">\n\t\t\t\t\t\t<section class=\"elementor-section elementor-top-section elementor-element elementor-element-d539ca1 elementor-section-boxed elementor-section-height-default elementor-section-height-default\" data-id=\"d539ca1\" data-element_type=\"section\" data-e-type=\"section\">\n\t\t\t\t\t\t<div class=\"elementor-container elementor-column-gap-default\">\n\t\t\t\t\t<div class=\"elementor-column elementor-col-100 elementor-top-column elementor-element elementor-element-c41fb78\" data-id=\"c41fb78\" data-element_type=\"column\" data-e-type=\"column\">\n\t\t\t<div class=\"elementor-widget-wrap elementor-element-populated\">\n\t\t\t\t\t\t<div class=\"elementor-element elementor-element-e6a3062 elementor-widget elementor-widget-heading\" data-id=\"e6a3062\" data-element_type=\"widget\" data-e-type=\"widget\" data-widget_type=\"heading.default\">\n\t\t\t\t<div class=\"elementor-widget-container\">\n\t\t\t\t\t<h2 class=\"elementor-heading-title elementor-size-default\">A TENER EN CUENTA<\/h2>\t\t\t\t<\/div>\n\t\t\t\t<\/div>\n\t\t\t\t\t<\/div>\n\t\t<\/div>\n\t\t\t\t\t<\/div>\n\t\t<\/section>\n\t\t\t\t<section class=\"elementor-section elementor-top-section elementor-element elementor-element-bae44c3 elementor-section-boxed elementor-section-height-default elementor-section-height-default\" data-id=\"bae44c3\" data-element_type=\"section\" data-e-type=\"section\">\n\t\t\t\t\t\t<div class=\"elementor-container elementor-column-gap-default\">\n\t\t\t\t\t<div class=\"elementor-column elementor-col-50 elementor-top-column elementor-element elementor-element-117eafa\" data-id=\"117eafa\" data-element_type=\"column\" data-e-type=\"column\">\n\t\t\t<div class=\"elementor-widget-wrap elementor-element-populated\">\n\t\t\t\t\t\t<div class=\"elementor-element elementor-element-75feb66 elementor-widget elementor-widget-image\" data-id=\"75feb66\" data-element_type=\"widget\" data-e-type=\"widget\" data-widget_type=\"image.default\">\n\t\t\t\t<div class=\"elementor-widget-container\">\n\t\t\t\t\t\t\t\t\t\t\t\t\t\t\t<img fetchpriority=\"high\" decoding=\"async\" width=\"1024\" height=\"1024\" src=\"https:\/\/consuladodevenezuelaenmadrid.com\/wp-content\/uploads\/2026\/03\/Horario-SAIME.jpg\" class=\"attachment-large size-large wp-image-5413\" alt=\"\" srcset=\"https:\/\/consuladodevenezuelaenmadrid.com\/wp-content\/uploads\/2026\/03\/Horario-SAIME.jpg 1024w, https:\/\/consuladodevenezuelaenmadrid.com\/wp-content\/uploads\/2026\/03\/Horario-SAIME-300x300.jpg 300w, https:\/\/consuladodevenezuelaenmadrid.com\/wp-content\/uploads\/2026\/03\/Horario-SAIME-150x150.jpg 150w, https:\/\/consuladodevenezuelaenmadrid.com\/wp-content\/uploads\/2026\/03\/Horario-SAIME-768x768.jpg 768w\" sizes=\"(max-width: 1024px) 100vw, 1024px\" \/>\t\t\t\t\t\t\t\t\t\t\t\t\t\t\t<\/div>\n\t\t\t\t<\/div>\n\t\t\t\t\t<\/div>\n\t\t<\/div>\n\t\t\t\t<div class=\"elementor-column elementor-col-50 elementor-top-column elementor-element elementor-element-35af87d\" data-id=\"35af87d\" data-element_type=\"column\" data-e-type=\"column\">\n\t\t\t<div class=\"elementor-widget-wrap elementor-element-populated\">\n\t\t\t\t\t\t<div class=\"elementor-element elementor-element-c65d2d7 elementor-widget elementor-widget-text-editor\" data-id=\"c65d2d7\" data-element_type=\"widget\" data-e-type=\"widget\" data-widget_type=\"text-editor.default\">\n\t\t\t\t<div class=\"elementor-widget-container\">\n\t\t\t\t\t\t\t\t\t<p><!--EndFragment --><\/p><p><!--StartFragment --><\/p><p>\ud83d\udcc4 <strong>Documentaci\u00f3n esencial (sin car\u00e1cter exclusivo):<\/strong><br \/><!--StartFragment --><\/p><ul><li><strong>Planilla de la Cita de Pasaporte<\/strong><\/li><li><strong>Planilla de Declaraci\u00f3n SAIME<\/strong><\/li><li><strong>Planilla del Recibo de Pago SAIME<\/strong><ul><li><em>En caso de no haber recibido el comprobante, deber\u00e1 solicitar una <strong>certificaci\u00f3n bancaria del pago<\/strong> al banco correspondiente.<\/em><\/li><\/ul><\/li><li><strong>Copia del Pasaporte y C\u00e9dula de Identidad<\/strong><\/li><\/ul><p><!--EndFragment --><\/p><p><!--StartFragment --><\/p><p>\ud83d\udcf8 <strong>Fotograf\u00eda para pasaporte<\/strong><br \/>Recuerde que ese d\u00eda se tomar\u00e1 la foto de identidad para el pasaporte, por lo que es <strong>obligatorio<\/strong> \u2014en caso de que aplique\u2014 retirar los <strong>piercings<\/strong> y\/o <strong>argollas<\/strong> del rostro antes de acudir (labios, nariz, mejillas, cejas, frente, orejas). Tambi\u00e9n se recomienda evitar el uso de <strong>aretes<\/strong> o <strong>zarcillos grandes<\/strong> en los l\u00f3bulos de las orejas. Si tiene el <strong>pelo largo<\/strong>, deber\u00e1 llevarlo recogido.<\/p><p><!--EndFragment --><\/p>\t\t\t\t\t\t\t\t<\/div>\n\t\t\t\t<\/div>\n\t\t\t\t\t<\/div>\n\t\t<\/div>\n\t\t\t\t\t<\/div>\n\t\t<\/section>\n\t\t\t\t<section class=\"elementor-section elementor-top-section elementor-element elementor-element-26e7ec1 elementor-section-boxed elementor-section-height-default elementor-section-height-default\" data-id=\"26e7ec1\" data-element_type=\"section\" data-e-type=\"section\">\n\t\t\t\t\t\t<div class=\"elementor-container elementor-column-gap-default\">\n\t\t\t\t\t<div class=\"elementor-column elementor-col-100 elementor-top-column elementor-element elementor-element-61e8746\" data-id=\"61e8746\" data-element_type=\"column\" data-e-type=\"column\">\n\t\t\t<div class=\"elementor-widget-wrap elementor-element-populated\">\n\t\t\t\t\t\t<div class=\"elementor-element elementor-element-047ee64 elementor-widget elementor-widget-heading\" data-id=\"047ee64\" data-element_type=\"widget\" data-e-type=\"widget\" data-widget_type=\"heading.default\">\n\t\t\t\t<div class=\"elementor-widget-container\">\n\t\t\t\t\t<h2 class=\"elementor-heading-title elementor-size-large\">\u00bfQU\u00c9 DEBE HACER EL D\u00cdA DE SU CITA?<\/h2>\t\t\t\t<\/div>\n\t\t\t\t<\/div>\n\t\t\t\t\t<\/div>\n\t\t<\/div>\n\t\t\t\t\t<\/div>\n\t\t<\/section>\n\t\t\t\t<section class=\"elementor-section elementor-top-section elementor-element elementor-element-61ff70d elementor-section-boxed elementor-section-height-default elementor-section-height-default\" data-id=\"61ff70d\" data-element_type=\"section\" data-e-type=\"section\">\n\t\t\t\t\t\t<div class=\"elementor-container elementor-column-gap-default\">\n\t\t\t\t\t<div class=\"elementor-column elementor-col-100 elementor-top-column elementor-element elementor-element-8e2e469\" data-id=\"8e2e469\" data-element_type=\"column\" data-e-type=\"column\">\n\t\t\t<div class=\"elementor-widget-wrap elementor-element-populated\">\n\t\t\t\t\t\t<div class=\"elementor-element elementor-element-be1b7b4 elementor-widget elementor-widget-text-editor\" data-id=\"be1b7b4\" data-element_type=\"widget\" data-e-type=\"widget\" data-widget_type=\"text-editor.default\">\n\t\t\t\t<div class=\"elementor-widget-container\">\n\t\t\t\t\t\t\t\t\t<p><span style=\"color: #000000;\"><strong><span style=\"color: #339966;\">Horario de atenci\u00f3n<\/span><br \/><\/strong>La atenci\u00f3n comenzar\u00e1 a partir de las 9:00 a.m., por orden de llegada. Se dar\u00e1 prioridad a los casos especiales, como reci\u00e9n nacidos y adultos mayores.\u00a0<\/span><span style=\"color: #000000;\">Debe acudir personalmente a esta sede Consular, el d\u00eda de su cita<strong>.<br \/><\/strong><\/span><\/p><p><span style=\"color: #000000;\"><span style=\"color: #339966;\"><strong>Documentaci\u00f3n requerida<\/strong><\/span><\/span><\/p><ul><li><span style=\"color: #000000;\"><strong>Planilla impresa de la Cita del Pasaporte <\/strong>con el <strong>C\u00f3digo QR<\/strong>\u00a0 (Descargar, con su usuario, en el Sistema SAIME. Opci\u00f3n: hist\u00f3rico\/estado del tr\u00e1mite).<\/span><\/li><li><span style=\"color: #000000;\"><strong>Planilla impresa de Declaraci\u00f3n SAIME.<\/strong><\/span><\/li><li><span style=\"color: #000000;\"><strong>Planilla impresa del Recibo de Pago<\/strong> <strong>SAIME<\/strong>. Este comprobante es enviado por el SAIME al <strong>correo electr\u00f3nico asociado a la tarjeta de pago<\/strong>.<\/span><br \/><span style=\"color: #000000;\">Si no ha recibido dicho documento, deber\u00e1 <strong>solicitar una Certificaci\u00f3n Bancaria del Pago <\/strong>al banco <strong>emisor de la tarjeta utilizada<\/strong>.<\/span><\/li><li><span style=\"color: #000000;\"><strong>Original y copia<\/strong> de la <strong>C\u00e9dula<\/strong>\u00a0 o <strong>Pasaporte<\/strong> (vigente o vencido). En caso de p\u00e9rdida, original y copia de la denuncia.<\/span><\/li><li><span style=\"color: #000000;\">Abonar <strong>en efectivo<\/strong> el pago de la tasa consular. <strong>Ciento veinte euros (120,00 \u20ac)<\/strong>.<\/span><\/li><li><span style=\"color: #000000;\">En caso de ser naturalizado(a): Original y copia de la Gaceta Oficial.<\/span><\/li><\/ul><p><span style=\"color: #339966;\"><strong>Para cita de ni\u00f1os, ni\u00f1as y adolescente<\/strong><\/span><\/p><ul><li><span style=\"color: #000000;\"><strong>Planilla impresa de la Cita del Pasaporte\u00a0<\/strong>con el\u00a0<strong>C\u00f3digo QR<\/strong>.<\/span><\/li><li><span style=\"color: #000000;\"><strong>Planilla impresa de Declaraci\u00f3n SAIME.<\/strong><\/span><\/li><li><span style=\"color: #000000;\"><strong>Planilla impresa del Recibo de Pago<\/strong>\u00a0<strong>SAIME<\/strong>.<\/span> Este comprobante es enviado por el SAIME al\u00a0<strong>correo electr\u00f3nico asociado a la tarjeta de pago<\/strong>.<br \/>Si no ha recibido dicho documento, deber\u00e1\u00a0<strong>solicitar una Certificaci\u00f3n Bancaria del Pago\u00a0<\/strong>al banco\u00a0<strong>emisor de la tarjeta utilizada<\/strong>.<\/li><li><span style=\"color: #000000;\"><strong>Original y copia<\/strong> de la C\u00e9dula y del pasaporte (en caso de poseerlos).<\/span><\/li><li><span style=\"color: #000000;\"><strong>Original y copia del acta de nacimiento venezolana.<\/strong><\/span><\/li><li><span style=\"color: #000000;\"><strong>Ambos padres deben acudir a la cita.<\/strong> Deben presentar <strong>original y copia de sus documentos de identidad venezolanos<\/strong>.<\/span><\/li><li><span style=\"color: #000000;\"><strong>Tr\u00e1mite exento<\/strong> del pago de la tasa consular.<\/span><\/li><\/ul><p><span style=\"color: #339966;\"><strong>La ausencia de uno de los progenitores puede justificarse con:<\/strong><\/span><\/p><ul><li><span style=\"color: #000000;\">Original y copia del Acta de defunci\u00f3n del progenitor ausente.<\/span><\/li><li><span style=\"color: #000000;\">Original y copia de Sentencia de Tribunal venezolano por cambio de residencia que<\/span><br \/><span style=\"color: #000000;\">habilite al progenitor presente a realizar dicho tr\u00e1mite o por ejercicio<\/span><br \/><span style=\"color: #000000;\">unilateral de la patria potestad.\u00a0<\/span><\/li><li><span style=\"color: #000000;\">Original de la autorizaci\u00f3n del progenitor ausente, emitida por las autoridades venezolanas competentes. En caso de residir fuera de Venezuela, el tr\u00e1mite debe realizarse en el consulado venezolano correspondiente. Si no hay representaci\u00f3n diplom\u00e1tica venezolana, deber\u00e1 gestionarse ante una notar\u00eda, legalizarse, traducirse oficialmente y apostillarse. La autorizaci\u00f3n debe incluir los datos de la persona autorizada, el tipo de tr\u00e1mite y la Embajada o el Consulado donde se llevar\u00e1 a cabo dicho tr\u00e1mite.<\/span><\/li><li><span style=\"color: #000000;\">En caso de que ambos progenitores hayan fallecido o est\u00e9n privados de la<\/span><br \/><span style=\"color: #000000;\">patria potestad, para la atenci\u00f3n del tramit\u00e9 ser\u00e1 necesaria la<\/span><br \/><span style=\"color: #000000;\">presentaci\u00f3n del original y la copia de la Sentencia de Tribunal<\/span><br \/><span style=\"color: #000000;\">venezolano, mediante la cual se otorga la tutela a un tercero<\/span><br \/><span style=\"color: #000000;\">responsable.<\/span><\/li><li><span style=\"color: #000000;\">En los casos no previstos en los anteriores apartados, consulte a trav\u00e9s del correo <em>info@consuladodevenezuelaenmadrid.com<\/em><\/span><\/li><li><span style=\"color: #000000;\">Las autorizaciones para tramitar el pasaporte, se consideran actuaciones inherentes al ejercicio de la patria potestad, las cuales<strong> no pueden ser delegadas seg\u00fan el ordenamiento jur\u00eddico venezolano mediante poderes<\/strong>.<\/span><\/li><\/ul>\t\t\t\t\t\t\t\t<\/div>\n\t\t\t\t<\/div>\n\t\t\t\t<div class=\"elementor-element elementor-element-d3fcdf5 elementor-align-center elementor-widget elementor-widget-button\" data-id=\"d3fcdf5\" data-element_type=\"widget\" data-e-type=\"widget\" data-widget_type=\"button.default\">\n\t\t\t\t<div class=\"elementor-widget-container\">\n\t\t\t\t\t\t\t\t\t<div class=\"elementor-button-wrapper\">\n\t\t\t\t\t<a class=\"elementor-button elementor-button-link elementor-size-sm\" href=\"https:\/\/consuladodevenezuelaenmadrid.com\/\">\n\t\t\t\t\t\t<span class=\"elementor-button-content-wrapper\">\n\t\t\t\t\t\t\t\t\t<span class=\"elementor-button-text\">SALIR<\/span>\n\t\t\t\t\t<\/span>\n\t\t\t\t\t<\/a>\n\t\t\t\t<\/div>\n\t\t\t\t\t\t\t\t<\/div>\n\t\t\t\t<\/div>\n\t\t\t\t\t<\/div>\n\t\t<\/div>\n\t\t\t\t\t<\/div>\n\t\t<\/section>\n\t\t\t\t<\/div>\n\t\t","protected":false},"excerpt":{"rendered":"<p>A TENER EN CUENTA \ud83d\udcc4 Documentaci\u00f3n esencial (sin car\u00e1cter exclusivo): Planilla de la Cita de Pasaporte Planilla de Declaraci\u00f3n SAIME Planilla del Recibo de Pago SAIME En caso de no haber recibido el comprobante, deber\u00e1 solicitar una certificaci\u00f3n bancaria del pago al banco correspondiente. Copia del Pasaporte y C\u00e9dula de Identidad \ud83d\udcf8 Fotograf\u00eda para pasaporteRecuerde [&hellip;]<\/p>\n","protected":false},"author":1,"featured_media":0,"parent":0,"menu_order":0,"comment_status":"closed","ping_status":"closed","template":"elementor_header_footer","meta":{"site-sidebar-layout":"default","site-content-layout":"default","ast-site-content-layout":"default","site-content-style":"default","site-sidebar-style":"default","ast-global-header-display":"","ast-banner-title-visibility":"","ast-main-header-display":"","ast-hfb-above-header-display":"","ast-hfb-below-header-display":"","ast-hfb-mobile-header-display":"","site-post-title":"","ast-breadcrumbs-content":"","ast-featured-img":"","footer-sml-layout":"","ast-disable-related-posts":"","theme-transparent-header-meta":"default","adv-header-id-meta":"","stick-header-meta":"","header-above-stick-meta":"","header-main-stick-meta":"","header-below-stick-meta":"","astra-migrate-meta-layouts":"default","ast-page-background-enabled":"default","ast-page-background-meta":{"desktop":{"background-color":"var(--ast-global-color-4)","background-image":"","background-repeat":"repeat","background-position":"center center","background-size":"auto","background-attachment":"scroll","background-type":"","background-media":"","overlay-type":"","overlay-color":"","overlay-opacity":"","overlay-gradient":""},"tablet":{"background-color":"","background-image":"","background-repeat":"repeat","background-position":"center center","background-size":"auto","background-attachment":"scroll","background-type":"","background-media":"","overlay-type":"","overlay-color":"","overlay-opacity":"","overlay-gradient":""},"mobile":{"background-color":"","background-image":"","background-repeat":"repeat","background-position":"center center","background-size":"auto","background-attachment":"scroll","background-type":"","background-media":"","overlay-type":"","overlay-color":"","overlay-opacity":"","overlay-gradient":""}},"ast-content-background-meta":{"desktop":{"background-color":"var(--ast-global-color-5)","background-image":"","background-repeat":"repeat","background-position":"center center","background-size":"auto","background-attachment":"scroll","background-type":"","background-media":"","overlay-type":"","overlay-color":"","overlay-opacity":"","overlay-gradient":""},"tablet":{"background-color":"var(--ast-global-color-5)","background-image":"","background-repeat":"repeat","background-position":"center center","background-size":"auto","background-attachment":"scroll","background-type":"","background-media":"","overlay-type":"","overlay-color":"","overlay-opacity":"","overlay-gradient":""},"mobile":{"background-color":"var(--ast-global-color-5)","background-image":"","background-repeat":"repeat","background-position":"center center","background-size":"auto","background-attachment":"scroll","background-type":"","background-media":"","overlay-type":"","overlay-color":"","overlay-opacity":"","overlay-gradient":""}},"footnotes":""},"class_list":["post-3232","page","type-page","status-publish","hentry"],"_links":{"self":[{"href":"https:\/\/consuladodevenezuelaenmadrid.com\/index.php\/wp-json\/wp\/v2\/pages\/3232","targetHints":{"allow":["GET"]}}],"collection":[{"href":"https:\/\/consuladodevenezuelaenmadrid.com\/index.php\/wp-json\/wp\/v2\/pages"}],"about":[{"href":"https:\/\/consuladodevenezuelaenmadrid.com\/index.php\/wp-json\/wp\/v2\/types\/page"}],"author":[{"embeddable":true,"href":"https:\/\/consuladodevenezuelaenmadrid.com\/index.php\/wp-json\/wp\/v2\/users\/1"}],"replies":[{"embeddable":true,"href":"https:\/\/consuladodevenezuelaenmadrid.com\/index.php\/wp-json\/wp\/v2\/comments?post=3232"}],"version-history":[{"count":44,"href":"https:\/\/consuladodevenezuelaenmadrid.com\/index.php\/wp-json\/wp\/v2\/pages\/3232\/revisions"}],"predecessor-version":[{"id":5416,"href":"https:\/\/consuladodevenezuelaenmadrid.com\/index.php\/wp-json\/wp\/v2\/pages\/3232\/revisions\/5416"}],"wp:attachment":[{"href":"https:\/\/consuladodevenezuelaenmadrid.com\/index.php\/wp-json\/wp\/v2\/media?parent=3232"}],"curies":[{"name":"wp","href":"https:\/\/api.w.org\/{rel}","templated":true}]}}