{"id":3071,"date":"2022-04-06T14:04:42","date_gmt":"2022-04-06T14:04:42","guid":{"rendered":"https:\/\/consuladodevenezuelaenmadrid.com\/?page_id=3071"},"modified":"2023-05-04T07:48:46","modified_gmt":"2023-05-04T07:48:46","slug":"apostillas-jornada","status":"publish","type":"page","link":"https:\/\/consuladodevenezuelaenmadrid.com\/index.php\/apostillas-jornada\/","title":{"rendered":"JORNADA DE APOSTILLAS"},"content":{"rendered":"\t\t<div data-elementor-type=\"wp-page\" data-elementor-id=\"3071\" class=\"elementor elementor-3071\">\n\t\t\t\t\t\t<section class=\"elementor-section elementor-top-section elementor-element elementor-element-dd3bcd6 elementor-section-boxed elementor-section-height-default elementor-section-height-default\" data-id=\"dd3bcd6\" data-element_type=\"section\" data-e-type=\"section\">\n\t\t\t\t\t\t<div class=\"elementor-container elementor-column-gap-default\">\n\t\t\t\t\t<div class=\"elementor-column elementor-col-100 elementor-top-column elementor-element elementor-element-6c9b6d7\" data-id=\"6c9b6d7\" data-element_type=\"column\" data-e-type=\"column\">\n\t\t\t<div class=\"elementor-widget-wrap elementor-element-populated\">\n\t\t\t\t\t\t<div class=\"elementor-element elementor-element-5afc32b elementor-widget elementor-widget-spacer\" data-id=\"5afc32b\" data-element_type=\"widget\" data-e-type=\"widget\" data-widget_type=\"spacer.default\">\n\t\t\t\t<div class=\"elementor-widget-container\">\n\t\t\t\t\t\t\t<div class=\"elementor-spacer\">\n\t\t\t<div class=\"elementor-spacer-inner\"><\/div>\n\t\t<\/div>\n\t\t\t\t\t\t<\/div>\n\t\t\t\t<\/div>\n\t\t\t\t<div class=\"elementor-element elementor-element-49fc248 elementor-widget elementor-widget-heading\" data-id=\"49fc248\" data-element_type=\"widget\" data-e-type=\"widget\" data-widget_type=\"heading.default\">\n\t\t\t\t<div class=\"elementor-widget-container\">\n\t\t\t\t\t<h2 class=\"elementor-heading-title elementor-size-default\">JORNADA ESPECIAL DE APOSTILLA<\/h2>\t\t\t\t<\/div>\n\t\t\t\t<\/div>\n\t\t\t\t<div class=\"elementor-element elementor-element-334959a elementor-widget elementor-widget-spacer\" data-id=\"334959a\" data-element_type=\"widget\" data-e-type=\"widget\" data-widget_type=\"spacer.default\">\n\t\t\t\t<div class=\"elementor-widget-container\">\n\t\t\t\t\t\t\t<div class=\"elementor-spacer\">\n\t\t\t<div class=\"elementor-spacer-inner\"><\/div>\n\t\t<\/div>\n\t\t\t\t\t\t<\/div>\n\t\t\t\t<\/div>\n\t\t\t\t<div class=\"elementor-element elementor-element-45fc3cb elementor-widget elementor-widget-text-editor\" data-id=\"45fc3cb\" data-element_type=\"widget\" data-e-type=\"widget\" data-widget_type=\"text-editor.default\">\n\t\t\t\t<div class=\"elementor-widget-container\">\n\t\t\t\t\t\t\t\t\t<p><span style=\"color: #000000;\">\u00a0Invitamos a nuestros connacionales a la Jornada Especial de Apostilla, del 08 al 12 de mayo 2023, en horario de 9 am a 4 pm, en el Consulado General de la Rep\u00fablica Bolivariana de Venezuela en Madrid. En esta \u00a0Jornada se \u00a0incluye el reseteo y la modificaci\u00f3n de datos en el Sistema de Legalizaci\u00f3n y Apostilla Electr\u00f3nica (SLAE).<\/span><\/p><p>\u00a0<\/p><p><span style=\"color: #000000;\">Pueden acudir al operativo:<\/span><\/p><p>\u00a0<\/p><p><span style=\"color: #000000;\">\u2013 Las personas con cita ya asignada para los d\u00edas 8, 9, 10, 11, 12 de mayo;<\/span><\/p><p>\u00a0<\/p><p><span style=\"color: #000000;\">\u2013 Las personas con cita asignada para otro d\u00eda;<\/span><\/p><p>\u00a0<\/p><p><span style=\"color: #000000;\">\u2013 Las personas sin cita.<\/span><\/p><p>\u00a0<\/p><p><span style=\"color: #000000;\">Para asistir al operativo es necesario presentar:<\/span><\/p><p>\u00a0<\/p><p><span style=\"color: #000000;\">\u2013 El documento original que se quiere apostillar (debidamente legalizado);<\/span><\/p><p>\u00a0<\/p><p><span style=\"color: #000000;\">\u2013 Original y copia de la c\u00e9dula venezolana o del pasaporte venezolano;<\/span><\/p><p>\u00a0<\/p><p><span style=\"color: #000000;\">\u2013 60 euros en efectivo por cada documento a apostillar y 60 euros en efectivo para el reseteo y la modificaci\u00f3n de datos en el Sistema SLAE.<\/span><\/p><p>m<\/p>\t\t\t\t\t\t\t\t<\/div>\n\t\t\t\t<\/div>\n\t\t\t\t\t<\/div>\n\t\t<\/div>\n\t\t\t\t\t<\/div>\n\t\t<\/section>\n\t\t\t\t<\/div>\n\t\t","protected":false},"excerpt":{"rendered":"<p>JORNADA ESPECIAL DE APOSTILLA \u00a0Invitamos a nuestros connacionales a la Jornada Especial de Apostilla, del 08 al 12 de mayo 2023, en horario de 9 am a 4 pm, en el Consulado General de la Rep\u00fablica Bolivariana de Venezuela en Madrid. En esta \u00a0Jornada se \u00a0incluye el reseteo y la modificaci\u00f3n de datos en el [&hellip;]<\/p>\n","protected":false},"author":1,"featured_media":0,"parent":0,"menu_order":0,"comment_status":"closed","ping_status":"closed","template":"elementor_header_footer","meta":{"site-sidebar-layout":"default","site-content-layout":"default","ast-site-content-layout":"default","site-content-style":"default","site-sidebar-style":"default","ast-global-header-display":"","ast-banner-title-visibility":"","ast-main-header-display":"","ast-hfb-above-header-display":"","ast-hfb-below-header-display":"","ast-hfb-mobile-header-display":"","site-post-title":"","ast-breadcrumbs-content":"","ast-featured-img":"","footer-sml-layout":"","ast-disable-related-posts":"","theme-transparent-header-meta":"default","adv-header-id-meta":"","stick-header-meta":"","header-above-stick-meta":"","header-main-stick-meta":"","header-below-stick-meta":"","astra-migrate-meta-layouts":"default","ast-page-background-enabled":"default","ast-page-background-meta":{"desktop":{"background-color":"var(--ast-global-color-4)","background-image":"","background-repeat":"repeat","background-position":"center center","background-size":"auto","background-attachment":"scroll","background-type":"","background-media":"","overlay-type":"","overlay-color":"","overlay-opacity":"","overlay-gradient":""},"tablet":{"background-color":"","background-image":"","background-repeat":"repeat","background-position":"center center","background-size":"auto","background-attachment":"scroll","background-type":"","background-media":"","overlay-type":"","overlay-color":"","overlay-opacity":"","overlay-gradient":""},"mobile":{"background-color":"","background-image":"","background-repeat":"repeat","background-position":"center center","background-size":"auto","background-attachment":"scroll","background-type":"","background-media":"","overlay-type":"","overlay-color":"","overlay-opacity":"","overlay-gradient":""}},"ast-content-background-meta":{"desktop":{"background-color":"var(--ast-global-color-5)","background-image":"","background-repeat":"repeat","background-position":"center center","background-size":"auto","background-attachment":"scroll","background-type":"","background-media":"","overlay-type":"","overlay-color":"","overlay-opacity":"","overlay-gradient":""},"tablet":{"background-color":"var(--ast-global-color-5)","background-image":"","background-repeat":"repeat","background-position":"center center","background-size":"auto","background-attachment":"scroll","background-type":"","background-media":"","overlay-type":"","overlay-color":"","overlay-opacity":"","overlay-gradient":""},"mobile":{"background-color":"var(--ast-global-color-5)","background-image":"","background-repeat":"repeat","background-position":"center center","background-size":"auto","background-attachment":"scroll","background-type":"","background-media":"","overlay-type":"","overlay-color":"","overlay-opacity":"","overlay-gradient":""}},"footnotes":""},"class_list":["post-3071","page","type-page","status-publish","hentry"],"_links":{"self":[{"href":"https:\/\/consuladodevenezuelaenmadrid.com\/index.php\/wp-json\/wp\/v2\/pages\/3071","targetHints":{"allow":["GET"]}}],"collection":[{"href":"https:\/\/consuladodevenezuelaenmadrid.com\/index.php\/wp-json\/wp\/v2\/pages"}],"about":[{"href":"https:\/\/consuladodevenezuelaenmadrid.com\/index.php\/wp-json\/wp\/v2\/types\/page"}],"author":[{"embeddable":true,"href":"https:\/\/consuladodevenezuelaenmadrid.com\/index.php\/wp-json\/wp\/v2\/users\/1"}],"replies":[{"embeddable":true,"href":"https:\/\/consuladodevenezuelaenmadrid.com\/index.php\/wp-json\/wp\/v2\/comments?post=3071"}],"version-history":[{"count":16,"href":"https:\/\/consuladodevenezuelaenmadrid.com\/index.php\/wp-json\/wp\/v2\/pages\/3071\/revisions"}],"predecessor-version":[{"id":3867,"href":"https:\/\/consuladodevenezuelaenmadrid.com\/index.php\/wp-json\/wp\/v2\/pages\/3071\/revisions\/3867"}],"wp:attachment":[{"href":"https:\/\/consuladodevenezuelaenmadrid.com\/index.php\/wp-json\/wp\/v2\/media?parent=3071"}],"curies":[{"name":"wp","href":"https:\/\/api.w.org\/{rel}","templated":true}]}}