{"id":306,"date":"2020-05-17T01:10:16","date_gmt":"2020-05-17T01:10:16","guid":{"rendered":"http:\/\/localhost\/consulado\/?page_id=306"},"modified":"2025-09-19T07:35:54","modified_gmt":"2025-09-19T07:35:54","slug":"registro-de-matrimonio","status":"publish","type":"page","link":"https:\/\/consuladodevenezuelaenmadrid.com\/index.php\/registro-de-matrimonio\/","title":{"rendered":"REGISTRO DE MATRIMONIO"},"content":{"rendered":"\t\t<div data-elementor-type=\"wp-page\" data-elementor-id=\"306\" class=\"elementor elementor-306\">\n\t\t\t\t\t\t<section class=\"elementor-section elementor-top-section elementor-element elementor-element-04f3566 elementor-section-boxed elementor-section-height-default elementor-section-height-default\" data-id=\"04f3566\" data-element_type=\"section\" data-e-type=\"section\">\n\t\t\t\t\t\t<div class=\"elementor-container elementor-column-gap-default\">\n\t\t\t\t\t<div class=\"elementor-column elementor-col-100 elementor-top-column elementor-element elementor-element-6137ee5\" data-id=\"6137ee5\" data-element_type=\"column\" data-e-type=\"column\">\n\t\t\t<div class=\"elementor-widget-wrap elementor-element-populated\">\n\t\t\t\t\t\t<div class=\"elementor-element elementor-element-0c7b917 elementor-widget elementor-widget-spacer\" data-id=\"0c7b917\" data-element_type=\"widget\" data-e-type=\"widget\" data-widget_type=\"spacer.default\">\n\t\t\t\t<div class=\"elementor-widget-container\">\n\t\t\t\t\t\t\t<div class=\"elementor-spacer\">\n\t\t\t<div class=\"elementor-spacer-inner\"><\/div>\n\t\t<\/div>\n\t\t\t\t\t\t<\/div>\n\t\t\t\t<\/div>\n\t\t\t\t<div class=\"elementor-element elementor-element-6009d16 elementor-widget elementor-widget-heading\" data-id=\"6009d16\" data-element_type=\"widget\" data-e-type=\"widget\" data-widget_type=\"heading.default\">\n\t\t\t\t<div class=\"elementor-widget-container\">\n\t\t\t\t\t<h2 class=\"elementor-heading-title elementor-size-default\">Registro de matrimonio<\/h2>\t\t\t\t<\/div>\n\t\t\t\t<\/div>\n\t\t\t\t<div class=\"elementor-element elementor-element-5e09d62 elementor-widget elementor-widget-spacer\" data-id=\"5e09d62\" data-element_type=\"widget\" data-e-type=\"widget\" data-widget_type=\"spacer.default\">\n\t\t\t\t<div class=\"elementor-widget-container\">\n\t\t\t\t\t\t\t<div class=\"elementor-spacer\">\n\t\t\t<div class=\"elementor-spacer-inner\"><\/div>\n\t\t<\/div>\n\t\t\t\t\t\t<\/div>\n\t\t\t\t<\/div>\n\t\t\t\t<div class=\"elementor-element elementor-element-6d743e1 elementor-widget elementor-widget-text-editor\" data-id=\"6d743e1\" data-element_type=\"widget\" data-e-type=\"widget\" data-widget_type=\"text-editor.default\">\n\t\t\t\t<div class=\"elementor-widget-container\">\n\t\t\t\t\t\t\t\t\t<section id=\"h.p_ChAv1OKlBngS\" class=\"yaqOZd\"><div class=\"mYVXT\"><div class=\"LS81yb VICjCf\" tabindex=\"-1\"><div class=\"hJDwNd-AhqUyc-uQSCkd purZT-AhqUyc-II5mzb pSzOP-AhqUyc-qWD73c JNdkSc\"><div class=\"JNdkSc-SmKAyb\"><div class=\"\"><div class=\"oKdM2c Kzv0Me\"><div id=\"h.p_BojUCItqBngQ\" class=\"hJDwNd-AhqUyc-uQSCkd jXK9ad D2fZ2 OjCsFc wHaque GNzUNc\"><div class=\"jXK9ad-SmKAyb\"><div class=\"tyJCtd mGzaTb baZpAe\"><p id=\"h.p_baOz5v0vBngS\" class=\"zfr3Q\"><span style=\"color: #000000;\">Todo venezolano (a) que haya contra\u00eddo matrimonio en alguna de las siguientes Comunidades Aut\u00f3nomas de Espa\u00f1a: Madrid, Castilla y Le\u00f3n, Castilla La Mancha, Extremadura, Murcia o Andaluc\u00eda, deber\u00e1 remitir dentro de los seis meses siguientes de haberse celebrado el matrimonio, copia legalizada del acta de matrimonio para su inserci\u00f3n en los libros de la autoridad civil de la parroquia o municipio correspondientes en el territorio venezolano (Art. 92 y Art. 103 del C\u00f3digo Civil).<\/span><\/p><p id=\"h.p_vi0Ojb0hBn3g\" class=\"zfr3Q\"><span style=\"color: #000000;\"><strong>\u00bfC\u00d3MO EFECTUAR LA SOLICITUD?<\/strong><\/span><\/p><p id=\"h.p_kmuQAyliBn3h\" class=\"zfr3Q\"><span style=\"color: #000000;\">Este tr\u00e1mite se hace<strong>\u00a0EXCLUSIVAMENTE POR CORREO POSTAL.<\/strong>\u00a0Para ello, debe enviar a nuestra direcci\u00f3n postal\u00a0<strong>Calle de Eloy Gonzalo 40 &#8211; 28010 Madrid<\/strong>, los siguientes recaudos:<\/span><\/p><ol class=\"n8H08c BKnRcf\"><li id=\"h.p_B772U3SrBn3m\" class=\"TYR86d zfr3Q\"><span style=\"color: #000000;\">Una carta solicitando el Registro del Matrimonio y sus datos de contacto, incluyendo n\u00famero telef\u00f3nico.<\/span><\/li><li id=\"h.p_OfufYIHMBn3n\" class=\"TYR86d zfr3Q\"><span style=\"color: #000000;\">Presentar debidamente cumplimentada, en letra legible y sin tachaduras, un (1) <a href=\"https:\/\/consuladodevenezuelaenmadrid.com\/wp-content\/uploads\/2022\/07\/Planilla-de-Resgistro-de-Matrimonio.pdf\">Planilla de Resgistro de Matrimonio<\/a><br \/><\/span><\/li><li><span style=\"color: #000000;\">Un\u00a0 (1) ejemplar original del Acta de Matrimonio del Registro Civil espa\u00f1ol, debidamente legalizada con la Apostilla de La Haya (Ministerio de Justicia de Espa\u00f1a).<\/span><\/li><li id=\"h.p_-rbgsi0jBn3n\" class=\"TYR86d zfr3Q\"><span style=\"color: #000000;\">\u00a0Dos (2) copias del Acta de Matrimonio del Registro Civil espa\u00f1ol, debidamente legalizado con la Apostilla de La Haya (Ministerio de Justicia de Espa\u00f1a).<br \/><\/span><\/li><li id=\"h.p_Ytk3Fja8Bn3o\" class=\"TYR86d zfr3Q\"><span style=\"color: #000000;\">\u00a0Tres (3) copias legibles de la partida de nacimiento, pasaporte venezolano y c\u00e9dula de identidad de los c\u00f3nyuges (si ambos son venezolanos). En caso de que uno de los c\u00f3nyuges posea otra nacionalidad distinta de la venezolana deber\u00e1 presentar tres (3) fotocopias del pasaporte y de su partida de nacimiento.<\/span><\/li><li id=\"h.p_Gk3KhCPyBn3o\" class=\"TYR86d zfr3Q\"><span style=\"color: #000000;\">Si uno de los c\u00f3nyuges es venezolano por naturalizaci\u00f3n deber\u00e1 presentar tres (3) copias legibles de la resoluci\u00f3n publicada en la Gaceta Oficial o de la Constancia de Naturalizaci\u00f3n expedida por el Ministerio del Poder Popular para las Relaciones Interiores, Justicia y Paz, Direcci\u00f3n Nacional de Identificaci\u00f3n.<\/span><\/li><li id=\"h.p_wbTj7oKZBn3p\" class=\"TYR86d zfr3Q\"><span style=\"color: #000000;\">Si uno de los c\u00f3nyuges era divorciado, deber\u00e1 presentar tres (3) copias legibles del acta del divorcio (si el divorcio se realiz\u00f3 fuera de Venezuela debe estar debidamente legalizado con la Apostilla de La Haya).<\/span><\/li><li id=\"h.p_J7K1vPFYBn3q\" class=\"TYR86d zfr3Q\"><span style=\"color: #000000;\">Copia de la constancia de registro consular. Si no est\u00e1 inscrito, debe hacer ambos tr\u00e1mites en paralelo. Puede verificar los recaudos y procedimientos siguiendo este enlace:\u00a0<span style=\"color: #ff0000;\"><a class=\"dhtgD aw5Odc\" style=\"color: #ff0000;\" href=\"https:\/\/consuladodevenezuelaenmadrid.net\/index.php\/registro-consular\/\">REGISTRO CONSULAR DE CAR\u00c1CTER GENERAL<\/a>.<\/span><\/span><\/li><li id=\"h.p_7x4yIFpcBn3q\" class=\"TYR86d zfr3Q\"><span style=\"color: #000000;\">Un sobre, tama\u00f1o Din A4, con las estampillas o sellos postales necesarios para un env\u00edo de hasta 200 grs, donde debe escribir su direcci\u00f3n personal como destinatario. Ser\u00e1 utilizado por esta Misi\u00f3n Consular para remitirle la Constancia del Registro del Matrimonio.<\/span><\/li><\/ol><p id=\"h.p_BQbtPM9SBn3q\" class=\"zfr3Q\"><span style=\"color: #000000;\"><strong>ESTE TR\u00c1MITE NO REQUIERE EL PAGO DE TASAS CONSULARES.<\/strong><\/span><\/p><p id=\"h.p_cX6oGt92Bn3r\" class=\"zfr3Q\"><span style=\"color: #000000;\">EN NING\u00daN CASO REMITA SU PASAPORTE O DOCUMENTOS DE IDENTIDAD ORIGINALES. Env\u00ede solo copias legibles y en los formularios no escriba la fecha.<\/span><\/p><p id=\"h.p_FQYZs4oUX4UY\" class=\"zfr3Q\"><span style=\"color: #000000;\">Si no remite todos los recaudos, no se procesar\u00e1 el tr\u00e1mite y el material recibido ser\u00e1 destruido.<\/span><\/p><p id=\"h.p_9GbiNETFBn3r\" class=\"zfr3Q\"><span style=\"color: #000000;\"><strong>TIEMPO DE ENTREGA:<\/strong><\/span><\/p><p id=\"h.p_XJyBtNGkBn3r\" class=\"zfr3Q\"><span style=\"color: #000000;\">El tiempo de entrega de este tr\u00e1mite depende del volumen de solicitudes que se est\u00e9n procesando; como referencia, se estima en unos noventa(90) d\u00edas. A esto hay que a\u00f1adir el tiempo que tarde correos en la entrega de la solicitud inicial y del documento final.<\/span><\/p><\/div><\/div><\/div><\/div><\/div><\/div><\/div><\/div><\/div><\/section>\t\t\t\t\t\t\t\t<\/div>\n\t\t\t\t<\/div>\n\t\t\t\t<section class=\"elementor-section elementor-inner-section elementor-element elementor-element-7654f06 elementor-section-boxed elementor-section-height-default elementor-section-height-default\" data-id=\"7654f06\" data-element_type=\"section\" data-e-type=\"section\">\n\t\t\t\t\t\t<div class=\"elementor-container elementor-column-gap-default\">\n\t\t\t\t\t<div class=\"elementor-column elementor-col-50 elementor-inner-column elementor-element elementor-element-eed2e64\" data-id=\"eed2e64\" data-element_type=\"column\" data-e-type=\"column\">\n\t\t\t<div class=\"elementor-widget-wrap elementor-element-populated\">\n\t\t\t\t\t\t<div class=\"elementor-element elementor-element-6c97159 elementor-align-center elementor-widget elementor-widget-button\" data-id=\"6c97159\" data-element_type=\"widget\" data-e-type=\"widget\" data-widget_type=\"button.default\">\n\t\t\t\t<div class=\"elementor-widget-container\">\n\t\t\t\t\t\t\t\t\t<div class=\"elementor-button-wrapper\">\n\t\t\t\t\t<a class=\"elementor-button elementor-button-link elementor-size-sm\" href=\"https:\/\/consuladodevenezuelaenmadrid.com\/index.php\/contacto\/\">\n\t\t\t\t\t\t<span class=\"elementor-button-content-wrapper\">\n\t\t\t\t\t\t\t\t\t<span class=\"elementor-button-text\">Necesito m\u00e1s informaci\u00f3n<\/span>\n\t\t\t\t\t<\/span>\n\t\t\t\t\t<\/a>\n\t\t\t\t<\/div>\n\t\t\t\t\t\t\t\t<\/div>\n\t\t\t\t<\/div>\n\t\t\t\t\t<\/div>\n\t\t<\/div>\n\t\t\t\t<div class=\"elementor-column elementor-col-50 elementor-inner-column elementor-element elementor-element-4b55cfa\" data-id=\"4b55cfa\" data-element_type=\"column\" data-e-type=\"column\">\n\t\t\t<div class=\"elementor-widget-wrap elementor-element-populated\">\n\t\t\t\t\t\t<div class=\"elementor-element elementor-element-cc27a3d elementor-align-center elementor-widget elementor-widget-button\" data-id=\"cc27a3d\" data-element_type=\"widget\" data-e-type=\"widget\" data-widget_type=\"button.default\">\n\t\t\t\t<div class=\"elementor-widget-container\">\n\t\t\t\t\t\t\t\t\t<div class=\"elementor-button-wrapper\">\n\t\t\t\t\t<a class=\"elementor-button elementor-button-link elementor-size-sm\" href=\"https:\/\/consuladodevenezuelaenmadrid.com\/\">\n\t\t\t\t\t\t<span class=\"elementor-button-content-wrapper\">\n\t\t\t\t\t\t\t\t\t<span class=\"elementor-button-text\">Salir<\/span>\n\t\t\t\t\t<\/span>\n\t\t\t\t\t<\/a>\n\t\t\t\t<\/div>\n\t\t\t\t\t\t\t\t<\/div>\n\t\t\t\t<\/div>\n\t\t\t\t\t<\/div>\n\t\t<\/div>\n\t\t\t\t\t<\/div>\n\t\t<\/section>\n\t\t\t\t\t<\/div>\n\t\t<\/div>\n\t\t\t\t\t<\/div>\n\t\t<\/section>\n\t\t\t\t<\/div>\n\t\t","protected":false},"excerpt":{"rendered":"<p>Registro de matrimonio Todo venezolano (a) que haya contra\u00eddo matrimonio en alguna de las siguientes Comunidades Aut\u00f3nomas de Espa\u00f1a: Madrid, Castilla y Le\u00f3n, Castilla La Mancha, Extremadura, Murcia o Andaluc\u00eda, deber\u00e1 remitir dentro de los seis meses siguientes de haberse celebrado el matrimonio, copia legalizada del acta de matrimonio para su inserci\u00f3n en los libros [&hellip;]<\/p>\n","protected":false},"author":1,"featured_media":0,"parent":0,"menu_order":0,"comment_status":"closed","ping_status":"closed","template":"elementor_header_footer","meta":{"site-sidebar-layout":"no-sidebar","site-content-layout":"page-builder","ast-site-content-layout":"default","site-content-style":"default","site-sidebar-style":"default","ast-global-header-display":"","ast-banner-title-visibility":"","ast-main-header-display":"","ast-hfb-above-header-display":"","ast-hfb-below-header-display":"","ast-hfb-mobile-header-display":"","site-post-title":"disabled","ast-breadcrumbs-content":"","ast-featured-img":"disabled","footer-sml-layout":"","ast-disable-related-posts":"","theme-transparent-header-meta":"default","adv-header-id-meta":"","stick-header-meta":"","header-above-stick-meta":"","header-main-stick-meta":"","header-below-stick-meta":"","astra-migrate-meta-layouts":"default","ast-page-background-enabled":"default","ast-page-background-meta":{"desktop":{"background-color":"var(--ast-global-color-4)","background-image":"","background-repeat":"repeat","background-position":"center center","background-size":"auto","background-attachment":"scroll","background-type":"","background-media":"","overlay-type":"","overlay-color":"","overlay-opacity":"","overlay-gradient":""},"tablet":{"background-color":"","background-image":"","background-repeat":"repeat","background-position":"center center","background-size":"auto","background-attachment":"scroll","background-type":"","background-media":"","overlay-type":"","overlay-color":"","overlay-opacity":"","overlay-gradient":""},"mobile":{"background-color":"","background-image":"","background-repeat":"repeat","background-position":"center center","background-size":"auto","background-attachment":"scroll","background-type":"","background-media":"","overlay-type":"","overlay-color":"","overlay-opacity":"","overlay-gradient":""}},"ast-content-background-meta":{"desktop":{"background-color":"var(--ast-global-color-5)","background-image":"","background-repeat":"repeat","background-position":"center center","background-size":"auto","background-attachment":"scroll","background-type":"","background-media":"","overlay-type":"","overlay-color":"","overlay-opacity":"","overlay-gradient":""},"tablet":{"background-color":"var(--ast-global-color-5)","background-image":"","background-repeat":"repeat","background-position":"center center","background-size":"auto","background-attachment":"scroll","background-type":"","background-media":"","overlay-type":"","overlay-color":"","overlay-opacity":"","overlay-gradient":""},"mobile":{"background-color":"var(--ast-global-color-5)","background-image":"","background-repeat":"repeat","background-position":"center center","background-size":"auto","background-attachment":"scroll","background-type":"","background-media":"","overlay-type":"","overlay-color":"","overlay-opacity":"","overlay-gradient":""}},"footnotes":""},"class_list":["post-306","page","type-page","status-publish","hentry"],"_links":{"self":[{"href":"https:\/\/consuladodevenezuelaenmadrid.com\/index.php\/wp-json\/wp\/v2\/pages\/306","targetHints":{"allow":["GET"]}}],"collection":[{"href":"https:\/\/consuladodevenezuelaenmadrid.com\/index.php\/wp-json\/wp\/v2\/pages"}],"about":[{"href":"https:\/\/consuladodevenezuelaenmadrid.com\/index.php\/wp-json\/wp\/v2\/types\/page"}],"author":[{"embeddable":true,"href":"https:\/\/consuladodevenezuelaenmadrid.com\/index.php\/wp-json\/wp\/v2\/users\/1"}],"replies":[{"embeddable":true,"href":"https:\/\/consuladodevenezuelaenmadrid.com\/index.php\/wp-json\/wp\/v2\/comments?post=306"}],"version-history":[{"count":31,"href":"https:\/\/consuladodevenezuelaenmadrid.com\/index.php\/wp-json\/wp\/v2\/pages\/306\/revisions"}],"predecessor-version":[{"id":5231,"href":"https:\/\/consuladodevenezuelaenmadrid.com\/index.php\/wp-json\/wp\/v2\/pages\/306\/revisions\/5231"}],"wp:attachment":[{"href":"https:\/\/consuladodevenezuelaenmadrid.com\/index.php\/wp-json\/wp\/v2\/media?parent=306"}],"curies":[{"name":"wp","href":"https:\/\/api.w.org\/{rel}","templated":true}]}}