{"id":304,"date":"2020-05-17T01:09:29","date_gmt":"2020-05-17T01:09:29","guid":{"rendered":"http:\/\/localhost\/consulado\/?page_id=304"},"modified":"2025-09-19T07:35:07","modified_gmt":"2025-09-19T07:35:07","slug":"registro-de-defuncion","status":"publish","type":"page","link":"https:\/\/consuladodevenezuelaenmadrid.com\/index.php\/registro-de-defuncion\/","title":{"rendered":"REGISTRO DE DEFUNCI\u00d3N"},"content":{"rendered":"\t\t<div data-elementor-type=\"wp-page\" data-elementor-id=\"304\" class=\"elementor elementor-304\">\n\t\t\t\t\t\t<section class=\"elementor-section elementor-top-section elementor-element elementor-element-ab75847 elementor-section-boxed elementor-section-height-default elementor-section-height-default\" data-id=\"ab75847\" data-element_type=\"section\" data-e-type=\"section\">\n\t\t\t\t\t\t<div class=\"elementor-container elementor-column-gap-default\">\n\t\t\t\t\t<div class=\"elementor-column elementor-col-100 elementor-top-column elementor-element elementor-element-e08d7ed\" data-id=\"e08d7ed\" data-element_type=\"column\" data-e-type=\"column\">\n\t\t\t<div class=\"elementor-widget-wrap elementor-element-populated\">\n\t\t\t\t\t\t<div class=\"elementor-element elementor-element-58fd59e elementor-widget elementor-widget-spacer\" data-id=\"58fd59e\" data-element_type=\"widget\" data-e-type=\"widget\" data-widget_type=\"spacer.default\">\n\t\t\t\t<div class=\"elementor-widget-container\">\n\t\t\t\t\t\t\t<div class=\"elementor-spacer\">\n\t\t\t<div class=\"elementor-spacer-inner\"><\/div>\n\t\t<\/div>\n\t\t\t\t\t\t<\/div>\n\t\t\t\t<\/div>\n\t\t\t\t<div class=\"elementor-element elementor-element-295dccd elementor-widget elementor-widget-heading\" data-id=\"295dccd\" data-element_type=\"widget\" data-e-type=\"widget\" data-widget_type=\"heading.default\">\n\t\t\t\t<div class=\"elementor-widget-container\">\n\t\t\t\t\t<h2 class=\"elementor-heading-title elementor-size-default\">Registro de defunci\u00f3n<\/h2>\t\t\t\t<\/div>\n\t\t\t\t<\/div>\n\t\t\t\t<div class=\"elementor-element elementor-element-37c7a0b elementor-widget elementor-widget-spacer\" data-id=\"37c7a0b\" data-element_type=\"widget\" data-e-type=\"widget\" data-widget_type=\"spacer.default\">\n\t\t\t\t<div class=\"elementor-widget-container\">\n\t\t\t\t\t\t\t<div class=\"elementor-spacer\">\n\t\t\t<div class=\"elementor-spacer-inner\"><\/div>\n\t\t<\/div>\n\t\t\t\t\t\t<\/div>\n\t\t\t\t<\/div>\n\t\t\t\t<div class=\"elementor-element elementor-element-9e46f49 elementor-widget elementor-widget-text-editor\" data-id=\"9e46f49\" data-element_type=\"widget\" data-e-type=\"widget\" data-widget_type=\"text-editor.default\">\n\t\t\t\t<div class=\"elementor-widget-container\">\n\t\t\t\t\t\t\t\t\t<p>Consiste en el registro del fallecimiento de los ciudadanos venezolanos fuera del territorio nacional ante las autoridades venezolanas.<\/p>\n<p>En esta Misi\u00f3n Consular deben registrarse las defunciones de las ciudadanas y ciudadanos venezolanos fallecidos en cualquiera de las siguientes comunidades aut\u00f3nomas: Madrid, Castilla y Le\u00f3n, Castilla La Mancha, Extremadura, Murcia o Andaluc\u00eda.<\/p>\n<p><strong>\u00bfC\u00d3MO EFECTUAR LA SOLICITUD?<\/strong><\/p>\n<p>Este tr\u00e1mite se hace&nbsp;<strong>EXCLUSIVAMENTE POR CORREO POSTAL<\/strong>. Para registrar el Acta de Defunci\u00f3n de Espa\u00f1a, a trav\u00e9s de esta Misi\u00f3n Consular, debe enviar a nuestra direcci\u00f3n&nbsp;<strong>Calle de Eloy Gonzalo 40, 28010 Madrid<\/strong>, los siguientes recaudos:<\/p>\n<ol>\n<li>Una carta solicitando el Registro de Defunci\u00f3n y sus datos de contacto.<\/li>\n<li>Original de la&nbsp;<a href=\"https:\/\/drive.google.com\/open?id=1FbZicCnTuwk-gwQQ7T7jUZhSU8LV1twP\" target=\"_blank\" rel=\"noopener\">planilla de extracto de Acta de Defunci\u00f3n<\/a>, complementada en letra legible y sin tachaduras.<\/li>\n<li>Un (1) ejemplar original del Acta de Defunci\u00f3n debidamente legalizado con la Apostilla de La Haya (Ministerio de Justicia de Espa\u00f1a).<\/li>\n<li>Dos (2) copias del acta de defunci\u00f3n, debidamente legalizado con la Apostilla de La Haya (Ministerio de Justicia de Espa\u00f1a).<\/li>\n<li>Tres (3) copias del Certificado M\u00e9dico de Defunci\u00f3n (Informe de Exitus)<\/li>\n<li>Tres (3) copias legibles de la c\u00e9dula de identidad.<\/li>\n<li>Tres (3) copias legibles de las paginas del pasaporte venezolano del fallecido, donde se encuentren sus datos personales y la huella dactilar.<\/li>\n<li>Tres (3) copias legibles de la partida de nacimiento del fallecido.<\/li>\n<li>Si el fallecido estaba o estuvo casado: tres (3) copias legibles del acta de matrimonio; si estaba divorciado, tres (3) copias legibles de la sentencia de divorcio; si era viudo, tres (3) copias legibles del acta de defunci\u00f3n del c\u00f3nyuge.<\/li>\n<li>Tres (3) copias legibles de la partida de nacimiento y documento de identidad de los descendientes.<\/li>\n<li>Tres (3) copias legibles del documento de identidad del c\u00f3nyuge.<\/li>\n<li>Tres (3) copias legibles de la Gaceta Oficial o constancia de naturalizaci\u00f3n, en caso de que el difunto sea naturalizado.<\/li>\n<li>Tres (3) copias legibles del documento de identidad de la persona que declara el fallecimiento.<\/li>\n<li>Un sobre, tama\u00f1o Din A4, con las estampillas o sellos postales necesarios para un env\u00edo de hasta 200 grs, donde debe escribir su direcci\u00f3n personal como destinatario. Ser\u00e1 utilizado por esta Misi\u00f3n Consular para remitirle la Constancia del Registro de la Defunci\u00f3n.<\/li>\n<\/ol>\n<p><strong>EN NING\u00daN CASO REMITA SU PASAPORTE O DOCUMENTOS DE IDENTIDAD ORIGINALES<\/strong>. Env\u00ede solo copias legibles y en los formularios no escriba la fecha. Si no remite todos los recaudos, no se procesar\u00e1 el tr\u00e1mite y el material recibido ser\u00e1 destruido.<\/p>\n<p><strong>TIEMPO DE ENTREGA:<\/strong><\/p>\n<p>El tiempo de entrega de este tr\u00e1mite depende del volumen de solicitudes que se est\u00e9n procesando; como referencia, se estima en unos cuarenta y cinco (45) d\u00edas laborables. A esto hay que a\u00f1adir el tiempo que tarde correos en la entrega de la solicitud inicial y del documento final.<\/p>\n<div>\n<div>\n<div role=\"presentation\" aria-describedby=\"h.p_QgVEoJr2BJf7\" aria-label=\"Copiar el v\u00ednculo del t\u00edtulo\" aria-disabled=\"false\" data-tooltip=\"Copiar el v\u00ednculo del t\u00edtulo\" aria-hidden=\"true\" data-tooltip-position=\"top\" data-tooltip-vertical-offset=\"12\" data-tooltip-horizontal-offset=\"0\">\n<div>&nbsp;<\/div>\n<\/div>\n<\/div>\n<h6><span style=\"color: #ff0000;\"><strong>TRASLADO DE CAD\u00c1VERES<\/strong><\/span><\/h6>\n<div>&nbsp;<\/div>\n<\/div>\n<p>Se le entregar\u00e1 al interesado una comunicaci\u00f3n dirigida al Administrador de la Aduana A\u00e9rea del Aeropuerto Internacional, a los fines de su ingreso en el territorio de la Rep\u00fablica Bolivariana de Venezuela, y una constancia autorizando el referido traslado a la Consejer\u00eda de Salud y Bienestar Social de Madrid.<\/p>\n<p><strong>\u00bfC\u00d3MO EFECTUAR LA SOLICITUD?<\/strong><\/p>\n<p>Este tr\u00e1mite se hace exclusivamente por correo postal. Para ello, debe enviar los siguientes recaudos a nuestra direcci\u00f3n <strong>Calle de Eloy Gonzalo 40, 28010 Madrid<\/strong><strong>:<\/strong><\/p>\n<ol>\n<li>Una carta solicitando el tr\u00e1mite y sus datos de contacto.<\/li>\n<li>Original y copia legible del Acta de Defunci\u00f3n expedida por el Registro Civil de la provincia o localidad correspondiente, legalizado con la Apostilla de La Haya (Ministerio de Justicia de Espa\u00f1a).<\/li>\n<li>Original y copia legible del Acta de Embalsamamiento, legalizada con la Apostilla de La Haya (Ministerio de Justicia de Espa\u00f1a).<\/li>\n<li>Original y copia legible del Acta de Precinto, legalizada con la Apostilla de La Haya (Ministerio de Justicia de Espa\u00f1a).<\/li>\n<li>Original y copia legible de la Licencia de Enterramiento con Apostilla de La Haya.<\/li>\n<li>Dos (2) copias del pasaporte (\u00fanicamente las p\u00e1ginas donde hay datos personales) y documentos de identidad del fallecido.<\/li>\n<li>Si el difunto es venezolano, debe presentar el Registro de Defunci\u00f3n o realizar el tr\u00e1mite simult\u00e1neamente.<\/li>\n<li>Un sobre, tama\u00f1o Din A4, con las estampillas o sellos postales necesarios para un env\u00edo de hasta 200 grs, donde debe escribir su direcci\u00f3n personal como destinatario. Ser\u00e1 utilizado por esta Misi\u00f3n Consular para remitirle el tr\u00e1mite solicitado.<\/li>\n<\/ol>\n<p><strong>EN NING\u00daN CASO REMITA SU PASAPORTE O DOCUMENTOS DE IDENTIDAD ORIGINALES<\/strong>. Env\u00ede solo copias legibles y en los formularios no escriba la fecha.<\/p>\n<p>Si no remite todos los recaudos, no se procesar\u00e1 el tr\u00e1mite y el material recibido ser\u00e1 destruido.<\/p>\n<p><strong>TIEMPO DE ENTREGA:<\/strong><\/p>\n<p>El tiempo de entrega de este tr\u00e1mite depende del volumen de solicitudes que se est\u00e9n procesando; como referencia, se estima en unos cuarenta y cinco (45) d\u00edas. A esto hay que a\u00f1adir el tiempo que tarde correos en la entrega de la solicitud inicial y del documento final.<\/p>\n<p><strong>IMPORTANTE<\/strong><\/p>\n<p>Tanto para el traslado de cad\u00e1veres como para el traslado de cenizas, si el difunto era venezolano ser\u00e1 requisito indispensable efectuar el Registro de Defunci\u00f3n ante esta Sede Consular. Ambos tr\u00e1mites se realizan de manera simult\u00e1nea, por lo que se agradece remitir los requisitos para ambas gestiones.<\/p>\n<div>\n<div>\n<div role=\"presentation\" aria-describedby=\"h.p_czcltZm1BJgH\" aria-label=\"Copiar el v\u00ednculo del t\u00edtulo\" aria-disabled=\"false\" data-tooltip=\"Copiar el v\u00ednculo del t\u00edtulo\" aria-hidden=\"true\" data-tooltip-position=\"top\" data-tooltip-vertical-offset=\"12\" data-tooltip-horizontal-offset=\"0\">\n<h6>&nbsp;<\/h6>\n<\/div>\n<\/div>\n<h6><span style=\"color: #ff0000;\"><strong>TRASLADO DE CENIZAS<\/strong><\/span><\/h6>\n<div>&nbsp;<\/div>\n<\/div>\n<p>Se le entregar\u00e1 al interesado una comunicaci\u00f3n dirigida al Administrador de la Aduana A\u00e9rea del Aeropuerto Internacional, a los fines de su ingreso en el territorio de la Rep\u00fablica Bolivariana de Venezuela.<\/p>\n<p><strong>\u00bfC\u00d3MO EFECTUAR LA SOLICITUD?<\/strong><\/p>\n<p>Este tr\u00e1mite se hace exclusivamente por correo postal. Para ello debe enviar los siguientes recaudos a nuestra direcci\u00f3n <strong>Calle de Eloy Gonzalo 40, 28010 Madrid<\/strong><strong>:<\/strong><\/p>\n<ol>\n<li>Una carta solicitando una comunicaci\u00f3n a los fines del ingreso de las cenizas en Venezuela, con los datos de contacto del interesado.<\/li>\n<li>Original y copia legible del Acta de Defunci\u00f3n expedida por el Registro Civil de la provincia o localidad correspondiente, debidamente legalizado con la Apostilla de la Haya (Ministerio de Justicia de Espa\u00f1a).<\/li>\n<li>Original y copia legible del Acta de Incineraci\u00f3n, debidamente legalizado con la Apostilla de la Haya (Ministerio de Justicia de Espa\u00f1a).<\/li>\n<li>Dos (2) copias del pasaporte (\u00fanicamente la p\u00e1gina donde hay datos personales) y c\u00e9dula de identidad del fallecido.<\/li>\n<li>Si el difunto es venezolano, debe presentar el Registro de Defunci\u00f3n o realizar el tr\u00e1mite simult\u00e1neamente.<\/li>\n<li>Un sobre, tama\u00f1o Din A4, con las estampillas o sellos postales necesarios para un env\u00edo de hasta 200 grs, donde debe escribir su direcci\u00f3n personal como destinatario. Ser\u00e1 utilizado por esta Misi\u00f3n Consular para remitirle el documento solicitado.<\/li>\n<\/ol>\n<p><strong>EN NING\u00daN CASO REMITA SU PASAPORTE O DOCUMENTOS DE IDENTIDAD ORIGINALES<\/strong>. Env\u00ede solo copias legibles y en los formularios no escriba la fecha.<\/p>\n<p>Si no remite todos los recaudos, no se procesar\u00e1 el tr\u00e1mite y el material recibido ser\u00e1 destruido.<\/p>\n<p><strong>TIEMPO DE ENTREGA<\/strong><\/p>\n<p>El tiempo de entrega de este tr\u00e1mite depende del volumen de solicitudes que se est\u00e9n procesando, como referencia, se estima en unos noventa (90) d\u00edas, a esto hay que a\u00f1adir el tiempo que tarde correos en la entrega de la solicitud inicial y del documento final.<\/p>\n<p><strong>IMPORTANTE<\/strong><\/p>\n<p>Tanto para el traslado de cad\u00e1veres como para el traslado de cenizas, si el difunto era venezolano ser\u00e1 requisito indispensable efectuar el Registro de Defunci\u00f3n ante esta Sede Consular. Ambos tr\u00e1mites se realizan de manera simult\u00e1nea, por lo que se agradece remitir los requisitos para ambas gestiones.<\/p>\t\t\t\t\t\t\t\t<\/div>\n\t\t\t\t<\/div>\n\t\t\t\t<section class=\"elementor-section elementor-inner-section elementor-element elementor-element-4e82473 elementor-section-boxed elementor-section-height-default elementor-section-height-default\" data-id=\"4e82473\" data-element_type=\"section\" data-e-type=\"section\">\n\t\t\t\t\t\t<div class=\"elementor-container elementor-column-gap-default\">\n\t\t\t\t\t<div class=\"elementor-column elementor-col-50 elementor-inner-column elementor-element elementor-element-37df2fa\" data-id=\"37df2fa\" data-element_type=\"column\" data-e-type=\"column\">\n\t\t\t<div class=\"elementor-widget-wrap elementor-element-populated\">\n\t\t\t\t\t\t<div class=\"elementor-element elementor-element-7a9bf0c elementor-align-center elementor-widget elementor-widget-button\" data-id=\"7a9bf0c\" data-element_type=\"widget\" data-e-type=\"widget\" data-widget_type=\"button.default\">\n\t\t\t\t<div class=\"elementor-widget-container\">\n\t\t\t\t\t\t\t\t\t<div class=\"elementor-button-wrapper\">\n\t\t\t\t\t<a class=\"elementor-button elementor-button-link elementor-size-sm\" href=\"https:\/\/consuladodevenezuelaenmadrid.com\/index.php\/contacto\/\">\n\t\t\t\t\t\t<span class=\"elementor-button-content-wrapper\">\n\t\t\t\t\t\t\t\t\t<span class=\"elementor-button-text\">Requiero m\u00e1s informaci\u00f3n<\/span>\n\t\t\t\t\t<\/span>\n\t\t\t\t\t<\/a>\n\t\t\t\t<\/div>\n\t\t\t\t\t\t\t\t<\/div>\n\t\t\t\t<\/div>\n\t\t\t\t\t<\/div>\n\t\t<\/div>\n\t\t\t\t<div class=\"elementor-column elementor-col-50 elementor-inner-column elementor-element elementor-element-0840fae\" data-id=\"0840fae\" data-element_type=\"column\" data-e-type=\"column\">\n\t\t\t<div class=\"elementor-widget-wrap elementor-element-populated\">\n\t\t\t\t\t\t<div class=\"elementor-element elementor-element-1333674 elementor-align-center elementor-widget elementor-widget-button\" data-id=\"1333674\" data-element_type=\"widget\" data-e-type=\"widget\" data-widget_type=\"button.default\">\n\t\t\t\t<div class=\"elementor-widget-container\">\n\t\t\t\t\t\t\t\t\t<div class=\"elementor-button-wrapper\">\n\t\t\t\t\t<a class=\"elementor-button elementor-button-link elementor-size-sm\" href=\"https:\/\/consuladodevenezuelaenmadrid.com\/\">\n\t\t\t\t\t\t<span class=\"elementor-button-content-wrapper\">\n\t\t\t\t\t\t\t\t\t<span class=\"elementor-button-text\">Salir<\/span>\n\t\t\t\t\t<\/span>\n\t\t\t\t\t<\/a>\n\t\t\t\t<\/div>\n\t\t\t\t\t\t\t\t<\/div>\n\t\t\t\t<\/div>\n\t\t\t\t\t<\/div>\n\t\t<\/div>\n\t\t\t\t\t<\/div>\n\t\t<\/section>\n\t\t\t\t\t<\/div>\n\t\t<\/div>\n\t\t\t\t\t<\/div>\n\t\t<\/section>\n\t\t\t\t<\/div>\n\t\t","protected":false},"excerpt":{"rendered":"<p>Registro de defunci\u00f3n Consiste en el registro del fallecimiento de los ciudadanos venezolanos fuera del territorio nacional ante las autoridades venezolanas. En esta Misi\u00f3n Consular deben registrarse las defunciones de las ciudadanas y ciudadanos venezolanos fallecidos en cualquiera de las siguientes comunidades aut\u00f3nomas: Madrid, Castilla y Le\u00f3n, Castilla La Mancha, Extremadura, Murcia o Andaluc\u00eda. \u00bfC\u00d3MO [&hellip;]<\/p>\n","protected":false},"author":1,"featured_media":0,"parent":0,"menu_order":0,"comment_status":"closed","ping_status":"closed","template":"elementor_header_footer","meta":{"site-sidebar-layout":"default","site-content-layout":"default","ast-site-content-layout":"default","site-content-style":"default","site-sidebar-style":"default","ast-global-header-display":"","ast-banner-title-visibility":"","ast-main-header-display":"","ast-hfb-above-header-display":"","ast-hfb-below-header-display":"","ast-hfb-mobile-header-display":"","site-post-title":"","ast-breadcrumbs-content":"","ast-featured-img":"","footer-sml-layout":"","ast-disable-related-posts":"","theme-transparent-header-meta":"default","adv-header-id-meta":"","stick-header-meta":"","header-above-stick-meta":"","header-main-stick-meta":"","header-below-stick-meta":"","astra-migrate-meta-layouts":"default","ast-page-background-enabled":"default","ast-page-background-meta":{"desktop":{"background-color":"var(--ast-global-color-4)","background-image":"","background-repeat":"repeat","background-position":"center center","background-size":"auto","background-attachment":"scroll","background-type":"","background-media":"","overlay-type":"","overlay-color":"","overlay-opacity":"","overlay-gradient":""},"tablet":{"background-color":"","background-image":"","background-repeat":"repeat","background-position":"center center","background-size":"auto","background-attachment":"scroll","background-type":"","background-media":"","overlay-type":"","overlay-color":"","overlay-opacity":"","overlay-gradient":""},"mobile":{"background-color":"","background-image":"","background-repeat":"repeat","background-position":"center center","background-size":"auto","background-attachment":"scroll","background-type":"","background-media":"","overlay-type":"","overlay-color":"","overlay-opacity":"","overlay-gradient":""}},"ast-content-background-meta":{"desktop":{"background-color":"var(--ast-global-color-5)","background-image":"","background-repeat":"repeat","background-position":"center center","background-size":"auto","background-attachment":"scroll","background-type":"","background-media":"","overlay-type":"","overlay-color":"","overlay-opacity":"","overlay-gradient":""},"tablet":{"background-color":"var(--ast-global-color-5)","background-image":"","background-repeat":"repeat","background-position":"center center","background-size":"auto","background-attachment":"scroll","background-type":"","background-media":"","overlay-type":"","overlay-color":"","overlay-opacity":"","overlay-gradient":""},"mobile":{"background-color":"var(--ast-global-color-5)","background-image":"","background-repeat":"repeat","background-position":"center center","background-size":"auto","background-attachment":"scroll","background-type":"","background-media":"","overlay-type":"","overlay-color":"","overlay-opacity":"","overlay-gradient":""}},"footnotes":""},"class_list":["post-304","page","type-page","status-publish","hentry"],"_links":{"self":[{"href":"https:\/\/consuladodevenezuelaenmadrid.com\/index.php\/wp-json\/wp\/v2\/pages\/304","targetHints":{"allow":["GET"]}}],"collection":[{"href":"https:\/\/consuladodevenezuelaenmadrid.com\/index.php\/wp-json\/wp\/v2\/pages"}],"about":[{"href":"https:\/\/consuladodevenezuelaenmadrid.com\/index.php\/wp-json\/wp\/v2\/types\/page"}],"author":[{"embeddable":true,"href":"https:\/\/consuladodevenezuelaenmadrid.com\/index.php\/wp-json\/wp\/v2\/users\/1"}],"replies":[{"embeddable":true,"href":"https:\/\/consuladodevenezuelaenmadrid.com\/index.php\/wp-json\/wp\/v2\/comments?post=304"}],"version-history":[{"count":34,"href":"https:\/\/consuladodevenezuelaenmadrid.com\/index.php\/wp-json\/wp\/v2\/pages\/304\/revisions"}],"predecessor-version":[{"id":5228,"href":"https:\/\/consuladodevenezuelaenmadrid.com\/index.php\/wp-json\/wp\/v2\/pages\/304\/revisions\/5228"}],"wp:attachment":[{"href":"https:\/\/consuladodevenezuelaenmadrid.com\/index.php\/wp-json\/wp\/v2\/media?parent=304"}],"curies":[{"name":"wp","href":"https:\/\/api.w.org\/{rel}","templated":true}]}}