{"id":2997,"date":"2022-02-16T21:30:11","date_gmt":"2022-02-16T21:30:11","guid":{"rendered":"https:\/\/consuladodevenezuelaenmadrid.com\/?page_id=2997"},"modified":"2023-01-16T11:19:19","modified_gmt":"2023-01-16T11:19:19","slug":"recaudos-para-prorrogas","status":"publish","type":"page","link":"https:\/\/consuladodevenezuelaenmadrid.com\/index.php\/recaudos-para-prorrogas\/","title":{"rendered":"RECAUDOS PARA PR\u00d3RROGAS"},"content":{"rendered":"\t\t<div data-elementor-type=\"wp-page\" data-elementor-id=\"2997\" class=\"elementor elementor-2997\">\n\t\t\t\t\t\t<section class=\"elementor-section elementor-top-section elementor-element elementor-element-55532145 elementor-section-boxed elementor-section-height-default elementor-section-height-default\" data-id=\"55532145\" data-element_type=\"section\" data-e-type=\"section\">\n\t\t\t\t\t\t<div class=\"elementor-container elementor-column-gap-default\">\n\t\t\t\t\t<div class=\"elementor-column elementor-col-100 elementor-top-column elementor-element elementor-element-5230e406\" data-id=\"5230e406\" data-element_type=\"column\" data-e-type=\"column\">\n\t\t\t<div class=\"elementor-widget-wrap elementor-element-populated\">\n\t\t\t\t\t\t<div class=\"elementor-element elementor-element-106d4a37 elementor-widget elementor-widget-text-editor\" data-id=\"106d4a37\" data-element_type=\"widget\" data-e-type=\"widget\" data-widget_type=\"text-editor.default\">\n\t\t\t\t<div class=\"elementor-widget-container\">\n\t\t\t\t\t\t\t\t\t<p><\/p>\n<div id=\"wp-block-themeisle-blocks-advanced-columns-e39b70e5\" class=\"wp-block-themeisle-blocks-advanced-columns has-undefined-columns has-desktop-undefined-layout has-tablet-equal-layout has-mobile-equal-layout has-default-gap has-vertical-unset\">\n<h3 class=\"wp-block-themeisle-blocks-advanced-columns-overlay\" style=\"text-align: center;\"><span style=\"color: #ff0000;\"><b>RECAUDOS PARA RETIRAR PR\u00d3RROGAS DE PASAPORTES<\/b><\/span><\/h3>\n<div class=\"innerblocks-wrap\">\u00a0<\/div>\n<\/div>\n<p><\/p>\t\t\t\t\t\t\t\t<\/div>\n\t\t\t\t<\/div>\n\t\t\t\t<div class=\"elementor-element elementor-element-6375ac7 elementor-widget elementor-widget-text-editor\" data-id=\"6375ac7\" data-element_type=\"widget\" data-e-type=\"widget\" data-widget_type=\"text-editor.default\">\n\t\t\t\t<div class=\"elementor-widget-container\">\n\t\t\t\t\t\t\t\t\t<h4><span style=\"font-size: 12pt;\">Para verificar si la pr\u00f3rroga de su pasaporte ha sido recibida en este Consulado General, por favor escriba su n\u00famero de c\u00e9dula (sin puntos ni letras) \u00a0y luego presione\u00a0<span style=\"color: #2656c5;\"> <strong>\u00abCONSULTAR\u00bb<\/strong>.<\/span><\/span><\/h4>\n<h4><span style=\"font-size: 12pt;\">En el caso de los Ni\u00f1os, Ni\u00f1as y Adolescentes no cedulados, por favor escriba sus nombres y apellidos en may\u00fascula sin puntos ni acentos, luego presione <span style=\"color: #2656c5;\"><strong>\u00abCONSULTAR\u00bb.<\/strong><\/span><\/span><\/h4>\n<h4><span style=\"font-size: 12pt;\">Cuando acuda a la sede consular para estampar su pr\u00f3rroga, debe presentar:<\/span><\/h4>\n<h4><span style=\"font-size: 12pt;\">* Pasaporte a prorrogar.<\/span><\/h4>\n<h4><span style=\"font-size: 12pt;\">* Si es ni\u00f1o, ni\u00f1a o adolescente, deben acudir los progenitores con su C\u00e9dula de Identidad o pasaporte, y la partida de nacimiento de su hijo\/hija. En caso de no poder asistir ambos, se debe consignar ejemplar original de autorizaci\u00f3n del progenitor que no asistir\u00e1, tramitada en sede consular venezolana o ante autoridad notarial.<\/span><\/h4>\n<h4><span style=\"font-size: 12pt;\">Luego verificado su pasaporte, proceder\u00e1 a realizar el pago del arancel consular, que tendr\u00e1 un costo de <span style=\"color: #2656c5;\"><strong>ciento veinte euros (120,00 \u20ac)<\/strong>.<\/span><\/span><\/h4>\n<h4><span style=\"font-size: 12pt; color: #2656c5;\"><strong>Los Ni\u00f1os Ni\u00f1as y Adolescentes, est\u00e1n exentos del pago de este arancel<\/strong>.<\/span><\/h4>\t\t\t\t\t\t\t\t<\/div>\n\t\t\t\t<\/div>\n\t\t\t\t\t<\/div>\n\t\t<\/div>\n\t\t\t\t\t<\/div>\n\t\t<\/section>\n\t\t\t\t<\/div>\n\t\t","protected":false},"excerpt":{"rendered":"<p>Para verificar si la pr\u00f3rroga de su pasaporte ha sido recibida en este Consulado General, por favor escriba su n\u00famero de c\u00e9dula (sin puntos ni letras) &nbsp;y luego presione&nbsp; \u00abCONSULTAR\u00bb. En el caso de los Ni\u00f1os, Ni\u00f1as y Adolescentes no cedulados, por favor escriba sus nombres y apellidos en may\u00fascula sin puntos ni acentos, luego [&hellip;]<\/p>\n","protected":false},"author":1,"featured_media":0,"parent":0,"menu_order":0,"comment_status":"closed","ping_status":"closed","template":"elementor_header_footer","meta":{"site-sidebar-layout":"default","site-content-layout":"default","ast-site-content-layout":"default","site-content-style":"default","site-sidebar-style":"default","ast-global-header-display":"","ast-banner-title-visibility":"","ast-main-header-display":"","ast-hfb-above-header-display":"","ast-hfb-below-header-display":"","ast-hfb-mobile-header-display":"","site-post-title":"","ast-breadcrumbs-content":"","ast-featured-img":"","footer-sml-layout":"","ast-disable-related-posts":"","theme-transparent-header-meta":"default","adv-header-id-meta":"","stick-header-meta":"","header-above-stick-meta":"","header-main-stick-meta":"","header-below-stick-meta":"","astra-migrate-meta-layouts":"default","ast-page-background-enabled":"default","ast-page-background-meta":{"desktop":{"background-color":"var(--ast-global-color-4)","background-image":"","background-repeat":"repeat","background-position":"center center","background-size":"auto","background-attachment":"scroll","background-type":"","background-media":"","overlay-type":"","overlay-color":"","overlay-opacity":"","overlay-gradient":""},"tablet":{"background-color":"","background-image":"","background-repeat":"repeat","background-position":"center center","background-size":"auto","background-attachment":"scroll","background-type":"","background-media":"","overlay-type":"","overlay-color":"","overlay-opacity":"","overlay-gradient":""},"mobile":{"background-color":"","background-image":"","background-repeat":"repeat","background-position":"center center","background-size":"auto","background-attachment":"scroll","background-type":"","background-media":"","overlay-type":"","overlay-color":"","overlay-opacity":"","overlay-gradient":""}},"ast-content-background-meta":{"desktop":{"background-color":"var(--ast-global-color-5)","background-image":"","background-repeat":"repeat","background-position":"center center","background-size":"auto","background-attachment":"scroll","background-type":"","background-media":"","overlay-type":"","overlay-color":"","overlay-opacity":"","overlay-gradient":""},"tablet":{"background-color":"var(--ast-global-color-5)","background-image":"","background-repeat":"repeat","background-position":"center center","background-size":"auto","background-attachment":"scroll","background-type":"","background-media":"","overlay-type":"","overlay-color":"","overlay-opacity":"","overlay-gradient":""},"mobile":{"background-color":"var(--ast-global-color-5)","background-image":"","background-repeat":"repeat","background-position":"center center","background-size":"auto","background-attachment":"scroll","background-type":"","background-media":"","overlay-type":"","overlay-color":"","overlay-opacity":"","overlay-gradient":""}},"footnotes":""},"class_list":["post-2997","page","type-page","status-publish","hentry"],"_links":{"self":[{"href":"https:\/\/consuladodevenezuelaenmadrid.com\/index.php\/wp-json\/wp\/v2\/pages\/2997","targetHints":{"allow":["GET"]}}],"collection":[{"href":"https:\/\/consuladodevenezuelaenmadrid.com\/index.php\/wp-json\/wp\/v2\/pages"}],"about":[{"href":"https:\/\/consuladodevenezuelaenmadrid.com\/index.php\/wp-json\/wp\/v2\/types\/page"}],"author":[{"embeddable":true,"href":"https:\/\/consuladodevenezuelaenmadrid.com\/index.php\/wp-json\/wp\/v2\/users\/1"}],"replies":[{"embeddable":true,"href":"https:\/\/consuladodevenezuelaenmadrid.com\/index.php\/wp-json\/wp\/v2\/comments?post=2997"}],"version-history":[{"count":6,"href":"https:\/\/consuladodevenezuelaenmadrid.com\/index.php\/wp-json\/wp\/v2\/pages\/2997\/revisions"}],"predecessor-version":[{"id":5304,"href":"https:\/\/consuladodevenezuelaenmadrid.com\/index.php\/wp-json\/wp\/v2\/pages\/2997\/revisions\/5304"}],"wp:attachment":[{"href":"https:\/\/consuladodevenezuelaenmadrid.com\/index.php\/wp-json\/wp\/v2\/media?parent=2997"}],"curies":[{"name":"wp","href":"https:\/\/api.w.org\/{rel}","templated":true}]}}