{"id":289,"date":"2020-05-17T00:55:50","date_gmt":"2020-05-17T00:55:50","guid":{"rendered":"http:\/\/localhost\/consulado\/?page_id=289"},"modified":"2026-01-16T09:25:25","modified_gmt":"2026-01-16T09:25:25","slug":"registro-de-nacimiento","status":"publish","type":"page","link":"https:\/\/consuladodevenezuelaenmadrid.com\/index.php\/registro-de-nacimiento\/","title":{"rendered":"REGISTRO DE NACIMIENTO"},"content":{"rendered":"\t\t<div data-elementor-type=\"wp-page\" data-elementor-id=\"289\" class=\"elementor elementor-289\">\n\t\t\t\t\t\t<section class=\"elementor-section elementor-top-section elementor-element elementor-element-bba418c elementor-section-boxed elementor-section-height-default elementor-section-height-default\" data-id=\"bba418c\" data-element_type=\"section\" data-e-type=\"section\">\n\t\t\t\t\t\t<div class=\"elementor-container elementor-column-gap-default\">\n\t\t\t\t\t<div class=\"elementor-column elementor-col-100 elementor-top-column elementor-element elementor-element-e68ca49\" data-id=\"e68ca49\" data-element_type=\"column\" data-e-type=\"column\">\n\t\t\t<div class=\"elementor-widget-wrap elementor-element-populated\">\n\t\t\t\t\t\t<div class=\"elementor-element elementor-element-b214042 elementor-widget elementor-widget-spacer\" data-id=\"b214042\" data-element_type=\"widget\" data-e-type=\"widget\" data-widget_type=\"spacer.default\">\n\t\t\t\t<div class=\"elementor-widget-container\">\n\t\t\t\t\t\t\t<div class=\"elementor-spacer\">\n\t\t\t<div class=\"elementor-spacer-inner\"><\/div>\n\t\t<\/div>\n\t\t\t\t\t\t<\/div>\n\t\t\t\t<\/div>\n\t\t\t\t<div class=\"elementor-element elementor-element-bcaedbc elementor-widget elementor-widget-heading\" data-id=\"bcaedbc\" data-element_type=\"widget\" data-e-type=\"widget\" data-widget_type=\"heading.default\">\n\t\t\t\t<div class=\"elementor-widget-container\">\n\t\t\t\t\t<h2 class=\"elementor-heading-title elementor-size-default\">Registro de Nacimiento<\/h2>\t\t\t\t<\/div>\n\t\t\t\t<\/div>\n\t\t\t\t<div class=\"elementor-element elementor-element-5ed26a4 elementor-widget elementor-widget-spacer\" data-id=\"5ed26a4\" data-element_type=\"widget\" data-e-type=\"widget\" data-widget_type=\"spacer.default\">\n\t\t\t\t<div class=\"elementor-widget-container\">\n\t\t\t\t\t\t\t<div class=\"elementor-spacer\">\n\t\t\t<div class=\"elementor-spacer-inner\"><\/div>\n\t\t<\/div>\n\t\t\t\t\t\t<\/div>\n\t\t\t\t<\/div>\n\t\t\t\t<div class=\"elementor-element elementor-element-05f925b elementor-widget elementor-widget-text-editor\" data-id=\"05f925b\" data-element_type=\"widget\" data-e-type=\"widget\" data-widget_type=\"text-editor.default\">\n\t\t\t\t<div class=\"elementor-widget-container\">\n\t\t\t\t\t\t\t\t\t<p id=\"h.p_Us2TPuSdCC0_\" class=\"zfr3Q\">El Registro de Nacimiento se realiza exclusivamente a los hijos de venezolanos, nacidos en nuestra jurisdicci\u00f3n consular, que corresponde a las siguientes Comunidades Aut\u00f3nomas: Madrid, Castilla y Le\u00f3n, Castilla La Mancha, Extremadura, Murcia, Andaluc\u00eda, y las Ciudades Aut\u00f3nomas de Ceuta y Melilla.<\/p><p id=\"h.p_sfMhxzmoCDIQ\" class=\"zfr3Q\">Mediante este acto se formaliza el registro de un ciudadano venezolano a fin de otorgarle al ni\u00f1o o ni\u00f1a la nacionalidad venezolana, de conformidad con la Constituci\u00f3n de la Rep\u00fablica Bolivariana de Venezuela; que se hace efectivo con la emisi\u00f3n de su Partida de Nacimiento.<\/p><p id=\"h.p_WS3k8BVaCDIR\" class=\"zfr3Q\"><strong>\u00bfC\u00d3MO EFECTUAR LA SOLICITUD?<\/strong><\/p><p id=\"h.p_AX5ALvxaCDIR\" class=\"zfr3Q\">Este tr\u00e1mite se solicita\u00a0<strong>POR CORREO POSTAL.<\/strong>\u00a0Para ello, debe enviar a nuestra direcci\u00f3n:\u00a0<strong>Calle de Eloy Gonzalo 40, 28010 Madrid<\/strong>, los siguientes recaudos:<\/p><ol class=\"n8H08c BKnRcf\"><li id=\"h.p_3aX-E5FLCDIS\" class=\"TYR86d zfr3Q\">Rellenar la\u00a0<a class=\"dhtgD aw5Odc\" href=\"https:\/\/drive.google.com\/open?id=19EBZezVLcfeHtGhcY-c2Ac646cxCam2C\" target=\"_blank\" rel=\"noopener\">planilla de solicitud de Registro de Nacimiento<\/a>, en letra legible y sin tachadura.<\/li><li id=\"h.p_nEzWVyNPCDIS\" class=\"TYR86d zfr3Q\">Un original de la certificaci\u00f3n literal de nacimiento emitida por el Registro Civil espa\u00f1ol, debidamente legalizada con la Apostilla de la Haya (Ministerio de Justicia de Espa\u00f1a).<\/li><li id=\"h.p_bKodrI6WCDIT\" class=\"TYR86d zfr3Q\">Dos (2) copias legibles de la certificaci\u00f3n literal de nacimiento apostillada.<\/li><li id=\"h.p_mm8ovWmjCDIU\" class=\"TYR86d zfr3Q\">Los progenitores venezolanos deber\u00e1n presentar tres (3) copias legibles de su partida de nacimiento, c\u00e9dula de identidad, y del pasaporte venezolano (\u00fanicamente las p\u00e1ginas donde est\u00e1n sus datos personales y huella dactilar). En caso de que uno de los padres no tenga nacionalidad venezolana deber\u00e1 presentar solamente tres (3) copias del pasaporte.<\/li><li id=\"h.p_By2U_RNQCDIU\" class=\"TYR86d zfr3Q\">Si los progenitores est\u00e1n casados, se deber\u00e1 remitir tres (3) copias legibles del Acta de Matrimonio. En caso de divorcio o defunci\u00f3n de uno de los padres, se deber\u00e1n remitir tres (3) copias legibles del Acta de Divorcio o Defunci\u00f3n.<\/li><li id=\"h.p_TRcUlDKZCDIV\" class=\"TYR86d zfr3Q\">En caso de que uno de los padres sea venezolano por naturalizaci\u00f3n, deber\u00e1 presentar tres (3) copias legibles de la resoluci\u00f3n publicada en la Gaceta Oficial o la constancia de naturalizaci\u00f3n expedida por el Ministerio del Poder Popular para Relaciones Interiores, Justicia y Paz, Direcci\u00f3n Nacional de Identificaci\u00f3n.<\/li><li id=\"h.p_bUVzWYCACDIV\" class=\"TYR86d zfr3Q\">Llenar a <strong>L\u00c1PIZ<\/strong> el <a class=\"dhtgD aw5Odc\" href=\"https:\/\/drive.google.com\/open?id=1Cq0V770M_mml071RTH5bkf5jARcywjQX\" target=\"_blank\" rel=\"noopener\">formulario de Estad\u00edstica de Nacimiento<\/a>.<\/li><\/ol><p id=\"h.p_Id6kase_CDIV\" class=\"zfr3Q\">Tome en cuenta que si no remite todos los recaudos, no se podr\u00e1 realizar el tr\u00e1mite.<\/p><p id=\"h.p_xqg77pYMCDIV\" class=\"zfr3Q\">Una vez recibidos todos los recaudos correctamente, esta Misi\u00f3n Consular proceder\u00e1 a elaborar la respectiva Partida de Nacimiento y le comunicar\u00e1 al interesado la fecha en la que debe presentarse para firmar y retirar el documento.\u00a0<strong>El tiempo requerido para realizar este tr\u00e1mite depende del volumen de solicitudes recibidas, <\/strong>como referencia, se estima en unos noventa (90) d\u00edas.<\/p><p id=\"h.p_TQZHY6JPCDIW\" class=\"zfr3Q\"><strong>ESTE TR\u00c1MITE EST\u00c1 EXENTO DEL PAGO DE DERECHOS CONSULARES.<\/strong><\/p><p class=\"zfr3Q\"><strong>\u00a0<\/strong><\/p><p id=\"h.p_rTKmXwtnCDIW\" class=\"zfr3Q\"><span style=\"color: #ff0000;\"><strong>COPIA CERTIFICADA DE PARTIDA DE NACIMIENTO<\/strong><\/span><\/p><p id=\"h.p_SQCaIeGqCDIX\" class=\"zfr3Q\">Este tr\u00e1mite\u00a0<u>solo es posible para aquellos usuarios que registraron su nacimiento en esta Oficina Consular<\/u>; se hace\u00a0<strong>EXCLUSIVAMENTE POR CORREO POSTAL.<\/strong> Para ello, debe enviar a nuestra direcci\u00f3n: <strong>Calle de Eloy Gonzalo 40, 28010 Madrid<\/strong>, los siguientes recaudos:<\/p><ul class=\"n8H08c UVNKR\"><li id=\"h.p_JZNDUonjCDIX\" class=\"TYR86d zfr3Q\">Copia de la Partida de Nacimiento emitida en esta oficina consular.<\/li><li id=\"h.p_QCD_J0obCDIX\" class=\"TYR86d zfr3Q\">Original del comprobante del dep\u00f3sito bancario de las tasas consulares correspondientes, las cuales ascienden a\u00a0<strong>quince euros<\/strong>\u00a0(<strong>15,00 \u20ac<\/strong>) por cada una de las copias que requiera.<br \/><ul class=\"n8H08c UVNKR\"><li id=\"h.p_SfbYaPiKCDIY\" class=\"TYR86d zfr3Q\">Numero de Cuenta: <strong>ES91\u00a00081 7307 05 0001577660<\/strong><\/li><li id=\"h.p_nAOvCB-DCDIY\" class=\"TYR86d zfr3Q\">Banco:\u00a0<strong>Sabadell<\/strong><\/li><li id=\"h.p__wMaM12vCDIY\" class=\"TYR86d zfr3Q\">Titular:\u00a0<strong>Consulado General de la Rep\u00fablica Bolivariana de Venezuela<\/strong><\/li><\/ul><\/li><li id=\"h.p_XlLtMIQ-CDIZ\" class=\"TYR86d zfr3Q\">Un sobre, tama\u00f1o Din A4, con las estampillas o sellos postales necesarios para un env\u00edo de hasta 200 grs, donde debe escribir su direcci\u00f3n personal como destinatario, y que ser\u00e1 utilizado por esta Misi\u00f3n Consular para remitirle las copias certificadas de la Partida de Nacimiento.<\/li><\/ul><p id=\"h.p_i0YGEBsqCDIa\" class=\"zfr3Q\"><strong>TIEMPO DE ENTREGA:<\/strong><\/p><p id=\"h.p_79F56tr9CDIa\" class=\"zfr3Q\">El tiempo de entrega de las copias certificadas de la Partida de Nacimiento depende del volumen de solicitudes que se est\u00e9n procesando; como referencia, se estima en unos noventa (90) d\u00edas, a esto hay que a\u00f1adir el tiempo que tarde correos en la entrega de la solicitud inicial y del documento final.<\/p>\t\t\t\t\t\t\t\t<\/div>\n\t\t\t\t<\/div>\n\t\t\t\t\t<\/div>\n\t\t<\/div>\n\t\t\t\t\t<\/div>\n\t\t<\/section>\n\t\t\t\t<section class=\"elementor-section elementor-top-section elementor-element elementor-element-04d9491 elementor-section-boxed elementor-section-height-default elementor-section-height-default\" data-id=\"04d9491\" data-element_type=\"section\" data-e-type=\"section\">\n\t\t\t\t\t\t<div class=\"elementor-container elementor-column-gap-default\">\n\t\t\t\t\t<div class=\"elementor-column elementor-col-100 elementor-top-column elementor-element elementor-element-93d7812\" data-id=\"93d7812\" data-element_type=\"column\" data-e-type=\"column\">\n\t\t\t<div class=\"elementor-widget-wrap\">\n\t\t\t\t\t\t\t<\/div>\n\t\t<\/div>\n\t\t\t\t\t<\/div>\n\t\t<\/section>\n\t\t\t\t<section class=\"elementor-section elementor-top-section elementor-element elementor-element-1ae0012 elementor-section-boxed elementor-section-height-default elementor-section-height-default\" data-id=\"1ae0012\" data-element_type=\"section\" data-e-type=\"section\">\n\t\t\t\t\t\t<div class=\"elementor-container elementor-column-gap-default\">\n\t\t\t\t\t<div class=\"elementor-column elementor-col-50 elementor-top-column elementor-element elementor-element-dc5bd0f\" data-id=\"dc5bd0f\" data-element_type=\"column\" data-e-type=\"column\">\n\t\t\t<div class=\"elementor-widget-wrap elementor-element-populated\">\n\t\t\t\t\t\t<div class=\"elementor-element elementor-element-3b7de01 elementor-align-center elementor-widget elementor-widget-button\" data-id=\"3b7de01\" data-element_type=\"widget\" data-e-type=\"widget\" data-widget_type=\"button.default\">\n\t\t\t\t<div class=\"elementor-widget-container\">\n\t\t\t\t\t\t\t\t\t<div class=\"elementor-button-wrapper\">\n\t\t\t\t\t<a class=\"elementor-button elementor-button-link elementor-size-sm\" href=\"https:\/\/consuladodevenezuelaenmadrid.com\/index.php\/contacto\/\">\n\t\t\t\t\t\t<span class=\"elementor-button-content-wrapper\">\n\t\t\t\t\t\t\t\t\t<span class=\"elementor-button-text\">Requiero m\u00e1s informaci\u00f3n<\/span>\n\t\t\t\t\t<\/span>\n\t\t\t\t\t<\/a>\n\t\t\t\t<\/div>\n\t\t\t\t\t\t\t\t<\/div>\n\t\t\t\t<\/div>\n\t\t\t\t\t<\/div>\n\t\t<\/div>\n\t\t\t\t<div class=\"elementor-column elementor-col-50 elementor-top-column elementor-element elementor-element-e82f945\" data-id=\"e82f945\" data-element_type=\"column\" data-e-type=\"column\">\n\t\t\t<div class=\"elementor-widget-wrap elementor-element-populated\">\n\t\t\t\t\t\t<div class=\"elementor-element elementor-element-9289c08 elementor-align-center elementor-widget elementor-widget-button\" data-id=\"9289c08\" data-element_type=\"widget\" data-e-type=\"widget\" data-widget_type=\"button.default\">\n\t\t\t\t<div class=\"elementor-widget-container\">\n\t\t\t\t\t\t\t\t\t<div class=\"elementor-button-wrapper\">\n\t\t\t\t\t<a class=\"elementor-button elementor-button-link elementor-size-sm\" href=\"https:\/\/consuladodevenezuelaenmadrid.com\/\">\n\t\t\t\t\t\t<span class=\"elementor-button-content-wrapper\">\n\t\t\t\t\t\t\t\t\t<span class=\"elementor-button-text\">Salir<\/span>\n\t\t\t\t\t<\/span>\n\t\t\t\t\t<\/a>\n\t\t\t\t<\/div>\n\t\t\t\t\t\t\t\t<\/div>\n\t\t\t\t<\/div>\n\t\t\t\t\t<\/div>\n\t\t<\/div>\n\t\t\t\t\t<\/div>\n\t\t<\/section>\n\t\t\t\t<\/div>\n\t\t","protected":false},"excerpt":{"rendered":"<p>Registro de Nacimiento El Registro de Nacimiento se realiza exclusivamente a los hijos de venezolanos, nacidos en nuestra jurisdicci\u00f3n consular, que corresponde a las siguientes Comunidades Aut\u00f3nomas: Madrid, Castilla y Le\u00f3n, Castilla La Mancha, Extremadura, Murcia, Andaluc\u00eda, y las Ciudades Aut\u00f3nomas de Ceuta y Melilla. Mediante este acto se formaliza el registro de un ciudadano [&hellip;]<\/p>\n","protected":false},"author":1,"featured_media":0,"parent":0,"menu_order":0,"comment_status":"closed","ping_status":"closed","template":"elementor_header_footer","meta":{"site-sidebar-layout":"default","site-content-layout":"default","ast-site-content-layout":"default","site-content-style":"default","site-sidebar-style":"default","ast-global-header-display":"","ast-banner-title-visibility":"","ast-main-header-display":"","ast-hfb-above-header-display":"","ast-hfb-below-header-display":"","ast-hfb-mobile-header-display":"","site-post-title":"","ast-breadcrumbs-content":"","ast-featured-img":"","footer-sml-layout":"","ast-disable-related-posts":"","theme-transparent-header-meta":"default","adv-header-id-meta":"","stick-header-meta":"","header-above-stick-meta":"","header-main-stick-meta":"","header-below-stick-meta":"","astra-migrate-meta-layouts":"default","ast-page-background-enabled":"default","ast-page-background-meta":{"desktop":{"background-color":"var(--ast-global-color-4)","background-image":"","background-repeat":"repeat","background-position":"center center","background-size":"auto","background-attachment":"scroll","background-type":"","background-media":"","overlay-type":"","overlay-color":"","overlay-opacity":"","overlay-gradient":""},"tablet":{"background-color":"","background-image":"","background-repeat":"repeat","background-position":"center center","background-size":"auto","background-attachment":"scroll","background-type":"","background-media":"","overlay-type":"","overlay-color":"","overlay-opacity":"","overlay-gradient":""},"mobile":{"background-color":"","background-image":"","background-repeat":"repeat","background-position":"center center","background-size":"auto","background-attachment":"scroll","background-type":"","background-media":"","overlay-type":"","overlay-color":"","overlay-opacity":"","overlay-gradient":""}},"ast-content-background-meta":{"desktop":{"background-color":"var(--ast-global-color-5)","background-image":"","background-repeat":"repeat","background-position":"center center","background-size":"auto","background-attachment":"scroll","background-type":"","background-media":"","overlay-type":"","overlay-color":"","overlay-opacity":"","overlay-gradient":""},"tablet":{"background-color":"var(--ast-global-color-5)","background-image":"","background-repeat":"repeat","background-position":"center center","background-size":"auto","background-attachment":"scroll","background-type":"","background-media":"","overlay-type":"","overlay-color":"","overlay-opacity":"","overlay-gradient":""},"mobile":{"background-color":"var(--ast-global-color-5)","background-image":"","background-repeat":"repeat","background-position":"center center","background-size":"auto","background-attachment":"scroll","background-type":"","background-media":"","overlay-type":"","overlay-color":"","overlay-opacity":"","overlay-gradient":""}},"footnotes":""},"class_list":["post-289","page","type-page","status-publish","hentry"],"_links":{"self":[{"href":"https:\/\/consuladodevenezuelaenmadrid.com\/index.php\/wp-json\/wp\/v2\/pages\/289","targetHints":{"allow":["GET"]}}],"collection":[{"href":"https:\/\/consuladodevenezuelaenmadrid.com\/index.php\/wp-json\/wp\/v2\/pages"}],"about":[{"href":"https:\/\/consuladodevenezuelaenmadrid.com\/index.php\/wp-json\/wp\/v2\/types\/page"}],"author":[{"embeddable":true,"href":"https:\/\/consuladodevenezuelaenmadrid.com\/index.php\/wp-json\/wp\/v2\/users\/1"}],"replies":[{"embeddable":true,"href":"https:\/\/consuladodevenezuelaenmadrid.com\/index.php\/wp-json\/wp\/v2\/comments?post=289"}],"version-history":[{"count":36,"href":"https:\/\/consuladodevenezuelaenmadrid.com\/index.php\/wp-json\/wp\/v2\/pages\/289\/revisions"}],"predecessor-version":[{"id":5347,"href":"https:\/\/consuladodevenezuelaenmadrid.com\/index.php\/wp-json\/wp\/v2\/pages\/289\/revisions\/5347"}],"wp:attachment":[{"href":"https:\/\/consuladodevenezuelaenmadrid.com\/index.php\/wp-json\/wp\/v2\/media?parent=289"}],"curies":[{"name":"wp","href":"https:\/\/api.w.org\/{rel}","templated":true}]}}