{"id":282,"date":"2020-05-17T00:50:03","date_gmt":"2020-05-17T00:50:03","guid":{"rendered":"http:\/\/localhost\/consulado\/?page_id=282"},"modified":"2026-03-02T17:10:30","modified_gmt":"2026-03-02T17:10:30","slug":"documento-de-viaje","status":"publish","type":"page","link":"https:\/\/consuladodevenezuelaenmadrid.com\/index.php\/documento-de-viaje\/","title":{"rendered":"DOCUMENTO DE VIAJE"},"content":{"rendered":"\t\t<div data-elementor-type=\"wp-page\" data-elementor-id=\"282\" class=\"elementor elementor-282\">\n\t\t\t\t\t\t<section class=\"elementor-section elementor-top-section elementor-element elementor-element-6fbde96d elementor-section-boxed elementor-section-height-default elementor-section-height-default\" data-id=\"6fbde96d\" data-element_type=\"section\" data-e-type=\"section\">\n\t\t\t\t\t\t<div class=\"elementor-container elementor-column-gap-default\">\n\t\t\t\t\t<div class=\"elementor-column elementor-col-100 elementor-top-column elementor-element elementor-element-79f4f55c\" data-id=\"79f4f55c\" data-element_type=\"column\" data-e-type=\"column\">\n\t\t\t<div class=\"elementor-widget-wrap elementor-element-populated\">\n\t\t\t\t\t\t<div class=\"elementor-element elementor-element-e1c6f4a elementor-widget elementor-widget-spacer\" data-id=\"e1c6f4a\" data-element_type=\"widget\" data-e-type=\"widget\" data-widget_type=\"spacer.default\">\n\t\t\t\t<div class=\"elementor-widget-container\">\n\t\t\t\t\t\t\t<div class=\"elementor-spacer\">\n\t\t\t<div class=\"elementor-spacer-inner\"><\/div>\n\t\t<\/div>\n\t\t\t\t\t\t<\/div>\n\t\t\t\t<\/div>\n\t\t\t\t<div class=\"elementor-element elementor-element-485acdb elementor-widget elementor-widget-heading\" data-id=\"485acdb\" data-element_type=\"widget\" data-e-type=\"widget\" data-widget_type=\"heading.default\">\n\t\t\t\t<div class=\"elementor-widget-container\">\n\t\t\t\t\t<h2 class=\"elementor-heading-title elementor-size-default\">Documento de viaje<\/h2>\t\t\t\t<\/div>\n\t\t\t\t<\/div>\n\t\t\t\t<div class=\"elementor-element elementor-element-7b4f6cb elementor-widget elementor-widget-text-editor\" data-id=\"7b4f6cb\" data-element_type=\"widget\" data-e-type=\"widget\" data-widget_type=\"text-editor.default\">\n\t\t\t\t<div class=\"elementor-widget-container\">\n\t\t\t\t\t\t\t\t\t<ul>\n<li>\u00a0<\/li>\n<\/ul>\n<p>De acuerdo a la normativa vigente en materia de seguridad a\u00e9rea regida por la Organizaci\u00f3n de Aviaci\u00f3n Civil Internacional (OACI), y el Servicio Administrativo de Identificaci\u00f3n, Migraci\u00f3n y Extranjer\u00eda (SAIME): <strong>todos los ciudadanos venezolanos\u00a0 que planean viajar a Venezuela con pasaporte vencido o sin poseerlo (no emitido, extraviado o robado) deben tramitar un <span style=\"color: #008080;\"><span style=\"color: #800000;\">Documento de Viaje<\/span> <span style=\"color: #000000;\">(salvoconducto).<\/span><\/span><\/strong><\/p>\n<p>En esta Oficina Consular, los venezolanos residentes en nuestra circunscripci\u00f3n, puede tramitar el Documento de Viaje <strong>que les permite salir de Espa\u00f1a con direcci\u00f3n a Venezuela y la entrada en Venezuela. No podr\u00e1 hacer migraci\u00f3n en un tercer pa\u00eds, <\/strong>por lo que el viaje debe ser sin escalas.<\/p>\n<p><strong>Los Documentos de Viaje son exclusivamente para viajar a Venezuela<\/strong>, no los puede utilizar para regresar a Espa\u00f1a, o para viajar a otro destino.\u00a0<\/p>\n<p>En general, para tramitar un Documento de Viaje en esta oficina consular, el interesado debe <strong>iniciar la solicitud en l\u00ednea<\/strong>, al menos<strong> quince (15) d\u00edas antes de la fecha de embarque, <\/strong>completar el formulario del tr\u00e1mite y esperar que se le asigne una cita, para acudir personalmente al consulado a firmar y retirar el documento.\u00a0<\/p>\n<p>Al realizar su solicitud deber\u00e1\u00a0 adjuntar en el formulario, copia en PDF de los siguientes recaudos:<\/p>\n<ol>\n<li>Copia de la C\u00e9dula de Identidad laminada (ni\u00f1os, ni\u00f1as y adolescentes sin c\u00e9dula, copia de la partida de nacimiento).<\/li>\n<li>Copia del pasaporte. Si no dispone del pasaporte por extrav\u00edo o robo, adjunte copia de la denuncia ante la polic\u00eda espa\u00f1ola.<\/li>\n<li>Si es residente en Espa\u00f1a, copia de la constancia de registro consular actualizado o copia del padr\u00f3n municipal.\u00a0\u00a0<\/li>\n<li>Copia del pasaje a\u00e9reo a Venezuela (tome en cuenta que este tr\u00e1mite puede tardar hasta 15 d\u00edas a la hora de definir la fecha de salida).<\/li>\n<\/ol>\n<p><strong>El d\u00eda de su cita debe presentar ante el funcionario consular que le atienda:<\/strong><\/p>\n<ol>\n<li>Una (1) fotograf\u00eda recientes, de frente, tama\u00f1o pasaporte, a color, fondo claro y sin lentes.<\/li>\n<li>Original y copia de los Documentos de identidad venezolano (c\u00e9dula de identidad, pasaporte vencido, acta de nacimiento y\/o Gaceta Oficial de naturalizaci\u00f3n; todos los que posea).<\/li>\n<li>Si no dispone del pasaporte por extrav\u00edo o robo, debe traernos original y copia de la denuncia ante la polic\u00eda espa\u00f1ola.<\/li>\n<li>En el <strong>caso de ni\u00f1os, ni\u00f1as y adolescentes<\/strong>, deben venir <strong>acompa\u00f1ados de ambos padres, <\/strong>quienes deben presentar original y copia de sus documentos de identidad venezolanos.<\/li>\n<\/ol>\n<ul>\n<li style=\"list-style-type: none;\">\n<ul>\n<li><strong>La ausencia de unos de los padres, podr\u00e1 ser justificada mediante<\/strong>:\n<ol>\n<li>Original y copia del acta de defunci\u00f3n del progenitor ausente.<\/li>\n<li>Original y copia de sentencia de tribunal por cambio de residencia, que habilite al progenitor presente a realizar dicho tr\u00e1mite, o por ejercicio unilateral de la patria potestad. Si la sentencia es de tribunal extranjero, deber\u00e1 estar apostillada.<\/li>\n<li>Original de autorizaci\u00f3n del progenitor ausente, otorgada en sede consular nacional o ante autoridad notarial. La autorizaci\u00f3n debe indicar los datos de la persona autorizada, tipo de tr\u00e1mite y Embajada o Consulado donde se realizar\u00e1 el mencionado tr\u00e1mite. Si la autorizaci\u00f3n se tramita ante autoridad notarial fuera de Venezuela, deber\u00e1 ser apostillada.<\/li>\n<\/ol>\n<\/li>\n<li><strong>En caso de que ambos progenitores hayan fallecido o est\u00e9n privados de la patria potestad<\/strong>, para la atenci\u00f3n del tramit\u00e9 ser\u00e1 necesaria la presentaci\u00f3n de copia de la sentencia de Tribunal venezolano, con presentaci\u00f3n del original para la verificaci\u00f3n respectiva, mediante la cual se otorga la tutela a un tercero responsable. En caso de colocaciones temporales o medidas provisionales, se requiere ejemplar original de autorizaci\u00f3n judicial expresa adicional para la atenci\u00f3n del tr\u00e1mite.<\/li>\n<li>Para tr\u00e1mites de ni\u00f1as, ni\u00f1os y adolescentes <strong>no se admiten poderes<\/strong>.<\/li>\n<\/ul>\n<\/li>\n<\/ul>\n<p><strong>ARANCELES<\/strong><\/p>\n<p>El tr\u00e1mite tiene un costo de <strong>sesenta euros<\/strong> (<strong>60,00 \u20ac<\/strong>), con las exoneraciones derivadas de las excepciones que se mencionan a continuaci\u00f3n:<\/p>\n<ul>\n<li>Ni\u00f1os, Ni\u00f1as y\/o Adolescentes.<\/li>\n<\/ul>\n<div>Y previa\u00a0<span style=\"font-size: 16px; font-style: normal; font-weight: 400; letter-spacing: 0px;\">aprobaci\u00f3n de la Oficina de Relaciones Consulares del MPPRE en Venezuela:<\/span><br \/><span style=\"font-size: 16px; font-style: normal; font-weight: 400; letter-spacing: 0px;\"><br \/><\/span><\/div>\n<ul>\n<li>Los ciudadanos(as) venezolanos(as) en proceso de repatriaci\u00f3n.<\/li>\n<li>Los ciudadanos(as) venezolanos(as) en caso de presuntas v\u00edctimas de Trata de Personas.<\/li>\n<li>Los ciudadanos(as) venezolanos(as) detenidos con orden de deportaci\u00f3n y\/o expulsi\u00f3n.<\/li>\n<\/ul>\n<p><strong>REQUIERO MAS INFORMACI\u00d3N<\/strong><\/p>\n<p>Si necesita m\u00e1s informaci\u00f3n o conocer el status de su solicitud, remita un correo a:<\/p>\n<p style=\"text-align: center;\"><a href=\"mailto:docviaje@consuladodevenezuelaenmadrid.com\">docviaje@consuladodevenezuelaenmadrid.com<\/a><\/p>\t\t\t\t\t\t\t\t<\/div>\n\t\t\t\t<\/div>\n\t\t\t\t<div class=\"elementor-element elementor-element-5c016d3 elementor-widget elementor-widget-text-editor\" data-id=\"5c016d3\" data-element_type=\"widget\" data-e-type=\"widget\" data-widget_type=\"text-editor.default\">\n\t\t\t\t<div class=\"elementor-widget-container\">\n\t\t\t\t\t\t\t\t\t\n<div class=\"wp-block-themeisle-blocks-advanced-columns has-undefined-columns has-desktop-undefined-layout has-tablet-equal-layout has-mobile-equal-layout has-default-gap has-vertical-unset\" id=\"wp-block-themeisle-blocks-advanced-columns-29479a35\"><div class=\"wp-block-themeisle-blocks-advanced-columns-overlay\"><\/div><div class=\"innerblocks-wrap\"><\/div><\/div>\n\t\t\t\t\t\t\t\t<\/div>\n\t\t\t\t<\/div>\n\t\t\t\t\t<\/div>\n\t\t<\/div>\n\t\t\t\t\t<\/div>\n\t\t<\/section>\n\t\t\t\t<section class=\"elementor-section elementor-top-section elementor-element elementor-element-aa5b998 elementor-section-boxed elementor-section-height-default elementor-section-height-default\" data-id=\"aa5b998\" data-element_type=\"section\" data-e-type=\"section\">\n\t\t\t\t\t\t<div class=\"elementor-container elementor-column-gap-default\">\n\t\t\t\t\t<div class=\"elementor-column elementor-col-50 elementor-top-column elementor-element elementor-element-f6bc648\" data-id=\"f6bc648\" data-element_type=\"column\" data-e-type=\"column\">\n\t\t\t<div class=\"elementor-widget-wrap elementor-element-populated\">\n\t\t\t\t\t\t<div class=\"elementor-element elementor-element-ea36b54 elementor-align-center elementor-widget elementor-widget-button\" data-id=\"ea36b54\" data-element_type=\"widget\" data-e-type=\"widget\" data-widget_type=\"button.default\">\n\t\t\t\t<div class=\"elementor-widget-container\">\n\t\t\t\t\t\t\t\t\t<div class=\"elementor-button-wrapper\">\n\t\t\t\t\t<a class=\"elementor-button elementor-button-link elementor-size-sm\" href=\"https:\/\/consuladodevenezuelaenmadrid.com\/index.php\/cita-documento-de-viaje\/\">\n\t\t\t\t\t\t<span class=\"elementor-button-content-wrapper\">\n\t\t\t\t\t\t\t\t\t<span class=\"elementor-button-text\">Solicitar documento<\/span>\n\t\t\t\t\t<\/span>\n\t\t\t\t\t<\/a>\n\t\t\t\t<\/div>\n\t\t\t\t\t\t\t\t<\/div>\n\t\t\t\t<\/div>\n\t\t\t\t\t<\/div>\n\t\t<\/div>\n\t\t\t\t<div class=\"elementor-column elementor-col-50 elementor-top-column elementor-element elementor-element-e20ce21\" data-id=\"e20ce21\" data-element_type=\"column\" data-e-type=\"column\">\n\t\t\t<div class=\"elementor-widget-wrap elementor-element-populated\">\n\t\t\t\t\t\t<div class=\"elementor-element elementor-element-656c544 elementor-align-center elementor-widget elementor-widget-button\" data-id=\"656c544\" data-element_type=\"widget\" data-e-type=\"widget\" data-widget_type=\"button.default\">\n\t\t\t\t<div class=\"elementor-widget-container\">\n\t\t\t\t\t\t\t\t\t<div class=\"elementor-button-wrapper\">\n\t\t\t\t\t<a class=\"elementor-button elementor-button-link elementor-size-sm\" href=\"http:\/\/consuladodevenezuelaenmadrid.com\/\">\n\t\t\t\t\t\t<span class=\"elementor-button-content-wrapper\">\n\t\t\t\t\t\t\t\t\t<span class=\"elementor-button-text\">Salir<\/span>\n\t\t\t\t\t<\/span>\n\t\t\t\t\t<\/a>\n\t\t\t\t<\/div>\n\t\t\t\t\t\t\t\t<\/div>\n\t\t\t\t<\/div>\n\t\t\t\t\t<\/div>\n\t\t<\/div>\n\t\t\t\t\t<\/div>\n\t\t<\/section>\n\t\t\t\t<\/div>\n\t\t","protected":false},"excerpt":{"rendered":"<p>Documento de viaje \u00a0 De acuerdo a la normativa vigente en materia de seguridad a\u00e9rea regida por la Organizaci\u00f3n de Aviaci\u00f3n Civil Internacional (OACI), y el Servicio Administrativo de Identificaci\u00f3n, Migraci\u00f3n y Extranjer\u00eda (SAIME): todos los ciudadanos venezolanos\u00a0 que planean viajar a Venezuela con pasaporte vencido o sin poseerlo (no emitido, extraviado o robado) deben [&hellip;]<\/p>\n","protected":false},"author":1,"featured_media":0,"parent":0,"menu_order":0,"comment_status":"closed","ping_status":"closed","template":"elementor_header_footer","meta":{"site-sidebar-layout":"default","site-content-layout":"default","ast-site-content-layout":"default","site-content-style":"default","site-sidebar-style":"default","ast-global-header-display":"","ast-banner-title-visibility":"","ast-main-header-display":"","ast-hfb-above-header-display":"","ast-hfb-below-header-display":"","ast-hfb-mobile-header-display":"","site-post-title":"","ast-breadcrumbs-content":"","ast-featured-img":"","footer-sml-layout":"","ast-disable-related-posts":"","theme-transparent-header-meta":"default","adv-header-id-meta":"","stick-header-meta":"","header-above-stick-meta":"","header-main-stick-meta":"","header-below-stick-meta":"","astra-migrate-meta-layouts":"default","ast-page-background-enabled":"default","ast-page-background-meta":{"desktop":{"background-color":"var(--ast-global-color-4)","background-image":"","background-repeat":"repeat","background-position":"center center","background-size":"auto","background-attachment":"scroll","background-type":"","background-media":"","overlay-type":"","overlay-color":"","overlay-opacity":"","overlay-gradient":""},"tablet":{"background-color":"","background-image":"","background-repeat":"repeat","background-position":"center center","background-size":"auto","background-attachment":"scroll","background-type":"","background-media":"","overlay-type":"","overlay-color":"","overlay-opacity":"","overlay-gradient":""},"mobile":{"background-color":"","background-image":"","background-repeat":"repeat","background-position":"center center","background-size":"auto","background-attachment":"scroll","background-type":"","background-media":"","overlay-type":"","overlay-color":"","overlay-opacity":"","overlay-gradient":""}},"ast-content-background-meta":{"desktop":{"background-color":"var(--ast-global-color-5)","background-image":"","background-repeat":"repeat","background-position":"center center","background-size":"auto","background-attachment":"scroll","background-type":"","background-media":"","overlay-type":"","overlay-color":"","overlay-opacity":"","overlay-gradient":""},"tablet":{"background-color":"var(--ast-global-color-5)","background-image":"","background-repeat":"repeat","background-position":"center center","background-size":"auto","background-attachment":"scroll","background-type":"","background-media":"","overlay-type":"","overlay-color":"","overlay-opacity":"","overlay-gradient":""},"mobile":{"background-color":"var(--ast-global-color-5)","background-image":"","background-repeat":"repeat","background-position":"center center","background-size":"auto","background-attachment":"scroll","background-type":"","background-media":"","overlay-type":"","overlay-color":"","overlay-opacity":"","overlay-gradient":""}},"footnotes":""},"class_list":["post-282","page","type-page","status-publish","hentry"],"_links":{"self":[{"href":"https:\/\/consuladodevenezuelaenmadrid.com\/index.php\/wp-json\/wp\/v2\/pages\/282","targetHints":{"allow":["GET"]}}],"collection":[{"href":"https:\/\/consuladodevenezuelaenmadrid.com\/index.php\/wp-json\/wp\/v2\/pages"}],"about":[{"href":"https:\/\/consuladodevenezuelaenmadrid.com\/index.php\/wp-json\/wp\/v2\/types\/page"}],"author":[{"embeddable":true,"href":"https:\/\/consuladodevenezuelaenmadrid.com\/index.php\/wp-json\/wp\/v2\/users\/1"}],"replies":[{"embeddable":true,"href":"https:\/\/consuladodevenezuelaenmadrid.com\/index.php\/wp-json\/wp\/v2\/comments?post=282"}],"version-history":[{"count":65,"href":"https:\/\/consuladodevenezuelaenmadrid.com\/index.php\/wp-json\/wp\/v2\/pages\/282\/revisions"}],"predecessor-version":[{"id":5425,"href":"https:\/\/consuladodevenezuelaenmadrid.com\/index.php\/wp-json\/wp\/v2\/pages\/282\/revisions\/5425"}],"wp:attachment":[{"href":"https:\/\/consuladodevenezuelaenmadrid.com\/index.php\/wp-json\/wp\/v2\/media?parent=282"}],"curies":[{"name":"wp","href":"https:\/\/api.w.org\/{rel}","templated":true}]}}