{"id":280,"date":"2020-05-17T00:48:55","date_gmt":"2020-05-17T00:48:55","guid":{"rendered":"http:\/\/localhost\/consulado\/?page_id=280"},"modified":"2023-06-28T07:18:17","modified_gmt":"2023-06-28T07:18:17","slug":"edictos-para-matrimonio","status":"publish","type":"page","link":"https:\/\/consuladodevenezuelaenmadrid.com\/index.php\/edictos-para-matrimonio\/","title":{"rendered":"EDICTO PARA MATRIMONIO"},"content":{"rendered":"\t\t<div data-elementor-type=\"wp-page\" data-elementor-id=\"280\" class=\"elementor elementor-280\">\n\t\t\t\t\t\t<section class=\"elementor-section elementor-top-section elementor-element elementor-element-22c6bccb elementor-section-boxed elementor-section-height-default elementor-section-height-default\" data-id=\"22c6bccb\" data-element_type=\"section\" data-e-type=\"section\">\n\t\t\t\t\t\t<div class=\"elementor-container elementor-column-gap-default\">\n\t\t\t\t\t<div class=\"elementor-column elementor-col-100 elementor-top-column elementor-element elementor-element-53ea6a1b\" data-id=\"53ea6a1b\" data-element_type=\"column\" data-e-type=\"column\">\n\t\t\t<div class=\"elementor-widget-wrap elementor-element-populated\">\n\t\t\t\t\t\t<div class=\"elementor-element elementor-element-4571928 elementor-widget elementor-widget-spacer\" data-id=\"4571928\" data-element_type=\"widget\" data-e-type=\"widget\" data-widget_type=\"spacer.default\">\n\t\t\t\t<div class=\"elementor-widget-container\">\n\t\t\t\t\t\t\t<div class=\"elementor-spacer\">\n\t\t\t<div class=\"elementor-spacer-inner\"><\/div>\n\t\t<\/div>\n\t\t\t\t\t\t<\/div>\n\t\t\t\t<\/div>\n\t\t\t\t<div class=\"elementor-element elementor-element-7fd6631 elementor-widget elementor-widget-heading\" data-id=\"7fd6631\" data-element_type=\"widget\" data-e-type=\"widget\" data-widget_type=\"heading.default\">\n\t\t\t\t<div class=\"elementor-widget-container\">\n\t\t\t\t\t<h2 class=\"elementor-heading-title elementor-size-default\">EDICTOS PARA MATRIMONIO<\/h2>\t\t\t\t<\/div>\n\t\t\t\t<\/div>\n\t\t\t\t<div class=\"elementor-element elementor-element-6e8590cf elementor-widget elementor-widget-text-editor\" data-id=\"6e8590cf\" data-element_type=\"widget\" data-e-type=\"widget\" data-widget_type=\"text-editor.default\">\n\t\t\t\t<div class=\"elementor-widget-container\">\n\t\t\t\t\t\t\t\t\t<p><\/p>\n<div id=\"wp-block-themeisle-blocks-advanced-columns-8afdd8ce\" class=\"wp-block-themeisle-blocks-advanced-columns has-1-columns has-desktop-equal-layout has-tablet-equal-layout has-mobile-equal-layout has-default-gap has-vertical-unset\">\n<div class=\"innerblocks-wrap\">\n<div id=\"wp-block-themeisle-blocks-advanced-column-ea2996b1\" class=\"wp-block-themeisle-blocks-advanced-column\">\n<p>Es una nota mediante la cual se informa que los ciudadanos venezolanos que se encuentran fuera de Venezuela no tienen obligaci\u00f3n legal de publicar en esta Oficina Consular los edictos para contraer matrimonio.<\/p>\n<p><\/p>\n<p><\/p>\n<p>Este tr\u00e1mite se hace\u00a0<strong>EXCLUSIVAMENTE POR CORREO POSTAL.<\/strong> Para ello, debe enviar a nuestra direcci\u00f3n postal (calle de Eloy Gonzalo 40 \u2013 28010 Madrid), los siguientes recaudos:<\/p>\n<p><\/p>\n<p><\/p>\n<ul class=\"wp-block-list\">\n<li>Una carta solicitando el tr\u00e1mite, especificando sus datos de contacto y\u00a0<strong>ante qu\u00e9 organismo\u00a0<\/strong>(p. ej. Ayuntamiento de Guadalajara, Juzgado de Paz de San Sebasti\u00e1n de los Reyes o Registro Civil de Almer\u00eda) se celebrar\u00e1 el matrimonio.<\/li>\n<li>Copia de la c\u00e9dula de identidad y del pasaporte (solo la hoja con sus datos personales).<\/li>\n<li>Copia de la constancia de registro consular. Si no est\u00e1 inscrito, puede hacer ambos tr\u00e1mites al mismo tiempo. Puede verificar los recaudos y procedimientos siguiendo este enlace:<a href=\"https:\/\/consuladodevenezuelaenmadrid.net\/index.php\/registro-consular\/\" target=\"_blank\" rel=\"noopener\">\u00a0<\/a><a href=\"https:\/\/consuladodevenezuelaenmadrid.com\/index.php\/registro-consular\/\" target=\"_blank\" rel=\"noopener\">REGISTRO\u00a0CONSULAR DE CAR\u00c1CTER GENERA<\/a><a href=\"https:\/\/consuladodevenezuelaenmadrid.net\/index.php\/registro-consular\/\" target=\"_blank\" rel=\"noopener\">L<\/a>.<\/li>\n<li>Un sobre, tama\u00f1o Din A4, con las estampillas o sellos postales necesarios para un env\u00edo de hasta 200 grs, que ser\u00e1 utilizado por la misi\u00f3n consular para remitirle el documento. Debe indicar la direcci\u00f3n a la cual requiere que sea enviado.<\/li>\n<\/ul>\n<p><\/p>\n<p><\/p>\n<p><\/p>\n<p><\/p>\n<p><strong>TIEMPO DE ENTREGA:<\/strong><\/p>\n<p><\/p>\n<p><\/p>\n<p>El tiempo de entrega de este tr\u00e1mite depende del volumen de solicitudes que se est\u00e9n procesando; como referencia, se estima en unos cinco (5) d\u00edas laborables. A esto hay que a\u00f1adir el tiempo que tarde correos en la entrega de la solicitud inicial y del documento final.<\/p>\n<\/div>\n<\/div>\n<\/div>\n<p><\/p>\n<p>\u00a0<\/p>\t\t\t\t\t\t\t\t<\/div>\n\t\t\t\t<\/div>\n\t\t\t\t\t<\/div>\n\t\t<\/div>\n\t\t\t\t\t<\/div>\n\t\t<\/section>\n\t\t\t\t<section class=\"elementor-section elementor-top-section elementor-element elementor-element-75ec891 elementor-section-boxed elementor-section-height-default elementor-section-height-default\" data-id=\"75ec891\" data-element_type=\"section\" data-e-type=\"section\">\n\t\t\t\t\t\t<div class=\"elementor-container elementor-column-gap-default\">\n\t\t\t\t\t<div class=\"elementor-column elementor-col-50 elementor-top-column elementor-element elementor-element-c5dd413\" data-id=\"c5dd413\" data-element_type=\"column\" data-e-type=\"column\">\n\t\t\t<div class=\"elementor-widget-wrap elementor-element-populated\">\n\t\t\t\t\t\t<div class=\"elementor-element elementor-element-5d758f0 elementor-align-center elementor-widget elementor-widget-button\" data-id=\"5d758f0\" data-element_type=\"widget\" data-e-type=\"widget\" data-widget_type=\"button.default\">\n\t\t\t\t<div class=\"elementor-widget-container\">\n\t\t\t\t\t\t\t\t\t<div class=\"elementor-button-wrapper\">\n\t\t\t\t\t<a class=\"elementor-button elementor-button-link elementor-size-sm\" href=\"https:\/\/consuladodevenezuelaenmadrid.com\/index.php\/contacto\/\">\n\t\t\t\t\t\t<span class=\"elementor-button-content-wrapper\">\n\t\t\t\t\t\t\t\t\t<span class=\"elementor-button-text\">Requiero m\u00e1s informaci\u00f3n<\/span>\n\t\t\t\t\t<\/span>\n\t\t\t\t\t<\/a>\n\t\t\t\t<\/div>\n\t\t\t\t\t\t\t\t<\/div>\n\t\t\t\t<\/div>\n\t\t\t\t\t<\/div>\n\t\t<\/div>\n\t\t\t\t<div class=\"elementor-column elementor-col-50 elementor-top-column elementor-element elementor-element-1fa0915\" data-id=\"1fa0915\" data-element_type=\"column\" data-e-type=\"column\">\n\t\t\t<div class=\"elementor-widget-wrap elementor-element-populated\">\n\t\t\t\t\t\t<div class=\"elementor-element elementor-element-3cb976f elementor-align-center elementor-widget elementor-widget-button\" data-id=\"3cb976f\" data-element_type=\"widget\" data-e-type=\"widget\" data-widget_type=\"button.default\">\n\t\t\t\t<div class=\"elementor-widget-container\">\n\t\t\t\t\t\t\t\t\t<div class=\"elementor-button-wrapper\">\n\t\t\t\t\t<a class=\"elementor-button elementor-button-link elementor-size-sm\" href=\"https:\/\/consuladodevenezuelaenmadrid.com\/\">\n\t\t\t\t\t\t<span class=\"elementor-button-content-wrapper\">\n\t\t\t\t\t\t\t\t\t<span class=\"elementor-button-text\">Salir<\/span>\n\t\t\t\t\t<\/span>\n\t\t\t\t\t<\/a>\n\t\t\t\t<\/div>\n\t\t\t\t\t\t\t\t<\/div>\n\t\t\t\t<\/div>\n\t\t\t\t\t<\/div>\n\t\t<\/div>\n\t\t\t\t\t<\/div>\n\t\t<\/section>\n\t\t\t\t<\/div>\n\t\t","protected":false},"excerpt":{"rendered":"<p>EDICTOS PARA MATRIMONIO Este tr\u00e1mite se hace\u00a0EXCLUSIVAMENTE POR CORREO POSTAL. Para ello, debe enviar a nuestra direcci\u00f3n postal (calle de Eloy Gonzalo 40 \u2013 28010 Madrid), los siguientes recaudos: Una carta solicitando el tr\u00e1mite, especificando sus datos de contacto y\u00a0ante qu\u00e9 organismo\u00a0(p. ej. Ayuntamiento de Guadalajara, Juzgado de Paz de San Sebasti\u00e1n de los Reyes [&hellip;]<\/p>\n","protected":false},"author":1,"featured_media":0,"parent":0,"menu_order":0,"comment_status":"closed","ping_status":"closed","template":"elementor_header_footer","meta":{"site-sidebar-layout":"default","site-content-layout":"default","ast-site-content-layout":"default","site-content-style":"default","site-sidebar-style":"default","ast-global-header-display":"","ast-banner-title-visibility":"","ast-main-header-display":"","ast-hfb-above-header-display":"","ast-hfb-below-header-display":"","ast-hfb-mobile-header-display":"","site-post-title":"","ast-breadcrumbs-content":"","ast-featured-img":"","footer-sml-layout":"","ast-disable-related-posts":"","theme-transparent-header-meta":"default","adv-header-id-meta":"","stick-header-meta":"","header-above-stick-meta":"","header-main-stick-meta":"","header-below-stick-meta":"","astra-migrate-meta-layouts":"default","ast-page-background-enabled":"default","ast-page-background-meta":{"desktop":{"background-color":"var(--ast-global-color-4)","background-image":"","background-repeat":"repeat","background-position":"center center","background-size":"auto","background-attachment":"scroll","background-type":"","background-media":"","overlay-type":"","overlay-color":"","overlay-opacity":"","overlay-gradient":""},"tablet":{"background-color":"","background-image":"","background-repeat":"repeat","background-position":"center center","background-size":"auto","background-attachment":"scroll","background-type":"","background-media":"","overlay-type":"","overlay-color":"","overlay-opacity":"","overlay-gradient":""},"mobile":{"background-color":"","background-image":"","background-repeat":"repeat","background-position":"center center","background-size":"auto","background-attachment":"scroll","background-type":"","background-media":"","overlay-type":"","overlay-color":"","overlay-opacity":"","overlay-gradient":""}},"ast-content-background-meta":{"desktop":{"background-color":"var(--ast-global-color-5)","background-image":"","background-repeat":"repeat","background-position":"center center","background-size":"auto","background-attachment":"scroll","background-type":"","background-media":"","overlay-type":"","overlay-color":"","overlay-opacity":"","overlay-gradient":""},"tablet":{"background-color":"var(--ast-global-color-5)","background-image":"","background-repeat":"repeat","background-position":"center center","background-size":"auto","background-attachment":"scroll","background-type":"","background-media":"","overlay-type":"","overlay-color":"","overlay-opacity":"","overlay-gradient":""},"mobile":{"background-color":"var(--ast-global-color-5)","background-image":"","background-repeat":"repeat","background-position":"center center","background-size":"auto","background-attachment":"scroll","background-type":"","background-media":"","overlay-type":"","overlay-color":"","overlay-opacity":"","overlay-gradient":""}},"footnotes":""},"class_list":["post-280","page","type-page","status-publish","hentry"],"_links":{"self":[{"href":"https:\/\/consuladodevenezuelaenmadrid.com\/index.php\/wp-json\/wp\/v2\/pages\/280","targetHints":{"allow":["GET"]}}],"collection":[{"href":"https:\/\/consuladodevenezuelaenmadrid.com\/index.php\/wp-json\/wp\/v2\/pages"}],"about":[{"href":"https:\/\/consuladodevenezuelaenmadrid.com\/index.php\/wp-json\/wp\/v2\/types\/page"}],"author":[{"embeddable":true,"href":"https:\/\/consuladodevenezuelaenmadrid.com\/index.php\/wp-json\/wp\/v2\/users\/1"}],"replies":[{"embeddable":true,"href":"https:\/\/consuladodevenezuelaenmadrid.com\/index.php\/wp-json\/wp\/v2\/comments?post=280"}],"version-history":[{"count":19,"href":"https:\/\/consuladodevenezuelaenmadrid.com\/index.php\/wp-json\/wp\/v2\/pages\/280\/revisions"}],"predecessor-version":[{"id":3950,"href":"https:\/\/consuladodevenezuelaenmadrid.com\/index.php\/wp-json\/wp\/v2\/pages\/280\/revisions\/3950"}],"wp:attachment":[{"href":"https:\/\/consuladodevenezuelaenmadrid.com\/index.php\/wp-json\/wp\/v2\/media?parent=280"}],"curies":[{"name":"wp","href":"https:\/\/api.w.org\/{rel}","templated":true}]}}