{"id":278,"date":"2020-05-17T00:48:28","date_gmt":"2020-05-17T00:48:28","guid":{"rendered":"http:\/\/localhost\/consulado\/?page_id=278"},"modified":"2025-05-07T08:57:50","modified_gmt":"2025-05-07T08:57:50","slug":"carta-de-residencia","status":"publish","type":"page","link":"https:\/\/consuladodevenezuelaenmadrid.com\/index.php\/carta-de-residencia\/","title":{"rendered":"CARTA DE RESIDENCIA"},"content":{"rendered":"\t\t<div data-elementor-type=\"wp-page\" data-elementor-id=\"278\" class=\"elementor elementor-278\">\n\t\t\t\t\t\t<section class=\"elementor-section elementor-top-section elementor-element elementor-element-575062a5 elementor-section-boxed elementor-section-height-default elementor-section-height-default\" data-id=\"575062a5\" data-element_type=\"section\" data-e-type=\"section\">\n\t\t\t\t\t\t<div class=\"elementor-container elementor-column-gap-default\">\n\t\t\t\t\t<div class=\"elementor-column elementor-col-100 elementor-top-column elementor-element elementor-element-7fe133f6\" data-id=\"7fe133f6\" data-element_type=\"column\" data-e-type=\"column\">\n\t\t\t<div class=\"elementor-widget-wrap elementor-element-populated\">\n\t\t\t\t\t\t<div class=\"elementor-element elementor-element-0409fe7 elementor-widget elementor-widget-spacer\" data-id=\"0409fe7\" data-element_type=\"widget\" data-e-type=\"widget\" data-widget_type=\"spacer.default\">\n\t\t\t\t<div class=\"elementor-widget-container\">\n\t\t\t\t\t\t\t<div class=\"elementor-spacer\">\n\t\t\t<div class=\"elementor-spacer-inner\"><\/div>\n\t\t<\/div>\n\t\t\t\t\t\t<\/div>\n\t\t\t\t<\/div>\n\t\t\t\t<div class=\"elementor-element elementor-element-f8d276f elementor-widget elementor-widget-heading\" data-id=\"f8d276f\" data-element_type=\"widget\" data-e-type=\"widget\" data-widget_type=\"heading.default\">\n\t\t\t\t<div class=\"elementor-widget-container\">\n\t\t\t\t\t<h2 class=\"elementor-heading-title elementor-size-default\">CONSTANCIA DE RESIDENCIA<\/h2>\t\t\t\t<\/div>\n\t\t\t\t<\/div>\n\t\t\t\t<div class=\"elementor-element elementor-element-23d2b09a elementor-widget elementor-widget-text-editor\" data-id=\"23d2b09a\" data-element_type=\"widget\" data-e-type=\"widget\" data-widget_type=\"text-editor.default\">\n\t\t\t\t<div class=\"elementor-widget-container\">\n\t\t\t\t\t\t\t\t\t<p><\/p>\n<div id=\"wp-block-themeisle-blocks-advanced-columns-0d27c926\" class=\"wp-block-themeisle-blocks-advanced-columns has-1-columns has-desktop-equal-layout has-tablet-equal-layout has-mobile-equal-layout has-default-gap has-vertical-unset\">\n<div class=\"innerblocks-wrap\">\n<div id=\"wp-block-themeisle-blocks-advanced-column-2ac4e826\" class=\"wp-block-themeisle-blocks-advanced-column\">\n<p class=\"\" data-start=\"269\" data-end=\"598\">La <strong data-start=\"272\" data-end=\"300\">Constancia de Residencia<\/strong> es un documento que certifica que el solicitante ha estado domiciliado en la <strong data-start=\"378\" data-end=\"416\">Rep\u00fablica Bolivariana de Venezuela<\/strong>, se\u00f1alando <strong data-start=\"428\" data-end=\"465\">el lugar espec\u00edfico de residencia<\/strong> y <strong data-start=\"468\" data-end=\"489\">el per\u00edodo exacto<\/strong> durante el cual residi\u00f3 en el pa\u00eds, dentro de los <strong data-start=\"540\" data-end=\"582\">dos (2) a\u00f1os inmediatamente anteriores<\/strong> a la solicitud.<\/p>\n<p class=\"\" data-start=\"600\" data-end=\"814\">Este tr\u00e1mite est\u00e1 dirigido exclusivamente a ciudadanos venezolanos que necesiten acreditar su residencia en Venezuela para <strong data-start=\"723\" data-end=\"746\">contraer matrimonio<\/strong> o <strong data-start=\"749\" data-end=\"791\">registrar una uni\u00f3n de pareja de hecho<\/strong> en el Reino de Espa\u00f1a.<\/p>\n<blockquote data-start=\"816\" data-end=\"932\">\n<p class=\"\" data-start=\"818\" data-end=\"932\">\u26a0\ufe0f <em data-start=\"821\" data-end=\"932\">Si usted tiene m\u00e1s de dos (2) a\u00f1os domiciliado en Espa\u00f1a, este tr\u00e1mite carece de sentido y no ser\u00e1 procesado.<\/em><\/p>\n<\/blockquote>\n<h3 class=\"\" data-start=\"934\" data-end=\"958\">Requisitos generales<\/h3>\n<ul data-start=\"960\" data-end=\"1190\">\n<li class=\"\" data-start=\"960\" data-end=\"1048\">\n<p class=\"\" data-start=\"962\" data-end=\"1048\">Estar <strong data-start=\"968\" data-end=\"1021\">domiciliado dentro de la <a href=\"https:\/\/consuladodevenezuelaenmadrid.com\/index.php\/inicio\/consulado\/\" target=\"_blank\" rel=\"noopener\">circunscripci\u00f3n consular<\/a><\/strong> de este Consulado General.<\/p>\n<\/li>\n<li class=\"\" data-start=\"1049\" data-end=\"1190\">\n<p class=\"\" data-start=\"1051\" data-end=\"1116\">Contar con una <strong data-start=\"1066\" data-end=\"1113\">constancia de registro consular actualizada<\/strong>.<\/p>\n<blockquote data-start=\"1119\" data-end=\"1190\">\n<p class=\"\" data-start=\"1121\" data-end=\"1190\"><em data-start=\"1121\" data-end=\"1190\">En su defecto, se aceptar\u00e1 el <strong data-start=\"1152\" data-end=\"1172\">padr\u00f3n municipal<\/strong> correspondiente.<\/em><\/p>\n<\/blockquote>\n<\/li>\n<\/ul>\n<h3 class=\"\" data-start=\"1192\" data-end=\"1213\">Costo del tr\u00e1mite<\/h3>\n<p class=\"\" data-start=\"1215\" data-end=\"1309\">El tr\u00e1mite tiene un costo de <strong data-start=\"1244\" data-end=\"1271\">sesenta euros (60,00 \u20ac)<\/strong>, en concepto de aranceles consulares.<\/p>\n<h3 class=\"\" data-start=\"1311\" data-end=\"1328\">Procedimiento<\/h3>\n<p class=\"\" data-start=\"1330\" data-end=\"1614\">Para solicitar la constancia, el interesado debe iniciar el tr\u00e1mite en l\u00ednea a trav\u00e9s de la pesta\u00f1a <strong data-start=\"1430\" data-end=\"1453\">\u00abSolicitar tr\u00e1mite\u00bb<\/strong>, completar el formulario correspondiente y adjuntar los siguientes recaudos, <strong data-start=\"1531\" data-end=\"1576\">digitalizados o escaneados en formato PDF<\/strong> con una resoluci\u00f3n m\u00e1xima de 300 ppp:<\/p>\n<ul data-start=\"1616\" data-end=\"2060\">\n<li class=\"\" data-start=\"1616\" data-end=\"1665\">\n<p class=\"\" data-start=\"1618\" data-end=\"1665\">Copia de la <strong data-start=\"1630\" data-end=\"1664\">c\u00e9dula de identidad venezolana<\/strong>.<\/p>\n<\/li>\n<li class=\"\" data-start=\"1666\" data-end=\"1814\">\n<p class=\"\" data-start=\"1668\" data-end=\"1814\">Copia de la <strong data-start=\"1680\" data-end=\"1713\">p\u00e1gina de datos del pasaporte<\/strong>, as\u00ed como de las p\u00e1ginas con el <strong data-start=\"1746\" data-end=\"1778\">sello de salida de Venezuela<\/strong> y el <strong data-start=\"1784\" data-end=\"1813\">sello de entrada a Espa\u00f1a<\/strong>.<\/p>\n<\/li>\n<li class=\"\" data-start=\"1815\" data-end=\"1954\">\n<p class=\"\" data-start=\"1817\" data-end=\"1954\">Copia del <strong data-start=\"1827\" data-end=\"1834\">RIF<\/strong>.<\/p>\n<\/li>\n<li class=\"\" data-start=\"1955\" data-end=\"2060\">\n<p class=\"\" data-start=\"1957\" data-end=\"2060\">Copia de la <strong data-start=\"1969\" data-end=\"2016\">constancia de registro consular actualizada<\/strong>, o en su defecto, del <strong data-start=\"2039\" data-end=\"2059\">padr\u00f3n municipal<\/strong>.<\/p>\n<\/li>\n<\/ul>\n<p class=\"\" data-start=\"2062\" data-end=\"2297\">Una vez revisados los recaudos, se le informar\u00e1 el procedimiento para realizar el pago de los aranceles consulares, as\u00ed como la fecha en la que deber\u00e1 presentarse en esta Misi\u00f3n Consular para <strong data-start=\"2254\" data-end=\"2296\">revisar, firmar y retirar el documento<\/strong>.<\/p>\n<p class=\"\" data-start=\"2299\" data-end=\"2334\">El d\u00eda de la cita deber\u00e1 presentar:<\/p>\n<ul data-start=\"2336\" data-end=\"2457\">\n<li class=\"\" data-start=\"2336\" data-end=\"2400\">Su <strong data-start=\"2406\" data-end=\"2429\">c\u00e9dula de identidad<\/strong> o <strong data-start=\"2432\" data-end=\"2456\">pasaporte venezolano<\/strong>.<\/li>\n<\/ul>\n<blockquote data-start=\"2459\" data-end=\"2562\">\n<p class=\"\" data-start=\"2461\" data-end=\"2562\">\u2757 <em data-start=\"2463\" data-end=\"2562\">Le recordamos que este Consulado no podr\u00e1 reembolsar, bajo ning\u00fan concepto, los pagos realizados.<\/em><\/p>\n<\/blockquote>\n<p><\/p>\n<\/div>\n<p><!-- \/wp:themeisle-blocks\/advanced-column --><\/p>\n<\/div>\n<\/div>\n<p><!-- \/wp:themeisle-blocks\/advanced-columns --><\/p>\t\t\t\t\t\t\t\t<\/div>\n\t\t\t\t<\/div>\n\t\t\t\t\t<\/div>\n\t\t<\/div>\n\t\t\t\t\t<\/div>\n\t\t<\/section>\n\t\t\t\t<section class=\"elementor-section elementor-top-section elementor-element elementor-element-f5b3f31 elementor-section-boxed elementor-section-height-default elementor-section-height-default\" data-id=\"f5b3f31\" data-element_type=\"section\" data-e-type=\"section\">\n\t\t\t\t\t\t<div class=\"elementor-container elementor-column-gap-default\">\n\t\t\t\t\t<div class=\"elementor-column elementor-col-33 elementor-top-column elementor-element elementor-element-02ce75e\" data-id=\"02ce75e\" data-element_type=\"column\" data-e-type=\"column\">\n\t\t\t<div class=\"elementor-widget-wrap elementor-element-populated\">\n\t\t\t\t\t\t<div class=\"elementor-element elementor-element-36856a5 elementor-align-center elementor-widget elementor-widget-button\" data-id=\"36856a5\" data-element_type=\"widget\" data-e-type=\"widget\" data-widget_type=\"button.default\">\n\t\t\t\t<div class=\"elementor-widget-container\">\n\t\t\t\t\t\t\t\t\t<div class=\"elementor-button-wrapper\">\n\t\t\t\t\t<a class=\"elementor-button elementor-button-link elementor-size-xs\" href=\"https:\/\/consuladodevenezuelaenmadrid.com\/index.php\/suspension-contacto\/\">\n\t\t\t\t\t\t<span class=\"elementor-button-content-wrapper\">\n\t\t\t\t\t\t\t\t\t<span class=\"elementor-button-text\">Requiero m\u00e1s informaci\u00f3n<\/span>\n\t\t\t\t\t<\/span>\n\t\t\t\t\t<\/a>\n\t\t\t\t<\/div>\n\t\t\t\t\t\t\t\t<\/div>\n\t\t\t\t<\/div>\n\t\t\t\t\t<\/div>\n\t\t<\/div>\n\t\t\t\t<div class=\"elementor-column elementor-col-33 elementor-top-column elementor-element elementor-element-025e4de\" data-id=\"025e4de\" data-element_type=\"column\" data-e-type=\"column\">\n\t\t\t<div class=\"elementor-widget-wrap elementor-element-populated\">\n\t\t\t\t\t\t<div class=\"elementor-element elementor-element-c91aefb elementor-align-center elementor-widget elementor-widget-button\" data-id=\"c91aefb\" data-element_type=\"widget\" data-e-type=\"widget\" data-widget_type=\"button.default\">\n\t\t\t\t<div class=\"elementor-widget-container\">\n\t\t\t\t\t\t\t\t\t<div class=\"elementor-button-wrapper\">\n\t\t\t\t\t<a class=\"elementor-button elementor-button-link elementor-size-xs\" href=\"https:\/\/consuladodevenezuelaenmadrid.com\/index.php\/cita-carta-de-residencia\/\">\n\t\t\t\t\t\t<span class=\"elementor-button-content-wrapper\">\n\t\t\t\t\t\t\t\t\t<span class=\"elementor-button-text\">Solicitar tr\u00e1mite<\/span>\n\t\t\t\t\t<\/span>\n\t\t\t\t\t<\/a>\n\t\t\t\t<\/div>\n\t\t\t\t\t\t\t\t<\/div>\n\t\t\t\t<\/div>\n\t\t\t\t\t<\/div>\n\t\t<\/div>\n\t\t\t\t<div class=\"elementor-column elementor-col-33 elementor-top-column elementor-element elementor-element-3ebf387\" data-id=\"3ebf387\" data-element_type=\"column\" data-e-type=\"column\">\n\t\t\t<div class=\"elementor-widget-wrap elementor-element-populated\">\n\t\t\t\t\t\t<div class=\"elementor-element elementor-element-be34708 elementor-align-center elementor-widget elementor-widget-button\" data-id=\"be34708\" data-element_type=\"widget\" data-e-type=\"widget\" data-widget_type=\"button.default\">\n\t\t\t\t<div class=\"elementor-widget-container\">\n\t\t\t\t\t\t\t\t\t<div class=\"elementor-button-wrapper\">\n\t\t\t\t\t<a class=\"elementor-button elementor-button-link elementor-size-xs\" href=\"https:\/\/consuladodevenezuelaenmadrid.com\/\">\n\t\t\t\t\t\t<span class=\"elementor-button-content-wrapper\">\n\t\t\t\t\t\t\t\t\t<span class=\"elementor-button-text\">Salir<\/span>\n\t\t\t\t\t<\/span>\n\t\t\t\t\t<\/a>\n\t\t\t\t<\/div>\n\t\t\t\t\t\t\t\t<\/div>\n\t\t\t\t<\/div>\n\t\t\t\t\t<\/div>\n\t\t<\/div>\n\t\t\t\t\t<\/div>\n\t\t<\/section>\n\t\t\t\t<\/div>\n\t\t","protected":false},"excerpt":{"rendered":"<p>CONSTANCIA DE RESIDENCIA Requiero m\u00e1s informaci\u00f3n Solicitar tr\u00e1mite Salir<\/p>\n","protected":false},"author":1,"featured_media":0,"parent":0,"menu_order":0,"comment_status":"closed","ping_status":"closed","template":"elementor_header_footer","meta":{"site-sidebar-layout":"default","site-content-layout":"default","ast-site-content-layout":"default","site-content-style":"default","site-sidebar-style":"default","ast-global-header-display":"","ast-banner-title-visibility":"","ast-main-header-display":"","ast-hfb-above-header-display":"","ast-hfb-below-header-display":"","ast-hfb-mobile-header-display":"","site-post-title":"","ast-breadcrumbs-content":"","ast-featured-img":"","footer-sml-layout":"","ast-disable-related-posts":"","theme-transparent-header-meta":"default","adv-header-id-meta":"","stick-header-meta":"","header-above-stick-meta":"","header-main-stick-meta":"","header-below-stick-meta":"","astra-migrate-meta-layouts":"default","ast-page-background-enabled":"default","ast-page-background-meta":{"desktop":{"background-color":"var(--ast-global-color-4)","background-image":"","background-repeat":"repeat","background-position":"center center","background-size":"auto","background-attachment":"scroll","background-type":"","background-media":"","overlay-type":"","overlay-color":"","overlay-opacity":"","overlay-gradient":""},"tablet":{"background-color":"","background-image":"","background-repeat":"repeat","background-position":"center center","background-size":"auto","background-attachment":"scroll","background-type":"","background-media":"","overlay-type":"","overlay-color":"","overlay-opacity":"","overlay-gradient":""},"mobile":{"background-color":"","background-image":"","background-repeat":"repeat","background-position":"center center","background-size":"auto","background-attachment":"scroll","background-type":"","background-media":"","overlay-type":"","overlay-color":"","overlay-opacity":"","overlay-gradient":""}},"ast-content-background-meta":{"desktop":{"background-color":"var(--ast-global-color-5)","background-image":"","background-repeat":"repeat","background-position":"center center","background-size":"auto","background-attachment":"scroll","background-type":"","background-media":"","overlay-type":"","overlay-color":"","overlay-opacity":"","overlay-gradient":""},"tablet":{"background-color":"var(--ast-global-color-5)","background-image":"","background-repeat":"repeat","background-position":"center center","background-size":"auto","background-attachment":"scroll","background-type":"","background-media":"","overlay-type":"","overlay-color":"","overlay-opacity":"","overlay-gradient":""},"mobile":{"background-color":"var(--ast-global-color-5)","background-image":"","background-repeat":"repeat","background-position":"center center","background-size":"auto","background-attachment":"scroll","background-type":"","background-media":"","overlay-type":"","overlay-color":"","overlay-opacity":"","overlay-gradient":""}},"footnotes":""},"class_list":["post-278","page","type-page","status-publish","hentry"],"_links":{"self":[{"href":"https:\/\/consuladodevenezuelaenmadrid.com\/index.php\/wp-json\/wp\/v2\/pages\/278","targetHints":{"allow":["GET"]}}],"collection":[{"href":"https:\/\/consuladodevenezuelaenmadrid.com\/index.php\/wp-json\/wp\/v2\/pages"}],"about":[{"href":"https:\/\/consuladodevenezuelaenmadrid.com\/index.php\/wp-json\/wp\/v2\/types\/page"}],"author":[{"embeddable":true,"href":"https:\/\/consuladodevenezuelaenmadrid.com\/index.php\/wp-json\/wp\/v2\/users\/1"}],"replies":[{"embeddable":true,"href":"https:\/\/consuladodevenezuelaenmadrid.com\/index.php\/wp-json\/wp\/v2\/comments?post=278"}],"version-history":[{"count":35,"href":"https:\/\/consuladodevenezuelaenmadrid.com\/index.php\/wp-json\/wp\/v2\/pages\/278\/revisions"}],"predecessor-version":[{"id":5036,"href":"https:\/\/consuladodevenezuelaenmadrid.com\/index.php\/wp-json\/wp\/v2\/pages\/278\/revisions\/5036"}],"wp:attachment":[{"href":"https:\/\/consuladodevenezuelaenmadrid.com\/index.php\/wp-json\/wp\/v2\/media?parent=278"}],"curies":[{"name":"wp","href":"https:\/\/api.w.org\/{rel}","templated":true}]}}