{"id":276,"date":"2020-05-17T00:47:32","date_gmt":"2020-05-17T00:47:32","guid":{"rendered":"http:\/\/localhost\/consulado\/?page_id=276"},"modified":"2023-06-28T07:25:59","modified_gmt":"2023-06-28T07:25:59","slug":"legalizaciones","status":"publish","type":"page","link":"https:\/\/consuladodevenezuelaenmadrid.com\/index.php\/legalizaciones\/","title":{"rendered":"LEGALIZACIONES"},"content":{"rendered":"\t\t<div data-elementor-type=\"wp-page\" data-elementor-id=\"276\" class=\"elementor elementor-276\">\n\t\t\t\t\t\t<section class=\"elementor-section elementor-top-section elementor-element elementor-element-ebb6270 elementor-section-boxed elementor-section-height-default elementor-section-height-default\" data-id=\"ebb6270\" data-element_type=\"section\" data-e-type=\"section\">\n\t\t\t\t\t\t<div class=\"elementor-container elementor-column-gap-default\">\n\t\t\t\t\t<div class=\"elementor-column elementor-col-100 elementor-top-column elementor-element elementor-element-790b4a5e\" data-id=\"790b4a5e\" data-element_type=\"column\" data-e-type=\"column\">\n\t\t\t<div class=\"elementor-widget-wrap elementor-element-populated\">\n\t\t\t\t\t\t<div class=\"elementor-element elementor-element-430fb08 elementor-widget elementor-widget-spacer\" data-id=\"430fb08\" data-element_type=\"widget\" data-e-type=\"widget\" data-widget_type=\"spacer.default\">\n\t\t\t\t<div class=\"elementor-widget-container\">\n\t\t\t\t\t\t\t<div class=\"elementor-spacer\">\n\t\t\t<div class=\"elementor-spacer-inner\"><\/div>\n\t\t<\/div>\n\t\t\t\t\t\t<\/div>\n\t\t\t\t<\/div>\n\t\t\t\t<div class=\"elementor-element elementor-element-4f2f390 elementor-widget elementor-widget-heading\" data-id=\"4f2f390\" data-element_type=\"widget\" data-e-type=\"widget\" data-widget_type=\"heading.default\">\n\t\t\t\t<div class=\"elementor-widget-container\">\n\t\t\t\t\t<h2 class=\"elementor-heading-title elementor-size-default\">LEGALIZACIONES<\/h2>\t\t\t\t<\/div>\n\t\t\t\t<\/div>\n\t\t\t\t<div class=\"elementor-element elementor-element-4f6f830 elementor-widget elementor-widget-text-editor\" data-id=\"4f6f830\" data-element_type=\"widget\" data-e-type=\"widget\" data-widget_type=\"text-editor.default\">\n\t\t\t\t<div class=\"elementor-widget-container\">\n\t\t\t\t\t\t\t\t\t<p id=\"h.p_WOgqx5TkV1Xw\" class=\"zfr3Q\">La legalizaci\u00f3n consiste en dar fe de la firma del funcionario p\u00fablico que autoriza el documento, sin prejuzgar la forma y el contenido del mismo. Existen:<\/p><ul class=\"n8H08c UVNKR\"><li id=\"h.p_J3qV4OunV1rs\" class=\"TYR86d zfr3Q\">Documentos que no requieren legalizaci\u00f3n.<\/li><li id=\"h.p_zZNosaXYV1rt\" class=\"TYR86d zfr3Q\">Documentos que requieren legalizaci\u00f3n.<\/li><\/ul><p id=\"h.p_ySNJf_JTV1ru\" class=\"zfr3Q\"><strong>DOCUMENTOS QUE NO REQUIEREN LEGALIZACI\u00d3N<\/strong><\/p><p id=\"h.p_T_zpf3Z_V1rv\" class=\"zfr3Q\">Desde el 16 de marzo de 1999, la Rep\u00fablica Bolivariana de Venezuela forma parte del CONVENIO DE LA HAYA PARA SUPRIMIR LA EXIGENCIA DE LEGALIZACI\u00d3N DE LOS DOCUMENTOS P\u00daBLICOS EXTRANJEROS (1961), publicado en la\u00a0<a class=\"dhtgD aw5Odc\" href=\"http:\/\/www.google.com\/url?q=http%3A%2F%2Fwww.oas.org%2Fjuridico%2Fspanish%2Fmesicic3_ven_anexo17.pdf&amp;sa=D&amp;sntz=1&amp;usg=AFQjCNHsLE83jILDPCEOuZrgUWyMEtc2mg\" target=\"_blank\" rel=\"noopener\">Gaceta Oficial no. 36.446 de fecha 5 de mayo de 1998<\/a>.<\/p><p id=\"h.p_3-c50tTRV1rw\" class=\"zfr3Q\">A los efectos de este Convenio, los siguientes documentos p\u00fablicos emitidos en Espa\u00f1a\u00a0<strong>no requieren ser legalizados por esta Misi\u00f3n Consular<\/strong>, y\u00a0<strong>deben ser apostillados por las autoridades espa\u00f1olas<\/strong>\u00a0para que sean v\u00e1lidos en la Rep\u00fablica Bolivariana de Venezuela:<\/p><ul class=\"n8H08c UVNKR\"><li id=\"h.p_ME6MWsM8V1rx\" class=\"TYR86d zfr3Q\">Documentos emanados de una autoridad o funcionario vinculado a Cortes o Tribunales del Estado, incluyendo los provenientes del Ministerio P\u00fablico, o de un secretario, oficial o agente judicial.<\/li><li id=\"h.p_udKMmxalV1ry\" class=\"TYR86d zfr3Q\">Documentos administrativos.<\/li><li id=\"h.p_evOYEOG6V1ry\" class=\"TYR86d zfr3Q\">Documentos notariales.<\/li><li id=\"h.p_93BGM9qzV1rz\" class=\"TYR86d zfr3Q\">Certificaciones oficiales que hayan sido puestas sobre documentos privados, tales como menciones de registro, comprobaciones sobre la certeza de una fecha y autenticaciones oficiales y notariales de firma. El Convenio incluye los documentos de estudios, partidas de nacimiento, actas de matrimonio, actas de divorcio y defunciones.<\/li><li id=\"h.p_pI4BD6OTV1r0\" class=\"TYR86d zfr3Q\">Certificado de buena salud de animales dom\u00e9sticos, debe ser expedido por un veterinario, sellado por el Colegio Veterinario correspondiente, el Consejo de Veterinarios y, finalmente, por el Tribunal Superior de Justicia, donde le colocaran el sello de la Apostilla de La Haya.<\/li><li id=\"h.p_UN0T9Y1TV1r0\" class=\"TYR86d zfr3Q\">Las facturas y\/o informes m\u00e9dicos deben ser notariados y posteriormente apostillados.<\/li><li id=\"h.p_67XoaqACV1r1\" class=\"TYR86d zfr3Q\">En general, cualquier documento que haya sido legalizado con la Apostilla de La Haya.<\/li><\/ul><p id=\"h.p_-9amFx4SV1r2\" class=\"zfr3Q\">Para mayor informaci\u00f3n sobre ubicaci\u00f3n y tel\u00e9fonos de las autoridades competentes espa\u00f1olas para el apostillado ver enlace:\u00a0<a href=\"https:\/\/www.mjusticia.gob.es\/cs\/Satellite\/Portal\/es\/inicio\" target=\"_blank\" rel=\"noopener\">Legalizaci\u00f3n \u00fanica o Apostilla de la Haya en Espa\u00f1a<\/a><a style=\"background-color: #ded6d6;\" href=\"http:\/\/localhost\/consulado\/index.php\/circunscripcion\/?preview_id=683&amp;preview_nonce=abc8e9bed2&amp;preview=true\" target=\"_blank\" rel=\"noopener\">.<\/a><\/p><p id=\"h.p_xNEggCZlV1r3\" class=\"zfr3Q\"><strong>DOCUMENTOS QUE REQUIEREN LEGALIZACI\u00d3N<\/strong><\/p><p id=\"h.p_FerjX4qsV1r4\" class=\"zfr3Q\">Los siguientes\u00a0<strong>certificados comerciales<\/strong>\u00a0pueden ser legalizados, seg\u00fan sea el inter\u00e9s del solicitante:<\/p><ul><li id=\"h.p_T1f6YKDrV1r6\" class=\"zfr3Q\">Certificado Fitosanitarios<\/li><li id=\"h.p_PXdOjP0sV1r6\" class=\"zfr3Q\">Certificado de An\u00e1lisis<\/li><li id=\"h.p_5m6d3Kf1V1r7\" class=\"zfr3Q\">Certificado de Antig\u00fcedad<\/li><li id=\"h.p_JYbb1_QQV1r7\" class=\"zfr3Q\">Certificado de Calidad<\/li><li id=\"h.p_98Q_wcFcV1r8\" class=\"zfr3Q\">Certificado de Envejecimiento<\/li><li id=\"h.p_Nz4bXxyhV1r9\" class=\"zfr3Q\">Certificado de Libre Contaminaci\u00f3n<\/li><li id=\"h.p_HdRez9L9V1r9\" class=\"zfr3Q\">Certificado de Libre Venta<\/li><li id=\"h.p_04Udp2diV1r-\" class=\"zfr3Q\">Certificado de Origen<\/li><li id=\"h.p_3JPwzg18V1r-\" class=\"zfr3Q\">Certificado de Patente de Invenci\u00f3n<\/li><li id=\"h.p_oYFUlNH7V1r-\" class=\"zfr3Q\">Certificado de Pureza<\/li><li id=\"h.p_kallnaM0V1sA\" class=\"zfr3Q\">Certificado de Sanidad Animal<\/li><li id=\"h.p_oLtQj-eFV1sA\" class=\"zfr3Q\">Certificado de Sanidad Vegetal<\/li><li id=\"h.p_cYwvNc9UV1sB\" class=\"zfr3Q\">Certificado Libre de Radioactividad<\/li><li id=\"h.p_YFqKMEerV1sB\" class=\"zfr3Q\">Certificado para el Consumo Humano<\/li><\/ul><p id=\"h.p__ZlofDB5V1sC\" class=\"zfr3Q\"><strong>REQUISITOS<\/strong><\/p><p id=\"h.p_5Va2cGm7V1sD\" class=\"zfr3Q\">Este tr\u00e1mite se hace\u00a0<strong>EXCLUSIVAMENTE POR CORREO POSTAL.<\/strong>\u00a0Para ello, la empresa interesada debe estar ubicada en cualquier Comunidad Aut\u00f3noma de la <a href=\"https:\/\/consuladodevenezuelaenmadrid.com\/index.php\/circunscripcion\/\" target=\"_blank\" rel=\"noopener\">circunscripci\u00f3n de esta Misi\u00f3n Consular<\/a> y deber\u00e1 enviar a nuestra direcci\u00f3n postal:<\/p><ul class=\"n8H08c UVNKR\"><li id=\"h.p_MOc_F1-ZV1sD\" class=\"TYR86d zfr3Q\">Documento original, debidamente sellado por:<br \/><ul class=\"n8H08c UVNKR\"><li id=\"h.p_vVRw4ARLV1sE\" class=\"TYR86d zfr3Q\">La C\u00e1mara de Comercio de su jurisdicci\u00f3n,<\/li><li id=\"h.p_Rlsg7buZV1sE\" class=\"TYR86d zfr3Q\">El Consejo Superior de C\u00e1maras y<\/li><li id=\"h.p_hA4awBqRV1sF\" class=\"TYR86d zfr3Q\">El Ministerio de Asuntos Exteriores y Cooperaci\u00f3n de Espa\u00f1a.<\/li><\/ul><\/li><li id=\"h.p_Gsdy4yU0V1sF\" class=\"TYR86d zfr3Q\">Pago de<strong> noventa euros<\/strong> <strong>(90,00 \u20ac)<\/strong> por derechos consulares.<\/li><li id=\"h.p_XoJg4_IWV1sF\" class=\"TYR86d zfr3Q\">En el caso de los Certificados de Origen, deben venir acompa\u00f1ados de:<br \/><ul class=\"n8H08c UVNKR\"><li id=\"h.p_B2XXtZubV1sG\" class=\"TYR86d zfr3Q\">Copia de la factura.<\/li><li id=\"h.p_6qT-Ui1mV1sG\" class=\"TYR86d zfr3Q\">Copia del Conocimiento de embarque (<em>Bill of Landing<\/em>) de la mercanc\u00eda.<\/li><li id=\"h.p_gcaRKDaUV1sH\" class=\"TYR86d zfr3Q\">Un escrito con la descripci\u00f3n del producto.<\/li><\/ul><\/li><li id=\"h.p_tI3E9siAV1sH\" class=\"TYR86d zfr3Q\">Un sobre, tama\u00f1o Din A4, con las estampillas o sellos postales necesarios para un env\u00edo certificado de hasta 200 grs, donde debe escribir la direcci\u00f3n de su domicilio como destinatario, y que ser\u00e1 utilizado por esta Misi\u00f3n Consular para remitirle los documentos legalizados.<\/li><\/ul><p id=\"h.p_afdVHtr9V1sI\" class=\"zfr3Q\">Una vez recibidos todos los documentos, esta Oficina Consular requiere unos cinco (5) d\u00edas h\u00e1biles para su an\u00e1lisis y aprobaci\u00f3n final.<\/p><p id=\"h.p_DEpYu2o1V1sI\" class=\"zfr3Q\">Los Consulados venezolanos\u00a0<strong>NO PUEDEN DEVOLVER EL DINERO DEPOSITADO POR TASAS CONSULARES EN NINGUNA CIRCUNSTANCIA<\/strong>\u00a0y<strong>\u00a0SOLO SE PUEDEN REALIZAR LOS TR\u00c1MITES EL MISMO MES EN QUE SE HA REALIZADO EL ABONO EN EL BANCO.<\/strong><\/p>\t\t\t\t\t\t\t\t<\/div>\n\t\t\t\t<\/div>\n\t\t\t\t\t<\/div>\n\t\t<\/div>\n\t\t\t\t\t<\/div>\n\t\t<\/section>\n\t\t\t\t<section class=\"elementor-section elementor-top-section elementor-element elementor-element-a634db5 elementor-section-boxed elementor-section-height-default elementor-section-height-default\" data-id=\"a634db5\" data-element_type=\"section\" data-e-type=\"section\">\n\t\t\t\t\t\t<div class=\"elementor-container elementor-column-gap-default\">\n\t\t\t\t\t<div class=\"elementor-column elementor-col-50 elementor-top-column elementor-element elementor-element-052b45c\" data-id=\"052b45c\" data-element_type=\"column\" data-e-type=\"column\">\n\t\t\t<div class=\"elementor-widget-wrap elementor-element-populated\">\n\t\t\t\t\t\t<div class=\"elementor-element elementor-element-498554a elementor-align-center elementor-widget elementor-widget-button\" data-id=\"498554a\" data-element_type=\"widget\" data-e-type=\"widget\" data-widget_type=\"button.default\">\n\t\t\t\t<div class=\"elementor-widget-container\">\n\t\t\t\t\t\t\t\t\t<div class=\"elementor-button-wrapper\">\n\t\t\t\t\t<a class=\"elementor-button elementor-button-link elementor-size-sm\" href=\"http:\/\/consuladodevenezuelaenmadrid.com\/index.php\/contacto\/\">\n\t\t\t\t\t\t<span class=\"elementor-button-content-wrapper\">\n\t\t\t\t\t\t\t\t\t<span class=\"elementor-button-text\">Requiero m\u00e1s informaci\u00f3n<\/span>\n\t\t\t\t\t<\/span>\n\t\t\t\t\t<\/a>\n\t\t\t\t<\/div>\n\t\t\t\t\t\t\t\t<\/div>\n\t\t\t\t<\/div>\n\t\t\t\t\t<\/div>\n\t\t<\/div>\n\t\t\t\t<div class=\"elementor-column elementor-col-50 elementor-top-column elementor-element elementor-element-1bc1e97\" data-id=\"1bc1e97\" data-element_type=\"column\" data-e-type=\"column\">\n\t\t\t<div class=\"elementor-widget-wrap elementor-element-populated\">\n\t\t\t\t\t\t<div class=\"elementor-element elementor-element-05e0d4a elementor-align-center elementor-widget elementor-widget-button\" data-id=\"05e0d4a\" data-element_type=\"widget\" data-e-type=\"widget\" data-widget_type=\"button.default\">\n\t\t\t\t<div class=\"elementor-widget-container\">\n\t\t\t\t\t\t\t\t\t<div class=\"elementor-button-wrapper\">\n\t\t\t\t\t<a class=\"elementor-button elementor-button-link elementor-size-md\" href=\"http:\/\/consuladodevenezuelaenmadrid.com\/\">\n\t\t\t\t\t\t<span class=\"elementor-button-content-wrapper\">\n\t\t\t\t\t\t\t\t\t<span class=\"elementor-button-text\">Salir<\/span>\n\t\t\t\t\t<\/span>\n\t\t\t\t\t<\/a>\n\t\t\t\t<\/div>\n\t\t\t\t\t\t\t\t<\/div>\n\t\t\t\t<\/div>\n\t\t\t\t\t<\/div>\n\t\t<\/div>\n\t\t\t\t\t<\/div>\n\t\t<\/section>\n\t\t\t\t<\/div>\n\t\t","protected":false},"excerpt":{"rendered":"<p>LEGALIZACIONES La legalizaci\u00f3n consiste en dar fe de la firma del funcionario p\u00fablico que autoriza el documento, sin prejuzgar la forma y el contenido del mismo. Existen: Documentos que no requieren legalizaci\u00f3n. Documentos que requieren legalizaci\u00f3n. DOCUMENTOS QUE NO REQUIEREN LEGALIZACI\u00d3N Desde el 16 de marzo de 1999, la Rep\u00fablica Bolivariana de Venezuela forma parte [&hellip;]<\/p>\n","protected":false},"author":1,"featured_media":0,"parent":0,"menu_order":0,"comment_status":"closed","ping_status":"closed","template":"elementor_header_footer","meta":{"site-sidebar-layout":"default","site-content-layout":"default","ast-site-content-layout":"default","site-content-style":"default","site-sidebar-style":"default","ast-global-header-display":"","ast-banner-title-visibility":"","ast-main-header-display":"","ast-hfb-above-header-display":"","ast-hfb-below-header-display":"","ast-hfb-mobile-header-display":"","site-post-title":"","ast-breadcrumbs-content":"","ast-featured-img":"","footer-sml-layout":"","ast-disable-related-posts":"","theme-transparent-header-meta":"default","adv-header-id-meta":"","stick-header-meta":"","header-above-stick-meta":"","header-main-stick-meta":"","header-below-stick-meta":"","astra-migrate-meta-layouts":"default","ast-page-background-enabled":"default","ast-page-background-meta":{"desktop":{"background-color":"var(--ast-global-color-4)","background-image":"","background-repeat":"repeat","background-position":"center center","background-size":"auto","background-attachment":"scroll","background-type":"","background-media":"","overlay-type":"","overlay-color":"","overlay-opacity":"","overlay-gradient":""},"tablet":{"background-color":"","background-image":"","background-repeat":"repeat","background-position":"center center","background-size":"auto","background-attachment":"scroll","background-type":"","background-media":"","overlay-type":"","overlay-color":"","overlay-opacity":"","overlay-gradient":""},"mobile":{"background-color":"","background-image":"","background-repeat":"repeat","background-position":"center center","background-size":"auto","background-attachment":"scroll","background-type":"","background-media":"","overlay-type":"","overlay-color":"","overlay-opacity":"","overlay-gradient":""}},"ast-content-background-meta":{"desktop":{"background-color":"var(--ast-global-color-5)","background-image":"","background-repeat":"repeat","background-position":"center center","background-size":"auto","background-attachment":"scroll","background-type":"","background-media":"","overlay-type":"","overlay-color":"","overlay-opacity":"","overlay-gradient":""},"tablet":{"background-color":"var(--ast-global-color-5)","background-image":"","background-repeat":"repeat","background-position":"center center","background-size":"auto","background-attachment":"scroll","background-type":"","background-media":"","overlay-type":"","overlay-color":"","overlay-opacity":"","overlay-gradient":""},"mobile":{"background-color":"var(--ast-global-color-5)","background-image":"","background-repeat":"repeat","background-position":"center center","background-size":"auto","background-attachment":"scroll","background-type":"","background-media":"","overlay-type":"","overlay-color":"","overlay-opacity":"","overlay-gradient":""}},"footnotes":""},"class_list":["post-276","page","type-page","status-publish","hentry"],"_links":{"self":[{"href":"https:\/\/consuladodevenezuelaenmadrid.com\/index.php\/wp-json\/wp\/v2\/pages\/276","targetHints":{"allow":["GET"]}}],"collection":[{"href":"https:\/\/consuladodevenezuelaenmadrid.com\/index.php\/wp-json\/wp\/v2\/pages"}],"about":[{"href":"https:\/\/consuladodevenezuelaenmadrid.com\/index.php\/wp-json\/wp\/v2\/types\/page"}],"author":[{"embeddable":true,"href":"https:\/\/consuladodevenezuelaenmadrid.com\/index.php\/wp-json\/wp\/v2\/users\/1"}],"replies":[{"embeddable":true,"href":"https:\/\/consuladodevenezuelaenmadrid.com\/index.php\/wp-json\/wp\/v2\/comments?post=276"}],"version-history":[{"count":21,"href":"https:\/\/consuladodevenezuelaenmadrid.com\/index.php\/wp-json\/wp\/v2\/pages\/276\/revisions"}],"predecessor-version":[{"id":3953,"href":"https:\/\/consuladodevenezuelaenmadrid.com\/index.php\/wp-json\/wp\/v2\/pages\/276\/revisions\/3953"}],"wp:attachment":[{"href":"https:\/\/consuladodevenezuelaenmadrid.com\/index.php\/wp-json\/wp\/v2\/media?parent=276"}],"curies":[{"name":"wp","href":"https:\/\/api.w.org\/{rel}","templated":true}]}}