{"id":274,"date":"2020-05-17T00:46:40","date_gmt":"2020-05-17T00:46:40","guid":{"rendered":"http:\/\/localhost\/consulado\/?page_id=274"},"modified":"2025-02-10T09:34:46","modified_gmt":"2025-02-10T09:34:46","slug":"visado","status":"publish","type":"page","link":"https:\/\/consuladodevenezuelaenmadrid.com\/index.php\/visado\/","title":{"rendered":"VISAS"},"content":{"rendered":"\t\t<div data-elementor-type=\"wp-page\" data-elementor-id=\"274\" class=\"elementor elementor-274\">\n\t\t\t\t\t\t<section class=\"elementor-section elementor-top-section elementor-element elementor-element-14090feb elementor-section-boxed elementor-section-height-default elementor-section-height-default\" data-id=\"14090feb\" data-element_type=\"section\" data-e-type=\"section\">\n\t\t\t\t\t\t<div class=\"elementor-container elementor-column-gap-default\">\n\t\t\t\t\t<div class=\"elementor-column elementor-col-100 elementor-top-column elementor-element elementor-element-49063133\" data-id=\"49063133\" data-element_type=\"column\" data-e-type=\"column\">\n\t\t\t<div class=\"elementor-widget-wrap elementor-element-populated\">\n\t\t\t\t\t\t<div class=\"elementor-element elementor-element-193b887 elementor-widget elementor-widget-spacer\" data-id=\"193b887\" data-element_type=\"widget\" data-e-type=\"widget\" data-widget_type=\"spacer.default\">\n\t\t\t\t<div class=\"elementor-widget-container\">\n\t\t\t\t\t\t\t<div class=\"elementor-spacer\">\n\t\t\t<div class=\"elementor-spacer-inner\"><\/div>\n\t\t<\/div>\n\t\t\t\t\t\t<\/div>\n\t\t\t\t<\/div>\n\t\t\t\t<div class=\"elementor-element elementor-element-276e6b1 elementor-widget elementor-widget-heading\" data-id=\"276e6b1\" data-element_type=\"widget\" data-e-type=\"widget\" data-widget_type=\"heading.default\">\n\t\t\t\t<div class=\"elementor-widget-container\">\n\t\t\t\t\t<h2 class=\"elementor-heading-title elementor-size-default\">Visas<\/h2>\t\t\t\t<\/div>\n\t\t\t\t<\/div>\n\t\t\t\t<div class=\"elementor-element elementor-element-8a013c8 elementor-widget elementor-widget-text-editor\" data-id=\"8a013c8\" data-element_type=\"widget\" data-e-type=\"widget\" data-widget_type=\"text-editor.default\">\n\t\t\t\t<div class=\"elementor-widget-container\">\n\t\t\t\t\t\t\t\t\t<p>Todo extranjero que desee ingresar a Venezuela debe contar con un <strong>pasaporte vigente por al menos seis (6) meses<\/strong> y solicitar el visado correspondiente ante este Consulado General, seg\u00fan lo establecido en el <strong>Art\u00edculo 2 de las Normas del Procedimiento para la Expedici\u00f3n de Visado<\/strong> (Gaceta Oficial N\u00b0 5.427 Extraordinario del 5 de enero de 2000).<\/p>\n<p>\ud83d\udd39 <strong>Requisitos generales:<\/strong><\/p>\n<ul>\n<li>La solicitud de visado debe realizarse en el Consulado correspondiente a su lugar de residencia.<\/li>\n<li>Es obligatorio <strong>residir legalmente<\/strong> dentro de la <a href=\"https:\/\/consuladodevenezuelaenmadrid.com\/index.php\/inicio\/consulado\/\"><strong>Circunscripci\u00f3n Consular<\/strong><\/a> para tramitar la solicitud.<\/li>\n<\/ul>\n<p>\ud83d\udd39 <strong>Para ciudadanos con doble nacionalidad:<\/strong><br \/>Las personas con nacionalidad venezolana <strong>no requieren visado<\/strong> para ingresar al pa\u00eds, pero deben presentar el\u00a0<strong>pasaporte venezolano vigente<\/strong> (Ley de Nacionalidad y Ciudadan\u00eda, Art\u00edculo 7, del 1 de julio de 2004).<\/p>\n<p>\ud83d\udd39 <strong>Asesoramiento:<\/strong><br \/>Si tiene dudas sobre el tipo de visado que debe solicitar o los requisitos necesarios, puede contactarnos antes de hacer su solicitud a:<br \/>\ud83d\udce7 <strong><a rel=\"noopener\">tramites@consuladodevenezuelaenmadrid.com<\/a><\/strong><\/p>\n<p>\ud83d\udd39 <strong>Decisi\u00f3n del Consulado:<\/strong><br \/>El Consulado General <strong>puede aprobar o negar<\/strong> la solicitud de visado seg\u00fan la legislaci\u00f3n venezolana y <strong>no est\u00e1 obligado a justificar<\/strong> las razones de su decisi\u00f3n. <strong>En ning\u00fan caso se devolver\u00e1 las tasas consulares que haya abonado<\/strong>.<\/p>\n<p>\u26a0 <strong>Importante:<\/strong><\/p>\n<ul>\n<li>La concesi\u00f3n del visado <strong>no garantiza la entrada a Venezuela<\/strong>. La decisi\u00f3n final corresponde a las autoridades migratorias en el punto de ingreso.<\/li>\n<li>En caso de que su solicitud sea denegada, deber\u00e1 esperar <strong>tres (3) meses<\/strong> antes de presentar una nueva solicitud.<\/li>\n<\/ul>\t\t\t\t\t\t\t\t<\/div>\n\t\t\t\t<\/div>\n\t\t\t\t<div class=\"elementor-element elementor-element-047fe62 elementor-widget elementor-widget-text-editor\" data-id=\"047fe62\" data-element_type=\"widget\" data-e-type=\"widget\" data-widget_type=\"text-editor.default\">\n\t\t\t\t<div class=\"elementor-widget-container\">\n\t\t\t\t\t\t\t\t\t<p><span style=\"color: #008080;\"><strong>TIPOS DE VISAS<\/strong><\/span><\/p>\n<ul class=\"n8H08c UVNKR\">\n<li id=\"h.p_gNkoOVM4Ol2D\" class=\"TYR86d zfr3Q\"><a href=\"https:\/\/consuladodevenezuelaenmadrid.com\/index.php\/visa-para-turistas-2\/\" target=\"_blank\" rel=\"noopener\">Turista<\/a><\/li>\n<li id=\"h.p_4l0Iz7fUOmJ5\" class=\"TYR86d zfr3Q\"><a href=\"https:\/\/consuladodevenezuelaenmadrid.com\/index.php\/visado-de-transito\/\" target=\"_blank\" rel=\"noopener\">Tr\u00e1nsito<\/a><\/li>\n<li id=\"h.p_X0qHmEnTOmJ5\" class=\"TYR86d zfr3Q\"><a href=\"https:\/\/consuladodevenezuelaenmadrid.com\/index.php\/visa-laboral\/\" target=\"_blank\" rel=\"noopener\">Laboral<\/a><\/li>\n<li id=\"h.p_8s8IK0x8OmJ5\" class=\"TYR86d zfr3Q\"><a href=\"https:\/\/consuladodevenezuelaenmadrid.com\/index.php\/visa-de-negocios\/\" target=\"_blank\" rel=\"noopener\">Negocios<\/a><\/li>\n<li id=\"h.p_VtzE1sx-OmJ6\" class=\"TYR86d zfr3Q\"><span class=\"dhtgD aw5Odc\"><a href=\"https:\/\/consuladodevenezuelaenmadrid.com\/index.php\/visa-para-estudiantes\/\" target=\"_blank\" rel=\"noopener\">Estudiante<\/a><\/span><\/li>\n<li id=\"h.p_k0U7ayUAOmJ6\" class=\"TYR86d zfr3Q\"><span class=\"dhtgD aw5Odc\"><a href=\"https:\/\/consuladodevenezuelaenmadrid.com\/index.php\/visa-para-inversionista\/\" target=\"_blank\" rel=\"noopener\">Inversionista<\/a><\/span><\/li>\n<li id=\"h.p_kZljsCJUOmJ6\" class=\"TYR86d zfr3Q\"><span class=\"dhtgD aw5Odc\"><a href=\"https:\/\/consuladodevenezuelaenmadrid.com\/index.php\/visa-transeunte-familiar\/\" target=\"_blank\" rel=\"noopener\">Familiar<\/a><\/span><\/li>\n<li><a href=\"https:\/\/consuladodevenezuelaenmadrid.com\/index.php\/transeunte-familiar-venezolano\/\" target=\"_blank\" rel=\"noopener\"><span class=\"dhtgD aw5Odc\">Familiar<\/span> Venezolano<\/a><\/li>\n<li id=\"h.p_bA8ItPqbOmJ7\" class=\"TYR86d zfr3Q\"><span class=\"dhtgD aw5Odc\"><a href=\"https:\/\/consuladodevenezuelaenmadrid.com\/index.php\/visa-rentista\/\" target=\"_blank\" rel=\"noopener\">Rentista<\/a><\/span><\/li>\n<li id=\"h.p_3bcQLQCYOmJ7\" class=\"TYR86d zfr3Q\"><a href=\"https:\/\/consuladodevenezuelaenmadrid.com\/index.php\/visa-religiosa\/\" target=\"_blank\" rel=\"noopener\">Religioso<\/a><\/li>\n<\/ul>\t\t\t\t\t\t\t\t<\/div>\n\t\t\t\t<\/div>\n\t\t\t\t<div class=\"elementor-element elementor-element-3f935563 elementor-widget elementor-widget-text-editor\" data-id=\"3f935563\" data-element_type=\"widget\" data-e-type=\"widget\" data-widget_type=\"text-editor.default\">\n\t\t\t\t<div class=\"elementor-widget-container\">\n\t\t\t\t\t\t\t\t\t\n<div class=\"wp-block-themeisle-blocks-advanced-columns has-undefined-columns has-desktop-undefined-layout has-tablet-equal-layout has-mobile-equal-layout has-default-gap has-vertical-unset\" id=\"wp-block-themeisle-blocks-advanced-columns-8afedf39\"><div class=\"wp-block-themeisle-blocks-advanced-columns-overlay\"><\/div><div class=\"innerblocks-wrap\"><\/div><\/div>\n\t\t\t\t\t\t\t\t<\/div>\n\t\t\t\t<\/div>\n\t\t\t\t\t<\/div>\n\t\t<\/div>\n\t\t\t\t\t<\/div>\n\t\t<\/section>\n\t\t\t\t<\/div>\n\t\t","protected":false},"excerpt":{"rendered":"<p>Visas Todo extranjero que desee ingresar a Venezuela debe contar con un pasaporte vigente por al menos seis (6) meses y solicitar el visado correspondiente ante este Consulado General, seg\u00fan lo establecido en el Art\u00edculo 2 de las Normas del Procedimiento para la Expedici\u00f3n de Visado (Gaceta Oficial N\u00b0 5.427 Extraordinario del 5 de enero [&hellip;]<\/p>\n","protected":false},"author":1,"featured_media":0,"parent":0,"menu_order":0,"comment_status":"closed","ping_status":"closed","template":"elementor_header_footer","meta":{"site-sidebar-layout":"default","site-content-layout":"default","ast-site-content-layout":"default","site-content-style":"default","site-sidebar-style":"default","ast-global-header-display":"","ast-banner-title-visibility":"","ast-main-header-display":"","ast-hfb-above-header-display":"","ast-hfb-below-header-display":"","ast-hfb-mobile-header-display":"","site-post-title":"","ast-breadcrumbs-content":"","ast-featured-img":"","footer-sml-layout":"","ast-disable-related-posts":"","theme-transparent-header-meta":"default","adv-header-id-meta":"","stick-header-meta":"","header-above-stick-meta":"","header-main-stick-meta":"","header-below-stick-meta":"","astra-migrate-meta-layouts":"default","ast-page-background-enabled":"default","ast-page-background-meta":{"desktop":{"background-color":"var(--ast-global-color-4)","background-image":"","background-repeat":"repeat","background-position":"center center","background-size":"auto","background-attachment":"scroll","background-type":"","background-media":"","overlay-type":"","overlay-color":"","overlay-opacity":"","overlay-gradient":""},"tablet":{"background-color":"","background-image":"","background-repeat":"repeat","background-position":"center center","background-size":"auto","background-attachment":"scroll","background-type":"","background-media":"","overlay-type":"","overlay-color":"","overlay-opacity":"","overlay-gradient":""},"mobile":{"background-color":"","background-image":"","background-repeat":"repeat","background-position":"center center","background-size":"auto","background-attachment":"scroll","background-type":"","background-media":"","overlay-type":"","overlay-color":"","overlay-opacity":"","overlay-gradient":""}},"ast-content-background-meta":{"desktop":{"background-color":"var(--ast-global-color-5)","background-image":"","background-repeat":"repeat","background-position":"center center","background-size":"auto","background-attachment":"scroll","background-type":"","background-media":"","overlay-type":"","overlay-color":"","overlay-opacity":"","overlay-gradient":""},"tablet":{"background-color":"var(--ast-global-color-5)","background-image":"","background-repeat":"repeat","background-position":"center center","background-size":"auto","background-attachment":"scroll","background-type":"","background-media":"","overlay-type":"","overlay-color":"","overlay-opacity":"","overlay-gradient":""},"mobile":{"background-color":"var(--ast-global-color-5)","background-image":"","background-repeat":"repeat","background-position":"center center","background-size":"auto","background-attachment":"scroll","background-type":"","background-media":"","overlay-type":"","overlay-color":"","overlay-opacity":"","overlay-gradient":""}},"footnotes":""},"class_list":["post-274","page","type-page","status-publish","hentry"],"_links":{"self":[{"href":"https:\/\/consuladodevenezuelaenmadrid.com\/index.php\/wp-json\/wp\/v2\/pages\/274","targetHints":{"allow":["GET"]}}],"collection":[{"href":"https:\/\/consuladodevenezuelaenmadrid.com\/index.php\/wp-json\/wp\/v2\/pages"}],"about":[{"href":"https:\/\/consuladodevenezuelaenmadrid.com\/index.php\/wp-json\/wp\/v2\/types\/page"}],"author":[{"embeddable":true,"href":"https:\/\/consuladodevenezuelaenmadrid.com\/index.php\/wp-json\/wp\/v2\/users\/1"}],"replies":[{"embeddable":true,"href":"https:\/\/consuladodevenezuelaenmadrid.com\/index.php\/wp-json\/wp\/v2\/comments?post=274"}],"version-history":[{"count":40,"href":"https:\/\/consuladodevenezuelaenmadrid.com\/index.php\/wp-json\/wp\/v2\/pages\/274\/revisions"}],"predecessor-version":[{"id":4840,"href":"https:\/\/consuladodevenezuelaenmadrid.com\/index.php\/wp-json\/wp\/v2\/pages\/274\/revisions\/4840"}],"wp:attachment":[{"href":"https:\/\/consuladodevenezuelaenmadrid.com\/index.php\/wp-json\/wp\/v2\/media?parent=274"}],"curies":[{"name":"wp","href":"https:\/\/api.w.org\/{rel}","templated":true}]}}