{"id":237,"date":"2020-05-16T22:44:47","date_gmt":"2020-05-16T22:44:47","guid":{"rendered":"http:\/\/localhost\/consulado\/?page_id=237"},"modified":"2026-02-02T13:14:15","modified_gmt":"2026-02-02T13:14:15","slug":"inicio","status":"publish","type":"page","link":"https:\/\/consuladodevenezuelaenmadrid.com\/","title":{"rendered":"INICIO"},"content":{"rendered":"\t\t<div data-elementor-type=\"wp-page\" data-elementor-id=\"237\" class=\"elementor elementor-237\">\n\t\t\t\t\t\t<section class=\"elementor-section elementor-top-section elementor-element elementor-element-04e00cb elementor-section-boxed elementor-section-height-default elementor-section-height-default\" data-id=\"04e00cb\" data-element_type=\"section\" data-e-type=\"section\">\n\t\t\t\t\t\t<div class=\"elementor-container elementor-column-gap-default\">\n\t\t\t\t\t<div class=\"elementor-column elementor-col-33 elementor-top-column elementor-element elementor-element-4fecd10\" data-id=\"4fecd10\" data-element_type=\"column\" data-e-type=\"column\">\n\t\t\t<div class=\"elementor-widget-wrap elementor-element-populated\">\n\t\t\t\t\t\t<div class=\"elementor-element elementor-element-432d998 elementor-widget elementor-widget-image\" data-id=\"432d998\" data-element_type=\"widget\" data-e-type=\"widget\" data-widget_type=\"image.default\">\n\t\t\t\t<div class=\"elementor-widget-container\">\n\t\t\t\t\t\t\t\t\t\t\t\t\t\t\t\t<a href=\"https:\/\/consuladodevenezuelaenmadrid.com\/index.php\/pasaportes-recibidos\/\">\n\t\t\t\t\t\t\t<img fetchpriority=\"high\" decoding=\"async\" width=\"626\" height=\"626\" src=\"https:\/\/consuladodevenezuelaenmadrid.com\/wp-content\/uploads\/2022\/03\/Iconos_Pasaportes_Recibidos.png\" class=\"attachment-large size-large wp-image-3026\" alt=\"\" srcset=\"https:\/\/consuladodevenezuelaenmadrid.com\/wp-content\/uploads\/2022\/03\/Iconos_Pasaportes_Recibidos.png 626w, https:\/\/consuladodevenezuelaenmadrid.com\/wp-content\/uploads\/2022\/03\/Iconos_Pasaportes_Recibidos-300x300.png 300w, https:\/\/consuladodevenezuelaenmadrid.com\/wp-content\/uploads\/2022\/03\/Iconos_Pasaportes_Recibidos-150x150.png 150w, https:\/\/consuladodevenezuelaenmadrid.com\/wp-content\/uploads\/2022\/03\/Iconos_Pasaportes_Recibidos-32x32.png 32w\" sizes=\"(max-width: 626px) 100vw, 626px\" \/>\t\t\t\t\t\t\t\t<\/a>\n\t\t\t\t\t\t\t\t\t\t\t\t\t\t\t<\/div>\n\t\t\t\t<\/div>\n\t\t\t\t\t<\/div>\n\t\t<\/div>\n\t\t\t\t<div class=\"elementor-column elementor-col-33 elementor-top-column elementor-element elementor-element-61c1ddb\" data-id=\"61c1ddb\" data-element_type=\"column\" data-e-type=\"column\">\n\t\t\t<div class=\"elementor-widget-wrap elementor-element-populated\">\n\t\t\t\t\t\t<div class=\"elementor-element elementor-element-d6ae943 elementor-widget elementor-widget-image\" data-id=\"d6ae943\" data-element_type=\"widget\" data-e-type=\"widget\" data-widget_type=\"image.default\">\n\t\t\t\t<div class=\"elementor-widget-container\">\n\t\t\t\t\t\t\t\t\t\t\t\t\t\t\t\t<a href=\"https:\/\/consuladodevenezuelaenmadrid.com\/index.php\/prorrogas-2021\/\">\n\t\t\t\t\t\t\t<img decoding=\"async\" width=\"626\" height=\"626\" src=\"https:\/\/consuladodevenezuelaenmadrid.com\/wp-content\/uploads\/2022\/03\/Iconos_Prorrogas_Recibidas.png\" class=\"attachment-large size-large wp-image-3024\" alt=\"\" srcset=\"https:\/\/consuladodevenezuelaenmadrid.com\/wp-content\/uploads\/2022\/03\/Iconos_Prorrogas_Recibidas.png 626w, https:\/\/consuladodevenezuelaenmadrid.com\/wp-content\/uploads\/2022\/03\/Iconos_Prorrogas_Recibidas-300x300.png 300w, https:\/\/consuladodevenezuelaenmadrid.com\/wp-content\/uploads\/2022\/03\/Iconos_Prorrogas_Recibidas-150x150.png 150w, https:\/\/consuladodevenezuelaenmadrid.com\/wp-content\/uploads\/2022\/03\/Iconos_Prorrogas_Recibidas-32x32.png 32w\" sizes=\"(max-width: 626px) 100vw, 626px\" \/>\t\t\t\t\t\t\t\t<\/a>\n\t\t\t\t\t\t\t\t\t\t\t\t\t\t\t<\/div>\n\t\t\t\t<\/div>\n\t\t\t\t\t<\/div>\n\t\t<\/div>\n\t\t\t\t<div class=\"elementor-column elementor-col-33 elementor-top-column elementor-element elementor-element-1195b3a\" data-id=\"1195b3a\" data-element_type=\"column\" data-e-type=\"column\">\n\t\t\t<div class=\"elementor-widget-wrap elementor-element-populated\">\n\t\t\t\t\t\t<div class=\"elementor-element elementor-element-213df7e elementor-widget elementor-widget-image\" data-id=\"213df7e\" data-element_type=\"widget\" data-e-type=\"widget\" data-widget_type=\"image.default\">\n\t\t\t\t<div class=\"elementor-widget-container\">\n\t\t\t\t\t\t\t\t\t\t\t\t\t\t\t\t<a href=\"https:\/\/consuladodevenezuelaenmadrid.com\/index.php\/tramites-2\/\">\n\t\t\t\t\t\t\t<img decoding=\"async\" width=\"626\" height=\"626\" src=\"https:\/\/consuladodevenezuelaenmadrid.com\/wp-content\/uploads\/2022\/03\/Iconos_Citas_Tramites.png\" class=\"attachment-large size-large wp-image-3023\" alt=\"\" srcset=\"https:\/\/consuladodevenezuelaenmadrid.com\/wp-content\/uploads\/2022\/03\/Iconos_Citas_Tramites.png 626w, https:\/\/consuladodevenezuelaenmadrid.com\/wp-content\/uploads\/2022\/03\/Iconos_Citas_Tramites-300x300.png 300w, https:\/\/consuladodevenezuelaenmadrid.com\/wp-content\/uploads\/2022\/03\/Iconos_Citas_Tramites-150x150.png 150w, https:\/\/consuladodevenezuelaenmadrid.com\/wp-content\/uploads\/2022\/03\/Iconos_Citas_Tramites-32x32.png 32w\" sizes=\"(max-width: 626px) 100vw, 626px\" \/>\t\t\t\t\t\t\t\t<\/a>\n\t\t\t\t\t\t\t\t\t\t\t\t\t\t\t<\/div>\n\t\t\t\t<\/div>\n\t\t\t\t\t<\/div>\n\t\t<\/div>\n\t\t\t\t\t<\/div>\n\t\t<\/section>\n\t\t\t\t<section class=\"elementor-section elementor-top-section elementor-element elementor-element-2023163 elementor-section-boxed elementor-section-height-default elementor-section-height-default\" data-id=\"2023163\" data-element_type=\"section\" data-e-type=\"section\">\n\t\t\t\t\t\t<div class=\"elementor-container elementor-column-gap-default\">\n\t\t\t\t\t<div class=\"elementor-column elementor-col-33 elementor-top-column elementor-element elementor-element-74cf315\" data-id=\"74cf315\" data-element_type=\"column\" data-e-type=\"column\">\n\t\t\t<div class=\"elementor-widget-wrap elementor-element-populated\">\n\t\t\t\t\t\t<div class=\"elementor-element elementor-element-e5d3b3d elementor-widget elementor-widget-image\" data-id=\"e5d3b3d\" data-element_type=\"widget\" data-e-type=\"widget\" data-widget_type=\"image.default\">\n\t\t\t\t<div class=\"elementor-widget-container\">\n\t\t\t\t\t\t\t\t\t\t\t\t\t\t\t\t<a href=\"https:\/\/consuladodevenezuelaenmadrid.com\/index.php\/registro-consular\/\">\n\t\t\t\t\t\t\t<img loading=\"lazy\" decoding=\"async\" width=\"626\" height=\"626\" src=\"https:\/\/consuladodevenezuelaenmadrid.com\/wp-content\/uploads\/2022\/03\/Iconos_Registro_Consular.png\" class=\"attachment-large size-large wp-image-3020\" alt=\"\" srcset=\"https:\/\/consuladodevenezuelaenmadrid.com\/wp-content\/uploads\/2022\/03\/Iconos_Registro_Consular.png 626w, https:\/\/consuladodevenezuelaenmadrid.com\/wp-content\/uploads\/2022\/03\/Iconos_Registro_Consular-300x300.png 300w, https:\/\/consuladodevenezuelaenmadrid.com\/wp-content\/uploads\/2022\/03\/Iconos_Registro_Consular-150x150.png 150w, https:\/\/consuladodevenezuelaenmadrid.com\/wp-content\/uploads\/2022\/03\/Iconos_Registro_Consular-32x32.png 32w\" sizes=\"(max-width: 626px) 100vw, 626px\" \/>\t\t\t\t\t\t\t\t<\/a>\n\t\t\t\t\t\t\t\t\t\t\t\t\t\t\t<\/div>\n\t\t\t\t<\/div>\n\t\t\t\t\t<\/div>\n\t\t<\/div>\n\t\t\t\t<div class=\"elementor-column elementor-col-33 elementor-top-column elementor-element elementor-element-44a90d8\" data-id=\"44a90d8\" data-element_type=\"column\" data-e-type=\"column\">\n\t\t\t<div class=\"elementor-widget-wrap elementor-element-populated\">\n\t\t\t\t\t\t<div class=\"elementor-element elementor-element-e96f7b8 elementor-widget elementor-widget-image\" data-id=\"e96f7b8\" data-element_type=\"widget\" data-e-type=\"widget\" data-widget_type=\"image.default\">\n\t\t\t\t<div class=\"elementor-widget-container\">\n\t\t\t\t\t\t\t\t\t\t\t\t\t\t\t\t<a href=\"https:\/\/consuladodevenezuelaenmadrid.com\/index.php\/acta-de-nacimiento-cne\/\">\n\t\t\t\t\t\t\t<img loading=\"lazy\" decoding=\"async\" width=\"626\" height=\"626\" src=\"https:\/\/consuladodevenezuelaenmadrid.com\/wp-content\/uploads\/2026\/02\/Iconos_Acta_de_Nacimiento_CNE.jpg\" class=\"attachment-large size-large wp-image-5384\" alt=\"\" srcset=\"https:\/\/consuladodevenezuelaenmadrid.com\/wp-content\/uploads\/2026\/02\/Iconos_Acta_de_Nacimiento_CNE.jpg 626w, https:\/\/consuladodevenezuelaenmadrid.com\/wp-content\/uploads\/2026\/02\/Iconos_Acta_de_Nacimiento_CNE-300x300.jpg 300w, https:\/\/consuladodevenezuelaenmadrid.com\/wp-content\/uploads\/2026\/02\/Iconos_Acta_de_Nacimiento_CNE-150x150.jpg 150w\" sizes=\"(max-width: 626px) 100vw, 626px\" \/>\t\t\t\t\t\t\t\t<\/a>\n\t\t\t\t\t\t\t\t\t\t\t\t\t\t\t<\/div>\n\t\t\t\t<\/div>\n\t\t\t\t\t<\/div>\n\t\t<\/div>\n\t\t\t\t<div class=\"elementor-column elementor-col-33 elementor-top-column elementor-element elementor-element-de293c1\" data-id=\"de293c1\" data-element_type=\"column\" data-e-type=\"column\">\n\t\t\t<div class=\"elementor-widget-wrap elementor-element-populated\">\n\t\t\t\t\t\t<div class=\"elementor-element elementor-element-f5c70ed elementor-widget elementor-widget-image\" data-id=\"f5c70ed\" data-element_type=\"widget\" data-e-type=\"widget\" data-widget_type=\"image.default\">\n\t\t\t\t<div class=\"elementor-widget-container\">\n\t\t\t\t\t\t\t\t\t\t\t\t\t\t\t\t<a href=\"https:\/\/consuladodevenezuelaenmadrid.com\/index.php\/ingreso-a-espana\/\">\n\t\t\t\t\t\t\t<img loading=\"lazy\" decoding=\"async\" width=\"626\" height=\"626\" src=\"https:\/\/consuladodevenezuelaenmadrid.com\/wp-content\/uploads\/2022\/03\/Iconos_Ingreso_Espana.png\" class=\"attachment-large size-large wp-image-3027\" alt=\"\" srcset=\"https:\/\/consuladodevenezuelaenmadrid.com\/wp-content\/uploads\/2022\/03\/Iconos_Ingreso_Espana.png 626w, https:\/\/consuladodevenezuelaenmadrid.com\/wp-content\/uploads\/2022\/03\/Iconos_Ingreso_Espana-300x300.png 300w, https:\/\/consuladodevenezuelaenmadrid.com\/wp-content\/uploads\/2022\/03\/Iconos_Ingreso_Espana-150x150.png 150w, https:\/\/consuladodevenezuelaenmadrid.com\/wp-content\/uploads\/2022\/03\/Iconos_Ingreso_Espana-32x32.png 32w\" sizes=\"(max-width: 626px) 100vw, 626px\" \/>\t\t\t\t\t\t\t\t<\/a>\n\t\t\t\t\t\t\t\t\t\t\t\t\t\t\t<\/div>\n\t\t\t\t<\/div>\n\t\t\t\t\t<\/div>\n\t\t<\/div>\n\t\t\t\t\t<\/div>\n\t\t<\/section>\n\t\t\t\t<section class=\"elementor-section elementor-top-section elementor-element elementor-element-c077ea7 elementor-section-boxed elementor-section-height-default elementor-section-height-default\" data-id=\"c077ea7\" data-element_type=\"section\" data-e-type=\"section\">\n\t\t\t\t\t\t<div class=\"elementor-container elementor-column-gap-default\">\n\t\t\t\t\t<div class=\"elementor-column elementor-col-100 elementor-top-column elementor-element elementor-element-844df3a\" data-id=\"844df3a\" data-element_type=\"column\" data-e-type=\"column\">\n\t\t\t<div class=\"elementor-widget-wrap elementor-element-populated\">\n\t\t\t\t\t\t<div class=\"elementor-element elementor-element-65a04aa elementor-widget elementor-widget-text-editor\" data-id=\"65a04aa\" data-element_type=\"widget\" data-e-type=\"widget\" data-widget_type=\"text-editor.default\">\n\t\t\t\t<div class=\"elementor-widget-container\">\n\t\t\t\t\t\t\t\t\t<h3 class=\"mb-5\" style=\"text-align: center;\"><span style=\"color: #008080;\"><strong>D\u00edas no laborables &#8211; A\u00f1o &nbsp;2025-2026<\/strong><\/span><\/h3>\n<p style=\"text-align: center;\"><strong>El consulado no atender\u00e1 p\u00fablico en estas fechas<\/strong>, salvo excepciones que ser\u00e1n publicadas seg\u00fan sea el caso.<\/p>\n<div style=\"padding-left: 360px;\">&nbsp;<\/div>\n<div style=\"padding-left: 360px;\"><span style=\"font-size: 16px;\">10 de noviembre de 2025&nbsp; &nbsp; &#8211; traslado de la festividad de Ntra. Sra. de la Almudena<\/span><\/div>\n<div style=\"padding-left: 360px;\">08 de diciembre de 2025&nbsp; &nbsp; &nbsp; &#8211; D\u00eda de la Inmaculada Concepci\u00f3n<br>24 de diciembre de 2025&nbsp; &nbsp; &nbsp;&#8211; Nochebuena<\/div>\n<div style=\"padding-left: 360px;\"><span style=\"font-size: 16px; color: var( --e-global-color-text );\">25 de diciembre de 2025&nbsp; &nbsp; &nbsp; &#8211; D\u00eda de Navidad<\/span><br><span style=\"font-size: 16px; color: var( --e-global-color-text );\">31 de diciembre de 2025&nbsp; &nbsp; &nbsp; &#8211; V\u00edspera de A\u00f1o Nuevo<\/span><br><span style=\"font-size: 16px; color: var( --e-global-color-text );\">01 de enero de 2026&nbsp; &nbsp; &nbsp; &nbsp; &nbsp; &nbsp; &#8211; A\u00f1o Nuevo<\/span><br><span style=\"font-size: 16px; color: var( --e-global-color-text );\">06 de enero de 2026&nbsp; &nbsp; &nbsp; &nbsp; &nbsp; &nbsp; &#8211; Epifan\u00eda del Se\u00f1or<\/span><br><span style=\"font-size: 16px; color: var( --e-global-color-text );\">02 de abril de 2026&nbsp; &nbsp; &nbsp; &nbsp; &nbsp; &nbsp; &nbsp; &nbsp;&#8211; Jueves Santo<\/span><br><span style=\"font-size: 16px; color: var( --e-global-color-text );\">03 de abril de 2026&nbsp; &nbsp; &nbsp; &nbsp; &nbsp; &nbsp; &nbsp; &nbsp;&#8211; Viernes Santo<\/span><br><span style=\"font-size: 16px; color: var( --e-global-color-text );\">01 de mayo de 2026&nbsp; &nbsp; &nbsp; &nbsp; &nbsp; &nbsp; &nbsp;&#8211; D\u00eda del Trabajo<\/span><br><span style=\"font-size: 16px; color: var( --e-global-color-text );\">15 de mayo de 2026&nbsp; &nbsp; &nbsp; &nbsp; &nbsp; &nbsp; &nbsp;&#8211; San Isidro, patr\u00f3n de Madrid<\/span><br><span style=\"font-size: 16px; color: var( --e-global-color-text );\">12 de octubre de 2026&nbsp; &nbsp; &nbsp; &nbsp; &nbsp; &#8211; D\u00eda de la Resistencia Ind\u00edgena<\/span><br><span style=\"font-size: 16px; color: var( --e-global-color-text );\">02 de noviembre de 2026&nbsp; &nbsp; &nbsp;&#8211; traslado de Todos los Santos<\/span><br>09 de noviembre de 2026&nbsp; &nbsp; &nbsp;&#8211; D\u00eda de la Almudena<br><span style=\"color: var( --e-global-color-text ); font-size: 16px;\">07 de diciembre&nbsp; de 2026&nbsp; &nbsp; &nbsp;&#8211; traslado del D\u00eda de la Constituci\u00f3n Espa\u00f1ola<\/span><br><span style=\"color: var( --e-global-color-text ); font-size: 16px;\">08 de diciembre de 2026&nbsp; &nbsp; &nbsp; &#8211; D\u00eda de la Inmaculada Concepci\u00f3n<\/span><br><span style=\"color: var( --e-global-color-text ); font-size: 16px;\">24 de diciembre de 2026&nbsp; &nbsp; &nbsp; &#8211; Nochebuena<\/span><br><span style=\"color: var( --e-global-color-text ); font-size: 16px;\">25 de diciembre de 2026&nbsp; &nbsp; &nbsp; &#8211; D\u00eda de Navidad<\/span><br><span style=\"color: var( --e-global-color-text ); font-size: 16px;\">31 de diciembre de 2026&nbsp; &nbsp; &nbsp; &#8211; V\u00edspera de A\u00f1o Nuevo<\/span><\/div><div style=\"padding-left: 360px;\"><span style=\"font-size: 16px;\">&nbsp;<\/span><\/div>\t\t\t\t\t\t\t\t<\/div>\n\t\t\t\t<\/div>\n\t\t\t\t\t<\/div>\n\t\t<\/div>\n\t\t\t\t\t<\/div>\n\t\t<\/section>\n\t\t\t\t<section class=\"elementor-section elementor-top-section elementor-element elementor-element-61e5f80 elementor-section-boxed elementor-section-height-default elementor-section-height-default\" data-id=\"61e5f80\" data-element_type=\"section\" data-e-type=\"section\">\n\t\t\t\t\t\t<div class=\"elementor-container elementor-column-gap-default\">\n\t\t\t\t\t<div class=\"elementor-column elementor-col-100 elementor-top-column elementor-element elementor-element-9a2fbe8\" data-id=\"9a2fbe8\" data-element_type=\"column\" data-e-type=\"column\">\n\t\t\t<div class=\"elementor-widget-wrap elementor-element-populated\">\n\t\t\t\t\t\t<div class=\"elementor-element elementor-element-c2ebdc0 elementor-widget elementor-widget-image\" data-id=\"c2ebdc0\" data-element_type=\"widget\" data-e-type=\"widget\" data-widget_type=\"image.default\">\n\t\t\t\t<div class=\"elementor-widget-container\">\n\t\t\t\t\t\t\t\t\t\t\t\t\t\t\t<img loading=\"lazy\" decoding=\"async\" width=\"1024\" height=\"202\" src=\"https:\/\/consuladodevenezuelaenmadrid.com\/wp-content\/uploads\/2023\/06\/Banner_Contacto.jpg\" class=\"attachment-large size-large wp-image-3920\" alt=\"\" srcset=\"https:\/\/consuladodevenezuelaenmadrid.com\/wp-content\/uploads\/2023\/06\/Banner_Contacto.jpg 1024w, https:\/\/consuladodevenezuelaenmadrid.com\/wp-content\/uploads\/2023\/06\/Banner_Contacto-300x59.jpg 300w, https:\/\/consuladodevenezuelaenmadrid.com\/wp-content\/uploads\/2023\/06\/Banner_Contacto-768x152.jpg 768w\" sizes=\"(max-width: 1024px) 100vw, 1024px\" \/>\t\t\t\t\t\t\t\t\t\t\t\t\t\t\t<\/div>\n\t\t\t\t<\/div>\n\t\t\t\t\t<\/div>\n\t\t<\/div>\n\t\t\t\t\t<\/div>\n\t\t<\/section>\n\t\t\t\t<\/div>\n\t\t","protected":false},"excerpt":{"rendered":"<p>D\u00edas no laborables &#8211; A\u00f1o &nbsp;2025-2026 El consulado no atender\u00e1 p\u00fablico en estas fechas, salvo excepciones que ser\u00e1n publicadas seg\u00fan sea el caso. &nbsp; 10 de noviembre de 2025&nbsp; &nbsp; &#8211; traslado de la festividad de Ntra. Sra. de la Almudena 08 de diciembre de 2025&nbsp; &nbsp; &nbsp; &#8211; D\u00eda de la Inmaculada Concepci\u00f3n24 de [&hellip;]<\/p>\n","protected":false},"author":1,"featured_media":0,"parent":0,"menu_order":1,"comment_status":"closed","ping_status":"closed","template":"","meta":{"site-sidebar-layout":"right-sidebar","site-content-layout":"plain-container","ast-site-content-layout":"default","site-content-style":"default","site-sidebar-style":"default","ast-global-header-display":"","ast-banner-title-visibility":"","ast-main-header-display":"","ast-hfb-above-header-display":"","ast-hfb-below-header-display":"","ast-hfb-mobile-header-display":"","site-post-title":"disabled","ast-breadcrumbs-content":"","ast-featured-img":"","footer-sml-layout":"","ast-disable-related-posts":"","theme-transparent-header-meta":"disabled","adv-header-id-meta":"","stick-header-meta":"","header-above-stick-meta":"","header-main-stick-meta":"","header-below-stick-meta":"","astra-migrate-meta-layouts":"default","ast-page-background-enabled":"default","ast-page-background-meta":{"desktop":{"background-color":"var(--ast-global-color-4)","background-image":"","background-repeat":"repeat","background-position":"center center","background-size":"auto","background-attachment":"scroll","background-type":"","background-media":"","overlay-type":"","overlay-color":"","overlay-opacity":"","overlay-gradient":""},"tablet":{"background-color":"","background-image":"","background-repeat":"repeat","background-position":"center center","background-size":"auto","background-attachment":"scroll","background-type":"","background-media":"","overlay-type":"","overlay-color":"","overlay-opacity":"","overlay-gradient":""},"mobile":{"background-color":"","background-image":"","background-repeat":"repeat","background-position":"center center","background-size":"auto","background-attachment":"scroll","background-type":"","background-media":"","overlay-type":"","overlay-color":"","overlay-opacity":"","overlay-gradient":""}},"ast-content-background-meta":{"desktop":{"background-color":"var(--ast-global-color-5)","background-image":"","background-repeat":"repeat","background-position":"center center","background-size":"auto","background-attachment":"scroll","background-type":"","background-media":"","overlay-type":"","overlay-color":"","overlay-opacity":"","overlay-gradient":""},"tablet":{"background-color":"var(--ast-global-color-5)","background-image":"","background-repeat":"repeat","background-position":"center center","background-size":"auto","background-attachment":"scroll","background-type":"","background-media":"","overlay-type":"","overlay-color":"","overlay-opacity":"","overlay-gradient":""},"mobile":{"background-color":"var(--ast-global-color-5)","background-image":"","background-repeat":"repeat","background-position":"center center","background-size":"auto","background-attachment":"scroll","background-type":"","background-media":"","overlay-type":"","overlay-color":"","overlay-opacity":"","overlay-gradient":""}},"footnotes":""},"class_list":["post-237","page","type-page","status-publish","hentry"],"_links":{"self":[{"href":"https:\/\/consuladodevenezuelaenmadrid.com\/index.php\/wp-json\/wp\/v2\/pages\/237","targetHints":{"allow":["GET"]}}],"collection":[{"href":"https:\/\/consuladodevenezuelaenmadrid.com\/index.php\/wp-json\/wp\/v2\/pages"}],"about":[{"href":"https:\/\/consuladodevenezuelaenmadrid.com\/index.php\/wp-json\/wp\/v2\/types\/page"}],"author":[{"embeddable":true,"href":"https:\/\/consuladodevenezuelaenmadrid.com\/index.php\/wp-json\/wp\/v2\/users\/1"}],"replies":[{"embeddable":true,"href":"https:\/\/consuladodevenezuelaenmadrid.com\/index.php\/wp-json\/wp\/v2\/comments?post=237"}],"version-history":[{"count":284,"href":"https:\/\/consuladodevenezuelaenmadrid.com\/index.php\/wp-json\/wp\/v2\/pages\/237\/revisions"}],"predecessor-version":[{"id":5387,"href":"https:\/\/consuladodevenezuelaenmadrid.com\/index.php\/wp-json\/wp\/v2\/pages\/237\/revisions\/5387"}],"wp:attachment":[{"href":"https:\/\/consuladodevenezuelaenmadrid.com\/index.php\/wp-json\/wp\/v2\/media?parent=237"}],"curies":[{"name":"wp","href":"https:\/\/api.w.org\/{rel}","templated":true}]}}