{"id":1882,"date":"2020-06-22T14:02:25","date_gmt":"2020-06-22T14:02:25","guid":{"rendered":"http:\/\/consuladodevenezuelaenmadrid.net\/?page_id=1882"},"modified":"2023-06-27T15:24:18","modified_gmt":"2023-06-27T15:24:18","slug":"registro-de-renuncia-de-nacionalidad","status":"publish","type":"page","link":"https:\/\/consuladodevenezuelaenmadrid.com\/index.php\/registro-de-renuncia-de-nacionalidad\/","title":{"rendered":"REGISTRO DE RENUNCIA A LA NACIONALIDAD"},"content":{"rendered":"\t\t<div data-elementor-type=\"wp-page\" data-elementor-id=\"1882\" class=\"elementor elementor-1882\">\n\t\t\t\t\t\t<section class=\"elementor-section elementor-top-section elementor-element elementor-element-341f0716 elementor-section-boxed elementor-section-height-default elementor-section-height-default\" data-id=\"341f0716\" data-element_type=\"section\" data-e-type=\"section\">\n\t\t\t\t\t\t<div class=\"elementor-container elementor-column-gap-default\">\n\t\t\t\t\t<div class=\"elementor-column elementor-col-100 elementor-top-column elementor-element elementor-element-4d090577\" data-id=\"4d090577\" data-element_type=\"column\" data-e-type=\"column\">\n\t\t\t<div class=\"elementor-widget-wrap elementor-element-populated\">\n\t\t\t\t\t\t<div class=\"elementor-element elementor-element-7d38e63 elementor-widget elementor-widget-spacer\" data-id=\"7d38e63\" data-element_type=\"widget\" data-e-type=\"widget\" data-widget_type=\"spacer.default\">\n\t\t\t\t<div class=\"elementor-widget-container\">\n\t\t\t\t\t\t\t<div class=\"elementor-spacer\">\n\t\t\t<div class=\"elementor-spacer-inner\"><\/div>\n\t\t<\/div>\n\t\t\t\t\t\t<\/div>\n\t\t\t\t<\/div>\n\t\t\t\t<div class=\"elementor-element elementor-element-4b725c9 elementor-widget elementor-widget-heading\" data-id=\"4b725c9\" data-element_type=\"widget\" data-e-type=\"widget\" data-widget_type=\"heading.default\">\n\t\t\t\t<div class=\"elementor-widget-container\">\n\t\t\t\t\t<h2 class=\"elementor-heading-title elementor-size-default\">REGISTRO DE RENUNCIA DE NACIONALIDAD<\/h2>\t\t\t\t<\/div>\n\t\t\t\t<\/div>\n\t\t\t\t<div class=\"elementor-element elementor-element-dc01110 elementor-widget elementor-widget-spacer\" data-id=\"dc01110\" data-element_type=\"widget\" data-e-type=\"widget\" data-widget_type=\"spacer.default\">\n\t\t\t\t<div class=\"elementor-widget-container\">\n\t\t\t\t\t\t\t<div class=\"elementor-spacer\">\n\t\t\t<div class=\"elementor-spacer-inner\"><\/div>\n\t\t<\/div>\n\t\t\t\t\t\t<\/div>\n\t\t\t\t<\/div>\n\t\t\t\t<div class=\"elementor-element elementor-element-64c9a9b elementor-widget elementor-widget-text-editor\" data-id=\"64c9a9b\" data-element_type=\"widget\" data-e-type=\"widget\" data-widget_type=\"text-editor.default\">\n\t\t\t\t<div class=\"elementor-widget-container\">\n\t\t\t\t\t\t\t\t\t<p align=\"justify\">La <b>renuncia a la nacionalidad<\/b> es un documento que certifica la inscripci\u00f3n de renuncia a la nacionalidad venezolana, realizado ante la misi\u00f3n diplom\u00e1tica el cual ser\u00e1 inserto en el territorio nacional ante el Consejo Nacional Electoral (CNE).<\/p>\n<p align=\"justify\">Este tr\u00e1mite se solicita\u00a0<strong>POR CORREO POSTAL.<\/strong>\u00a0Para ello, debe enviar a nuestra direcci\u00f3n:\u00a0<strong>Calle de Eloy Gonzalo 40 \u2013 28010 Madrid<\/strong>, los siguientes recaudos:<\/p>\n<ol type=\"I\">\n<li>\n<p align=\"justify\"><span lang=\"es-ES\">Un (1) original y dos (2) copias de la certificaci\u00f3n de la constancia de haber obtenido o estar tramitando otra nacionalidad, la cual deber\u00e1 estar apostillada o legalizada y traducida al idioma castellano por int\u00e9rprete p\u00fablico, de ser el caso; o tres (3) copias fotost\u00e1ticas del pasaporte extranjero. <\/span><\/p>\n<\/li>\n<li>\n<p align=\"justify\"><span lang=\"es-ES\">Original y tres (3) copias de la c\u00e9dula de identidad o del pasaporte venezolano del renunciante.<\/span><\/p>\n<\/li>\n<li>\n<p align=\"justify\"><span lang=\"es-ES\">Un (1) original y dos (2) copias de la carta explicativa de las razones que justifican la renuncia a la nacionalidad venezolana.<\/span><\/p>\n<\/li>\n<li>\n<p align=\"justify\"><span lang=\"es-ES\">Tres (3) copias simples de la partida de nacimiento venezolana del renunciante.<\/span><\/p>\n<\/li>\n<li>\n<p align=\"justify\"><span lang=\"es-ES\">Original y tres (3) copias fotost\u00e1ticas del documento de identidad del padre, madre o representante legal, en caso de que el renunciante sea ni\u00f1o, ni\u00f1a o adolescente<\/span><\/p>\n<\/li>\n<\/ol>\n<p align=\"justify\">Una vez recibidos todos los recaudos correctamente, esta Misi\u00f3n Consular proceder\u00e1 a comunicarse con el interesado para concluir el tr\u00e1mite.\u00a0<\/p>\n<p align=\"justify\">Por correo postal se env\u00edan solo las copias de los documentos de identidad. Los originales deber\u00e1n ser presentados en el Consulado, al momento de la firma de la renuncia de nacionalidad.<\/p>\n<p align=\"justify\"><span lang=\"es-ES\"><b>NOTA:<\/b><\/span><span lang=\"es-ES\"> La renuncia a la nacionalidad venezolana no surtir\u00e1 efecto jur\u00eddico, hasta tanto se estampe la correspondiente nota marginal en el acta de nacimiento del renunciante.<\/span><\/p>\t\t\t\t\t\t\t\t<\/div>\n\t\t\t\t<\/div>\n\t\t\t\t<section class=\"elementor-section elementor-inner-section elementor-element elementor-element-ef62bb1 elementor-section-boxed elementor-section-height-default elementor-section-height-default\" data-id=\"ef62bb1\" data-element_type=\"section\" data-e-type=\"section\">\n\t\t\t\t\t\t<div class=\"elementor-container elementor-column-gap-default\">\n\t\t\t\t\t<div class=\"elementor-column elementor-col-50 elementor-inner-column elementor-element elementor-element-53d899d\" data-id=\"53d899d\" data-element_type=\"column\" data-e-type=\"column\">\n\t\t\t<div class=\"elementor-widget-wrap elementor-element-populated\">\n\t\t\t\t\t\t<div class=\"elementor-element elementor-element-0b99935 elementor-align-center elementor-widget elementor-widget-button\" data-id=\"0b99935\" data-element_type=\"widget\" data-e-type=\"widget\" data-widget_type=\"button.default\">\n\t\t\t\t<div class=\"elementor-widget-container\">\n\t\t\t\t\t\t\t\t\t<div class=\"elementor-button-wrapper\">\n\t\t\t\t\t<a class=\"elementor-button elementor-button-link elementor-size-sm\" href=\"https:\/\/consuladodevenezuelaenmadrid.com\/index.php\/contacto\/\">\n\t\t\t\t\t\t<span class=\"elementor-button-content-wrapper\">\n\t\t\t\t\t\t\t\t\t<span class=\"elementor-button-text\">Regresar<\/span>\n\t\t\t\t\t<\/span>\n\t\t\t\t\t<\/a>\n\t\t\t\t<\/div>\n\t\t\t\t\t\t\t\t<\/div>\n\t\t\t\t<\/div>\n\t\t\t\t\t<\/div>\n\t\t<\/div>\n\t\t\t\t<div class=\"elementor-column elementor-col-50 elementor-inner-column elementor-element elementor-element-f1747a7\" data-id=\"f1747a7\" data-element_type=\"column\" data-e-type=\"column\">\n\t\t\t<div class=\"elementor-widget-wrap elementor-element-populated\">\n\t\t\t\t\t\t<div class=\"elementor-element elementor-element-26064ac elementor-align-center elementor-widget elementor-widget-button\" data-id=\"26064ac\" data-element_type=\"widget\" data-e-type=\"widget\" data-widget_type=\"button.default\">\n\t\t\t\t<div class=\"elementor-widget-container\">\n\t\t\t\t\t\t\t\t\t<div class=\"elementor-button-wrapper\">\n\t\t\t\t\t<a class=\"elementor-button elementor-button-link elementor-size-sm\" href=\"\">\n\t\t\t\t\t\t<span class=\"elementor-button-content-wrapper\">\n\t\t\t\t\t\t\t\t\t<span class=\"elementor-button-text\">Salir<\/span>\n\t\t\t\t\t<\/span>\n\t\t\t\t\t<\/a>\n\t\t\t\t<\/div>\n\t\t\t\t\t\t\t\t<\/div>\n\t\t\t\t<\/div>\n\t\t\t\t\t<\/div>\n\t\t<\/div>\n\t\t\t\t\t<\/div>\n\t\t<\/section>\n\t\t\t\t<div class=\"elementor-element elementor-element-46bf5337 elementor-widget elementor-widget-text-editor\" data-id=\"46bf5337\" data-element_type=\"widget\" data-e-type=\"widget\" data-widget_type=\"text-editor.default\">\n\t\t\t\t<div class=\"elementor-widget-container\">\n\t\t\t\t\t\t\t\t\t\n<div class=\"wp-block-themeisle-blocks-advanced-columns has-undefined-columns has-desktop-undefined-layout has-tablet-equal-layout has-mobile-equal-layout has-default-gap has-vertical-unset\" id=\"wp-block-themeisle-blocks-advanced-columns-e5d46ee0\"><div class=\"wp-block-themeisle-blocks-advanced-columns-overlay\"><\/div><div class=\"innerblocks-wrap\"><\/div><\/div>\n\t\t\t\t\t\t\t\t<\/div>\n\t\t\t\t<\/div>\n\t\t\t\t\t<\/div>\n\t\t<\/div>\n\t\t\t\t\t<\/div>\n\t\t<\/section>\n\t\t\t\t<\/div>\n\t\t","protected":false},"excerpt":{"rendered":"<p>REGISTRO DE RENUNCIA DE NACIONALIDAD La renuncia a la nacionalidad es un documento que certifica la inscripci\u00f3n de renuncia a la nacionalidad venezolana, realizado ante la misi\u00f3n diplom\u00e1tica el cual ser\u00e1 inserto en el territorio nacional ante el Consejo Nacional Electoral (CNE). Este tr\u00e1mite se solicita\u00a0POR CORREO POSTAL.\u00a0Para ello, debe enviar a nuestra direcci\u00f3n:\u00a0Calle de [&hellip;]<\/p>\n","protected":false},"author":1,"featured_media":0,"parent":0,"menu_order":0,"comment_status":"closed","ping_status":"closed","template":"elementor_header_footer","meta":{"site-sidebar-layout":"default","site-content-layout":"default","ast-site-content-layout":"default","site-content-style":"default","site-sidebar-style":"default","ast-global-header-display":"","ast-banner-title-visibility":"","ast-main-header-display":"","ast-hfb-above-header-display":"","ast-hfb-below-header-display":"","ast-hfb-mobile-header-display":"","site-post-title":"","ast-breadcrumbs-content":"","ast-featured-img":"","footer-sml-layout":"","ast-disable-related-posts":"","theme-transparent-header-meta":"default","adv-header-id-meta":"","stick-header-meta":"","header-above-stick-meta":"","header-main-stick-meta":"","header-below-stick-meta":"","astra-migrate-meta-layouts":"default","ast-page-background-enabled":"default","ast-page-background-meta":{"desktop":{"background-color":"var(--ast-global-color-4)","background-image":"","background-repeat":"repeat","background-position":"center center","background-size":"auto","background-attachment":"scroll","background-type":"","background-media":"","overlay-type":"","overlay-color":"","overlay-opacity":"","overlay-gradient":""},"tablet":{"background-color":"","background-image":"","background-repeat":"repeat","background-position":"center center","background-size":"auto","background-attachment":"scroll","background-type":"","background-media":"","overlay-type":"","overlay-color":"","overlay-opacity":"","overlay-gradient":""},"mobile":{"background-color":"","background-image":"","background-repeat":"repeat","background-position":"center center","background-size":"auto","background-attachment":"scroll","background-type":"","background-media":"","overlay-type":"","overlay-color":"","overlay-opacity":"","overlay-gradient":""}},"ast-content-background-meta":{"desktop":{"background-color":"var(--ast-global-color-5)","background-image":"","background-repeat":"repeat","background-position":"center center","background-size":"auto","background-attachment":"scroll","background-type":"","background-media":"","overlay-type":"","overlay-color":"","overlay-opacity":"","overlay-gradient":""},"tablet":{"background-color":"var(--ast-global-color-5)","background-image":"","background-repeat":"repeat","background-position":"center center","background-size":"auto","background-attachment":"scroll","background-type":"","background-media":"","overlay-type":"","overlay-color":"","overlay-opacity":"","overlay-gradient":""},"mobile":{"background-color":"var(--ast-global-color-5)","background-image":"","background-repeat":"repeat","background-position":"center center","background-size":"auto","background-attachment":"scroll","background-type":"","background-media":"","overlay-type":"","overlay-color":"","overlay-opacity":"","overlay-gradient":""}},"footnotes":""},"class_list":["post-1882","page","type-page","status-publish","hentry"],"_links":{"self":[{"href":"https:\/\/consuladodevenezuelaenmadrid.com\/index.php\/wp-json\/wp\/v2\/pages\/1882","targetHints":{"allow":["GET"]}}],"collection":[{"href":"https:\/\/consuladodevenezuelaenmadrid.com\/index.php\/wp-json\/wp\/v2\/pages"}],"about":[{"href":"https:\/\/consuladodevenezuelaenmadrid.com\/index.php\/wp-json\/wp\/v2\/types\/page"}],"author":[{"embeddable":true,"href":"https:\/\/consuladodevenezuelaenmadrid.com\/index.php\/wp-json\/wp\/v2\/users\/1"}],"replies":[{"embeddable":true,"href":"https:\/\/consuladodevenezuelaenmadrid.com\/index.php\/wp-json\/wp\/v2\/comments?post=1882"}],"version-history":[{"count":10,"href":"https:\/\/consuladodevenezuelaenmadrid.com\/index.php\/wp-json\/wp\/v2\/pages\/1882\/revisions"}],"predecessor-version":[{"id":3935,"href":"https:\/\/consuladodevenezuelaenmadrid.com\/index.php\/wp-json\/wp\/v2\/pages\/1882\/revisions\/3935"}],"wp:attachment":[{"href":"https:\/\/consuladodevenezuelaenmadrid.com\/index.php\/wp-json\/wp\/v2\/media?parent=1882"}],"curies":[{"name":"wp","href":"https:\/\/api.w.org\/{rel}","templated":true}]}}