{"id":1831,"date":"2020-06-18T20:56:04","date_gmt":"2020-06-18T20:56:04","guid":{"rendered":"http:\/\/consuladodevenezuelaenmadrid.net\/?page_id=1831"},"modified":"2026-04-14T14:35:36","modified_gmt":"2026-04-14T14:35:36","slug":"visa-rentista","status":"publish","type":"page","link":"https:\/\/consuladodevenezuelaenmadrid.com\/index.php\/visa-rentista\/","title":{"rendered":"VISA RENTISTA"},"content":{"rendered":"\t\t<div data-elementor-type=\"wp-page\" data-elementor-id=\"1831\" class=\"elementor elementor-1831\">\n\t\t\t\t\t\t<section class=\"elementor-section elementor-top-section elementor-element elementor-element-33164b41 elementor-section-boxed elementor-section-height-default elementor-section-height-default\" data-id=\"33164b41\" data-element_type=\"section\" data-e-type=\"section\">\n\t\t\t\t\t\t<div class=\"elementor-container elementor-column-gap-default\">\n\t\t\t\t\t<div class=\"elementor-column elementor-col-100 elementor-top-column elementor-element elementor-element-3d06a9f9\" data-id=\"3d06a9f9\" data-element_type=\"column\" data-e-type=\"column\">\n\t\t\t<div class=\"elementor-widget-wrap elementor-element-populated\">\n\t\t\t\t\t\t<div class=\"elementor-element elementor-element-7c096590 elementor-widget elementor-widget-text-editor\" data-id=\"7c096590\" data-element_type=\"widget\" data-e-type=\"widget\" data-widget_type=\"text-editor.default\">\n\t\t\t\t<div class=\"elementor-widget-container\">\n\t\t\t\t\t\t\t\t\t\n<div class=\"wp-block-themeisle-blocks-advanced-columns has-undefined-columns has-desktop-undefined-layout has-tablet-equal-layout has-mobile-equal-layout has-default-gap has-vertical-unset\" id=\"wp-block-themeisle-blocks-advanced-columns-f51c4e82\"><div class=\"wp-block-themeisle-blocks-advanced-columns-overlay\"><\/div><div class=\"innerblocks-wrap\"><\/div><\/div>\n\t\t\t\t\t\t\t\t<\/div>\n\t\t\t\t<\/div>\n\t\t\t\t<div class=\"elementor-element elementor-element-9fdbd00 elementor-widget elementor-widget-heading\" data-id=\"9fdbd00\" data-element_type=\"widget\" data-e-type=\"widget\" data-widget_type=\"heading.default\">\n\t\t\t\t<div class=\"elementor-widget-container\">\n\t\t\t\t\t<h2 class=\"elementor-heading-title elementor-size-default\">VISADO RENTISTA<\/h2>\t\t\t\t<\/div>\n\t\t\t\t<\/div>\n\t\t\t\t<div class=\"elementor-element elementor-element-77db2b8 elementor-widget elementor-widget-text-editor\" data-id=\"77db2b8\" data-element_type=\"widget\" data-e-type=\"widget\" data-widget_type=\"text-editor.default\">\n\t\t\t\t<div class=\"elementor-widget-container\">\n\t\t\t\t\t\t\t\t\t<p id=\"h.p_ekgsGpv_S6IV\" class=\"zfr3Q\">La Visa de Transe\u00fante Rentista se otorgar\u00e1 con una vigencia de un (1) a\u00f1o, m\u00faltiples entradas, con igual t\u00e9rmino de permanencia. Una vez vencida, podr\u00e1 ser prorrogada por t\u00e9rminos iguales por el\u00a0<a class=\"dhtgD aw5Odc\" href=\"http:\/\/www.google.com\/url?q=http%3A%2F%2Fwww.mpprij.gob.ve%2F&amp;sa=D&amp;sntz=1&amp;usg=AFQjCNHL5IovIIVh8zBKRBWpjDC-JPZjjA\" target=\"_blank\" rel=\"noopener\">Ministerio del Poder Popular para Relaciones Interiores, Justicia y Paz<\/a>\u00a0previa justificaci\u00f3n de que subsisten las fuentes de ingresos extranjeros.<\/p>\n<p id=\"h.p_xsVLTGWoS6Zs\" class=\"zfr3Q\">Se otorgar\u00e1 a personas no migrantes, que vivan de sus rentas l\u00edcitas o pensi\u00f3n, con ingreso mensual equivalente a US$ 1,200.00, generados en el exterior. Cuando viaje acompa\u00f1ado por miembros de su familia, deber\u00e1 comprobar poseer ingresos mensuales fijos de US$ 500.00 por cada acompa\u00f1ante.<\/p>\n<p id=\"h.p_0pqbQ6qAS6Zt\" class=\"zfr3Q\"><strong>REQUISITOS<\/strong><\/p>\n<p id=\"h.p_aekIjlCTS6Zu\" class=\"zfr3Q\">Este tr\u00e1mite se hace\u00a0<strong>EXCLUSIVAMENTE POR CORREO POSTAL.<\/strong>\u00a0Para ello, el interesado debe residir en cualquier Comunidad Aut\u00f3noma de la <a href=\"https:\/\/consuladodevenezuelaenmadrid.com\/index.php\/circunscripcion\/\" target=\"_blank\" rel=\"noopener\">circunscripci\u00f3n de esta Misi\u00f3n Consular<\/a> y remitir a nuestra direcci\u00f3n<strong> Calle Eloy Gonzalo 40 &#8211; 28010 Madrid<\/strong>, los siguientes recaudos:<\/p>\n<ul class=\"n8H08c UVNKR\">\n<li id=\"h.p_mN_hX-jyS6Zv\" class=\"TYR86d zfr3Q\">Presentar la <a href=\"https:\/\/consuladodevenezuelaenmadrid.com\/wp-content\/uploads\/2026\/04\/planilla-solicitud-visado.pdf\">planilla de\u00a0solicitud de visa<\/a>, complementada en letra legible y sin tachaduras.<\/li>\n<li id=\"h.p_mN_hX-jyS6Zv\" class=\"TYR86d zfr3Q\">Fotocopia de la Tarjeta de Residencia vigente, con m\u00ednimo de seis (6) meses desde su expedici\u00f3n.<\/li>\n<li id=\"h.p_641UdoOnS6Zv\" class=\"TYR86d zfr3Q\">Pasaporte original con al menos doce meses de validez.<\/li>\n<li id=\"h.p_XC_AgMFTS6Zw\" class=\"TYR86d zfr3Q\">Dos (2) fotograf\u00edas a color, recientes, tama\u00f1o carnet con fondo blanco y sin lentes.<\/li>\n<li id=\"h.p_pQYCLsASS6Zy\" class=\"TYR86d zfr3Q\">Original del Certificado M\u00e9dico Oficial Ordinario, debidamente legalizado por el Consejo General de Colegios Oficiales de M\u00e9dicos de Espa\u00f1a (CGCOM) (v\u00e9ase el siguiente enlace: <a href=\"https:\/\/www.cgcom.es\/servicios\/certificados-medicos\/legalizacion-de-certificados-medicos-oficiales-ordinarios\" target=\"_blank\" rel=\"noopener\">https:\/\/www.cgcom.es\/servicios\/certificados-medicos\/legalizacion-de-certificados-medicos-oficiales-ordinarios<\/a>).<\/li>\n<li id=\"h.p_ukUAIFPUS6Zy\" class=\"TYR86d zfr3Q\">Certificado de importes al cobro emitido por la Seguridad Social (en el caso de pensionados) u otro Documento que compruebe tener un ingreso mensual por concepto de renta o jubilaci\u00f3n equivalente a $1,200 generados fuera del territorio venezolano y de $500 adicionales por cada acompa\u00f1ante.<\/li>\n<li id=\"h.p_CXJG2YwnS6Zz\" class=\"TYR86d zfr3Q\">Demostraci\u00f3n fehaciente del ingreso mensual y del v\u00ednculo familiar cuando viaje acompa\u00f1ado, a trav\u00e9s de documentos emitidos por las autoridades locales.<\/li>\n<li id=\"h.p_IjTcZknqltad\" class=\"TYR86d zfr3Q\"><strong>Original del comprobante del dep\u00f3sito bancario\u00a0<\/strong>de las tasas consulares correspondientes, las cuales ascienden a\u00a0<strong>sesenta euros<\/strong>\u00a0(60,00 \u20ac).<br \/>\n<ul class=\"n8H08c UVNKR\">\n<li id=\"h.p_a6Jaus9vX2dK\" class=\"TYR86d zfr3Q\">N\u00famero de Cuenta: <strong>ES91-0081-7307-05-0001577660<\/strong><\/li>\n<li id=\"h.p_tuXpPnujX2dO\" class=\"TYR86d zfr3Q\">Banco:\u00a0<strong>Sabadell<\/strong><\/li>\n<li id=\"h.p_MUlvUcuoX2dQ\" class=\"TYR86d zfr3Q\">Titular:\u00a0<strong>Consulado General de la Rep\u00fablica Bolivariana de Venezuela<\/strong><\/li>\n<li id=\"h.p_5t4AnkRYX2dR\" class=\"TYR86d zfr3Q\">Incluir el nombre completo del interesado.<\/li>\n<\/ul>\n<\/li>\n<\/ul>\n<p><strong>El tiempo de espera para tramitar un visado, depende del volumen de solicitudes<\/strong>. Existen circunstancias individuales que pueden variar el tiempo de espera en forma significativa, sobre todo cuando se requiere la aprobaci\u00f3n por parte de alg\u00fan Departamento externo. Por lo anterior, se recomienda hacer la solicitud al menos noventa (90) d\u00edas antes del viaje.<\/p>\n<p><strong>La petici\u00f3n de visado puede ser rechazada<\/strong> por varias razones, entra las m\u00e1s comunes se encuentra la falta de documentaci\u00f3n necesaria para completar la solicitud, respaldar su situaci\u00f3n o justificar el prop\u00f3sito del viaje. Tambi\u00e9n se puede negar por error en el tipo de visa solicitada, etc.<\/p>\n<p><strong>Si se le niega una visa no se le devolver\u00e1 las tasas consulares<\/strong>.<\/p>\t\t\t\t\t\t\t\t<\/div>\n\t\t\t\t<\/div>\n\t\t\t\t<section class=\"elementor-section elementor-inner-section elementor-element elementor-element-2eed942 elementor-section-boxed elementor-section-height-default elementor-section-height-default\" data-id=\"2eed942\" data-element_type=\"section\" data-e-type=\"section\">\n\t\t\t\t\t\t<div class=\"elementor-container elementor-column-gap-default\">\n\t\t\t\t\t<div class=\"elementor-column elementor-col-50 elementor-inner-column elementor-element elementor-element-8fa8f3d\" data-id=\"8fa8f3d\" data-element_type=\"column\" data-e-type=\"column\">\n\t\t\t<div class=\"elementor-widget-wrap elementor-element-populated\">\n\t\t\t\t\t\t<div class=\"elementor-element elementor-element-0541ad0 elementor-align-center elementor-widget elementor-widget-button\" data-id=\"0541ad0\" data-element_type=\"widget\" data-e-type=\"widget\" data-widget_type=\"button.default\">\n\t\t\t\t<div class=\"elementor-widget-container\">\n\t\t\t\t\t\t\t\t\t<div class=\"elementor-button-wrapper\">\n\t\t\t\t\t<a class=\"elementor-button elementor-button-link elementor-size-sm\" href=\"mailto:tramites@consuladodevenezuelaenmadrid.com\">\n\t\t\t\t\t\t<span class=\"elementor-button-content-wrapper\">\n\t\t\t\t\t\t\t\t\t<span class=\"elementor-button-text\">Requiero m\u00e1s informaci\u00f3n<\/span>\n\t\t\t\t\t<\/span>\n\t\t\t\t\t<\/a>\n\t\t\t\t<\/div>\n\t\t\t\t\t\t\t\t<\/div>\n\t\t\t\t<\/div>\n\t\t\t\t\t<\/div>\n\t\t<\/div>\n\t\t\t\t<div class=\"elementor-column elementor-col-50 elementor-inner-column elementor-element elementor-element-6be7613\" data-id=\"6be7613\" data-element_type=\"column\" data-e-type=\"column\">\n\t\t\t<div class=\"elementor-widget-wrap elementor-element-populated\">\n\t\t\t\t\t\t<div class=\"elementor-element elementor-element-d1cb0ab elementor-align-center elementor-widget elementor-widget-button\" data-id=\"d1cb0ab\" data-element_type=\"widget\" data-e-type=\"widget\" data-widget_type=\"button.default\">\n\t\t\t\t<div class=\"elementor-widget-container\">\n\t\t\t\t\t\t\t\t\t<div class=\"elementor-button-wrapper\">\n\t\t\t\t\t<a class=\"elementor-button elementor-button-link elementor-size-sm\" href=\"https:\/\/consuladodevenezuelaenmadrid.com\/\">\n\t\t\t\t\t\t<span class=\"elementor-button-content-wrapper\">\n\t\t\t\t\t\t\t\t\t<span class=\"elementor-button-text\">salir<\/span>\n\t\t\t\t\t<\/span>\n\t\t\t\t\t<\/a>\n\t\t\t\t<\/div>\n\t\t\t\t\t\t\t\t<\/div>\n\t\t\t\t<\/div>\n\t\t\t\t\t<\/div>\n\t\t<\/div>\n\t\t\t\t\t<\/div>\n\t\t<\/section>\n\t\t\t\t\t<\/div>\n\t\t<\/div>\n\t\t\t\t\t<\/div>\n\t\t<\/section>\n\t\t\t\t<\/div>\n\t\t","protected":false},"excerpt":{"rendered":"<p>VISADO RENTISTA La Visa de Transe\u00fante Rentista se otorgar\u00e1 con una vigencia de un (1) a\u00f1o, m\u00faltiples entradas, con igual t\u00e9rmino de permanencia. Una vez vencida, podr\u00e1 ser prorrogada por t\u00e9rminos iguales por el\u00a0Ministerio del Poder Popular para Relaciones Interiores, Justicia y Paz\u00a0previa justificaci\u00f3n de que subsisten las fuentes de ingresos extranjeros. Se otorgar\u00e1 a [&hellip;]<\/p>\n","protected":false},"author":1,"featured_media":0,"parent":0,"menu_order":0,"comment_status":"closed","ping_status":"closed","template":"elementor_header_footer","meta":{"site-sidebar-layout":"default","site-content-layout":"default","ast-site-content-layout":"default","site-content-style":"default","site-sidebar-style":"default","ast-global-header-display":"","ast-banner-title-visibility":"","ast-main-header-display":"","ast-hfb-above-header-display":"","ast-hfb-below-header-display":"","ast-hfb-mobile-header-display":"","site-post-title":"","ast-breadcrumbs-content":"","ast-featured-img":"","footer-sml-layout":"","ast-disable-related-posts":"","theme-transparent-header-meta":"default","adv-header-id-meta":"","stick-header-meta":"","header-above-stick-meta":"","header-main-stick-meta":"","header-below-stick-meta":"","astra-migrate-meta-layouts":"default","ast-page-background-enabled":"default","ast-page-background-meta":{"desktop":{"background-color":"var(--ast-global-color-4)","background-image":"","background-repeat":"repeat","background-position":"center center","background-size":"auto","background-attachment":"scroll","background-type":"","background-media":"","overlay-type":"","overlay-color":"","overlay-opacity":"","overlay-gradient":""},"tablet":{"background-color":"","background-image":"","background-repeat":"repeat","background-position":"center center","background-size":"auto","background-attachment":"scroll","background-type":"","background-media":"","overlay-type":"","overlay-color":"","overlay-opacity":"","overlay-gradient":""},"mobile":{"background-color":"","background-image":"","background-repeat":"repeat","background-position":"center center","background-size":"auto","background-attachment":"scroll","background-type":"","background-media":"","overlay-type":"","overlay-color":"","overlay-opacity":"","overlay-gradient":""}},"ast-content-background-meta":{"desktop":{"background-color":"var(--ast-global-color-5)","background-image":"","background-repeat":"repeat","background-position":"center center","background-size":"auto","background-attachment":"scroll","background-type":"","background-media":"","overlay-type":"","overlay-color":"","overlay-opacity":"","overlay-gradient":""},"tablet":{"background-color":"var(--ast-global-color-5)","background-image":"","background-repeat":"repeat","background-position":"center center","background-size":"auto","background-attachment":"scroll","background-type":"","background-media":"","overlay-type":"","overlay-color":"","overlay-opacity":"","overlay-gradient":""},"mobile":{"background-color":"var(--ast-global-color-5)","background-image":"","background-repeat":"repeat","background-position":"center center","background-size":"auto","background-attachment":"scroll","background-type":"","background-media":"","overlay-type":"","overlay-color":"","overlay-opacity":"","overlay-gradient":""}},"footnotes":""},"class_list":["post-1831","page","type-page","status-publish","hentry"],"_links":{"self":[{"href":"https:\/\/consuladodevenezuelaenmadrid.com\/index.php\/wp-json\/wp\/v2\/pages\/1831","targetHints":{"allow":["GET"]}}],"collection":[{"href":"https:\/\/consuladodevenezuelaenmadrid.com\/index.php\/wp-json\/wp\/v2\/pages"}],"about":[{"href":"https:\/\/consuladodevenezuelaenmadrid.com\/index.php\/wp-json\/wp\/v2\/types\/page"}],"author":[{"embeddable":true,"href":"https:\/\/consuladodevenezuelaenmadrid.com\/index.php\/wp-json\/wp\/v2\/users\/1"}],"replies":[{"embeddable":true,"href":"https:\/\/consuladodevenezuelaenmadrid.com\/index.php\/wp-json\/wp\/v2\/comments?post=1831"}],"version-history":[{"count":39,"href":"https:\/\/consuladodevenezuelaenmadrid.com\/index.php\/wp-json\/wp\/v2\/pages\/1831\/revisions"}],"predecessor-version":[{"id":5602,"href":"https:\/\/consuladodevenezuelaenmadrid.com\/index.php\/wp-json\/wp\/v2\/pages\/1831\/revisions\/5602"}],"wp:attachment":[{"href":"https:\/\/consuladodevenezuelaenmadrid.com\/index.php\/wp-json\/wp\/v2\/media?parent=1831"}],"curies":[{"name":"wp","href":"https:\/\/api.w.org\/{rel}","templated":true}]}}