{"id":1823,"date":"2020-06-18T20:08:29","date_gmt":"2020-06-18T20:08:29","guid":{"rendered":"http:\/\/consuladodevenezuelaenmadrid.net\/?page_id=1823"},"modified":"2026-04-14T14:33:19","modified_gmt":"2026-04-14T14:33:19","slug":"visa-para-inversionista","status":"publish","type":"page","link":"https:\/\/consuladodevenezuelaenmadrid.com\/index.php\/visa-para-inversionista\/","title":{"rendered":"VISA PARA INVERSIONISTA"},"content":{"rendered":"\t\t<div data-elementor-type=\"wp-page\" data-elementor-id=\"1823\" class=\"elementor elementor-1823\">\n\t\t\t\t\t\t<section class=\"elementor-section elementor-top-section elementor-element elementor-element-2f5af22e elementor-section-boxed elementor-section-height-default elementor-section-height-default\" data-id=\"2f5af22e\" data-element_type=\"section\" data-e-type=\"section\">\n\t\t\t\t\t\t<div class=\"elementor-container elementor-column-gap-default\">\n\t\t\t\t\t<div class=\"elementor-column elementor-col-100 elementor-top-column elementor-element elementor-element-7098a6\" data-id=\"7098a6\" data-element_type=\"column\" data-e-type=\"column\">\n\t\t\t<div class=\"elementor-widget-wrap elementor-element-populated\">\n\t\t\t\t\t\t<div class=\"elementor-element elementor-element-765c3d80 elementor-widget elementor-widget-text-editor\" data-id=\"765c3d80\" data-element_type=\"widget\" data-e-type=\"widget\" data-widget_type=\"text-editor.default\">\n\t\t\t\t<div class=\"elementor-widget-container\">\n\t\t\t\t\t\t\t\t\t\n<div class=\"wp-block-themeisle-blocks-advanced-columns has-undefined-columns has-desktop-undefined-layout has-tablet-equal-layout has-mobile-equal-layout has-default-gap has-vertical-unset\" id=\"wp-block-themeisle-blocks-advanced-columns-3a8e11bf\"><div class=\"wp-block-themeisle-blocks-advanced-columns-overlay\"><\/div><div class=\"innerblocks-wrap\"><\/div><\/div>\n\t\t\t\t\t\t\t\t<\/div>\n\t\t\t\t<\/div>\n\t\t\t\t<div class=\"elementor-element elementor-element-26b193c elementor-widget elementor-widget-heading\" data-id=\"26b193c\" data-element_type=\"widget\" data-e-type=\"widget\" data-widget_type=\"heading.default\">\n\t\t\t\t<div class=\"elementor-widget-container\">\n\t\t\t\t\t<h2 class=\"elementor-heading-title elementor-size-default\">VISA PARA INVERSIONISTA<\/h2>\t\t\t\t<\/div>\n\t\t\t\t<\/div>\n\t\t\t\t<div class=\"elementor-element elementor-element-86e9d62 elementor-widget elementor-widget-spacer\" data-id=\"86e9d62\" data-element_type=\"widget\" data-e-type=\"widget\" data-widget_type=\"spacer.default\">\n\t\t\t\t<div class=\"elementor-widget-container\">\n\t\t\t\t\t\t\t<div class=\"elementor-spacer\">\n\t\t\t<div class=\"elementor-spacer-inner\"><\/div>\n\t\t<\/div>\n\t\t\t\t\t\t<\/div>\n\t\t\t\t<\/div>\n\t\t\t\t<div class=\"elementor-element elementor-element-f822dc1 elementor-widget elementor-widget-text-editor\" data-id=\"f822dc1\" data-element_type=\"widget\" data-e-type=\"widget\" data-widget_type=\"text-editor.default\">\n\t\t\t\t<div class=\"elementor-widget-container\">\n\t\t\t\t\t\t\t\t\t<p><strong><span style=\"color: #993300;\">Inversionista extranjero<\/span>:<\/strong><\/p>\n<p style=\"padding-left: 40px;\">Es la persona natural o jur\u00eddica extranjera que realice una inversi\u00f3n registrada o un proyecto de inversi\u00f3n aprobado ante el \u00f3rgano recto.\u00a0<\/p>\n<p><span style=\"color: #993300;\"><strong>Empresa extranjera<\/strong><\/span>:<\/p>\n<p style=\"padding-left: 40px;\">Es empresa extranjera la sociedad mercantil cuyo capital social pertenezca en un porcentaje superior al cincuenta por ciento (50%) a inversionistas extranjeros y sea calificada como tal por el \u00f3rgano rector.<\/p>\n<p><strong><span style=\"color: #993300;\">\u00d3rgano rector:<\/span><\/strong><\/p>\n<p style=\"padding-left: 40px;\">El Centro Internacional de Inversi\u00f3n Productiva (CIIP) es el organismo oficial para:<\/p>\n<ul>\n<li style=\"list-style-type: none;\">\n<ul>\n<li>Registrar Inversiones Extranjeras.<\/li>\n<li>Presentar proyectos productivos<\/li>\n<li>Obtener la credencial de inversionista.<\/li>\n<\/ul>\n<\/li>\n<\/ul>\n<p style=\"padding-left: 40px;\">El CIIP tiene su sede en Caracas y tambi\u00e9n opera mediante ventanilla digital para inversionista.<\/p>\n<p><span style=\"color: #993300;\"><strong>Registro para la Inversi\u00f3n Extranjera<\/strong><\/span>:<\/p>\n<p style=\"padding-left: 40px;\">Es una herramienta que le permite a las personas naturales o jur\u00eddicas con cualidad de potenciales inversionistas y efectivos inversionistas extranjeros, registrarse y formalizar la intenci\u00f3n de invertir en el pa\u00eds o la inversi\u00f3n ya efectuada, respectivamente, ante el \u00f3rgano rector en la materia.\u00a0<\/p>\n<p><span style=\"color: #800000;\"><strong>Inversi\u00f3n Productiva<\/strong><\/span><\/p>\n<p><!--StartFragment --><\/p>\n<p style=\"padding-left: 40px;\">Una <strong>inversi\u00f3n productiva<\/strong> es aquella en la que el capital se destina a <strong>crear, ampliar o mejorar actividades econ\u00f3micas que generan bienes o servicios<\/strong>, con el objetivo de producir valor, empleo y crecimiento sostenible.<\/p>\n<p style=\"padding-left: 40px;\">En otras palabras, es una inversi\u00f3n que <strong>produce algo<\/strong>, <span style=\"color: #ff0000;\">no solo que compra o acumula activos<\/span>.<\/p>\n<p><!--EndFragment --><\/p>\n<p><strong>Enlaces de Inter\u00e9s sobre Inversiones en Venezuela y su Registro<\/strong>:<\/p>\n<ul>\n<li><a href=\"https:\/\/www.ciip.com.ve\/\" target=\"_blank\" rel=\"noopener\">Centro Internacional de Inversi\u00f3n Productiva<\/a><\/li>\n<\/ul>\n<p>\u00a0<\/p>\n<p><span style=\"color: #33cccc;\"><strong>VISA DE INVERSIONISTA<\/strong><\/span><\/p>\n<p>Para solicitar la visa de inversionista el interesado\u00a0 <span style=\"text-decoration: underline;\"><strong>debe demostrar que ha realizado y materializado una inversi\u00f3n productiva<\/strong><\/span> en Venezuela.\u00a0<\/p>\n<p>El visado de transe\u00fante inversionista se otorgar\u00e1 con una vigencia de tres (3) a\u00f1os, m\u00faltiples entradas, sin l\u00edmite de permanencia. Vencido dicho plazo, el interesado podr\u00e1 solicitar en el pa\u00eds pr\u00f3rroga hasta por dos (2) a\u00f1os adicionales y una vez vencido este \u00faltimo, podr\u00e1 solicitar la condici\u00f3n de Residente, previo cumplimiento de los requisitos que establezca el\u00a0<a href=\"http:\/\/www.google.com\/url?q=http%3A%2F%2Fwww.mpprijp.gob.ve&amp;sa=D&amp;sntz=1&amp;usg=AFQjCNE_ZA4OOV35venHPCotckj0yqxhzw\" target=\"_blank\" rel=\"noopener\">Ministerio del Poder Popular para Relaciones Interiores, Justicia y Paz<\/a>.<\/p>\n<p><strong>REQUISITOS<\/strong><\/p>\n<p>Este tr\u00e1mite se hace\u00a0<strong>EXCLUSIVAMENTE POR CORREO POSTAL.<\/strong> Para ello, el interesado debe remitir a nuestra direcci\u00f3n <strong>Calle Eloy Gonzalo 40 &#8211; 28010 Madrid<\/strong>, los siguientes recaudos:<\/p>\n<ul>\n<li><a href=\"https:\/\/consuladodevenezuelaenmadrid.com\/wp-content\/uploads\/2026\/04\/planilla-solicitud-visado.pdf\">Planilla de\u00a0solicitud de visa<\/a>, complementada en letra legible y sin tachaduras.<\/li>\n<li>Fotocopia de la Tarjeta de Residencia vigente, con m\u00ednimo de seis (6) meses desde su expedici\u00f3n.<\/li>\n<li>Copia del Pasaporte, que debe tener por lo menos doce (12) meses de validez.<\/li>\n<li>Dos fotograf\u00edas a color, recientes, tama\u00f1o carnet, fondo blanco y sin lentes.<\/li>\n<li>Original del Certificado M\u00e9dico Oficial Ordinario, debidamente legalizado por el Consejo General de Colegios Oficiales de M\u00e9dicos de Espa\u00f1a (CGCOM) (v\u00e9ase el siguiente enlace: <a href=\"https:\/\/www.cgcom.es\/servicios\/certificados-medicos\/legalizacion-de-certificados-medicos-oficiales-ordinarios\" target=\"_blank\" rel=\"noopener\">https:\/\/www.cgcom.es\/servicios\/certificados-medicos\/legalizacion-de-certificados-medicos-oficiales-ordinarios<\/a>).<\/li>\n<li>Original del comprobante de empadronamiento, que demuestre su residencia en cualquier Comunidad Aut\u00f3noma de la circunscripci\u00f3n de esta Misi\u00f3n Consular.<\/li>\n<li>Certificado de antecedentes penales del pa\u00eds de origen o donde residi\u00f3 los \u00faltimos 5 a\u00f1os.<\/li>\n<li>Copia del documento que lo acredita como inversionista en Venezuela emitido por el \u00f3rgano rector en la materia de inversiones extranjeras en Venezuela.<\/li>\n<li>Copia del documento de respaldo de haber registrado su inversi\u00f3n o de tener un proyecto de inversi\u00f3n aprobado ante <span style=\"font-size: 16px; font-style: normal; font-weight: 400;\">el \u00f3rgano rector en la materia.<\/span>\u00a0<\/li>\n<li><strong>Original del comprobante del dep\u00f3sito bancario\u00a0<\/strong>de las tasas consulares correspondientes, las cuales ascienden a\u00a0<strong>sesenta euros<\/strong>\u00a0(60,00 \u20ac).\n<ul>\n<li>N\u00famero de Cuenta: <strong>ES91-0081-7307-05-0001577660<\/strong><\/li>\n<li>Banco:\u00a0<strong>Sabadell<\/strong><\/li>\n<li>Titular:\u00a0<strong>Consulado General de la Rep\u00fablica Bolivariana de Venezuela<\/strong><\/li>\n<li>Incluir el nombre completo del interesado.<\/li>\n<\/ul>\n<\/li>\n<\/ul>\n<p>Dependiendo del caso, el Consulado se reserva el derecho de solicitar recaudos adicionales a los aqu\u00ed mencionado.<\/p>\n<p>En caso de ser representante legal de personas jur\u00eddicas, deber\u00e1 consignar <span style=\"font-size: 16px;\">tambi\u00e9n:<\/span><\/p>\n<ul>\n<li>Poder de representaci\u00f3n legal de la persona jur\u00eddica debidamente apostillado o legalizado y traducido, seg\u00fan sea el caso.<\/li>\n<li>Documentos constitutivos de la persona jur\u00eddica solicitante (por ejemplo: actas de asamblea, junta directiva o de acuerdo a la denominaci\u00f3n legal existente en el pa\u00eds de origen, registro de la c\u00e1mara de comercio, entre otros).<\/li>\n<\/ul>\n<p>Asimismo, se informa que la <strong>visa de Inversionista<\/strong> <strong>se otorgar\u00e1 previa autorizaci\u00f3n de la Oficina de Relaciones Consulares del MPPRE.<\/strong> Una vez autorizada, el solicitante debe remitir el Pasaporte Original para poder estamparle el visado.<\/p>\n<p><strong>El tiempo de espera para tramitar un visado, depende del volumen de solicitudes<\/strong>. Existen circunstancias individuales que pueden variar el tiempo de espera en forma significativa, sobre todo cuando se requiere la aprobaci\u00f3n por parte de alg\u00fan Departamento externo. Por lo anterior, se recomienda hacer la solicitud al menos noventa (90) d\u00edas antes del viaje.<\/p>\n<p><strong>La petici\u00f3n de visado puede ser rechazada<\/strong> por varias razones, entra las m\u00e1s comunes se encuentra la falta de documentaci\u00f3n necesaria para completar la solicitud, respaldar su situaci\u00f3n o justificar el prop\u00f3sito del viaje. Tambi\u00e9n se puede negar por error en el tipo de visa solicitada, etc.<\/p>\n<p><strong>Si se le niega una visa no se le devolver\u00e1 las tasas consulare<\/strong>s.<\/p>\n<h4><img decoding=\"async\" class=\"emoji\" role=\"img\" draggable=\"false\" src=\"https:\/\/s.w.org\/images\/core\/emoji\/17.0.2\/svg\/1f514.svg\" alt=\"\ud83d\udd14\" \/> <span style=\"color: #800000;\">Aviso importante<\/span><\/h4>\n<p style=\"padding-left: 40px;\">El <strong>visado de inversionista<\/strong> est\u00e1 destinado a <strong>inversiones productivas que generen un impacto econ\u00f3mico en el pa\u00eds<\/strong>, por lo que <strong>no resulta aplicable<\/strong> para la compra de bienes inmuebles con fines patrimoniales o residenciales.<\/p>\t\t\t\t\t\t\t\t<\/div>\n\t\t\t\t<\/div>\n\t\t\t\t<section class=\"elementor-section elementor-inner-section elementor-element elementor-element-c0beca4 elementor-section-boxed elementor-section-height-default elementor-section-height-default\" data-id=\"c0beca4\" data-element_type=\"section\" data-e-type=\"section\">\n\t\t\t\t\t\t<div class=\"elementor-container elementor-column-gap-default\">\n\t\t\t\t\t<div class=\"elementor-column elementor-col-50 elementor-inner-column elementor-element elementor-element-6276ea7\" data-id=\"6276ea7\" data-element_type=\"column\" data-e-type=\"column\">\n\t\t\t<div class=\"elementor-widget-wrap elementor-element-populated\">\n\t\t\t\t\t\t<div class=\"elementor-element elementor-element-6192111 elementor-align-center elementor-widget elementor-widget-button\" data-id=\"6192111\" data-element_type=\"widget\" data-e-type=\"widget\" data-widget_type=\"button.default\">\n\t\t\t\t<div class=\"elementor-widget-container\">\n\t\t\t\t\t\t\t\t\t<div class=\"elementor-button-wrapper\">\n\t\t\t\t\t<a class=\"elementor-button elementor-button-link elementor-size-sm\" href=\"mailto:tramites@consuladodevenezuelaenmadrid.com\">\n\t\t\t\t\t\t<span class=\"elementor-button-content-wrapper\">\n\t\t\t\t\t\t\t\t\t<span class=\"elementor-button-text\">Requiero m\u00e1s informaci\u00f3n<\/span>\n\t\t\t\t\t<\/span>\n\t\t\t\t\t<\/a>\n\t\t\t\t<\/div>\n\t\t\t\t\t\t\t\t<\/div>\n\t\t\t\t<\/div>\n\t\t\t\t\t<\/div>\n\t\t<\/div>\n\t\t\t\t<div class=\"elementor-column elementor-col-50 elementor-inner-column elementor-element elementor-element-8dffa05\" data-id=\"8dffa05\" data-element_type=\"column\" data-e-type=\"column\">\n\t\t\t<div class=\"elementor-widget-wrap elementor-element-populated\">\n\t\t\t\t\t\t<div class=\"elementor-element elementor-element-3122a3b elementor-align-center elementor-widget elementor-widget-button\" data-id=\"3122a3b\" data-element_type=\"widget\" data-e-type=\"widget\" data-widget_type=\"button.default\">\n\t\t\t\t<div class=\"elementor-widget-container\">\n\t\t\t\t\t\t\t\t\t<div class=\"elementor-button-wrapper\">\n\t\t\t\t\t<a class=\"elementor-button elementor-button-link elementor-size-sm\" href=\"http:\/\/consuladodevenezuelaenmadrid.com\/\">\n\t\t\t\t\t\t<span class=\"elementor-button-content-wrapper\">\n\t\t\t\t\t\t\t\t\t<span class=\"elementor-button-text\">Salir<\/span>\n\t\t\t\t\t<\/span>\n\t\t\t\t\t<\/a>\n\t\t\t\t<\/div>\n\t\t\t\t\t\t\t\t<\/div>\n\t\t\t\t<\/div>\n\t\t\t\t\t<\/div>\n\t\t<\/div>\n\t\t\t\t\t<\/div>\n\t\t<\/section>\n\t\t\t\t\t<\/div>\n\t\t<\/div>\n\t\t\t\t\t<\/div>\n\t\t<\/section>\n\t\t\t\t<\/div>\n\t\t","protected":false},"excerpt":{"rendered":"<p>VISA PARA INVERSIONISTA Inversionista extranjero: Es la persona natural o jur\u00eddica extranjera que realice una inversi\u00f3n registrada o un proyecto de inversi\u00f3n aprobado ante el \u00f3rgano recto.\u00a0 Empresa extranjera: Es empresa extranjera la sociedad mercantil cuyo capital social pertenezca en un porcentaje superior al cincuenta por ciento (50%) a inversionistas extranjeros y sea calificada como [&hellip;]<\/p>\n","protected":false},"author":1,"featured_media":0,"parent":0,"menu_order":0,"comment_status":"closed","ping_status":"closed","template":"elementor_header_footer","meta":{"site-sidebar-layout":"default","site-content-layout":"default","ast-site-content-layout":"default","site-content-style":"default","site-sidebar-style":"default","ast-global-header-display":"","ast-banner-title-visibility":"","ast-main-header-display":"","ast-hfb-above-header-display":"","ast-hfb-below-header-display":"","ast-hfb-mobile-header-display":"","site-post-title":"","ast-breadcrumbs-content":"","ast-featured-img":"","footer-sml-layout":"","ast-disable-related-posts":"","theme-transparent-header-meta":"default","adv-header-id-meta":"","stick-header-meta":"","header-above-stick-meta":"","header-main-stick-meta":"","header-below-stick-meta":"","astra-migrate-meta-layouts":"default","ast-page-background-enabled":"default","ast-page-background-meta":{"desktop":{"background-color":"var(--ast-global-color-4)","background-image":"","background-repeat":"repeat","background-position":"center center","background-size":"auto","background-attachment":"scroll","background-type":"","background-media":"","overlay-type":"","overlay-color":"","overlay-opacity":"","overlay-gradient":""},"tablet":{"background-color":"","background-image":"","background-repeat":"repeat","background-position":"center center","background-size":"auto","background-attachment":"scroll","background-type":"","background-media":"","overlay-type":"","overlay-color":"","overlay-opacity":"","overlay-gradient":""},"mobile":{"background-color":"","background-image":"","background-repeat":"repeat","background-position":"center center","background-size":"auto","background-attachment":"scroll","background-type":"","background-media":"","overlay-type":"","overlay-color":"","overlay-opacity":"","overlay-gradient":""}},"ast-content-background-meta":{"desktop":{"background-color":"var(--ast-global-color-5)","background-image":"","background-repeat":"repeat","background-position":"center center","background-size":"auto","background-attachment":"scroll","background-type":"","background-media":"","overlay-type":"","overlay-color":"","overlay-opacity":"","overlay-gradient":""},"tablet":{"background-color":"var(--ast-global-color-5)","background-image":"","background-repeat":"repeat","background-position":"center center","background-size":"auto","background-attachment":"scroll","background-type":"","background-media":"","overlay-type":"","overlay-color":"","overlay-opacity":"","overlay-gradient":""},"mobile":{"background-color":"var(--ast-global-color-5)","background-image":"","background-repeat":"repeat","background-position":"center center","background-size":"auto","background-attachment":"scroll","background-type":"","background-media":"","overlay-type":"","overlay-color":"","overlay-opacity":"","overlay-gradient":""}},"footnotes":""},"class_list":["post-1823","page","type-page","status-publish","hentry"],"_links":{"self":[{"href":"https:\/\/consuladodevenezuelaenmadrid.com\/index.php\/wp-json\/wp\/v2\/pages\/1823","targetHints":{"allow":["GET"]}}],"collection":[{"href":"https:\/\/consuladodevenezuelaenmadrid.com\/index.php\/wp-json\/wp\/v2\/pages"}],"about":[{"href":"https:\/\/consuladodevenezuelaenmadrid.com\/index.php\/wp-json\/wp\/v2\/types\/page"}],"author":[{"embeddable":true,"href":"https:\/\/consuladodevenezuelaenmadrid.com\/index.php\/wp-json\/wp\/v2\/users\/1"}],"replies":[{"embeddable":true,"href":"https:\/\/consuladodevenezuelaenmadrid.com\/index.php\/wp-json\/wp\/v2\/comments?post=1823"}],"version-history":[{"count":66,"href":"https:\/\/consuladodevenezuelaenmadrid.com\/index.php\/wp-json\/wp\/v2\/pages\/1823\/revisions"}],"predecessor-version":[{"id":5596,"href":"https:\/\/consuladodevenezuelaenmadrid.com\/index.php\/wp-json\/wp\/v2\/pages\/1823\/revisions\/5596"}],"wp:attachment":[{"href":"https:\/\/consuladodevenezuelaenmadrid.com\/index.php\/wp-json\/wp\/v2\/media?parent=1823"}],"curies":[{"name":"wp","href":"https:\/\/api.w.org\/{rel}","templated":true}]}}