{"id":1768,"date":"2020-06-18T16:47:34","date_gmt":"2020-06-18T16:47:34","guid":{"rendered":"http:\/\/consuladodevenezuelaenmadrid.net\/?page_id=1768"},"modified":"2026-01-20T15:35:19","modified_gmt":"2026-01-20T15:35:19","slug":"certificado-de-ley","status":"publish","type":"page","link":"https:\/\/consuladodevenezuelaenmadrid.com\/index.php\/certificado-de-ley\/","title":{"rendered":"CERTIFICADO DE LEY"},"content":{"rendered":"\t\t<div data-elementor-type=\"wp-page\" data-elementor-id=\"1768\" class=\"elementor elementor-1768\">\n\t\t\t\t\t\t<section class=\"elementor-section elementor-top-section elementor-element elementor-element-51e2bb93 elementor-section-boxed elementor-section-height-default elementor-section-height-default\" data-id=\"51e2bb93\" data-element_type=\"section\" data-e-type=\"section\">\n\t\t\t\t\t\t<div class=\"elementor-container elementor-column-gap-default\">\n\t\t\t\t\t<div class=\"elementor-column elementor-col-100 elementor-top-column elementor-element elementor-element-3fbb5c70\" data-id=\"3fbb5c70\" data-element_type=\"column\" data-e-type=\"column\">\n\t\t\t<div class=\"elementor-widget-wrap elementor-element-populated\">\n\t\t\t\t\t\t<div class=\"elementor-element elementor-element-428ac61b elementor-widget elementor-widget-text-editor\" data-id=\"428ac61b\" data-element_type=\"widget\" data-e-type=\"widget\" data-widget_type=\"text-editor.default\">\n\t\t\t\t<div class=\"elementor-widget-container\">\n\t\t\t\t\t\t\t\t\t\n<div class=\"wp-block-themeisle-blocks-advanced-columns has-undefined-columns has-desktop-undefined-layout has-tablet-equal-layout has-mobile-equal-layout has-default-gap has-vertical-unset\" id=\"wp-block-themeisle-blocks-advanced-columns-3e013508\"><div class=\"wp-block-themeisle-blocks-advanced-columns-overlay\"><\/div><div class=\"innerblocks-wrap\"><\/div><\/div>\n\t\t\t\t\t\t\t\t<\/div>\n\t\t\t\t<\/div>\n\t\t\t\t<div class=\"elementor-element elementor-element-b81f7dc elementor-widget elementor-widget-heading\" data-id=\"b81f7dc\" data-element_type=\"widget\" data-e-type=\"widget\" data-widget_type=\"heading.default\">\n\t\t\t\t<div class=\"elementor-widget-container\">\n\t\t\t\t\t<h2 class=\"elementor-heading-title elementor-size-default\">CERTIFICADO DE LEY<\/h2>\t\t\t\t<\/div>\n\t\t\t\t<\/div>\n\t\t\t\t<div class=\"elementor-element elementor-element-3f9b7ef elementor-widget elementor-widget-spacer\" data-id=\"3f9b7ef\" data-element_type=\"widget\" data-e-type=\"widget\" data-widget_type=\"spacer.default\">\n\t\t\t\t<div class=\"elementor-widget-container\">\n\t\t\t\t\t\t\t<div class=\"elementor-spacer\">\n\t\t\t<div class=\"elementor-spacer-inner\"><\/div>\n\t\t<\/div>\n\t\t\t\t\t\t<\/div>\n\t\t\t\t<\/div>\n\t\t\t\t<div class=\"elementor-element elementor-element-fcb0fed elementor-widget elementor-widget-text-editor\" data-id=\"fcb0fed\" data-element_type=\"widget\" data-e-type=\"widget\" data-widget_type=\"text-editor.default\">\n\t\t\t\t<div class=\"elementor-widget-container\">\n\t\t\t\t\t\t\t\t\t<p id=\"h.p_i-f-oz30EqB4\" class=\"zfr3Q\">El Certificado de Ley es un documento emitido por esta Misi\u00f3n Consular en el cual se rese\u00f1a el (los) art\u00edculo(s) de la Ley venezolana que legisla un determinado tema o asunto.<\/p>\n<p id=\"h.p_rNuOFOvFEqZc\" class=\"zfr3Q\"><strong>\u00bfC\u00d3MO SE REALIZA ESTE TR\u00c1MITE?<\/strong><\/p>\n<p>Este tr\u00e1mite se hace <strong>EXCLUSIVAMENTE POR CORREO POSTAL<\/strong>. Para ello, el interesado debe residir en cualquier Comunidad Aut\u00f3noma de la <a class=\"dhtgD aw5Odc\" href=\"http:\/\/consuladodevenezuelaenmadrid.net\/index.php\/circunscripcion\/\">circunscripci\u00f3n de esta Misi\u00f3n Consular<\/a> y remitir a nuestra direcci\u00f3n: <strong>Calle de Eloy Gonzalo 40 \u2013 28010 Madrid<\/strong>, los siguientes recaudos:<\/p>\n<ol class=\"n8H08c BKnRcf\">\n<li id=\"h.p_Z1TV0PsdEqZc\" class=\"TYR86d zfr3Q\">El interesado debe remitir solicitud por escrito <strong>,<\/strong> indicando el tema o asunto sobre el que requiere el Certificado de Ley, as\u00ed como sus datos de contacto (n\u00fameros de tel\u00e9fono,\u00a0 correo electr\u00f3nico y direcci\u00f3n de domicilio ).<\/li>\n<li id=\"h.p_dHCFeGeEEqZd\" class=\"TYR86d zfr3Q\">Posteriormente, el interesado deber\u00e1 incluir el comprobante original de dep\u00f3sito o transferencia, junto con un sobre, tama\u00f1o Din A4, con las estampillas o sellos postales necesarios para un env\u00edo de hasta 200 grs. y donde debe escribir su direcci\u00f3n personal como destinatario. Este sobre ser\u00e1 utilizado por esta Misi\u00f3n Consular para remitirle el documento solicitado.<\/li>\n<li id=\"h.p_6aEJKBpZDxA8\" class=\"TYR86d zfr3Q\"><strong>Original del comprobante del dep\u00f3sito bancario <\/strong>de las tasas consulares correspondientes, las cuales ascienden a <strong>sesenta euros<\/strong> (<strong>60,00 \u20ac<\/strong>).<br \/>\n<ul class=\"n8H08c UVNKR\">\n<li id=\"h.p_i3rwIpEhDxA9\" class=\"TYR86d zfr3Q RuayVd\">N\u00famero de Cuenta: IBAN: ES 91 <strong>0081-7307-05-0001577660<\/strong><\/li>\n<li id=\"h.p_t6lRKwGKDxA9\" class=\"TYR86d zfr3Q RuayVd\">Banco: <strong>Sabadell<\/strong><\/li>\n<li id=\"h.p__nQXYKGBDxA-\" class=\"TYR86d zfr3Q RuayVd\">Titular: <strong>Consulado General de la Rep\u00fablica Bolivariana de Venezuela<\/strong><\/li>\n<li id=\"h.p_546ORNFsDxA-\" class=\"TYR86d zfr3Q RuayVd\">Incluir el nombre completo del interesado.<\/li>\n<li id=\"h.p_546ORNFsDxA-\" class=\"TYR86d zfr3Q RuayVd\">Los consulados no pueden reembolsar tasas consulares en ning\u00fan caso, ni total ni parcialmente. Si realiza el pago por cajero, tenga en cuenta que no da vuelto: el dep\u00f3sito debe ser exacto..<\/li>\n<\/ul>\n<\/li>\n<\/ol>\n<p id=\"h.p_DGo7vtRvEqZe\" class=\"zfr3Q\"><strong style=\"font-size: 16px;\">TIEMPO DE ENTREGA:<\/strong><\/p>\n<p id=\"h.p_Dgp8XBKCEqZe\" class=\"zfr3Q\">El tiempo de entrega de este tr\u00e1mite depende del volumen de solicitudes que se est\u00e9n procesando.<\/p>\n<p id=\"h.p_Dgp8XBKCEqZe\" class=\"zfr3Q\"><span style=\"color: #800000;\"><strong>NOTA IMPORTANTE:<\/strong><\/span><\/p>\n<p id=\"h.p_Dgp8XBKCEqZe\" class=\"zfr3Q\"><strong>Un ni\u00f1o o ni\u00f1a nacido fuera de Venezuela, hijo de padre o madre venezolanos, adquiere la nacionalidad venezolana por nacimiento<\/strong>. El hecho de no haber sido inscrito en un Consulado, Embajada o registro civil venezolano no permite asumir que carece de dicha nacionalidad. Seg\u00fan el art\u00edculo 12, cap\u00edtulo I del T\u00edtulo II, <strong>la nacionalidad por nacimiento es un derecho irrevocable<\/strong>: ninguna autoridad puede suspenderla, limitarla o retirarla bajo ninguna circunstancia.<\/p>\t\t\t\t\t\t\t\t<\/div>\n\t\t\t\t<\/div>\n\t\t\t\t<section class=\"elementor-section elementor-inner-section elementor-element elementor-element-221f128 elementor-section-boxed elementor-section-height-default elementor-section-height-default\" data-id=\"221f128\" data-element_type=\"section\" data-e-type=\"section\">\n\t\t\t\t\t\t<div class=\"elementor-container elementor-column-gap-default\">\n\t\t\t\t\t<div class=\"elementor-column elementor-col-50 elementor-inner-column elementor-element elementor-element-803fabe\" data-id=\"803fabe\" data-element_type=\"column\" data-e-type=\"column\">\n\t\t\t<div class=\"elementor-widget-wrap elementor-element-populated\">\n\t\t\t\t\t\t<div class=\"elementor-element elementor-element-07b7f67 elementor-align-center elementor-widget elementor-widget-button\" data-id=\"07b7f67\" data-element_type=\"widget\" data-e-type=\"widget\" data-widget_type=\"button.default\">\n\t\t\t\t<div class=\"elementor-widget-container\">\n\t\t\t\t\t\t\t\t\t<div class=\"elementor-button-wrapper\">\n\t\t\t\t\t<a class=\"elementor-button elementor-button-link elementor-size-sm\" href=\"https:\/\/consuladodevenezuelaenmadrid.com\/index.php\/contacto\/\">\n\t\t\t\t\t\t<span class=\"elementor-button-content-wrapper\">\n\t\t\t\t\t\t\t\t\t<span class=\"elementor-button-text\">Requiero m\u00e1s informaci\u00f3n<\/span>\n\t\t\t\t\t<\/span>\n\t\t\t\t\t<\/a>\n\t\t\t\t<\/div>\n\t\t\t\t\t\t\t\t<\/div>\n\t\t\t\t<\/div>\n\t\t\t\t\t<\/div>\n\t\t<\/div>\n\t\t\t\t<div class=\"elementor-column elementor-col-50 elementor-inner-column elementor-element elementor-element-bbc9423\" data-id=\"bbc9423\" data-element_type=\"column\" data-e-type=\"column\">\n\t\t\t<div class=\"elementor-widget-wrap elementor-element-populated\">\n\t\t\t\t\t\t<div class=\"elementor-element elementor-element-53c121d elementor-align-center elementor-widget elementor-widget-button\" data-id=\"53c121d\" data-element_type=\"widget\" data-e-type=\"widget\" data-widget_type=\"button.default\">\n\t\t\t\t<div class=\"elementor-widget-container\">\n\t\t\t\t\t\t\t\t\t<div class=\"elementor-button-wrapper\">\n\t\t\t\t\t<a class=\"elementor-button elementor-button-link elementor-size-sm\" href=\"https:\/\/consuladodevenezuelaenmadrid.com\/\">\n\t\t\t\t\t\t<span class=\"elementor-button-content-wrapper\">\n\t\t\t\t\t\t\t\t\t<span class=\"elementor-button-text\">Salir<\/span>\n\t\t\t\t\t<\/span>\n\t\t\t\t\t<\/a>\n\t\t\t\t<\/div>\n\t\t\t\t\t\t\t\t<\/div>\n\t\t\t\t<\/div>\n\t\t\t\t\t<\/div>\n\t\t<\/div>\n\t\t\t\t\t<\/div>\n\t\t<\/section>\n\t\t\t\t\t<\/div>\n\t\t<\/div>\n\t\t\t\t\t<\/div>\n\t\t<\/section>\n\t\t\t\t<\/div>\n\t\t","protected":false},"excerpt":{"rendered":"<p>CERTIFICADO DE LEY El Certificado de Ley es un documento emitido por esta Misi\u00f3n Consular en el cual se rese\u00f1a el (los) art\u00edculo(s) de la Ley venezolana que legisla un determinado tema o asunto. \u00bfC\u00d3MO SE REALIZA ESTE TR\u00c1MITE? Este tr\u00e1mite se hace EXCLUSIVAMENTE POR CORREO POSTAL. Para ello, el interesado debe residir en cualquier [&hellip;]<\/p>\n","protected":false},"author":1,"featured_media":0,"parent":0,"menu_order":0,"comment_status":"closed","ping_status":"closed","template":"elementor_header_footer","meta":{"site-sidebar-layout":"default","site-content-layout":"default","ast-site-content-layout":"default","site-content-style":"default","site-sidebar-style":"default","ast-global-header-display":"","ast-banner-title-visibility":"","ast-main-header-display":"","ast-hfb-above-header-display":"","ast-hfb-below-header-display":"","ast-hfb-mobile-header-display":"","site-post-title":"","ast-breadcrumbs-content":"","ast-featured-img":"","footer-sml-layout":"","ast-disable-related-posts":"","theme-transparent-header-meta":"default","adv-header-id-meta":"","stick-header-meta":"","header-above-stick-meta":"","header-main-stick-meta":"","header-below-stick-meta":"","astra-migrate-meta-layouts":"default","ast-page-background-enabled":"default","ast-page-background-meta":{"desktop":{"background-color":"var(--ast-global-color-4)","background-image":"","background-repeat":"repeat","background-position":"center center","background-size":"auto","background-attachment":"scroll","background-type":"","background-media":"","overlay-type":"","overlay-color":"","overlay-opacity":"","overlay-gradient":""},"tablet":{"background-color":"","background-image":"","background-repeat":"repeat","background-position":"center center","background-size":"auto","background-attachment":"scroll","background-type":"","background-media":"","overlay-type":"","overlay-color":"","overlay-opacity":"","overlay-gradient":""},"mobile":{"background-color":"","background-image":"","background-repeat":"repeat","background-position":"center center","background-size":"auto","background-attachment":"scroll","background-type":"","background-media":"","overlay-type":"","overlay-color":"","overlay-opacity":"","overlay-gradient":""}},"ast-content-background-meta":{"desktop":{"background-color":"var(--ast-global-color-5)","background-image":"","background-repeat":"repeat","background-position":"center center","background-size":"auto","background-attachment":"scroll","background-type":"","background-media":"","overlay-type":"","overlay-color":"","overlay-opacity":"","overlay-gradient":""},"tablet":{"background-color":"var(--ast-global-color-5)","background-image":"","background-repeat":"repeat","background-position":"center center","background-size":"auto","background-attachment":"scroll","background-type":"","background-media":"","overlay-type":"","overlay-color":"","overlay-opacity":"","overlay-gradient":""},"mobile":{"background-color":"var(--ast-global-color-5)","background-image":"","background-repeat":"repeat","background-position":"center center","background-size":"auto","background-attachment":"scroll","background-type":"","background-media":"","overlay-type":"","overlay-color":"","overlay-opacity":"","overlay-gradient":""}},"footnotes":""},"class_list":["post-1768","page","type-page","status-publish","hentry"],"_links":{"self":[{"href":"https:\/\/consuladodevenezuelaenmadrid.com\/index.php\/wp-json\/wp\/v2\/pages\/1768","targetHints":{"allow":["GET"]}}],"collection":[{"href":"https:\/\/consuladodevenezuelaenmadrid.com\/index.php\/wp-json\/wp\/v2\/pages"}],"about":[{"href":"https:\/\/consuladodevenezuelaenmadrid.com\/index.php\/wp-json\/wp\/v2\/types\/page"}],"author":[{"embeddable":true,"href":"https:\/\/consuladodevenezuelaenmadrid.com\/index.php\/wp-json\/wp\/v2\/users\/1"}],"replies":[{"embeddable":true,"href":"https:\/\/consuladodevenezuelaenmadrid.com\/index.php\/wp-json\/wp\/v2\/comments?post=1768"}],"version-history":[{"count":40,"href":"https:\/\/consuladodevenezuelaenmadrid.com\/index.php\/wp-json\/wp\/v2\/pages\/1768\/revisions"}],"predecessor-version":[{"id":5364,"href":"https:\/\/consuladodevenezuelaenmadrid.com\/index.php\/wp-json\/wp\/v2\/pages\/1768\/revisions\/5364"}],"wp:attachment":[{"href":"https:\/\/consuladodevenezuelaenmadrid.com\/index.php\/wp-json\/wp\/v2\/media?parent=1768"}],"curies":[{"name":"wp","href":"https:\/\/api.w.org\/{rel}","templated":true}]}}