{"id":176,"date":"2020-05-10T22:52:08","date_gmt":"2020-05-10T22:52:08","guid":{"rendered":"http:\/\/localhost\/consulado\/?page_id=176"},"modified":"2025-05-05T09:37:24","modified_gmt":"2025-05-05T09:37:24","slug":"poderes","status":"publish","type":"page","link":"https:\/\/consuladodevenezuelaenmadrid.com\/index.php\/poderes\/","title":{"rendered":"PODERES"},"content":{"rendered":"\t\t<div data-elementor-type=\"wp-page\" data-elementor-id=\"176\" class=\"elementor elementor-176\">\n\t\t\t\t\t\t<section class=\"elementor-section elementor-top-section elementor-element elementor-element-6838472 elementor-section-boxed elementor-section-height-default elementor-section-height-default\" data-id=\"6838472\" data-element_type=\"section\" data-e-type=\"section\">\n\t\t\t\t\t\t<div class=\"elementor-container elementor-column-gap-default\">\n\t\t\t\t\t<div class=\"elementor-column elementor-col-100 elementor-top-column elementor-element elementor-element-58387db\" data-id=\"58387db\" data-element_type=\"column\" data-e-type=\"column\">\n\t\t\t<div class=\"elementor-widget-wrap elementor-element-populated\">\n\t\t\t\t\t\t<div class=\"elementor-element elementor-element-432f076 elementor-widget elementor-widget-spacer\" data-id=\"432f076\" data-element_type=\"widget\" data-e-type=\"widget\" data-widget_type=\"spacer.default\">\n\t\t\t\t<div class=\"elementor-widget-container\">\n\t\t\t\t\t\t\t<div class=\"elementor-spacer\">\n\t\t\t<div class=\"elementor-spacer-inner\"><\/div>\n\t\t<\/div>\n\t\t\t\t\t\t<\/div>\n\t\t\t\t<\/div>\n\t\t\t\t<div class=\"elementor-element elementor-element-b886ef5 elementor-widget elementor-widget-heading\" data-id=\"b886ef5\" data-element_type=\"widget\" data-e-type=\"widget\" data-widget_type=\"heading.default\">\n\t\t\t\t<div class=\"elementor-widget-container\">\n\t\t\t\t\t<h2 class=\"elementor-heading-title elementor-size-default\">SOLICITUD DE  PODERES<\/h2>\t\t\t\t<\/div>\n\t\t\t\t<\/div>\n\t\t\t\t<div class=\"elementor-element elementor-element-a92f971 elementor-widget elementor-widget-spacer\" data-id=\"a92f971\" data-element_type=\"widget\" data-e-type=\"widget\" data-widget_type=\"spacer.default\">\n\t\t\t\t<div class=\"elementor-widget-container\">\n\t\t\t\t\t\t\t<div class=\"elementor-spacer\">\n\t\t\t<div class=\"elementor-spacer-inner\"><\/div>\n\t\t<\/div>\n\t\t\t\t\t\t<\/div>\n\t\t\t\t<\/div>\n\t\t\t\t<div class=\"elementor-element elementor-element-ad884f0 elementor-widget elementor-widget-text-editor\" data-id=\"ad884f0\" data-element_type=\"widget\" data-e-type=\"widget\" data-widget_type=\"text-editor.default\">\n\t\t\t\t<div class=\"elementor-widget-container\">\n\t\t\t\t\t\t\t\t\t<p data-start=\"260\" data-end=\"455\">En el Consulado, ofrecemos diferentes opciones para la emisi\u00f3n y gesti\u00f3n de poderes. A continuaci\u00f3n, se detallan las opciones disponibles y sus respectivos procedimientos:<\/p><p data-start=\"457\" data-end=\"497\">1\ufe0f\u20e3 <strong data-start=\"461\" data-end=\"495\">Poderes Especiales y Generales<\/strong><\/p><ul data-start=\"501\" data-end=\"654\"><li data-start=\"501\" data-end=\"581\">Informaci\u00f3n sobre c\u00f3mo tramitar un poder especial o general en esta Oficina Consular.<\/li><li data-start=\"585\" data-end=\"654\">Procedimiento para la revocaci\u00f3n de un poder.<\/li><\/ul><p data-start=\"656\" data-end=\"711\">2\ufe0f\u20e3<strong style=\"font-size: 16px; font-style: normal;\" data-start=\"861\" data-end=\"884\">Copias Certificadas de Poderes<\/strong><\/p><ul style=\"font-size: 16px; font-style: normal; font-weight: 400;\" data-start=\"890\" data-end=\"998\"><li style=\"font-size: 16px;\" data-start=\"890\" data-end=\"998\">Procedimiento para solicitar una copia certificada de un poder emitido por este Consulado.<\/li><\/ul><p data-start=\"1000\" data-end=\"1090\"><span style=\"font-size: 16px; font-style: normal; font-weight: 400;\">Seg\u00fan la ley aprobatoria del Convenio de La Haya del 5 de octubre de 1961, publicada en la Gaceta Oficial N.\u00ba 36.446 el 5 de mayo de 1998 y en vigor desde el 15 de marzo de 1999, dicho convenio no se aplica a documentos emitidos por agentes diplom\u00e1ticos y consulares. Esto significa que<\/span><span style=\"font-size: 16px; font-style: normal; font-weight: bold;\">\u00a0los poderes emitidos en los consulados o embajadas de Venezuela no pueden ser apostillados y solo son v\u00e1lidos dentro de la Rep\u00fablica Bolivariana de Venezuela<\/span><\/p><p data-start=\"1000\" data-end=\"1090\">Para m\u00e1s informaci\u00f3n sobre requisitos y tr\u00e1mites, consulte los enlaces correspondientes.<\/p>\t\t\t\t\t\t\t\t<\/div>\n\t\t\t\t<\/div>\n\t\t\t\t<div class=\"elementor-element elementor-element-02378fd elementor-widget elementor-widget-text-editor\" data-id=\"02378fd\" data-element_type=\"widget\" data-e-type=\"widget\" data-widget_type=\"text-editor.default\">\n\t\t\t\t<div class=\"elementor-widget-container\">\n\t\t\t\t\t\t\t\t\t<ul>\n<li style=\"list-style-type: none;\">\n<ul>\n<li style=\"list-style-type: none;\">\n<ul>\n<li style=\"list-style-type: none;\">\n<ul>\n<li style=\"list-style-type: none;\">\n<ul>\n<li style=\"list-style-type: none;\">\n<ul>\n<li style=\"list-style-type: none;\">\n<ul>\n<li style=\"list-style-type: none;\">\n<ul>\n<li style=\"list-style-type: none;\">\n<ul>\n<li style=\"text-align: left;\"><span style=\"color: #3686d1;\"><a href=\"https:\/\/consuladodevenezuelaenmadrid.com\/index.php\/poder-especial-o-general\/\" target=\"_blank\" rel=\"noopener\">PODER ESPECIAL O GENERAL<\/a><\/span><\/li>\n<li style=\"text-align: left;\"><span style=\"color: #3366ff;\"><a href=\"https:\/\/consuladodevenezuelaenmadrid.com\/index.php\/copias-certificadas\/\" target=\"_blank\" rel=\"noopener\">COPIAS CERTIFICADAS<\/a><\/span><\/li>\n<\/ul>\n<\/li>\n<\/ul>\n<\/li>\n<\/ul>\n<\/li>\n<\/ul>\n<\/li>\n<\/ul>\n<\/li>\n<\/ul>\n<\/li>\n<\/ul>\n<\/li>\n<\/ul>\n<\/li>\n<\/ul>\t\t\t\t\t\t\t\t<\/div>\n\t\t\t\t<\/div>\n\t\t\t\t<div class=\"elementor-element elementor-element-4a410ef elementor-widget elementor-widget-text-editor\" data-id=\"4a410ef\" data-element_type=\"widget\" data-e-type=\"widget\" data-widget_type=\"text-editor.default\">\n\t\t\t\t<div class=\"elementor-widget-container\">\n\t\t\t\t\t\t\t\t\t<p><span style=\"color: #ff0000;\"><strong>OBSERVACIONES<\/strong><\/span><\/p>\n<ul>\n<li><span style=\"color: #808080;\">En la actualidad debido al elevado n\u00famero de solicitudes, el tiempo de espera para el tratamiento de los expedientes es de alrededor de 90 d\u00edas.<\/span><\/li>\n<li><span style=\"color: #808080;\">No se emiten poderes donde el Padre, Madre o Tutor sede actuaciones inherentes a la Patria Potestad de un Ni\u00f1o, Ni\u00f1a o Adolescentes (NNA), esto se debe tramitar a trav\u00e9s de los Tribunales de Protecci\u00f3n de NNA en Venezuela.<\/span><\/li>\n<li><span style=\"color: #808080;\">Si lo desea, tambi\u00e9n puede tramitar el poder en una notar\u00eda espa\u00f1ola y posteriormente legalizarlo con la Apostilla de La Haya en el Colegio de Notarios. En este caso, no requiere pasar por el Consulado.<\/span><\/li>\n<li><span style=\"color: #808080;\">Para cualquier consulta remitir la misma a: <strong>tramites@consuladodevenezuelaenmadrid.com<\/strong><\/span><\/li>\n<\/ul>\t\t\t\t\t\t\t\t<\/div>\n\t\t\t\t<\/div>\n\t\t\t\t\t<\/div>\n\t\t<\/div>\n\t\t\t\t\t<\/div>\n\t\t<\/section>\n\t\t\t\t<section class=\"elementor-section elementor-top-section elementor-element elementor-element-6888432 elementor-section-boxed elementor-section-height-default elementor-section-height-default\" data-id=\"6888432\" data-element_type=\"section\" data-e-type=\"section\">\n\t\t\t\t\t\t<div class=\"elementor-container elementor-column-gap-default\">\n\t\t\t\t\t<div class=\"elementor-column elementor-col-33 elementor-top-column elementor-element elementor-element-f15173b\" data-id=\"f15173b\" data-element_type=\"column\" data-e-type=\"column\">\n\t\t\t<div class=\"elementor-widget-wrap elementor-element-populated\">\n\t\t\t\t\t\t<div class=\"elementor-element elementor-element-f9ca328 elementor-align-center elementor-widget elementor-widget-button\" data-id=\"f9ca328\" data-element_type=\"widget\" data-e-type=\"widget\" data-widget_type=\"button.default\">\n\t\t\t\t<div class=\"elementor-widget-container\">\n\t\t\t\t\t\t\t\t\t<div class=\"elementor-button-wrapper\">\n\t\t\t\t\t<a class=\"elementor-button elementor-button-link elementor-size-sm\" href=\"https:\/\/consuladodevenezuelaenmadrid.com\/index.php\/contacto\/\">\n\t\t\t\t\t\t<span class=\"elementor-button-content-wrapper\">\n\t\t\t\t\t\t\t\t\t<span class=\"elementor-button-text\">Requiero m\u00e1s informaci\u00f3n<\/span>\n\t\t\t\t\t<\/span>\n\t\t\t\t\t<\/a>\n\t\t\t\t<\/div>\n\t\t\t\t\t\t\t\t<\/div>\n\t\t\t\t<\/div>\n\t\t\t\t\t<\/div>\n\t\t<\/div>\n\t\t\t\t<div class=\"elementor-column elementor-col-33 elementor-top-column elementor-element elementor-element-9d5bb60\" data-id=\"9d5bb60\" data-element_type=\"column\" data-e-type=\"column\">\n\t\t\t<div class=\"elementor-widget-wrap\">\n\t\t\t\t\t\t\t<\/div>\n\t\t<\/div>\n\t\t\t\t<div class=\"elementor-column elementor-col-33 elementor-top-column elementor-element elementor-element-22fd8a9\" data-id=\"22fd8a9\" data-element_type=\"column\" data-e-type=\"column\">\n\t\t\t<div class=\"elementor-widget-wrap elementor-element-populated\">\n\t\t\t\t\t\t<div class=\"elementor-element elementor-element-355b962 elementor-align-center elementor-widget elementor-widget-button\" data-id=\"355b962\" data-element_type=\"widget\" data-e-type=\"widget\" data-widget_type=\"button.default\">\n\t\t\t\t<div class=\"elementor-widget-container\">\n\t\t\t\t\t\t\t\t\t<div class=\"elementor-button-wrapper\">\n\t\t\t\t\t<a class=\"elementor-button elementor-button-link elementor-size-sm\" href=\"https:\/\/consuladodevenezuelaenmadrid.com\/\">\n\t\t\t\t\t\t<span class=\"elementor-button-content-wrapper\">\n\t\t\t\t\t\t\t\t\t<span class=\"elementor-button-text\">Salir<\/span>\n\t\t\t\t\t<\/span>\n\t\t\t\t\t<\/a>\n\t\t\t\t<\/div>\n\t\t\t\t\t\t\t\t<\/div>\n\t\t\t\t<\/div>\n\t\t\t\t\t<\/div>\n\t\t<\/div>\n\t\t\t\t\t<\/div>\n\t\t<\/section>\n\t\t\t\t<\/div>\n\t\t","protected":false},"excerpt":{"rendered":"<p>SOLICITUD DE PODERES En el Consulado, ofrecemos diferentes opciones para la emisi\u00f3n y gesti\u00f3n de poderes. A continuaci\u00f3n, se detallan las opciones disponibles y sus respectivos procedimientos: 1\ufe0f\u20e3 Poderes Especiales y Generales Informaci\u00f3n sobre c\u00f3mo tramitar un poder especial o general en esta Oficina Consular. Procedimiento para la revocaci\u00f3n de un poder. 2\ufe0f\u20e3Copias Certificadas de [&hellip;]<\/p>\n","protected":false},"author":1,"featured_media":0,"parent":0,"menu_order":0,"comment_status":"closed","ping_status":"closed","template":"elementor_header_footer","meta":{"site-sidebar-layout":"no-sidebar","site-content-layout":"page-builder","ast-site-content-layout":"default","site-content-style":"default","site-sidebar-style":"default","ast-global-header-display":"","ast-banner-title-visibility":"","ast-main-header-display":"","ast-hfb-above-header-display":"","ast-hfb-below-header-display":"","ast-hfb-mobile-header-display":"","site-post-title":"disabled","ast-breadcrumbs-content":"","ast-featured-img":"disabled","footer-sml-layout":"","ast-disable-related-posts":"","theme-transparent-header-meta":"default","adv-header-id-meta":"","stick-header-meta":"","header-above-stick-meta":"","header-main-stick-meta":"","header-below-stick-meta":"","astra-migrate-meta-layouts":"default","ast-page-background-enabled":"default","ast-page-background-meta":{"desktop":{"background-color":"var(--ast-global-color-4)","background-image":"","background-repeat":"repeat","background-position":"center center","background-size":"auto","background-attachment":"scroll","background-type":"","background-media":"","overlay-type":"","overlay-color":"","overlay-opacity":"","overlay-gradient":""},"tablet":{"background-color":"","background-image":"","background-repeat":"repeat","background-position":"center center","background-size":"auto","background-attachment":"scroll","background-type":"","background-media":"","overlay-type":"","overlay-color":"","overlay-opacity":"","overlay-gradient":""},"mobile":{"background-color":"","background-image":"","background-repeat":"repeat","background-position":"center center","background-size":"auto","background-attachment":"scroll","background-type":"","background-media":"","overlay-type":"","overlay-color":"","overlay-opacity":"","overlay-gradient":""}},"ast-content-background-meta":{"desktop":{"background-color":"var(--ast-global-color-5)","background-image":"","background-repeat":"repeat","background-position":"center center","background-size":"auto","background-attachment":"scroll","background-type":"","background-media":"","overlay-type":"","overlay-color":"","overlay-opacity":"","overlay-gradient":""},"tablet":{"background-color":"var(--ast-global-color-5)","background-image":"","background-repeat":"repeat","background-position":"center center","background-size":"auto","background-attachment":"scroll","background-type":"","background-media":"","overlay-type":"","overlay-color":"","overlay-opacity":"","overlay-gradient":""},"mobile":{"background-color":"var(--ast-global-color-5)","background-image":"","background-repeat":"repeat","background-position":"center center","background-size":"auto","background-attachment":"scroll","background-type":"","background-media":"","overlay-type":"","overlay-color":"","overlay-opacity":"","overlay-gradient":""}},"footnotes":""},"class_list":["post-176","page","type-page","status-publish","hentry"],"_links":{"self":[{"href":"https:\/\/consuladodevenezuelaenmadrid.com\/index.php\/wp-json\/wp\/v2\/pages\/176","targetHints":{"allow":["GET"]}}],"collection":[{"href":"https:\/\/consuladodevenezuelaenmadrid.com\/index.php\/wp-json\/wp\/v2\/pages"}],"about":[{"href":"https:\/\/consuladodevenezuelaenmadrid.com\/index.php\/wp-json\/wp\/v2\/types\/page"}],"author":[{"embeddable":true,"href":"https:\/\/consuladodevenezuelaenmadrid.com\/index.php\/wp-json\/wp\/v2\/users\/1"}],"replies":[{"embeddable":true,"href":"https:\/\/consuladodevenezuelaenmadrid.com\/index.php\/wp-json\/wp\/v2\/comments?post=176"}],"version-history":[{"count":50,"href":"https:\/\/consuladodevenezuelaenmadrid.com\/index.php\/wp-json\/wp\/v2\/pages\/176\/revisions"}],"predecessor-version":[{"id":5005,"href":"https:\/\/consuladodevenezuelaenmadrid.com\/index.php\/wp-json\/wp\/v2\/pages\/176\/revisions\/5005"}],"wp:attachment":[{"href":"https:\/\/consuladodevenezuelaenmadrid.com\/index.php\/wp-json\/wp\/v2\/media?parent=176"}],"curies":[{"name":"wp","href":"https:\/\/api.w.org\/{rel}","templated":true}]}}