{"id":1732,"date":"2020-06-18T13:39:59","date_gmt":"2020-06-18T13:39:59","guid":{"rendered":"http:\/\/consuladodevenezuelaenmadrid.net\/?page_id=1732"},"modified":"2022-10-27T08:22:23","modified_gmt":"2022-10-27T08:22:23","slug":"certificado-de-antecedentes-penales","status":"publish","type":"page","link":"https:\/\/consuladodevenezuelaenmadrid.com\/index.php\/certificado-de-antecedentes-penales\/","title":{"rendered":"CERTIFICADO DE ANTECEDENTES PENALES"},"content":{"rendered":"\t\t<div data-elementor-type=\"wp-page\" data-elementor-id=\"1732\" class=\"elementor elementor-1732\">\n\t\t\t\t\t\t<section class=\"elementor-section elementor-top-section elementor-element elementor-element-47017728 elementor-section-boxed elementor-section-height-default elementor-section-height-default\" data-id=\"47017728\" data-element_type=\"section\" data-e-type=\"section\">\n\t\t\t\t\t\t<div class=\"elementor-container elementor-column-gap-default\">\n\t\t\t\t\t<div class=\"elementor-column elementor-col-100 elementor-top-column elementor-element elementor-element-606979a6\" data-id=\"606979a6\" data-element_type=\"column\" data-e-type=\"column\">\n\t\t\t<div class=\"elementor-widget-wrap elementor-element-populated\">\n\t\t\t\t\t\t<div class=\"elementor-element elementor-element-226c303 elementor-widget elementor-widget-spacer\" data-id=\"226c303\" data-element_type=\"widget\" data-e-type=\"widget\" data-widget_type=\"spacer.default\">\n\t\t\t\t<div class=\"elementor-widget-container\">\n\t\t\t\t\t\t\t<div class=\"elementor-spacer\">\n\t\t\t<div class=\"elementor-spacer-inner\"><\/div>\n\t\t<\/div>\n\t\t\t\t\t\t<\/div>\n\t\t\t\t<\/div>\n\t\t\t\t<div class=\"elementor-element elementor-element-e1f5a58 elementor-widget elementor-widget-heading\" data-id=\"e1f5a58\" data-element_type=\"widget\" data-e-type=\"widget\" data-widget_type=\"heading.default\">\n\t\t\t\t<div class=\"elementor-widget-container\">\n\t\t\t\t\t<h2 class=\"elementor-heading-title elementor-size-default\">CERTIFICADO DE ANTECEDENTES PENALES<\/h2>\t\t\t\t<\/div>\n\t\t\t\t<\/div>\n\t\t\t\t<div class=\"elementor-element elementor-element-ad6c2de elementor-widget elementor-widget-spacer\" data-id=\"ad6c2de\" data-element_type=\"widget\" data-e-type=\"widget\" data-widget_type=\"spacer.default\">\n\t\t\t\t<div class=\"elementor-widget-container\">\n\t\t\t\t\t\t\t<div class=\"elementor-spacer\">\n\t\t\t<div class=\"elementor-spacer-inner\"><\/div>\n\t\t<\/div>\n\t\t\t\t\t\t<\/div>\n\t\t\t\t<\/div>\n\t\t\t\t<div class=\"elementor-element elementor-element-affc969 elementor-widget elementor-widget-text-editor\" data-id=\"affc969\" data-element_type=\"widget\" data-e-type=\"widget\" data-widget_type=\"text-editor.default\">\n\t\t\t\t<div class=\"elementor-widget-container\">\n\t\t\t\t\t\t\t\t\t<div><p>El organismo encargado de otorgar el Certificado de <span id=\"DWT24259\" class=\"ZmSearchResult\"><span id=\"DWT24261\" class=\"ZmSearchResult\">Antecedentes<\/span><\/span> Penales es el Ministerio del Poder Popular para Relaciones Interiores, Justicia y Paz.<\/p><p>Puede solicitarlo a trav\u00e9s del enlace siguiente: <span id=\"OBJ_PREFIX_DWT24262_com_zimbra_url\" class=\"Object\"><span id=\"OBJ_PREFIX_DWT24263_com_zimbra_url\" class=\"Object\"><span id=\"OBJ_PREFIX_DWT64_com_zimbra_url\" class=\"Object\"><a href=\"http:\/\/www.mpprij.gob.ve\/\" target=\"_blank\" rel=\"noopener\">http:\/\/www.mpprij.gob.ve\/<\/a><\/span><\/span><\/span> \u00a0&#8211; \u00a0 CERTIFICACIONES PARA TR\u00c1MITES INTERNACIONALES.<\/p><p>Una vez que reciba su certificado digital, debe proceder a apostillarlo.<\/p><p>Para ello, debe tramitar una apostilla electr\u00f3nica. Mediante el sistema de apostilla electr\u00f3nica, el usuario podr\u00e1 solicitar el apostillado de su certificaci\u00f3n registr\u00e1ndose en el portal de la Canciller\u00eda (<span id=\"OBJ_PREFIX_DWT24264_com_zimbra_url\" class=\"Object\"><span id=\"OBJ_PREFIX_DWT24267_com_zimbra_url\" class=\"Object\"><span id=\"OBJ_PREFIX_DWT65_com_zimbra_url\" class=\"Object\"><a href=\"http:\/\/legalizacionve.mppre.gob.ve\" target=\"_blank\" rel=\"noopener\">http:\/\/legalizacionve.mppre.gob.ve<\/a><\/span><\/span><\/span>). La apostilla ser\u00e1 enviada a su correo electr\u00f3nico, en un sistema similar al que ya funciona para la solicitud de los <span id=\"DWT24266\" class=\"ZmSearchResult\"><span id=\"DWT24269\" class=\"ZmSearchResult\">antecedentes<\/span><\/span> penales. No requiere solicitar cita en el Consulado.<\/p><p>Puede obtener m\u00e1s informaci\u00f3n sobre este procedimiento a trav\u00e9s de la cuenta instagram @consularesve o el enlace <span id=\"OBJ_PREFIX_DWT24270_com_zimbra_url\" class=\"Object\"><span id=\"OBJ_PREFIX_DWT24271_com_zimbra_url\" class=\"Object\"><span id=\"OBJ_PREFIX_DWT66_com_zimbra_url\" class=\"Object\"><a href=\"http:\/\/mppre.gob.ve\/consulares\/\" target=\"_blank\" rel=\"noopener\">http:\/\/mppre.gob.ve\/consulares\/<\/a><\/span><\/span><\/span><\/p><\/div>\t\t\t\t\t\t\t\t<\/div>\n\t\t\t\t<\/div>\n\t\t\t\t<section class=\"elementor-section elementor-inner-section elementor-element elementor-element-b491003 elementor-section-boxed elementor-section-height-default elementor-section-height-default\" data-id=\"b491003\" data-element_type=\"section\" data-e-type=\"section\">\n\t\t\t\t\t\t<div class=\"elementor-container elementor-column-gap-default\">\n\t\t\t\t\t<div class=\"elementor-column elementor-col-50 elementor-inner-column elementor-element elementor-element-525dbd7\" data-id=\"525dbd7\" data-element_type=\"column\" data-e-type=\"column\">\n\t\t\t<div class=\"elementor-widget-wrap elementor-element-populated\">\n\t\t\t\t\t\t<div class=\"elementor-element elementor-element-6ee564e elementor-align-center elementor-widget elementor-widget-button\" data-id=\"6ee564e\" data-element_type=\"widget\" data-e-type=\"widget\" data-widget_type=\"button.default\">\n\t\t\t\t<div class=\"elementor-widget-container\">\n\t\t\t\t\t\t\t\t\t<div class=\"elementor-button-wrapper\">\n\t\t\t\t\t<a class=\"elementor-button elementor-button-link elementor-size-sm\" href=\"http:\/\/consuladodevenezuelaenmadrid.com\/index.php\/contacto\/\">\n\t\t\t\t\t\t<span class=\"elementor-button-content-wrapper\">\n\t\t\t\t\t\t\t\t\t<span class=\"elementor-button-text\">Requiero m\u00e1s informaci\u00f3n<\/span>\n\t\t\t\t\t<\/span>\n\t\t\t\t\t<\/a>\n\t\t\t\t<\/div>\n\t\t\t\t\t\t\t\t<\/div>\n\t\t\t\t<\/div>\n\t\t\t\t\t<\/div>\n\t\t<\/div>\n\t\t\t\t<div class=\"elementor-column elementor-col-50 elementor-inner-column elementor-element elementor-element-7e3b654\" data-id=\"7e3b654\" data-element_type=\"column\" data-e-type=\"column\">\n\t\t\t<div class=\"elementor-widget-wrap elementor-element-populated\">\n\t\t\t\t\t\t<div class=\"elementor-element elementor-element-4aaae4a elementor-align-center elementor-widget elementor-widget-button\" data-id=\"4aaae4a\" data-element_type=\"widget\" data-e-type=\"widget\" data-widget_type=\"button.default\">\n\t\t\t\t<div class=\"elementor-widget-container\">\n\t\t\t\t\t\t\t\t\t<div class=\"elementor-button-wrapper\">\n\t\t\t\t\t<a class=\"elementor-button elementor-button-link elementor-size-sm\" href=\"http:\/\/consuladodevenezuelaenmadrid.com\/\">\n\t\t\t\t\t\t<span class=\"elementor-button-content-wrapper\">\n\t\t\t\t\t\t\t\t\t<span class=\"elementor-button-text\">Salir<\/span>\n\t\t\t\t\t<\/span>\n\t\t\t\t\t<\/a>\n\t\t\t\t<\/div>\n\t\t\t\t\t\t\t\t<\/div>\n\t\t\t\t<\/div>\n\t\t\t\t\t<\/div>\n\t\t<\/div>\n\t\t\t\t\t<\/div>\n\t\t<\/section>\n\t\t\t\t\t<\/div>\n\t\t<\/div>\n\t\t\t\t\t<\/div>\n\t\t<\/section>\n\t\t\t\t<\/div>\n\t\t","protected":false},"excerpt":{"rendered":"<p>CERTIFICADO DE ANTECEDENTES PENALES El organismo encargado de otorgar el Certificado de Antecedentes Penales es el Ministerio del Poder Popular para Relaciones Interiores, Justicia y Paz. Puede solicitarlo a trav\u00e9s del enlace siguiente: http:\/\/www.mpprij.gob.ve\/ &nbsp;&#8211; &nbsp; CERTIFICACIONES PARA TR\u00c1MITES INTERNACIONALES. Una vez que reciba su certificado digital, debe proceder a apostillarlo. Para ello, debe tramitar [&hellip;]<\/p>\n","protected":false},"author":1,"featured_media":0,"parent":0,"menu_order":0,"comment_status":"closed","ping_status":"closed","template":"elementor_header_footer","meta":{"site-sidebar-layout":"default","site-content-layout":"default","ast-site-content-layout":"default","site-content-style":"default","site-sidebar-style":"default","ast-global-header-display":"","ast-banner-title-visibility":"","ast-main-header-display":"","ast-hfb-above-header-display":"","ast-hfb-below-header-display":"","ast-hfb-mobile-header-display":"","site-post-title":"","ast-breadcrumbs-content":"","ast-featured-img":"","footer-sml-layout":"","ast-disable-related-posts":"","theme-transparent-header-meta":"default","adv-header-id-meta":"","stick-header-meta":"","header-above-stick-meta":"","header-main-stick-meta":"","header-below-stick-meta":"","astra-migrate-meta-layouts":"default","ast-page-background-enabled":"default","ast-page-background-meta":{"desktop":{"background-color":"var(--ast-global-color-4)","background-image":"","background-repeat":"repeat","background-position":"center center","background-size":"auto","background-attachment":"scroll","background-type":"","background-media":"","overlay-type":"","overlay-color":"","overlay-opacity":"","overlay-gradient":""},"tablet":{"background-color":"","background-image":"","background-repeat":"repeat","background-position":"center center","background-size":"auto","background-attachment":"scroll","background-type":"","background-media":"","overlay-type":"","overlay-color":"","overlay-opacity":"","overlay-gradient":""},"mobile":{"background-color":"","background-image":"","background-repeat":"repeat","background-position":"center center","background-size":"auto","background-attachment":"scroll","background-type":"","background-media":"","overlay-type":"","overlay-color":"","overlay-opacity":"","overlay-gradient":""}},"ast-content-background-meta":{"desktop":{"background-color":"var(--ast-global-color-5)","background-image":"","background-repeat":"repeat","background-position":"center center","background-size":"auto","background-attachment":"scroll","background-type":"","background-media":"","overlay-type":"","overlay-color":"","overlay-opacity":"","overlay-gradient":""},"tablet":{"background-color":"var(--ast-global-color-5)","background-image":"","background-repeat":"repeat","background-position":"center center","background-size":"auto","background-attachment":"scroll","background-type":"","background-media":"","overlay-type":"","overlay-color":"","overlay-opacity":"","overlay-gradient":""},"mobile":{"background-color":"var(--ast-global-color-5)","background-image":"","background-repeat":"repeat","background-position":"center center","background-size":"auto","background-attachment":"scroll","background-type":"","background-media":"","overlay-type":"","overlay-color":"","overlay-opacity":"","overlay-gradient":""}},"footnotes":""},"class_list":["post-1732","page","type-page","status-publish","hentry"],"_links":{"self":[{"href":"https:\/\/consuladodevenezuelaenmadrid.com\/index.php\/wp-json\/wp\/v2\/pages\/1732","targetHints":{"allow":["GET"]}}],"collection":[{"href":"https:\/\/consuladodevenezuelaenmadrid.com\/index.php\/wp-json\/wp\/v2\/pages"}],"about":[{"href":"https:\/\/consuladodevenezuelaenmadrid.com\/index.php\/wp-json\/wp\/v2\/types\/page"}],"author":[{"embeddable":true,"href":"https:\/\/consuladodevenezuelaenmadrid.com\/index.php\/wp-json\/wp\/v2\/users\/1"}],"replies":[{"embeddable":true,"href":"https:\/\/consuladodevenezuelaenmadrid.com\/index.php\/wp-json\/wp\/v2\/comments?post=1732"}],"version-history":[{"count":8,"href":"https:\/\/consuladodevenezuelaenmadrid.com\/index.php\/wp-json\/wp\/v2\/pages\/1732\/revisions"}],"predecessor-version":[{"id":3548,"href":"https:\/\/consuladodevenezuelaenmadrid.com\/index.php\/wp-json\/wp\/v2\/pages\/1732\/revisions\/3548"}],"wp:attachment":[{"href":"https:\/\/consuladodevenezuelaenmadrid.com\/index.php\/wp-json\/wp\/v2\/media?parent=1732"}],"curies":[{"name":"wp","href":"https:\/\/api.w.org\/{rel}","templated":true}]}}