{"id":1710,"date":"2020-06-18T12:38:36","date_gmt":"2020-06-18T12:38:36","guid":{"rendered":"http:\/\/consuladodevenezuelaenmadrid.net\/?page_id=1710"},"modified":"2022-10-27T09:22:40","modified_gmt":"2022-10-27T09:22:40","slug":"constancia-de-no-haber-contraido-nuevas-nupcias","status":"publish","type":"page","link":"https:\/\/consuladodevenezuelaenmadrid.com\/index.php\/constancia-de-no-haber-contraido-nuevas-nupcias\/","title":{"rendered":"CONSTANCIA DE NO HABER CONTRAIDO NUEVAS NUPCIAS"},"content":{"rendered":"\t\t<div data-elementor-type=\"wp-page\" data-elementor-id=\"1710\" class=\"elementor elementor-1710\">\n\t\t\t\t\t\t<section class=\"elementor-section elementor-top-section elementor-element elementor-element-316b9aae elementor-section-boxed elementor-section-height-default elementor-section-height-default\" data-id=\"316b9aae\" data-element_type=\"section\" data-e-type=\"section\">\n\t\t\t\t\t\t<div class=\"elementor-container elementor-column-gap-default\">\n\t\t\t\t\t<div class=\"elementor-column elementor-col-100 elementor-top-column elementor-element elementor-element-d081aff\" data-id=\"d081aff\" data-element_type=\"column\" data-e-type=\"column\">\n\t\t\t<div class=\"elementor-widget-wrap elementor-element-populated\">\n\t\t\t\t\t\t<div class=\"elementor-element elementor-element-6d24fa51 elementor-widget elementor-widget-text-editor\" data-id=\"6d24fa51\" data-element_type=\"widget\" data-e-type=\"widget\" data-widget_type=\"text-editor.default\">\n\t\t\t\t<div class=\"elementor-widget-container\">\n\t\t\t\t\t\t\t\t\t\n<div class=\"wp-block-themeisle-blocks-advanced-columns has-undefined-columns has-desktop-undefined-layout has-tablet-equal-layout has-mobile-equal-layout has-default-gap has-vertical-unset\" id=\"wp-block-themeisle-blocks-advanced-columns-c8a2e299\"><div class=\"wp-block-themeisle-blocks-advanced-columns-overlay\"><\/div><div class=\"innerblocks-wrap\"><\/div><\/div>\n\t\t\t\t\t\t\t\t<\/div>\n\t\t\t\t<\/div>\n\t\t\t\t<div class=\"elementor-element elementor-element-3bd0934 elementor-widget elementor-widget-heading\" data-id=\"3bd0934\" data-element_type=\"widget\" data-e-type=\"widget\" data-widget_type=\"heading.default\">\n\t\t\t\t<div class=\"elementor-widget-container\">\n\t\t\t\t\t<h2 class=\"elementor-heading-title elementor-size-default\">CONSTANCIA DE NO HABER CONTRAIDO NUEVAS NUPCIAS<\/h2>\t\t\t\t<\/div>\n\t\t\t\t<\/div>\n\t\t\t\t<div class=\"elementor-element elementor-element-58bb34a elementor-widget elementor-widget-spacer\" data-id=\"58bb34a\" data-element_type=\"widget\" data-e-type=\"widget\" data-widget_type=\"spacer.default\">\n\t\t\t\t<div class=\"elementor-widget-container\">\n\t\t\t\t\t\t\t<div class=\"elementor-spacer\">\n\t\t\t<div class=\"elementor-spacer-inner\"><\/div>\n\t\t<\/div>\n\t\t\t\t\t\t<\/div>\n\t\t\t\t<\/div>\n\t\t\t\t<div class=\"elementor-element elementor-element-f1aa2fe elementor-widget elementor-widget-text-editor\" data-id=\"f1aa2fe\" data-element_type=\"widget\" data-e-type=\"widget\" data-widget_type=\"text-editor.default\">\n\t\t\t\t<div class=\"elementor-widget-container\">\n\t\t\t\t\t\t\t\t\t<div>\n<div>A trav\u00e9s de declaraci\u00f3n jurada, se deja constancia de que el ciudadano o ciudadana, luego de divorciarse o enviudar, no ha vuelto a contraer matrimonio.<\/div>\n<div>\u00a0<\/div>\n<div>Para tramitar\u00a0 una constancia de <span id=\"DWT8892\" class=\"ZmSearchResult\">no<\/span> <span id=\"DWT8894\" class=\"ZmSearchResult\">haber<\/span> contra\u00ed<span id=\"gmail-m_-5151377070464910775m_-2995022744364921891OBJ_PREFIX_DWT15732_com_zimbra_date\"><span id=\"gmail-m_-5151377070464910775OBJ_PREFIX_DWT2301_com_zimbra_date\"><span id=\"gmail-m_-5151377070464910775OBJ_PREFIX_DWT1356_com_zimbra_date\"><span id=\"gmail-m_-5151377070464910775OBJ_PREFIX_DWT2118_com_zimbra_date\"><span id=\"gmail-m_-5151377070464910775OBJ_PREFIX_DWT4368_com_zimbra_date\"><span id=\"gmail-m_-5151377070464910775OBJ_PREFIX_DWT10654_com_zimbra_date\"><span id=\"OBJ_PREFIX_DWT8895_com_zimbra_date\" class=\"Object\"><span id=\"OBJ_PREFIX_DWT425_com_zimbra_date\" class=\"Object\"><span id=\"OBJ_PREFIX_DWT24072_com_zimbra_date\" class=\"Object\"><span id=\"OBJ_PREFIX_DWT49_com_zimbra_date\" class=\"Object\">do<\/span><\/span><\/span><\/span><\/span><\/span><\/span><\/span><\/span><\/span> <span id=\"gmail-m_-5151377070464910775m_-2995022744364921891DWT15734\"><span id=\"gmail-m_-5151377070464910775DWT2303\"><span id=\"gmail-m_-5151377070464910775DWT1358\"><span id=\"gmail-m_-5151377070464910775DWT2120\"><span id=\"gmail-m_-5151377070464910775DWT4370\"><span id=\"gmail-m_-5151377070464910775DWT10656\"><span id=\"DWT427\" class=\"ZmSearchResult\">nuevas<\/span><\/span><\/span><\/span><\/span><\/span><\/span> <span id=\"gmail-m_-5151377070464910775m_-2995022744364921891DWT15736\"><span id=\"gmail-m_-5151377070464910775DWT2305\"><span id=\"gmail-m_-5151377070464910775DWT1360\"><span id=\"gmail-m_-5151377070464910775DWT2122\"><span id=\"gmail-m_-5151377070464910775DWT4372\"><span id=\"gmail-m_-5151377070464910775DWT10658\"><span id=\"DWT8897\" class=\"ZmSearchResult\"><span id=\"DWT429\" class=\"ZmSearchResult\"><span id=\"DWT24074\" class=\"ZmSearchResult\">nupcia<\/span><\/span><\/span><\/span><\/span><\/span><\/span><\/span><\/span>s en esta oficina consular, el interesado debe iniciar la solicitud en l\u00ednea, completar el formulario del tr\u00e1mite y posteriormente elegir fecha para firmar y retirar el documento.<\/div>\n<div>\u00a0<\/div>\n<div>\n<p>Es importante que anexe en el formulario los siguientes documentos escaneados:<\/p>\n<ul>\n<li>Copia de la constancia de registro consular en este Consulado General.<\/li>\n<li>Copia legible de la partida de nacimiento.<\/li>\n<li>Copia del acta de matrimonio y de la sentencia de divorcio o acta de defunci\u00f3n venezolanas, seg\u00fan sea el caso.<\/li>\n<\/ul>\n<p>Si falta alguno de los requisitos, la solicitud no podr\u00e1 ser procesada.<\/p>\n<p>Para proceder a la firma del documento, el d\u00eda de su cita deber\u00e1 presentar su c\u00e9dula de identidad laminada (vigente o vencida) o su pasaporte venezolano y realizar el pago en taquilla de los aranceles consulares correspondientes, los cuales ascienden a sesenta euros (60,00 \u20ac).<\/p>\n<\/div>\n<\/div>\t\t\t\t\t\t\t\t<\/div>\n\t\t\t\t<\/div>\n\t\t\t\t\t<\/div>\n\t\t<\/div>\n\t\t\t\t\t<\/div>\n\t\t<\/section>\n\t\t\t\t<section class=\"elementor-section elementor-top-section elementor-element elementor-element-5b61796 elementor-section-boxed elementor-section-height-default elementor-section-height-default\" data-id=\"5b61796\" data-element_type=\"section\" data-e-type=\"section\">\n\t\t\t\t\t\t<div class=\"elementor-container elementor-column-gap-default\">\n\t\t\t\t\t<div class=\"elementor-column elementor-col-33 elementor-top-column elementor-element elementor-element-bc2eaf0\" data-id=\"bc2eaf0\" data-element_type=\"column\" data-e-type=\"column\">\n\t\t\t<div class=\"elementor-widget-wrap elementor-element-populated\">\n\t\t\t\t\t\t<div class=\"elementor-element elementor-element-e94a4c3 elementor-align-center elementor-widget elementor-widget-button\" data-id=\"e94a4c3\" data-element_type=\"widget\" data-e-type=\"widget\" data-widget_type=\"button.default\">\n\t\t\t\t<div class=\"elementor-widget-container\">\n\t\t\t\t\t\t\t\t\t<div class=\"elementor-button-wrapper\">\n\t\t\t\t\t<a class=\"elementor-button elementor-button-link elementor-size-sm\" href=\"https:\/\/consuladodevenezuelaenmadrid.com\/index.php\/suspension-contacto\/\">\n\t\t\t\t\t\t<span class=\"elementor-button-content-wrapper\">\n\t\t\t\t\t\t\t\t\t<span class=\"elementor-button-text\">Requiero m\u00e1s informaci\u00f3n<\/span>\n\t\t\t\t\t<\/span>\n\t\t\t\t\t<\/a>\n\t\t\t\t<\/div>\n\t\t\t\t\t\t\t\t<\/div>\n\t\t\t\t<\/div>\n\t\t\t\t\t<\/div>\n\t\t<\/div>\n\t\t\t\t<div class=\"elementor-column elementor-col-33 elementor-top-column elementor-element elementor-element-1636073\" data-id=\"1636073\" data-element_type=\"column\" data-e-type=\"column\">\n\t\t\t<div class=\"elementor-widget-wrap elementor-element-populated\">\n\t\t\t\t\t\t<div class=\"elementor-element elementor-element-8f74108 elementor-align-center elementor-widget elementor-widget-button\" data-id=\"8f74108\" data-element_type=\"widget\" data-e-type=\"widget\" data-widget_type=\"button.default\">\n\t\t\t\t<div class=\"elementor-widget-container\">\n\t\t\t\t\t\t\t\t\t<div class=\"elementor-button-wrapper\">\n\t\t\t\t\t<a class=\"elementor-button elementor-button-link elementor-size-sm\" href=\"https:\/\/consuladodevenezuelaenmadrid.com\/index.php\/cita-no-haber-contraido-nuevas-nupcias\/\">\n\t\t\t\t\t\t<span class=\"elementor-button-content-wrapper\">\n\t\t\t\t\t\t\t\t\t<span class=\"elementor-button-text\">Solicitar tr\u00e1mite<\/span>\n\t\t\t\t\t<\/span>\n\t\t\t\t\t<\/a>\n\t\t\t\t<\/div>\n\t\t\t\t\t\t\t\t<\/div>\n\t\t\t\t<\/div>\n\t\t\t\t\t<\/div>\n\t\t<\/div>\n\t\t\t\t<div class=\"elementor-column elementor-col-33 elementor-top-column elementor-element elementor-element-def818f\" data-id=\"def818f\" data-element_type=\"column\" data-e-type=\"column\">\n\t\t\t<div class=\"elementor-widget-wrap elementor-element-populated\">\n\t\t\t\t\t\t<div class=\"elementor-element elementor-element-88ef068 elementor-align-center elementor-widget elementor-widget-button\" data-id=\"88ef068\" data-element_type=\"widget\" data-e-type=\"widget\" data-widget_type=\"button.default\">\n\t\t\t\t<div class=\"elementor-widget-container\">\n\t\t\t\t\t\t\t\t\t<div class=\"elementor-button-wrapper\">\n\t\t\t\t\t<a class=\"elementor-button elementor-button-link elementor-size-sm\" href=\"http:\/\/consuladodevenezuelaenmadrid.net\/\">\n\t\t\t\t\t\t<span class=\"elementor-button-content-wrapper\">\n\t\t\t\t\t\t\t\t\t<span class=\"elementor-button-text\">Salir<\/span>\n\t\t\t\t\t<\/span>\n\t\t\t\t\t<\/a>\n\t\t\t\t<\/div>\n\t\t\t\t\t\t\t\t<\/div>\n\t\t\t\t<\/div>\n\t\t\t\t\t<\/div>\n\t\t<\/div>\n\t\t\t\t\t<\/div>\n\t\t<\/section>\n\t\t\t\t<\/div>\n\t\t","protected":false},"excerpt":{"rendered":"<p>CONSTANCIA DE NO HABER CONTRAIDO NUEVAS NUPCIAS A trav\u00e9s de declaraci\u00f3n jurada, se deja constancia de que el ciudadano o ciudadana, luego de divorciarse o enviudar, no ha vuelto a contraer matrimonio. \u00a0 Para tramitar\u00a0 una constancia de no haber contra\u00eddo nuevas nupcias en esta oficina consular, el interesado debe iniciar la solicitud en l\u00ednea, [&hellip;]<\/p>\n","protected":false},"author":1,"featured_media":0,"parent":0,"menu_order":0,"comment_status":"closed","ping_status":"closed","template":"elementor_header_footer","meta":{"site-sidebar-layout":"default","site-content-layout":"default","ast-site-content-layout":"default","site-content-style":"default","site-sidebar-style":"default","ast-global-header-display":"","ast-banner-title-visibility":"","ast-main-header-display":"","ast-hfb-above-header-display":"","ast-hfb-below-header-display":"","ast-hfb-mobile-header-display":"","site-post-title":"","ast-breadcrumbs-content":"","ast-featured-img":"","footer-sml-layout":"","ast-disable-related-posts":"","theme-transparent-header-meta":"default","adv-header-id-meta":"","stick-header-meta":"","header-above-stick-meta":"","header-main-stick-meta":"","header-below-stick-meta":"","astra-migrate-meta-layouts":"default","ast-page-background-enabled":"default","ast-page-background-meta":{"desktop":{"background-color":"var(--ast-global-color-4)","background-image":"","background-repeat":"repeat","background-position":"center center","background-size":"auto","background-attachment":"scroll","background-type":"","background-media":"","overlay-type":"","overlay-color":"","overlay-opacity":"","overlay-gradient":""},"tablet":{"background-color":"","background-image":"","background-repeat":"repeat","background-position":"center center","background-size":"auto","background-attachment":"scroll","background-type":"","background-media":"","overlay-type":"","overlay-color":"","overlay-opacity":"","overlay-gradient":""},"mobile":{"background-color":"","background-image":"","background-repeat":"repeat","background-position":"center center","background-size":"auto","background-attachment":"scroll","background-type":"","background-media":"","overlay-type":"","overlay-color":"","overlay-opacity":"","overlay-gradient":""}},"ast-content-background-meta":{"desktop":{"background-color":"var(--ast-global-color-5)","background-image":"","background-repeat":"repeat","background-position":"center center","background-size":"auto","background-attachment":"scroll","background-type":"","background-media":"","overlay-type":"","overlay-color":"","overlay-opacity":"","overlay-gradient":""},"tablet":{"background-color":"var(--ast-global-color-5)","background-image":"","background-repeat":"repeat","background-position":"center center","background-size":"auto","background-attachment":"scroll","background-type":"","background-media":"","overlay-type":"","overlay-color":"","overlay-opacity":"","overlay-gradient":""},"mobile":{"background-color":"var(--ast-global-color-5)","background-image":"","background-repeat":"repeat","background-position":"center center","background-size":"auto","background-attachment":"scroll","background-type":"","background-media":"","overlay-type":"","overlay-color":"","overlay-opacity":"","overlay-gradient":""}},"footnotes":""},"class_list":["post-1710","page","type-page","status-publish","hentry"],"_links":{"self":[{"href":"https:\/\/consuladodevenezuelaenmadrid.com\/index.php\/wp-json\/wp\/v2\/pages\/1710","targetHints":{"allow":["GET"]}}],"collection":[{"href":"https:\/\/consuladodevenezuelaenmadrid.com\/index.php\/wp-json\/wp\/v2\/pages"}],"about":[{"href":"https:\/\/consuladodevenezuelaenmadrid.com\/index.php\/wp-json\/wp\/v2\/types\/page"}],"author":[{"embeddable":true,"href":"https:\/\/consuladodevenezuelaenmadrid.com\/index.php\/wp-json\/wp\/v2\/users\/1"}],"replies":[{"embeddable":true,"href":"https:\/\/consuladodevenezuelaenmadrid.com\/index.php\/wp-json\/wp\/v2\/comments?post=1710"}],"version-history":[{"count":11,"href":"https:\/\/consuladodevenezuelaenmadrid.com\/index.php\/wp-json\/wp\/v2\/pages\/1710\/revisions"}],"predecessor-version":[{"id":3575,"href":"https:\/\/consuladodevenezuelaenmadrid.com\/index.php\/wp-json\/wp\/v2\/pages\/1710\/revisions\/3575"}],"wp:attachment":[{"href":"https:\/\/consuladodevenezuelaenmadrid.com\/index.php\/wp-json\/wp\/v2\/media?parent=1710"}],"curies":[{"name":"wp","href":"https:\/\/api.w.org\/{rel}","templated":true}]}}