{"id":1587,"date":"2020-06-15T08:37:18","date_gmt":"2020-06-15T08:37:18","guid":{"rendered":"http:\/\/consuladodevenezuelaenmadrid.net\/?page_id=1587"},"modified":"2025-10-06T14:58:45","modified_gmt":"2025-10-06T14:58:45","slug":"autorizacion-de-expedicion-de-pasaportes-a-ninos-ninas-y-adolescentes","status":"publish","type":"page","link":"https:\/\/consuladodevenezuelaenmadrid.com\/index.php\/autorizacion-de-expedicion-de-pasaportes-a-ninos-ninas-y-adolescentes\/","title":{"rendered":"AUTORIZACI\u00d3N DE EXPEDICI\u00d3N DE PASAPORTES A NI\u00d1OS, NI\u00d1AS Y ADOLESCENTES."},"content":{"rendered":"\t\t<div data-elementor-type=\"wp-page\" data-elementor-id=\"1587\" class=\"elementor elementor-1587\">\n\t\t\t\t\t\t<section class=\"elementor-section elementor-top-section elementor-element elementor-element-50d440c0 elementor-section-boxed elementor-section-height-default elementor-section-height-default\" data-id=\"50d440c0\" data-element_type=\"section\" data-e-type=\"section\">\n\t\t\t\t\t\t<div class=\"elementor-container elementor-column-gap-default\">\n\t\t\t\t\t<div class=\"elementor-column elementor-col-100 elementor-top-column elementor-element elementor-element-f0a7eb5\" data-id=\"f0a7eb5\" data-element_type=\"column\" data-e-type=\"column\">\n\t\t\t<div class=\"elementor-widget-wrap elementor-element-populated\">\n\t\t\t\t\t\t<div class=\"elementor-element elementor-element-c1cbd5f elementor-widget elementor-widget-spacer\" data-id=\"c1cbd5f\" data-element_type=\"widget\" data-e-type=\"widget\" data-widget_type=\"spacer.default\">\n\t\t\t\t<div class=\"elementor-widget-container\">\n\t\t\t\t\t\t\t<div class=\"elementor-spacer\">\n\t\t\t<div class=\"elementor-spacer-inner\"><\/div>\n\t\t<\/div>\n\t\t\t\t\t\t<\/div>\n\t\t\t\t<\/div>\n\t\t\t\t<div class=\"elementor-element elementor-element-74cb108 elementor-widget elementor-widget-heading\" data-id=\"74cb108\" data-element_type=\"widget\" data-e-type=\"widget\" data-widget_type=\"heading.default\">\n\t\t\t\t<div class=\"elementor-widget-container\">\n\t\t\t\t\t<h2 class=\"elementor-heading-title elementor-size-default\">AUTORIZACI\u00d3N PARA EXPEDICI\u00d3N DE PASAPORTES A NI\u00d1OS, NI\u00d1AS Y ADOLESCENTES<\/h2>\t\t\t\t<\/div>\n\t\t\t\t<\/div>\n\t\t\t\t<div class=\"elementor-element elementor-element-ec3db8b elementor-widget elementor-widget-spacer\" data-id=\"ec3db8b\" data-element_type=\"widget\" data-e-type=\"widget\" data-widget_type=\"spacer.default\">\n\t\t\t\t<div class=\"elementor-widget-container\">\n\t\t\t\t\t\t\t<div class=\"elementor-spacer\">\n\t\t\t<div class=\"elementor-spacer-inner\"><\/div>\n\t\t<\/div>\n\t\t\t\t\t\t<\/div>\n\t\t\t\t<\/div>\n\t\t\t\t<div class=\"elementor-element elementor-element-6dd1f2d elementor-widget elementor-widget-text-editor\" data-id=\"6dd1f2d\" data-element_type=\"widget\" data-e-type=\"widget\" data-widget_type=\"text-editor.default\">\n\t\t\t\t<div class=\"elementor-widget-container\">\n\t\t\t\t\t\t\t\t\t<p>Esta autorizaci\u00f3n es requerida por el Servicio Administrativo de Identificaci\u00f3n, Migraci\u00f3n y Extranjer\u00eda (SAIME) para expedir el pasaporte a un ni\u00f1o, ni\u00f1a o adolescente en ausencia de alguno de los padres.<\/p>\n<p>\u00a0<\/p>\n<p><span style=\"color: #008080;\"><strong>REQUISITOS<\/strong><\/span><\/p>\n<p>Este tr\u00e1mite se realizar\u00e1\u00a0<strong>EXCLUSIVAMENTE POR CORREO ELECTR\u00d3NICO.<\/strong>\u00a0Para ello, debe enviar a la direcci\u00f3n\u00a0<a href=\"mailto:tramites@consuladodevenezuelaenmadrid.com\" target=\"_blank\" rel=\"noopener\"><strong>tramites@consuladodevenezuelaenmadrid.com<\/strong><\/a><strong>,\u00a0<\/strong>los siguientes recaudos <span style=\"text-decoration: underline;\">en formato PDF y con una resoluci\u00f3n m\u00e1xima de 300 ppp<\/span>:<\/p>\n<ul>\n<li>El progenitor que hace la autorizaci\u00f3n\u00a0<strong>debe tener su domicilio en la <a href=\"https:\/\/consuladodevenezuelaenmadrid.com\/index.php\/inicio\/consulado\/\" target=\"_blank\" rel=\"noopener\">circunscripci\u00f3n consular<\/a> de esta Oficina<\/strong>, por lo que debe remitir copia actualizada y legible de su padr\u00f3n municipal.<\/li>\n<li>Rellenar la planilla de <a href=\"https:\/\/consuladodevenezuelaenmadrid.com\/wp-content\/uploads\/2024\/02\/Autorizacion_Pasaporte.pdf\">AUTORIZACI\u00d3N PARA LA EXPEDICI\u00d3N DE PASAPORTES <\/a>sin tachaduras y en letra legible. <span style=\"text-decoration: underline;\">Debe indicar en que Oficina Consular va a realizar el tr\u00e1mite<\/span>.<\/li>\n<li>Copia legible de la c\u00e9dula de identidad y\/o pasaporte (\u00fanicamente la p\u00e1gina donde se encuentran los datos personales) del progenitor que hace la autorizaci\u00f3n.<\/li>\n<li>Copia legible de la c\u00e9dula de identidad del ni\u00f1o, ni\u00f1a o adolescente (si la tiene).<\/li>\n<li>Copia legible de la partida de nacimiento del ni\u00f1o, ni\u00f1a o adolescente.<\/li>\n<li>Copia legible de la c\u00e9dula de identidad del progenitor que\u00a0 acompa\u00f1ar\u00e1 al ni\u00f1o, ni\u00f1a o adolescente.<\/li>\n<li>Copia de la constancia de registro consular actualizado <span style=\"font-size: 16px; font-style: normal; font-weight: 400;\">del progenitor que hace la autorizaci\u00f3n<\/span>. Si no est\u00e1 inscrito, debe remitir un padr\u00f3n municipal actualizado<\/li>\n<\/ul>\n<p>UNA VEZ RECIBIDOS TODOS LOS RECAUDOS CORRECTAMENTE, ESTA OFICINA CONSULAR PROCEDER\u00c1 A ELABORAR EL RESPECTIVO PERMISO PARA TRAMITAR PASAPORTE Y LE COMUNICAR\u00c1 AL INTERESADO, MEDIANTE CORREO ELECTR\u00d3NICO, LA FECHA EN LA QUE DEBER\u00c1 PRESENTARSE PARA FIRMAR Y RETIRAR DICHO DOCUMENTO.<\/p>\n<p>Si no remite todos los recaudos, no podr\u00e1 realizarse el tr\u00e1mite y el material recibido ser\u00e1 destruido.<\/p>\n<p><strong>ESTE TR\u00c1MITE EST\u00c1 EXENTO DEL PAGO DE DERECHOS CONSULARES<\/strong><\/p>\n<p><span style=\"color: #008080;\"><strong>OBSERVACI\u00d3N<\/strong><\/span><\/p>\n<ul>\n<li data-start=\"146\" data-end=\"479\"><strong>Para la correcta tramitaci\u00f3n<\/strong> de su solicitud, es imprescindible que los documentos remitidos est\u00e9n en formato PDF de buena calidad, perfectamente legibles, sin fondos oscuros o distorsiones que dificulten su impresi\u00f3n. Estos documentos se anexan f\u00edsicamente al expediente, por lo que deben cumplir con est\u00e1ndares de nitidez y presentaci\u00f3n. <strong>En caso de no recibir los archivos en condiciones adecuadas, la solicitud no ser\u00e1<\/strong> <strong>atendida ni procesada<\/strong> hasta que se subsanen dichas deficiencias<\/li>\n<li data-start=\"146\" data-end=\"479\">Para tramitar el pasaporte de un ni\u00f1o, ni\u00f1a o adolescente, <strong data-start=\"205\" data-end=\"279\">siempre debe estar presente al menos uno de sus representantes legales<\/strong>: el padre, la madre o el tutor\/tutora legal. La presencia es obligatoria para firmar y estampar la huella dactilar del menor. <strong data-start=\"406\" data-end=\"479\">No se puede autorizar a terceras personas para realizar este tr\u00e1mite.<\/strong><\/li>\n<li data-start=\"481\" data-end=\"989\"><strong data-start=\"481\" data-end=\"615\">Las autorizaciones para la emisi\u00f3n del pasaporte o para permisos de viaje solo pueden ser otorgadas por los representantes legales<\/strong>: el padre, la madre o el tutor\/tutora.<\/li>\n<li data-start=\"481\" data-end=\"989\">Los poderes espec\u00edficos, as\u00ed como las legalizaciones y\/o apostillas de documentos emitidos por autoridades extranjeras, <strong data-start=\"775\" data-end=\"824\">no pueden incluir este tipo de autorizaciones<\/strong>, ya que se trata de actuaciones inherentes al ejercicio de la <strong data-start=\"887\" data-end=\"906\">patria potestad<\/strong>, las cuales <strong data-start=\"919\" data-end=\"946\">no pueden ser delegadas<\/strong> seg\u00fan el ordenamiento jur\u00eddico venezolano. Por tanto <strong>no ser\u00e1n aceptados poderes como sustitutos de las Autorizaciones<\/strong>.<\/li>\n<li data-start=\"991\" data-end=\"1104\">El tiempo que toma este tr\u00e1mite <strong data-start=\"1023\" data-end=\"1071\">depende del volumen de solicitudes recibidas<\/strong> y puede variar seg\u00fan la demanda.<\/li>\n<\/ul>\t\t\t\t\t\t\t\t<\/div>\n\t\t\t\t<\/div>\n\t\t\t\t<section class=\"elementor-section elementor-inner-section elementor-element elementor-element-2af6d6b elementor-section-boxed elementor-section-height-default elementor-section-height-default\" data-id=\"2af6d6b\" data-element_type=\"section\" data-e-type=\"section\">\n\t\t\t\t\t\t<div class=\"elementor-container elementor-column-gap-default\">\n\t\t\t\t\t<div class=\"elementor-column elementor-col-50 elementor-inner-column elementor-element elementor-element-f311735\" data-id=\"f311735\" data-element_type=\"column\" data-e-type=\"column\">\n\t\t\t<div class=\"elementor-widget-wrap elementor-element-populated\">\n\t\t\t\t\t\t<div class=\"elementor-element elementor-element-d9fa4bf elementor-align-center elementor-widget elementor-widget-button\" data-id=\"d9fa4bf\" data-element_type=\"widget\" data-e-type=\"widget\" data-widget_type=\"button.default\">\n\t\t\t\t<div class=\"elementor-widget-container\">\n\t\t\t\t\t\t\t\t\t<div class=\"elementor-button-wrapper\">\n\t\t\t\t\t<a class=\"elementor-button elementor-button-link elementor-size-sm\" href=\"http:\/\/consuladodevenezuelaenmadrid.com\/index.php\/tramites-saime\/\">\n\t\t\t\t\t\t<span class=\"elementor-button-content-wrapper\">\n\t\t\t\t\t\t\t\t\t<span class=\"elementor-button-text\">Regresar<\/span>\n\t\t\t\t\t<\/span>\n\t\t\t\t\t<\/a>\n\t\t\t\t<\/div>\n\t\t\t\t\t\t\t\t<\/div>\n\t\t\t\t<\/div>\n\t\t\t\t\t<\/div>\n\t\t<\/div>\n\t\t\t\t<div class=\"elementor-column elementor-col-50 elementor-inner-column elementor-element elementor-element-640ae23\" data-id=\"640ae23\" data-element_type=\"column\" data-e-type=\"column\">\n\t\t\t<div class=\"elementor-widget-wrap elementor-element-populated\">\n\t\t\t\t\t\t<div class=\"elementor-element elementor-element-94008f6 elementor-align-center elementor-widget elementor-widget-button\" data-id=\"94008f6\" data-element_type=\"widget\" data-e-type=\"widget\" data-widget_type=\"button.default\">\n\t\t\t\t<div class=\"elementor-widget-container\">\n\t\t\t\t\t\t\t\t\t<div class=\"elementor-button-wrapper\">\n\t\t\t\t\t<a class=\"elementor-button elementor-button-link elementor-size-sm\" href=\"http:\/\/consuladodevenezuelaenmadrid.com\/\">\n\t\t\t\t\t\t<span class=\"elementor-button-content-wrapper\">\n\t\t\t\t\t\t\t\t\t<span class=\"elementor-button-text\">Salir<\/span>\n\t\t\t\t\t<\/span>\n\t\t\t\t\t<\/a>\n\t\t\t\t<\/div>\n\t\t\t\t\t\t\t\t<\/div>\n\t\t\t\t<\/div>\n\t\t\t\t\t<\/div>\n\t\t<\/div>\n\t\t\t\t\t<\/div>\n\t\t<\/section>\n\t\t\t\t<div class=\"elementor-element elementor-element-49098892 elementor-widget elementor-widget-text-editor\" data-id=\"49098892\" data-element_type=\"widget\" data-e-type=\"widget\" data-widget_type=\"text-editor.default\">\n\t\t\t\t<div class=\"elementor-widget-container\">\n\t\t\t\t\t\t\t\t\t\n<div class=\"wp-block-themeisle-blocks-advanced-columns has-undefined-columns has-desktop-undefined-layout has-tablet-equal-layout has-mobile-equal-layout has-default-gap has-vertical-unset\" id=\"wp-block-themeisle-blocks-advanced-columns-a066d419\"><div class=\"wp-block-themeisle-blocks-advanced-columns-overlay\"><\/div><div class=\"innerblocks-wrap\"><\/div><\/div>\n\t\t\t\t\t\t\t\t<\/div>\n\t\t\t\t<\/div>\n\t\t\t\t\t<\/div>\n\t\t<\/div>\n\t\t\t\t\t<\/div>\n\t\t<\/section>\n\t\t\t\t<\/div>\n\t\t","protected":false},"excerpt":{"rendered":"<p>AUTORIZACI\u00d3N PARA EXPEDICI\u00d3N DE PASAPORTES A NI\u00d1OS, NI\u00d1AS Y ADOLESCENTES Esta autorizaci\u00f3n es requerida por el Servicio Administrativo de Identificaci\u00f3n, Migraci\u00f3n y Extranjer\u00eda (SAIME) para expedir el pasaporte a un ni\u00f1o, ni\u00f1a o adolescente en ausencia de alguno de los padres. \u00a0 REQUISITOS Este tr\u00e1mite se realizar\u00e1\u00a0EXCLUSIVAMENTE POR CORREO ELECTR\u00d3NICO.\u00a0Para ello, debe enviar a la [&hellip;]<\/p>\n","protected":false},"author":1,"featured_media":0,"parent":0,"menu_order":0,"comment_status":"closed","ping_status":"closed","template":"elementor_header_footer","meta":{"site-sidebar-layout":"default","site-content-layout":"default","ast-site-content-layout":"default","site-content-style":"default","site-sidebar-style":"default","ast-global-header-display":"","ast-banner-title-visibility":"","ast-main-header-display":"","ast-hfb-above-header-display":"","ast-hfb-below-header-display":"","ast-hfb-mobile-header-display":"","site-post-title":"","ast-breadcrumbs-content":"","ast-featured-img":"","footer-sml-layout":"","ast-disable-related-posts":"","theme-transparent-header-meta":"default","adv-header-id-meta":"","stick-header-meta":"","header-above-stick-meta":"","header-main-stick-meta":"","header-below-stick-meta":"","astra-migrate-meta-layouts":"default","ast-page-background-enabled":"default","ast-page-background-meta":{"desktop":{"background-color":"var(--ast-global-color-4)","background-image":"","background-repeat":"repeat","background-position":"center center","background-size":"auto","background-attachment":"scroll","background-type":"","background-media":"","overlay-type":"","overlay-color":"","overlay-opacity":"","overlay-gradient":""},"tablet":{"background-color":"","background-image":"","background-repeat":"repeat","background-position":"center center","background-size":"auto","background-attachment":"scroll","background-type":"","background-media":"","overlay-type":"","overlay-color":"","overlay-opacity":"","overlay-gradient":""},"mobile":{"background-color":"","background-image":"","background-repeat":"repeat","background-position":"center center","background-size":"auto","background-attachment":"scroll","background-type":"","background-media":"","overlay-type":"","overlay-color":"","overlay-opacity":"","overlay-gradient":""}},"ast-content-background-meta":{"desktop":{"background-color":"var(--ast-global-color-5)","background-image":"","background-repeat":"repeat","background-position":"center center","background-size":"auto","background-attachment":"scroll","background-type":"","background-media":"","overlay-type":"","overlay-color":"","overlay-opacity":"","overlay-gradient":""},"tablet":{"background-color":"var(--ast-global-color-5)","background-image":"","background-repeat":"repeat","background-position":"center center","background-size":"auto","background-attachment":"scroll","background-type":"","background-media":"","overlay-type":"","overlay-color":"","overlay-opacity":"","overlay-gradient":""},"mobile":{"background-color":"var(--ast-global-color-5)","background-image":"","background-repeat":"repeat","background-position":"center center","background-size":"auto","background-attachment":"scroll","background-type":"","background-media":"","overlay-type":"","overlay-color":"","overlay-opacity":"","overlay-gradient":""}},"footnotes":""},"class_list":["post-1587","page","type-page","status-publish","hentry"],"_links":{"self":[{"href":"https:\/\/consuladodevenezuelaenmadrid.com\/index.php\/wp-json\/wp\/v2\/pages\/1587","targetHints":{"allow":["GET"]}}],"collection":[{"href":"https:\/\/consuladodevenezuelaenmadrid.com\/index.php\/wp-json\/wp\/v2\/pages"}],"about":[{"href":"https:\/\/consuladodevenezuelaenmadrid.com\/index.php\/wp-json\/wp\/v2\/types\/page"}],"author":[{"embeddable":true,"href":"https:\/\/consuladodevenezuelaenmadrid.com\/index.php\/wp-json\/wp\/v2\/users\/1"}],"replies":[{"embeddable":true,"href":"https:\/\/consuladodevenezuelaenmadrid.com\/index.php\/wp-json\/wp\/v2\/comments?post=1587"}],"version-history":[{"count":57,"href":"https:\/\/consuladodevenezuelaenmadrid.com\/index.php\/wp-json\/wp\/v2\/pages\/1587\/revisions"}],"predecessor-version":[{"id":5243,"href":"https:\/\/consuladodevenezuelaenmadrid.com\/index.php\/wp-json\/wp\/v2\/pages\/1587\/revisions\/5243"}],"wp:attachment":[{"href":"https:\/\/consuladodevenezuelaenmadrid.com\/index.php\/wp-json\/wp\/v2\/media?parent=1587"}],"curies":[{"name":"wp","href":"https:\/\/api.w.org\/{rel}","templated":true}]}}