{"id":1516,"date":"2020-06-11T22:14:32","date_gmt":"2020-06-11T22:14:32","guid":{"rendered":"http:\/\/consuladodevenezuelaenmadrid.net\/?page_id=1516"},"modified":"2025-03-18T12:57:46","modified_gmt":"2025-03-18T12:57:46","slug":"certificado-de-uso","status":"publish","type":"page","link":"https:\/\/consuladodevenezuelaenmadrid.com\/index.php\/certificado-de-uso\/","title":{"rendered":"CERTIFICADO DE USO"},"content":{"rendered":"\t\t<div data-elementor-type=\"wp-page\" data-elementor-id=\"1516\" class=\"elementor elementor-1516\">\n\t\t\t\t\t\t<section class=\"elementor-section elementor-top-section elementor-element elementor-element-6f4a0aa4 elementor-section-boxed elementor-section-height-default elementor-section-height-default\" data-id=\"6f4a0aa4\" data-element_type=\"section\" data-e-type=\"section\">\n\t\t\t\t\t\t<div class=\"elementor-container elementor-column-gap-default\">\n\t\t\t\t\t<div class=\"elementor-column elementor-col-100 elementor-top-column elementor-element elementor-element-7d80f477\" data-id=\"7d80f477\" data-element_type=\"column\" data-e-type=\"column\">\n\t\t\t<div class=\"elementor-widget-wrap elementor-element-populated\">\n\t\t\t\t\t\t<div class=\"elementor-element elementor-element-098d2dc elementor-widget elementor-widget-spacer\" data-id=\"098d2dc\" data-element_type=\"widget\" data-e-type=\"widget\" data-widget_type=\"spacer.default\">\n\t\t\t\t<div class=\"elementor-widget-container\">\n\t\t\t\t\t\t\t<div class=\"elementor-spacer\">\n\t\t\t<div class=\"elementor-spacer-inner\"><\/div>\n\t\t<\/div>\n\t\t\t\t\t\t<\/div>\n\t\t\t\t<\/div>\n\t\t\t\t<div class=\"elementor-element elementor-element-df033e3 elementor-widget elementor-widget-heading\" data-id=\"df033e3\" data-element_type=\"widget\" data-e-type=\"widget\" data-widget_type=\"heading.default\">\n\t\t\t\t<div class=\"elementor-widget-container\">\n\t\t\t\t\t<h2 class=\"elementor-heading-title elementor-size-default\">CERTIFICADO DE USO<\/h2>\t\t\t\t<\/div>\n\t\t\t\t<\/div>\n\t\t\t\t<div class=\"elementor-element elementor-element-27ee717f elementor-widget elementor-widget-text-editor\" data-id=\"27ee717f\" data-element_type=\"widget\" data-e-type=\"widget\" data-widget_type=\"text-editor.default\">\n\t\t\t\t<div class=\"elementor-widget-container\">\n\t\t\t\t\t\t\t\t\t\n<div class=\"wp-block-themeisle-blocks-advanced-columns has-undefined-columns has-desktop-undefined-layout has-tablet-equal-layout has-mobile-equal-layout has-default-gap has-vertical-unset\" id=\"wp-block-themeisle-blocks-advanced-columns-181effb6\"><div class=\"wp-block-themeisle-blocks-advanced-columns-overlay\"><\/div><div class=\"innerblocks-wrap\"><\/div><\/div>\n\t\t\t\t\t\t\t\t<\/div>\n\t\t\t\t<\/div>\n\t\t\t\t<div class=\"elementor-element elementor-element-ad616af elementor-widget elementor-widget-text-editor\" data-id=\"ad616af\" data-element_type=\"widget\" data-e-type=\"widget\" data-widget_type=\"text-editor.default\">\n\t\t\t\t<div class=\"elementor-widget-container\">\n\t\t\t\t\t\t\t\t\t<p>Un <strong>certificado de uso<\/strong> es un documento oficial que acredita que ciertos bienes o pertenencias personales, como muebles, ropa o electrodom\u00e9sticos, est\u00e1n destinados a uso personal y no tienen un prop\u00f3sito comercial. Este documento es particularmente necesario para <strong>ciudadanos venezolanos<\/strong> que retornan al pa\u00eds, ya que les permite justificar que estos art\u00edculos no son mercanc\u00edas para la venta, sino bienes de uso privado, y de este modo solicitar.<\/p>\n<p>Este certificado es requerido en tr\u00e1mites aduaneros, permitiendo la exoneraci\u00f3n de ciertos impuestos o aranceles al cruzar fronteras, como parte de los <strong>beneficios ofrecidos a quienes regresan al territorio nacional<\/strong>.<\/p>\n<p id=\"h.p_1V8jsGirEQTZ\" class=\"zfr3Q\">Existen tres tipos de certificados de uso:\u00a0<\/p>\n<ul>\n<li id=\"h.p_1V8jsGirEQTZ\" class=\"zfr3Q\">Para el traslado de <strong>enseres personales<\/strong>.<\/li>\n<li id=\"h.p_1V8jsGirEQTZ\" class=\"zfr3Q\">Para el traslado de <strong>veh\u00edculo.<\/strong>\u00a0<\/li>\n<li id=\"h.p_1V8jsGirEQTZ\" class=\"zfr3Q\">Para el traslado de\u00a0<strong>enseres y veh\u00edculos<\/strong>.<\/li>\n<\/ul>\n<p id=\"h.p_hYQj3HSqEQTc\" class=\"zfr3Q\"><span style=\"color: #008080;\"><strong>Requisitos exigidos para los enseres personales:<\/strong><\/span><\/p>\n<p id=\"h.p_GT6Jk6f5EQTc\" class=\"zfr3Q\">El Certificado de Uso para el traslado de enseres personales permite a un venezolano (a) trasladar su menaje de casa a Venezuela toda vez que\u00a0<strong>ha vivido en el exterior por un periodo mayor de 6 meses<\/strong>.<\/p>\n<p id=\"h.p_NS65RlRxEQTc\" class=\"zfr3Q\">El interesado debe remitir por correo a nuestra direcci\u00f3n postal:\u00a0<strong>Calle de Eloy Gonzalo 40, 28010 Madrid<\/strong>; los recaudos siguientes:<\/p>\n<ul class=\"n8H08c UVNKR\">\n<li id=\"h.p_m-MHXvrQEQTd\" class=\"TYR86d zfr3Q\">Carta dirigida al Consulado especificando la siguiente informaci\u00f3n: tel\u00e9fono fijo y m\u00f3vil, c\u00f3digo postal en Espa\u00f1a, correo electr\u00f3nico, nombres, apellidos, direcci\u00f3n y tel\u00e9fono de un familiar en Venezuela; si es venezolano por naturalizaci\u00f3n, n\u00famero de Gaceta Oficial, fecha del acta y n\u00famero de expediente.<\/li>\n<li id=\"h.p_6lDz6uHeEQTd\" class=\"TYR86d zfr3Q\">Tres (3) juegos completos, cada uno con los documentos siguientes:<br \/>\n<ul class=\"n8H08c UVNKR\">\n<li id=\"h.p_k8d6-mEgEQTd\" class=\"TYR86d zfr3Q\">Rellenar <a href=\"https:\/\/consuladodevenezuelaenmadrid.com\/wp-content\/uploads\/2021\/11\/Planilla-de-certificado-de-enseres-personales.pdf\">Planilla de certificado de enseres personales<\/a>. No se admitir\u00e1n planillas con enmiendas o tachaduras.<\/li>\n<li id=\"h.p_W8pyQqrlEQTj\" class=\"TYR86d zfr3Q\">Fotocopia del pasaporte completo. El pasaporte debe tener una vigencia m\u00ednima de seis (6) meses.<\/li>\n<li id=\"h.p_OYCeprt_EQTk\" class=\"TYR86d zfr3Q\">Si tiene otra nacionalidad, fotocopia completa de dicho pasaporte.<\/li>\n<li id=\"h.p_XZF4t6u1EQTk\" class=\"TYR86d zfr3Q\">Fotocopia del NIE o DNI.<\/li>\n<li id=\"h.p_b8B_nxluEQTk\" class=\"TYR86d zfr3Q\">Certificado hist\u00f3rico de empadronamiento con Apostilla de La Haya, que acredite su estancia por m\u00e1s de seis (6) meses en Espa\u00f1a.<\/li>\n<li id=\"h.p_yQpGZGepEQTl\" class=\"TYR86d zfr3Q\">Fotocopia del listado de enseres personales usados que ingresar\u00e1 a Venezuela. En esta lista se enumeran los bultos y se enuncia su contenido. El menaje de casa estar\u00e1 libre del pago de grav\u00e1menes aduaneros, siempre que haya sido usado por el ciudadano en el exterior durante un tiempo no menor de seis (6) meses.<\/li>\n<li id=\"h.p_83dWMqrDEQTl\" class=\"TYR86d zfr3Q\">Fotocopias de factura de compra venta o documento sustitutivo de la compra venta de los enseres personales.<\/li>\n<li>Justificante original del deposito de las tasas consulares correspondientes (90 \u20ac)<\/li>\n<\/ul>\n<\/li>\n<\/ul>\n<p id=\"h.p_z-a1visbEQTl\" class=\"zfr3Q\">Una vez revisada la solicitud, se notificar\u00e1 al solicitante si ha sido aprobada. En caso de aprobaci\u00f3n, se le asignar\u00e1 una cita para retirar el certificado correspondiente. Si la solicitud no procede, es importante tener en cuenta que, bajo ning\u00fan concepto, se reembolsar\u00e1n las tasas consulares previamente abonadas.<\/p>\n<p id=\"h.p_m2gC61uNEQTm\" class=\"zfr3Q\"><span style=\"color: #008080;\"><strong>Requisitos exigidos para el traslado de su veh\u00edculo:<\/strong><\/span><\/p>\n<p id=\"h.p_jKLndZneEQTm\" class=\"zfr3Q\">Certificado de Uso que permite a un venezolano (a) que tenga\u00a0<strong>m\u00e1s de un (1) a\u00f1o domiciliado en el pa\u00eds donde hace uso del veh\u00edculo y m\u00e1s de (11) meses con el veh\u00edculo registrado a su nombre<\/strong>, trasladarlo a Venezuela bajo el r\u00e9gimen de Equipaje de Pasajeros.<\/p>\n<p class=\"zfr3Q\">El interesado debe remitir por correo a nuestra direcci\u00f3n postal:\u00a0<strong>Calle de Eloy Gonzalo 40, 28010 Madrid<\/strong>; los recaudos siguientes:<\/p>\n<ul class=\"n8H08c UVNKR\">\n<li id=\"h.p_WOoUTAEAEQTn\" class=\"TYR86d zfr3Q\">Carta dirigida al Consulado especificando la siguiente informaci\u00f3n: tel\u00e9fono fijo y m\u00f3vil, c\u00f3digo postal en Espa\u00f1a, correo electr\u00f3nico, nombres, apellidos, direcci\u00f3n y tel\u00e9fono de un familiar en Venezuela; si es venezolano por naturalizaci\u00f3n, n\u00famero de gaceta oficial, fecha del acta y n\u00famero de expediente.<\/li>\n<li id=\"h.p_ic0CW_F-EQTn\" class=\"TYR86d zfr3Q\">Tres(3) juegos completos, cada uno con los documentos siguientes:<br \/>\n<ul class=\"n8H08c UVNKR\">\n<li id=\"h.p_WnU1jqpzEQTn\" class=\"TYR86d zfr3Q\">Rellenar<a href=\"https:\/\/consuladodevenezuelaenmadrid.com\/wp-content\/uploads\/2021\/11\/Planilla-de-solicitud-de-certificado-para-uso-de-veh\u00edculos.pdf\"> Planilla para solicitud de certificado de uso para veh\u00edculos<\/a>. No se admitir\u00e1n planillas con enmiendas o tachaduras.<\/li>\n<li id=\"h.p_NOJ3YSXdEQTn\" class=\"TYR86d zfr3Q\">Fotocopias del pasaporte venezolano completo. El pasaporte debe tener una vigencia m\u00ednima de seis (6) meses.<\/li>\n<li id=\"h.p_gtu0mxT_EQTo\" class=\"TYR86d zfr3Q\">Si tiene otra nacionalidad, fotocopia completa de dicho pasaporte.<\/li>\n<li id=\"h.p_mw2H6oTMEQTo\" class=\"TYR86d zfr3Q\">Fotocopia del NIE o DNI.<\/li>\n<li id=\"h.p_VU3C4bscEQTo\" class=\"TYR86d zfr3Q\">Certificado hist\u00f3rico de empadronamiento con Apostilla de La Haya, que acredite su estancia por m\u00e1s de un (1) a\u00f1o en Espa\u00f1a.<\/li>\n<li id=\"h.p_QL4C_hz6EQTq\" class=\"TYR86d zfr3Q\">Copia compulsada ante notario y apostillada de la factura de compra del veh\u00edculo o documento sustitutivo de la compra venta.<\/li>\n<li id=\"h.p_ySBa_ss9EQTq\" class=\"TYR86d zfr3Q\">Copia compulsada ante notario y apostillada del t\u00edtulo de propiedad del veh\u00edculo (Permiso de Circulaci\u00f3n).<\/li>\n<li id=\"h.p_JA6L1ByJEQTr\" class=\"TYR86d zfr3Q\">Copia compulsada ante notario y apostillada del Registro del Veh\u00edculo (Tarjeta de Inspecci\u00f3n T\u00e9cnica de Veh\u00edculos).<\/li>\n<li id=\"h.p_LLstssx_EQTs\" class=\"TYR86d zfr3Q\">Copia compulsada ante notario y apostillada del documento emitido por la DGT que indique que el veh\u00edculo no tiene prohibiciones legales.<\/li>\n<li>Justificante original del deposito de las tasas consulares correspondientes (90 \u20ac)<\/li>\n<\/ul>\n<\/li>\n<\/ul>\n<p id=\"h.p_QYnI1HKvEQTs\" class=\"zfr3Q\">Una vez revisada la solicitud, se notificar\u00e1 al solicitante si ha sido aprobada. En caso de aprobaci\u00f3n, se le asignar\u00e1 una cita para retirar el certificado correspondiente. Si la solicitud no procede, es importante tener en cuenta que, bajo ning\u00fan concepto, se reembolsar\u00e1n las tasas consulares previamente abonadas.<\/p>\n<p id=\"h.p_93dbCEmAEQTt\" class=\"zfr3Q\"><span style=\"color: #008080;\"><strong>Requisitos exigidos para los enseres personales y veh\u00edculo:<\/strong><\/span><\/p>\n<p>Certificado de Uso que permite a un venezolano (a) que tenga\u00a0<strong>m\u00e1s de un (1) a\u00f1o domiciliado en el pa\u00eds donde hace uso del veh\u00edculo y m\u00e1s de (11) meses con el veh\u00edculo registrado a su nombre<\/strong>, trasladarlo a Venezuela, junto con su menaje de casa, bajo el r\u00e9gimen de Equipaje de Pasajeros.<\/p>\n<p id=\"h.p_7yrZrDdyEQTt\" class=\"zfr3Q\">El interesado debe remitir por correo a nuestra direcci\u00f3n postal:\u00a0<strong>Calle de Eloy Gonzalo 40, 28010 Madrid<\/strong>; los recaudos siguientes:<\/p>\n<ul class=\"n8H08c UVNKR\">\n<li id=\"h.p_IrV281YyEQTt\" class=\"TYR86d zfr3Q\">Carta dirigida al Consulado especificando la informaci\u00f3n siguiente: tel\u00e9fono fijo y m\u00f3vil, c\u00f3digo postal en Espa\u00f1a, correo electr\u00f3nico, nombres, apellidos, direcci\u00f3n y tel\u00e9fono de un familiar en Venezuela; si es venezolano por naturalizaci\u00f3n, n\u00famero de gaceta oficial, fecha del acta y n\u00famero de expediente.<\/li>\n<li id=\"h.p_N13WGSV2EQTu\" class=\"TYR86d zfr3Q\">Tres(3) juegos completos, cada uno con los documentos siguientes:<br \/>Rellenar Planilla certificado de enseres personales y veh\u00edculo <a href=\"https:\/\/consuladodevenezuelaenmadrid.com\/wp-content\/uploads\/2021\/10\/Planilla-Certificado-de-Enseres-Personales-y-Veh\u00edculo.pdf\">Planilla Certificado de Enseres Personales y Veh\u00edculo<\/a>. No se admitir\u00e1n planillas con enmiendas o tachaduras.<br \/>\n<ul class=\"n8H08c UVNKR\">\n<li id=\"h.p_9joCfnXFEQTu\" class=\"TYR86d zfr3Q\">Certificado hist\u00f3rico de empadronamiento con Apostilla de La Haya, que acredite su estancia por m\u00e1s de un (1) a\u00f1o en Espa\u00f1a.<\/li>\n<li id=\"h.p_Vn44cheoEQTv\" class=\"TYR86d zfr3Q\">Todos los recaudos restantes enunciados tanto para el certificado de enseres personales como para el de veh\u00edculos.<\/li>\n<li style=\"font-size: 16px;\">Justificante original del deposito de las tasas consulares correspondientes (90 \u20ac)<\/li>\n<\/ul>\n<\/li>\n<\/ul>\n<p id=\"h.p_QYnI1HKvEQTs\" class=\"zfr3Q\">Una vez revisada la solicitud, se notificar\u00e1 al solicitante si ha sido aprobada. En caso de aprobaci\u00f3n, se le asignar\u00e1 una cita para retirar el certificado correspondiente. Si la solicitud no procede, es importante tener en cuenta que, bajo ning\u00fan concepto, se reembolsar\u00e1n las tasas consulares previamente abonadas.<\/p>\n<p id=\"h.p_FTF__-HwEQTw\" class=\"zfr3Q\"><span style=\"color: #ff0000;\"><strong>Informaci\u00f3n complementaria:<\/strong><\/span><\/p>\n<p id=\"h.p_-xDQd15yEQTw\" class=\"zfr3Q\"><span style=\"text-decoration: underline;\"><strong>Sobre el (la) propietario (a) del veh\u00edculo<\/strong><\/span>:<\/p>\n<ul class=\"n8H08c UVNKR\">\n<li id=\"h.p_pFqhvbP5EQTw\" class=\"TYR86d zfr3Q\">Debe ser ciudadano (a) venezolano (a), mayor de 18 a\u00f1os de edad.<\/li>\n<li id=\"h.p_ibxmctvDEQTx\" class=\"TYR86d zfr3Q\">Debe haber permanecido en el exterior un m\u00ednimo de doce (12) meses, con entradas breves a Venezuela.<\/li>\n<li id=\"h.p_6BymsLltEQTx\" class=\"TYR86d zfr3Q\">S\u00f3lo puede llevar un (1) veh\u00edculo.<\/li>\n<\/ul>\n<p id=\"h.p_c6p2x6wOEQTx\" class=\"zfr3Q\"><span style=\"text-decoration: underline;\"><strong>Sobre el veh\u00edculo<\/strong><\/span>:<\/p>\n<ul class=\"n8H08c UVNKR\">\n<li id=\"h.p_eo_FopoIEQTx\" class=\"TYR86d zfr3Q\"><strong>Debe ser de pasajeros<\/strong>, no de carga (<strong>los veh\u00edculos de carga entrar\u00edan por el R\u00e9gimen de Importaci\u00f3n<\/strong>).<\/li>\n<li>Las motocicletas no se consideran veh\u00edculos de pasajeros en el sentido estricto del t\u00e9rmino, ya que est\u00e1n dise\u00f1adas principalmente para transportar al conductor (<strong>las motocicletas entrar\u00edan por el R\u00e9gimen de Importaci\u00f3n<\/strong>).<\/li>\n<li>Para no pagar impuestos de lujo en Venezuela, el veh\u00edculo debe tener un valor igual o menor a veinte mil d\u00f3lares (US $20.000) (valor de primera transacci\u00f3n).\u00a0 <strong>Cuando el valor del veh\u00edculo supere esta cantidad, entrar\u00edan por el R\u00e9gimen de Importaci\u00f3n y el interesado pagar\u00e1 el arancel de aduana correspondiente y los impuestos fijados por el SENIAT<\/strong>.<\/li>\n<li id=\"h.p_Gqkom8WrEQTy\" class=\"TYR86d zfr3Q\">Debe haber estado un m\u00ednimo de once (11) meses bajo el nombre del propietario.<\/li>\n<\/ul>\n<p><span style=\"text-decoration: underline;\"><strong>Sobre la exoneraci\u00f3n del pago de aranceles:<\/strong><\/span><\/p>\n<p style=\"padding-left: 40px;\">Llevar un certificado de uso puede ser un paso fundamental para demostrar que los bienes o enseres personales no tienen fines comerciales, sino que son de uso privado. Sin embargo, <strong>la exoneraci\u00f3n del pago de aranceles no est\u00e1 garantizada autom\u00e1ticamente al presentar este certificado<\/strong>. Depender\u00e1 de las leyes y normativas aduaneras vigentes en el pa\u00eds, as\u00ed como del cumplimiento de todos los requisitos adicionales que puedan ser exigidos por las autoridades aduaneras.<\/p>\n<p><span style=\"text-decoration: underline;\"><strong>Datos para el abono de las tasas consulares:<\/strong><\/span><\/p>\n<ul>\n<li>Titular: Consulado General de Venezuela en Madrid<\/li>\n<li>Banco Sabadell<\/li>\n<li>Cuenta N\u00ba ES91-0081-7307-05-0001577660<\/li>\n<li>Incluir el nombre completo del interesado.<\/li>\n<\/ul>\t\t\t\t\t\t\t\t<\/div>\n\t\t\t\t<\/div>\n\t\t\t\t<section class=\"elementor-section elementor-inner-section elementor-element elementor-element-cc89001 elementor-section-boxed elementor-section-height-default elementor-section-height-default\" data-id=\"cc89001\" data-element_type=\"section\" data-e-type=\"section\">\n\t\t\t\t\t\t<div class=\"elementor-container elementor-column-gap-default\">\n\t\t\t\t\t<div class=\"elementor-column elementor-col-50 elementor-inner-column elementor-element elementor-element-07a68d8\" data-id=\"07a68d8\" data-element_type=\"column\" data-e-type=\"column\">\n\t\t\t<div class=\"elementor-widget-wrap elementor-element-populated\">\n\t\t\t\t\t\t<div class=\"elementor-element elementor-element-95414a7 elementor-align-center elementor-widget elementor-widget-button\" data-id=\"95414a7\" data-element_type=\"widget\" data-e-type=\"widget\" data-widget_type=\"button.default\">\n\t\t\t\t<div class=\"elementor-widget-container\">\n\t\t\t\t\t\t\t\t\t<div class=\"elementor-button-wrapper\">\n\t\t\t\t\t<a class=\"elementor-button elementor-button-link elementor-size-sm\" href=\"https:\/\/consuladodevenezuelaenmadrid.com\/index.php\/certificados\/\">\n\t\t\t\t\t\t<span class=\"elementor-button-content-wrapper\">\n\t\t\t\t\t\t\t\t\t<span class=\"elementor-button-text\">Regresar<\/span>\n\t\t\t\t\t<\/span>\n\t\t\t\t\t<\/a>\n\t\t\t\t<\/div>\n\t\t\t\t\t\t\t\t<\/div>\n\t\t\t\t<\/div>\n\t\t\t\t\t<\/div>\n\t\t<\/div>\n\t\t\t\t<div class=\"elementor-column elementor-col-50 elementor-inner-column elementor-element elementor-element-a825fec\" data-id=\"a825fec\" data-element_type=\"column\" data-e-type=\"column\">\n\t\t\t<div class=\"elementor-widget-wrap elementor-element-populated\">\n\t\t\t\t\t\t<div class=\"elementor-element elementor-element-1576325 elementor-align-center elementor-widget elementor-widget-button\" data-id=\"1576325\" data-element_type=\"widget\" data-e-type=\"widget\" data-widget_type=\"button.default\">\n\t\t\t\t<div class=\"elementor-widget-container\">\n\t\t\t\t\t\t\t\t\t<div class=\"elementor-button-wrapper\">\n\t\t\t\t\t<a class=\"elementor-button elementor-button-link elementor-size-sm\" href=\"https:\/\/consuladodevenezuelaenmadrid.com\/\">\n\t\t\t\t\t\t<span class=\"elementor-button-content-wrapper\">\n\t\t\t\t\t\t\t\t\t<span class=\"elementor-button-text\">Salir<\/span>\n\t\t\t\t\t<\/span>\n\t\t\t\t\t<\/a>\n\t\t\t\t<\/div>\n\t\t\t\t\t\t\t\t<\/div>\n\t\t\t\t<\/div>\n\t\t\t\t\t<\/div>\n\t\t<\/div>\n\t\t\t\t\t<\/div>\n\t\t<\/section>\n\t\t\t\t\t<\/div>\n\t\t<\/div>\n\t\t\t\t\t<\/div>\n\t\t<\/section>\n\t\t\t\t<\/div>\n\t\t","protected":false},"excerpt":{"rendered":"<p>CERTIFICADO DE USO Un certificado de uso es un documento oficial que acredita que ciertos bienes o pertenencias personales, como muebles, ropa o electrodom\u00e9sticos, est\u00e1n destinados a uso personal y no tienen un prop\u00f3sito comercial. Este documento es particularmente necesario para ciudadanos venezolanos que retornan al pa\u00eds, ya que les permite justificar que estos art\u00edculos [&hellip;]<\/p>\n","protected":false},"author":1,"featured_media":0,"parent":0,"menu_order":0,"comment_status":"closed","ping_status":"closed","template":"elementor_header_footer","meta":{"site-sidebar-layout":"default","site-content-layout":"default","ast-site-content-layout":"default","site-content-style":"default","site-sidebar-style":"default","ast-global-header-display":"","ast-banner-title-visibility":"","ast-main-header-display":"","ast-hfb-above-header-display":"","ast-hfb-below-header-display":"","ast-hfb-mobile-header-display":"","site-post-title":"","ast-breadcrumbs-content":"","ast-featured-img":"","footer-sml-layout":"","ast-disable-related-posts":"","theme-transparent-header-meta":"default","adv-header-id-meta":"","stick-header-meta":"","header-above-stick-meta":"","header-main-stick-meta":"","header-below-stick-meta":"","astra-migrate-meta-layouts":"default","ast-page-background-enabled":"default","ast-page-background-meta":{"desktop":{"background-color":"var(--ast-global-color-4)","background-image":"","background-repeat":"repeat","background-position":"center center","background-size":"auto","background-attachment":"scroll","background-type":"","background-media":"","overlay-type":"","overlay-color":"","overlay-opacity":"","overlay-gradient":""},"tablet":{"background-color":"","background-image":"","background-repeat":"repeat","background-position":"center center","background-size":"auto","background-attachment":"scroll","background-type":"","background-media":"","overlay-type":"","overlay-color":"","overlay-opacity":"","overlay-gradient":""},"mobile":{"background-color":"","background-image":"","background-repeat":"repeat","background-position":"center center","background-size":"auto","background-attachment":"scroll","background-type":"","background-media":"","overlay-type":"","overlay-color":"","overlay-opacity":"","overlay-gradient":""}},"ast-content-background-meta":{"desktop":{"background-color":"var(--ast-global-color-5)","background-image":"","background-repeat":"repeat","background-position":"center center","background-size":"auto","background-attachment":"scroll","background-type":"","background-media":"","overlay-type":"","overlay-color":"","overlay-opacity":"","overlay-gradient":""},"tablet":{"background-color":"var(--ast-global-color-5)","background-image":"","background-repeat":"repeat","background-position":"center center","background-size":"auto","background-attachment":"scroll","background-type":"","background-media":"","overlay-type":"","overlay-color":"","overlay-opacity":"","overlay-gradient":""},"mobile":{"background-color":"var(--ast-global-color-5)","background-image":"","background-repeat":"repeat","background-position":"center center","background-size":"auto","background-attachment":"scroll","background-type":"","background-media":"","overlay-type":"","overlay-color":"","overlay-opacity":"","overlay-gradient":""}},"footnotes":""},"class_list":["post-1516","page","type-page","status-publish","hentry"],"_links":{"self":[{"href":"https:\/\/consuladodevenezuelaenmadrid.com\/index.php\/wp-json\/wp\/v2\/pages\/1516","targetHints":{"allow":["GET"]}}],"collection":[{"href":"https:\/\/consuladodevenezuelaenmadrid.com\/index.php\/wp-json\/wp\/v2\/pages"}],"about":[{"href":"https:\/\/consuladodevenezuelaenmadrid.com\/index.php\/wp-json\/wp\/v2\/types\/page"}],"author":[{"embeddable":true,"href":"https:\/\/consuladodevenezuelaenmadrid.com\/index.php\/wp-json\/wp\/v2\/users\/1"}],"replies":[{"embeddable":true,"href":"https:\/\/consuladodevenezuelaenmadrid.com\/index.php\/wp-json\/wp\/v2\/comments?post=1516"}],"version-history":[{"count":46,"href":"https:\/\/consuladodevenezuelaenmadrid.com\/index.php\/wp-json\/wp\/v2\/pages\/1516\/revisions"}],"predecessor-version":[{"id":4900,"href":"https:\/\/consuladodevenezuelaenmadrid.com\/index.php\/wp-json\/wp\/v2\/pages\/1516\/revisions\/4900"}],"wp:attachment":[{"href":"https:\/\/consuladodevenezuelaenmadrid.com\/index.php\/wp-json\/wp\/v2\/media?parent=1516"}],"curies":[{"name":"wp","href":"https:\/\/api.w.org\/{rel}","templated":true}]}}