{"id":1489,"date":"2020-06-11T21:32:01","date_gmt":"2020-06-11T21:32:01","guid":{"rendered":"http:\/\/consuladodevenezuelaenmadrid.net\/?page_id=1489"},"modified":"2026-02-02T12:49:54","modified_gmt":"2026-02-02T12:49:54","slug":"autorizacion-de-viaje-para-ninos-ninas-y-adolescentes","status":"publish","type":"page","link":"https:\/\/consuladodevenezuelaenmadrid.com\/index.php\/autorizacion-de-viaje-para-ninos-ninas-y-adolescentes\/","title":{"rendered":"Autorizaci\u00f3n de Viaje para NI\u00d1OS, NI\u00d1AS Y ADOLESCENTES"},"content":{"rendered":"\t\t<div data-elementor-type=\"wp-page\" data-elementor-id=\"1489\" class=\"elementor elementor-1489\">\n\t\t\t\t\t\t<section class=\"elementor-section elementor-top-section elementor-element elementor-element-2496dea4 elementor-section-boxed elementor-section-height-default elementor-section-height-default\" data-id=\"2496dea4\" data-element_type=\"section\" data-e-type=\"section\">\n\t\t\t\t\t\t<div class=\"elementor-container elementor-column-gap-default\">\n\t\t\t\t\t<div class=\"elementor-column elementor-col-100 elementor-top-column elementor-element elementor-element-62f6d680\" data-id=\"62f6d680\" data-element_type=\"column\" data-e-type=\"column\">\n\t\t\t<div class=\"elementor-widget-wrap elementor-element-populated\">\n\t\t\t\t\t\t<div class=\"elementor-element elementor-element-3f4d46c elementor-widget elementor-widget-spacer\" data-id=\"3f4d46c\" data-element_type=\"widget\" data-e-type=\"widget\" data-widget_type=\"spacer.default\">\n\t\t\t\t<div class=\"elementor-widget-container\">\n\t\t\t\t\t\t\t<div class=\"elementor-spacer\">\n\t\t\t<div class=\"elementor-spacer-inner\"><\/div>\n\t\t<\/div>\n\t\t\t\t\t\t<\/div>\n\t\t\t\t<\/div>\n\t\t\t\t<div class=\"elementor-element elementor-element-08a3b0d elementor-widget elementor-widget-heading\" data-id=\"08a3b0d\" data-element_type=\"widget\" data-e-type=\"widget\" data-widget_type=\"heading.default\">\n\t\t\t\t<div class=\"elementor-widget-container\">\n\t\t\t\t\t<h2 class=\"elementor-heading-title elementor-size-default\">Autorizaci\u00f3n para salir de viaje desde Venezuela para NI\u00d1OS, NI\u00d1AS Y ADOLESCENTES<\/h2>\t\t\t\t<\/div>\n\t\t\t\t<\/div>\n\t\t\t\t<div class=\"elementor-element elementor-element-2b4b86e elementor-widget elementor-widget-spacer\" data-id=\"2b4b86e\" data-element_type=\"widget\" data-e-type=\"widget\" data-widget_type=\"spacer.default\">\n\t\t\t\t<div class=\"elementor-widget-container\">\n\t\t\t\t\t\t\t<div class=\"elementor-spacer\">\n\t\t\t<div class=\"elementor-spacer-inner\"><\/div>\n\t\t<\/div>\n\t\t\t\t\t\t<\/div>\n\t\t\t\t<\/div>\n\t\t\t\t<div class=\"elementor-element elementor-element-236926d elementor-widget elementor-widget-text-editor\" data-id=\"236926d\" data-element_type=\"widget\" data-e-type=\"widget\" data-widget_type=\"text-editor.default\">\n\t\t\t\t<div class=\"elementor-widget-container\">\n\t\t\t\t\t\t\t\t\t<p style=\"text-align: justify;\"><strong>Todos los ni\u00f1os, ni\u00f1as y adolescentes<\/strong> (NNA) <strong>venezolanos que salgan de Venezuela necesitan una autorizaci\u00f3n de viaje si no van acompa\u00f1ados por ambos padres<\/strong>. Esta autorizaci\u00f3n es obligatoria cuando viajan solos, con solo uno de los padres o con otra persona que no sea su padre o madre.<\/p><p style=\"text-align: justify;\"><span style=\"color: #008080;\"><strong>Base legal sobre las autorizaciones de viaje al exterior para ni\u00f1os, ni\u00f1as y adolescentes venezolanos.<\/strong><\/span><\/p><p data-start=\"265\" data-end=\"675\">El art\u00edculo 392 de la Ley Org\u00e1nica para la Protecci\u00f3n de Ni\u00f1os, Ni\u00f1as y Adolescentes (LOPNNA) establece que los ni\u00f1os, ni\u00f1as y adolescentes pueden salir del pa\u00eds acompa\u00f1ados por ambos padres o por uno solo de ellos, siempre que cuenten con la autorizaci\u00f3n del otro progenitor, la cual debe constar en documento autenticado. Tambi\u00e9n podr\u00e1n viajar acompa\u00f1ados por su \u00fanico representante legal, si ese es el caso.<\/p><p data-start=\"677\" data-end=\"968\">Cuando el ni\u00f1o, ni\u00f1a o adolescente viaje solo o acompa\u00f1ado por una tercera persona distinta a sus representantes legales, se requiere una autorizaci\u00f3n de viaje expedida por quienes ejerzan su representaci\u00f3n, igualmente formalizada mediante documento autenticado ante el organismo competente.<\/p><p data-start=\"970\" data-end=\"1452\">Por su parte, el art\u00edculo 393 de la misma ley dispone que, si la persona o personas facultadas para otorgar el consentimiento se niegan a hacerlo o existe desacuerdo entre ellas, el padre, madre o representante que desee autorizar el viaje \u2014o el propio adolescente\u2014 podr\u00e1 acudir ante los Tribunales de Protecci\u00f3n de Ni\u00f1os, Ni\u00f1as y Adolescentes en Venezuela para plantear el caso. Ser\u00e1 el tribunal quien decida conforme al principio del inter\u00e9s superior del ni\u00f1o, ni\u00f1a o adolescente.<\/p><p data-start=\"1454\" data-end=\"1905\">Finalmente, se debe tener en cuenta que los consulados de la Rep\u00fablica Bolivariana de Venezuela en el exterior solo est\u00e1n facultados para emitir autorizaciones de viaje cuando la salida del pa\u00eds se realice por v\u00eda a\u00e9rea, con fines de turismo o visita familiar, y por un per\u00edodo inferior a noventa (90) d\u00edas. En cualquier otro supuesto, la autorizaci\u00f3n deber\u00e1 ser tramitada ante los Tribunales de Protecci\u00f3n de Ni\u00f1os, Ni\u00f1as y Adolescentes en Venezuela.<\/p><p><span style=\"color: #008080;\"><strong>\u00bfC\u00f3mo se solicita la autorizaci\u00f3n de viaje en el consulado?<\/strong><\/span><\/p><p data-start=\"665\" data-end=\"723\"><strong>Paso 1: Env\u00edo de los documentos<\/strong> (deben ser completamente legibles y en formato PDF) <strong>por correo electr\u00f3nico<\/strong><\/p><p style=\"padding-left: 40px;\" data-start=\"725\" data-end=\"850\">La persona que hace la solicitud debe enviar todos los recaudos al correo:<br data-start=\"799\" data-end=\"802\" \/>\ud83d\udce7 <strong data-start=\"805\" data-end=\"850\"><a class=\"cursor-pointer\" rel=\"noopener\" data-start=\"807\" data-end=\"848\">tramites@consuladodevenezuelaenmadrid.com<\/a><\/strong><\/p><p style=\"padding-left: 40px;\" data-start=\"974\" data-end=\"1041\"><strong><span style=\"text-decoration: underline;\">Documentos del padre, madre o representante legal solicitante<\/span>:<\/strong><\/p><ul><li style=\"list-style-type: none;\"><ul><li data-start=\"1044\" data-end=\"1157\"><strong data-start=\"1044\" data-end=\"1096\">Copia actualizada del padr\u00f3n municipal<\/strong>, que demuestre que vive en la <a href=\"https:\/\/consuladodevenezuelaenmadrid.com\/index.php\/inicio\/consulado\/\" target=\"_blank\" rel=\"noopener\">circunscripci\u00f3n del consulado<\/a>.<\/li><li data-start=\"1160\" data-end=\"1313\"><strong data-start=\"1160\" data-end=\"1182\">Carta de solicitud<\/strong>, indicando que desea emitir una autorizaci\u00f3n de viaje. Debe incluir datos de contacto (tel\u00e9fonos, direcci\u00f3n y correo electr\u00f3nico).<\/li><li data-start=\"1316\" data-end=\"1402\"><a href=\"https:\/\/consuladodevenezuelaenmadrid.com\/wp-content\/uploads\/2024\/02\/autorizacion-viaje-menor-1.pdf\"><strong data-start=\"1316\" data-end=\"1355\">Formulario de Autorizaci\u00f3n de viaje<\/strong><\/a> llenado <strong data-start=\"1364\" data-end=\"1401\">sin tachaduras y en letra legible<\/strong>.<\/li><li data-start=\"1405\" data-end=\"1507\"><strong data-start=\"1405\" data-end=\"1422\">Copia legible<\/strong> del pasaporte (solo la p\u00e1gina de datos personales) o c\u00e9dula de identidad venezolana.<\/li><li data-start=\"1510\" data-end=\"1586\">Si es representante legal, <strong data-start=\"1537\" data-end=\"1576\">copia del documento que lo acredita<\/strong> como tal.<\/li><\/ul><\/li><\/ul><p style=\"padding-left: 40px;\" data-start=\"1588\" data-end=\"1639\"><span style=\"text-decoration: underline;\"><strong>Documentos del ni\u00f1o, ni\u00f1a o adolescente (NNA):<\/strong><\/span><\/p><ul><li style=\"list-style-type: none;\"><ul><li data-start=\"1642\" data-end=\"1702\"><strong data-start=\"1642\" data-end=\"1688\">Copia de la c\u00e9dula de identidad venezolana<\/strong>, si la tiene.<\/li><li data-start=\"1705\" data-end=\"1787\"><strong data-start=\"1705\" data-end=\"1747\">Copia del pasaporte venezolano vigente<\/strong> (solo las p\u00e1ginas de datos personales).<\/li><li data-start=\"1790\" data-end=\"1839\"><strong data-start=\"1790\" data-end=\"1838\">Copia de la partida de nacimiento venezolana<\/strong>.<\/li><\/ul><\/li><\/ul><p style=\"padding-left: 40px;\" data-start=\"1841\" data-end=\"1885\"><span style=\"text-decoration: underline;\"><strong>En caso de que el NNA viaje acompa\u00f1ado:<\/strong><\/span><\/p><ul><li style=\"list-style-type: none;\"><ul><li data-start=\"1888\" data-end=\"1967\"><strong data-start=\"1888\" data-end=\"1935\">Copia del pasaporte vigente del acompa\u00f1ante<\/strong> (p\u00e1ginas de datos y pr\u00f3rrogas).<\/li><\/ul><\/li><\/ul><p style=\"padding-left: 40px;\" data-start=\"1969\" data-end=\"2007\"><span style=\"text-decoration: underline;\"><strong>En caso de que el NNA viaje solo:<\/strong><\/span><\/p><ul><li style=\"list-style-type: none;\"><ul><li data-start=\"2010\" data-end=\"2134\"><strong data-start=\"2010\" data-end=\"2089\">Copia de la c\u00e9dula de identidad de la persona que lo recibir\u00e1 en el destino<\/strong>, quien ser\u00e1 responsable durante su estancia.<\/li><\/ul><\/li><\/ul><p style=\"padding-left: 40px;\" data-start=\"2136\" data-end=\"2160\"><span style=\"text-decoration: underline;\"><strong>En todos los casos:<\/strong><\/span><\/p><ul><li style=\"list-style-type: none;\"><ul><li data-start=\"2163\" data-end=\"2290\"><strong data-start=\"2163\" data-end=\"2223\">Copia del boleto a\u00e9reo del NNA y de quienes lo acompa\u00f1en<\/strong>, con la fecha del viaje, nombre de la aerol\u00ednea y n\u00famero de vuelo.<\/li><li data-start=\"2163\" data-end=\"2290\">Para la <strong>correcta tramitaci\u00f3n de su solicitud<\/strong>, es imprescindible que los documentos remitidos est\u00e9n en formato PDF de buena calidad, perfectamente legibles, sin fondos oscuros o distorsiones que dificulten su impresi\u00f3n. Estos documentos se anexan f\u00edsicamente a la Autorizaci\u00f3n, por lo que deben cumplir con est\u00e1ndares de nitidez y presentaci\u00f3n. <strong>En caso de no recibir los archivos en condiciones adecuadas, la solicitud no ser\u00e1 atendida ni procesada<\/strong> hasta que se subsanen dichas deficiencias<\/li><\/ul><\/li><\/ul><p data-start=\"2292\" data-end=\"2333\"><strong>Paso 2: Firma y entrega del documento<\/strong><\/p><p style=\"padding-left: 40px;\" data-start=\"2335\" data-end=\"2557\">Una vez recibidos correctamente todos los documentos, se preparar\u00e1 la <strong data-start=\"2405\" data-end=\"2430\">Autorizaci\u00f3n de Viaje<\/strong>. El consulado notificar\u00e1 por correo electr\u00f3nico la fecha en la que el solicitante debe acudir a firmar y retirar el documento.\u00a0Ese d\u00eda debe presentar:<\/p><ul><li style=\"list-style-type: none;\"><ul><li data-start=\"2585\" data-end=\"2644\">Su <strong data-start=\"2588\" data-end=\"2643\">c\u00e9dula de identidad o pasaporte venezolano original<\/strong>.<\/li><li data-start=\"2647\" data-end=\"2701\"><strong data-start=\"2647\" data-end=\"2700\">Copia de la partida de nacimiento del ni\u00f1o o ni\u00f1a<\/strong>.<\/li><li data-start=\"2704\" data-end=\"2755\"><strong data-start=\"2704\" data-end=\"2754\">Tres (3) fotograf\u00edas tama\u00f1o carnet del menor<\/strong>.<\/li><\/ul><\/li><\/ul><p data-start=\"2757\" data-end=\"2772\"><strong>A tomar en cuenta:<\/strong><\/p><ul><li style=\"list-style-type: none;\"><ul><li data-start=\"2775\" data-end=\"2862\"><strong data-start=\"2775\" data-end=\"2807\">Tiempo de espera depende del volumen de solicitudes, como referencia en \u00e9poca de vacaciones puede ser de hasta<\/strong>\u00a090 d\u00edas desde la fecha de recepci\u00f3n de los documentos.<\/li><li data-start=\"2865\" data-end=\"2960\">Si falta alg\u00fan requisito, o los documentos no son legibles, <strong data-start=\"2891\" data-end=\"2921\">el tr\u00e1mite no se realizar\u00e1<\/strong> y la solicitud ser\u00e1 <strong data-start=\"2945\" data-end=\"2959\">eliminada<\/strong>.<\/li><li data-start=\"2963\" data-end=\"3006\"><strong data-start=\"2963\" data-end=\"3006\">Este tr\u00e1mite es completamente gratuito.<\/strong><\/li><\/ul><\/li><\/ul><p><strong><span style=\"color: #008080;\">IMPORTANTE<\/span>:<\/strong><\/p><p>El Consulado <span style=\"color: #800000;\"><strong>solo puede tramitar autorizaciones de viajes para salir de Venezuela, por v\u00eda a\u00e9rea<\/strong><\/span>, en los siguientes casos:<\/p><ol><li>Ni\u00f1a, ni\u00f1o o adolescente venezolanos con residencia en Venezuela y que van a realizar un viaje de turismo por menos de 90 d\u00edas. Debe existir un pasaje de Ida y Vuelta.<\/li><li><u><\/u>Ni\u00f1o, ni\u00f1a o adolescente venezolanos que reside en Espa\u00f1a con sus padres y realiza un viaje de visita familiar a Venezuela con retorno a Espa\u00f1a. Debe existir un pasaje de Ida y Vuelta.<\/li><\/ol><p data-start=\"116\" data-end=\"194\"><strong data-start=\"116\" data-end=\"194\">Casos en los que el consulado no emite autorizaciones de viaje:<\/strong><\/p><ol><li data-start=\"276\" data-end=\"366\">Para <strong data-start=\"281\" data-end=\"301\">viajes escolares<\/strong> de adolescentes venezolanos que residen en el Reino de Espa\u00f1a.\u00a0Este tipo de autorizaci\u00f3n puede tramitarse directamente en <strong data-start=\"496\" data-end=\"520\">una notar\u00eda espa\u00f1ola,\u00a0<\/strong>con la informaci\u00f3n que le proporciona la Instituci\u00f3n educativa.<\/li><li data-start=\"369\" data-end=\"523\">Para <strong data-start=\"374\" data-end=\"435\">salidas desde Espa\u00f1a u otros pa\u00edses distintos a Venezuela<\/strong>. Este tipo de autorizaci\u00f3n puede tramitarse directamente en <strong data-start=\"496\" data-end=\"520\">una notar\u00eda espa\u00f1ola<\/strong>.<\/li><li data-start=\"526\" data-end=\"577\">Para <strong data-start=\"531\" data-end=\"576\">salidas por v\u00eda terrestre desde Venezuela<\/strong>.<\/li><\/ol><p><span style=\"color: #008080;\"><strong>NORMAS PARA LA PRESENTACI\u00d3N DE DOCUMENTOS DIGITALES<\/strong><\/span><\/p><p>Para la recepci\u00f3n y revisi\u00f3n de recaudos, se establecen las siguientes condiciones obligatorias:<\/p><ol data-start=\"220\" data-end=\"1358\"><li data-start=\"220\" data-end=\"530\"><strong data-start=\"223\" data-end=\"245\">Formato permitido:<\/strong><ul data-start=\"251\" data-end=\"530\"><li data-start=\"251\" data-end=\"364\"><strong data-start=\"370\" data-end=\"400\">Todos los documentos<\/strong> (copias de c\u00e9dulas, pasaportes, partidas de nacimiento, pasajes a\u00e9reos, etc.) deben enviarse <strong data-start=\"494\" data-end=\"527\">exclusivamente en formato PDF<\/strong>.<\/li><\/ul><\/li><li data-start=\"532\" data-end=\"1222\"><strong data-start=\"535\" data-end=\"567\">Condiciones de presentaci\u00f3n:<\/strong><ul data-start=\"573\" data-end=\"1222\"><li data-start=\"573\" data-end=\"688\">Los documentos deben ser <strong data-start=\"600\" data-end=\"632\">claros, legibles y completos<\/strong>, sin cortes, sombras, inclinaciones ni fondos grises.<\/li><li data-start=\"692\" data-end=\"809\">No se aceptar\u00e1n archivos con <strong data-start=\"723\" data-end=\"763\">marcas de agua, logotipos o leyendas<\/strong> del programa usado para convertirlos a PDF.<\/li><li data-start=\"813\" data-end=\"890\">Los sellos y firmas deben visualizarse <strong data-start=\"854\" data-end=\"869\">n\u00edtidamente<\/strong>, sin distorsiones.<\/li><li data-start=\"894\" data-end=\"971\">Los archivos deben provenir de un <strong data-start=\"930\" data-end=\"949\">escaneo directo<\/strong>, no de fotograf\u00edas.<\/li><li data-start=\"975\" data-end=\"1074\">No se admitir\u00e1n documentos <strong data-start=\"1004\" data-end=\"1041\">protegidos, comprimidos (ZIP\/RAR)<\/strong> ni divididos en varias partes.<\/li><li data-start=\"1078\" data-end=\"1222\">Cada archivo debe <strong data-start=\"1098\" data-end=\"1124\">nombrarse con claridad<\/strong>, indicando el tipo de documento y el nombre del titular (ejemplo: <em data-start=\"1191\" data-end=\"1218\">Pasaporte_Mar\u00eda_L\u00f3pez.pdf<\/em>).<\/li><\/ul><\/li><li data-start=\"1224\" data-end=\"1358\"><strong data-start=\"1227\" data-end=\"1242\">Importante:<\/strong><ul data-start=\"1248\" data-end=\"1358\"><li data-start=\"1248\" data-end=\"1358\">Los documentos que no cumplan con estas condiciones ser\u00e1n <strong data-start=\"1308\" data-end=\"1340\">devueltos para su correcci\u00f3n<\/strong>, sin excepci\u00f3n, y se detendr\u00e1 el tr\u00e1mite<\/li><\/ul><\/li><\/ol><p><span style=\"color: #008080;\"><strong>OBSERVACIONES<\/strong>:<\/span><\/p><ul><li>La mayor\u00eda de<strong> los recaudos<\/strong> para realizar este tramite <strong>se imprimen y se anexan como parte integral de la autorizaci\u00f3n de viaje<\/strong>, si los documentos que env\u00edan no est\u00e1n perfectos cuando se impriman, se cancelara su solicitud y tendr\u00e1 que hacer una nueva solicitud, por tanto, <strong>debe asegurarse que lo que env\u00eda este claramente escaneado y que su impresi\u00f3n sea de calidad<\/strong>.<\/li><li>Si lo planteado es que <strong>el ni\u00f1o, ni\u00f1a o adolescente vaya a vivir con uno s\u00f3lo de los padres en el extranjero<\/strong>, y el otro progenitor va a permanecer en Venezuela, lo m\u00e1s aconsejable es que se tramite, ante los tribunales de protecci\u00f3n de ni\u00f1os, ni\u00f1as y adolescentes, un procedimiento de fijaci\u00f3n de <strong>ejercicio unilateral de la patria potestad<\/strong>. En este caso, el juzgado previa audiencia del otro padre, va a autorizar al progenitor a quien se le asigne el ejercicio unilateral de la patria potestad que <strong>pueda tanto viajar con el ni\u00f1o, ni\u00f1a o adolescente como vivir con \u00e9l o ella en el extranjero<\/strong> y ser\u00e1 suficiente a los ojos de las autoridades extranjeras para cualquier tr\u00e1mite administrativo en dicho pa\u00eds.<\/li><li>Existe el caso de que uno de los padres tenga ya atribuido el ejercicio unilateral de la patria potestad, o la custodia del ni\u00f1o, ni\u00f1a o adolescente, y dicho progenitor\u00a0 debe cambiar de residencia, traslad\u00e1ndose al extranjero por motivos de trabajo, estudios u otro de car\u00e1cter personal, deben tambi\u00e9n l\u00f3gicamente, irse con el ni\u00f1o, ni\u00f1a o adolescente a su cargo, debe tramitar en el tribunal de protecci\u00f3n de ni\u00f1os, ni\u00f1as o adolescente el <strong>permiso por cambio de residencia<\/strong>, previa audiencia del otro progenitor.<\/li><li data-start=\"481\" data-end=\"989\"><strong data-start=\"481\" data-end=\"615\">Las autorizaciones para permisos de viaje solo pueden ser otorgadas por los representantes legales<\/strong>: el padre, la madre o el tutor\/tutora.<\/li><li data-start=\"481\" data-end=\"989\">Los poderes espec\u00edficos, as\u00ed como las legalizaciones y\/o apostillas de documentos emitidos por autoridades extranjeras, <strong data-start=\"775\" data-end=\"824\">no pueden incluir este tipo de autorizaciones<\/strong>, ya que se trata de actuaciones inherentes al ejercicio de la <strong data-start=\"887\" data-end=\"906\">patria potestad<\/strong>, las cuales <strong data-start=\"919\" data-end=\"946\">no pueden ser delegadas<\/strong> seg\u00fan el ordenamiento jur\u00eddico venezolano.<\/li><\/ul>\t\t\t\t\t\t\t\t<\/div>\n\t\t\t\t<\/div>\n\t\t\t\t<section class=\"elementor-section elementor-inner-section elementor-element elementor-element-71b0c88 elementor-section-boxed elementor-section-height-default elementor-section-height-default\" data-id=\"71b0c88\" data-element_type=\"section\" data-e-type=\"section\">\n\t\t\t\t\t\t<div class=\"elementor-container elementor-column-gap-default\">\n\t\t\t\t\t<div class=\"elementor-column elementor-col-50 elementor-inner-column elementor-element elementor-element-447aa21\" data-id=\"447aa21\" data-element_type=\"column\" data-e-type=\"column\">\n\t\t\t<div class=\"elementor-widget-wrap elementor-element-populated\">\n\t\t\t\t\t\t<div class=\"elementor-element elementor-element-8eb5fce elementor-align-center elementor-widget elementor-widget-button\" data-id=\"8eb5fce\" data-element_type=\"widget\" data-e-type=\"widget\" data-widget_type=\"button.default\">\n\t\t\t\t<div class=\"elementor-widget-container\">\n\t\t\t\t\t\t\t\t\t<div class=\"elementor-button-wrapper\">\n\t\t\t\t\t<a class=\"elementor-button elementor-button-link elementor-size-md\" href=\"https:\/\/consuladodevenezuelaenmadrid.com\/index.php\/autorizaciones-para-ninas-ninos-y-adolescentes\/\">\n\t\t\t\t\t\t<span class=\"elementor-button-content-wrapper\">\n\t\t\t\t\t\t\t\t\t<span class=\"elementor-button-text\">Regresar<\/span>\n\t\t\t\t\t<\/span>\n\t\t\t\t\t<\/a>\n\t\t\t\t<\/div>\n\t\t\t\t\t\t\t\t<\/div>\n\t\t\t\t<\/div>\n\t\t\t\t\t<\/div>\n\t\t<\/div>\n\t\t\t\t<div class=\"elementor-column elementor-col-50 elementor-inner-column elementor-element elementor-element-bd75911\" data-id=\"bd75911\" data-element_type=\"column\" data-e-type=\"column\">\n\t\t\t<div class=\"elementor-widget-wrap elementor-element-populated\">\n\t\t\t\t\t\t<div class=\"elementor-element elementor-element-4fcbd6f elementor-align-center elementor-widget elementor-widget-button\" data-id=\"4fcbd6f\" data-element_type=\"widget\" data-e-type=\"widget\" data-widget_type=\"button.default\">\n\t\t\t\t<div class=\"elementor-widget-container\">\n\t\t\t\t\t\t\t\t\t<div class=\"elementor-button-wrapper\">\n\t\t\t\t\t<a class=\"elementor-button elementor-button-link elementor-size-md\" href=\"https:\/\/consuladodevenezuelaenmadrid.com\/\">\n\t\t\t\t\t\t<span class=\"elementor-button-content-wrapper\">\n\t\t\t\t\t\t\t\t\t<span class=\"elementor-button-text\">Salir<\/span>\n\t\t\t\t\t<\/span>\n\t\t\t\t\t<\/a>\n\t\t\t\t<\/div>\n\t\t\t\t\t\t\t\t<\/div>\n\t\t\t\t<\/div>\n\t\t\t\t\t<\/div>\n\t\t<\/div>\n\t\t\t\t\t<\/div>\n\t\t<\/section>\n\t\t\t\t\t<\/div>\n\t\t<\/div>\n\t\t\t\t\t<\/div>\n\t\t<\/section>\n\t\t\t\t<\/div>\n\t\t","protected":false},"excerpt":{"rendered":"<p>Autorizaci\u00f3n para salir de viaje desde Venezuela para NI\u00d1OS, NI\u00d1AS Y ADOLESCENTES Todos los ni\u00f1os, ni\u00f1as y adolescentes (NNA) venezolanos que salgan de Venezuela necesitan una autorizaci\u00f3n de viaje si no van acompa\u00f1ados por ambos padres. Esta autorizaci\u00f3n es obligatoria cuando viajan solos, con solo uno de los padres o con otra persona que no [&hellip;]<\/p>\n","protected":false},"author":1,"featured_media":0,"parent":0,"menu_order":0,"comment_status":"closed","ping_status":"closed","template":"elementor_header_footer","meta":{"site-sidebar-layout":"default","site-content-layout":"default","ast-site-content-layout":"default","site-content-style":"default","site-sidebar-style":"default","ast-global-header-display":"","ast-banner-title-visibility":"","ast-main-header-display":"","ast-hfb-above-header-display":"","ast-hfb-below-header-display":"","ast-hfb-mobile-header-display":"","site-post-title":"","ast-breadcrumbs-content":"","ast-featured-img":"","footer-sml-layout":"","ast-disable-related-posts":"","theme-transparent-header-meta":"default","adv-header-id-meta":"","stick-header-meta":"","header-above-stick-meta":"","header-main-stick-meta":"","header-below-stick-meta":"","astra-migrate-meta-layouts":"default","ast-page-background-enabled":"default","ast-page-background-meta":{"desktop":{"background-color":"var(--ast-global-color-4)","background-image":"","background-repeat":"repeat","background-position":"center center","background-size":"auto","background-attachment":"scroll","background-type":"","background-media":"","overlay-type":"","overlay-color":"","overlay-opacity":"","overlay-gradient":""},"tablet":{"background-color":"","background-image":"","background-repeat":"repeat","background-position":"center center","background-size":"auto","background-attachment":"scroll","background-type":"","background-media":"","overlay-type":"","overlay-color":"","overlay-opacity":"","overlay-gradient":""},"mobile":{"background-color":"","background-image":"","background-repeat":"repeat","background-position":"center center","background-size":"auto","background-attachment":"scroll","background-type":"","background-media":"","overlay-type":"","overlay-color":"","overlay-opacity":"","overlay-gradient":""}},"ast-content-background-meta":{"desktop":{"background-color":"var(--ast-global-color-5)","background-image":"","background-repeat":"repeat","background-position":"center center","background-size":"auto","background-attachment":"scroll","background-type":"","background-media":"","overlay-type":"","overlay-color":"","overlay-opacity":"","overlay-gradient":""},"tablet":{"background-color":"var(--ast-global-color-5)","background-image":"","background-repeat":"repeat","background-position":"center center","background-size":"auto","background-attachment":"scroll","background-type":"","background-media":"","overlay-type":"","overlay-color":"","overlay-opacity":"","overlay-gradient":""},"mobile":{"background-color":"var(--ast-global-color-5)","background-image":"","background-repeat":"repeat","background-position":"center center","background-size":"auto","background-attachment":"scroll","background-type":"","background-media":"","overlay-type":"","overlay-color":"","overlay-opacity":"","overlay-gradient":""}},"footnotes":""},"class_list":["post-1489","page","type-page","status-publish","hentry"],"_links":{"self":[{"href":"https:\/\/consuladodevenezuelaenmadrid.com\/index.php\/wp-json\/wp\/v2\/pages\/1489","targetHints":{"allow":["GET"]}}],"collection":[{"href":"https:\/\/consuladodevenezuelaenmadrid.com\/index.php\/wp-json\/wp\/v2\/pages"}],"about":[{"href":"https:\/\/consuladodevenezuelaenmadrid.com\/index.php\/wp-json\/wp\/v2\/types\/page"}],"author":[{"embeddable":true,"href":"https:\/\/consuladodevenezuelaenmadrid.com\/index.php\/wp-json\/wp\/v2\/users\/1"}],"replies":[{"embeddable":true,"href":"https:\/\/consuladodevenezuelaenmadrid.com\/index.php\/wp-json\/wp\/v2\/comments?post=1489"}],"version-history":[{"count":150,"href":"https:\/\/consuladodevenezuelaenmadrid.com\/index.php\/wp-json\/wp\/v2\/pages\/1489\/revisions"}],"predecessor-version":[{"id":5290,"href":"https:\/\/consuladodevenezuelaenmadrid.com\/index.php\/wp-json\/wp\/v2\/pages\/1489\/revisions\/5290"}],"wp:attachment":[{"href":"https:\/\/consuladodevenezuelaenmadrid.com\/index.php\/wp-json\/wp\/v2\/media?parent=1489"}],"curies":[{"name":"wp","href":"https:\/\/api.w.org\/{rel}","templated":true}]}}