{"id":1467,"date":"2020-06-11T20:58:54","date_gmt":"2020-06-11T20:58:54","guid":{"rendered":"http:\/\/consuladodevenezuelaenmadrid.net\/?page_id=1467"},"modified":"2026-04-14T14:32:20","modified_gmt":"2026-04-14T14:32:20","slug":"visa-para-estudiantes","status":"publish","type":"page","link":"https:\/\/consuladodevenezuelaenmadrid.com\/index.php\/visa-para-estudiantes\/","title":{"rendered":"VISA PARA ESTUDIANTES"},"content":{"rendered":"\t\t<div data-elementor-type=\"wp-page\" data-elementor-id=\"1467\" class=\"elementor elementor-1467\">\n\t\t\t\t\t\t<section class=\"elementor-section elementor-top-section elementor-element elementor-element-74bff415 elementor-section-boxed elementor-section-height-default elementor-section-height-default\" data-id=\"74bff415\" data-element_type=\"section\" data-e-type=\"section\">\n\t\t\t\t\t\t<div class=\"elementor-container elementor-column-gap-default\">\n\t\t\t\t\t<div class=\"elementor-column elementor-col-100 elementor-top-column elementor-element elementor-element-76e1437b\" data-id=\"76e1437b\" data-element_type=\"column\" data-e-type=\"column\">\n\t\t\t<div class=\"elementor-widget-wrap elementor-element-populated\">\n\t\t\t\t\t\t<div class=\"elementor-element elementor-element-b6a6cbd elementor-widget elementor-widget-spacer\" data-id=\"b6a6cbd\" data-element_type=\"widget\" data-e-type=\"widget\" data-widget_type=\"spacer.default\">\n\t\t\t\t<div class=\"elementor-widget-container\">\n\t\t\t\t\t\t\t<div class=\"elementor-spacer\">\n\t\t\t<div class=\"elementor-spacer-inner\"><\/div>\n\t\t<\/div>\n\t\t\t\t\t\t<\/div>\n\t\t\t\t<\/div>\n\t\t\t\t<div class=\"elementor-element elementor-element-7b4bbcf elementor-widget elementor-widget-heading\" data-id=\"7b4bbcf\" data-element_type=\"widget\" data-e-type=\"widget\" data-widget_type=\"heading.default\">\n\t\t\t\t<div class=\"elementor-widget-container\">\n\t\t\t\t\t<h2 class=\"elementor-heading-title elementor-size-default\">VISA PARA ESTUDIANTE<\/h2>\t\t\t\t<\/div>\n\t\t\t\t<\/div>\n\t\t\t\t<div class=\"elementor-element elementor-element-3728d73e elementor-widget elementor-widget-text-editor\" data-id=\"3728d73e\" data-element_type=\"widget\" data-e-type=\"widget\" data-widget_type=\"text-editor.default\">\n\t\t\t\t<div class=\"elementor-widget-container\">\n\t\t\t\t\t\t\t\t\t\n<div class=\"wp-block-themeisle-blocks-advanced-columns has-undefined-columns has-desktop-undefined-layout has-tablet-equal-layout has-mobile-equal-layout has-default-gap has-vertical-unset\" id=\"wp-block-themeisle-blocks-advanced-columns-a49f3100\"><div class=\"wp-block-themeisle-blocks-advanced-columns-overlay\"><\/div><div class=\"innerblocks-wrap\"><\/div><\/div>\n\t\t\t\t\t\t\t\t<\/div>\n\t\t\t\t<\/div>\n\t\t\t\t<div class=\"elementor-element elementor-element-f4bb9c7 elementor-widget elementor-widget-text-editor\" data-id=\"f4bb9c7\" data-element_type=\"widget\" data-e-type=\"widget\" data-widget_type=\"text-editor.default\">\n\t\t\t\t<div class=\"elementor-widget-container\">\n\t\t\t\t\t\t\t\t\t<p id=\"h.p_z5b3V8XVSNLn\" class=\"zfr3Q\">Se otorgar\u00e1 a personas no migrantes, que deseen ingresar al pa\u00eds para realizar estudios superiores t\u00e9cnicos o universitarios, de especializaci\u00f3n o para realizar pasant\u00edas en su especialidad. La visa de transe\u00fante estudiante se otorgar\u00e1 con una vigencia de un (1) a\u00f1o, m\u00faltiples entradas, con igual t\u00e9rmino de permanencia, y podr\u00e1 ser prorrogada a juicio del Ministerio del Poder Popular para Relaciones Interiores, Justicia y Paz, previa constancia de continuaci\u00f3n de estudios.<\/p>\n<p id=\"h.p_bKi4KZ-5SNXR\" class=\"zfr3Q\"><strong>REQUISITOS<\/strong><\/p>\n<p id=\"h.p_ckKIfN_QSNXR\" class=\"zfr3Q\">Este tr\u00e1mite se hace\u00a0<strong>EXCLUSIVAMENTE POR CORREO POSTAL.<\/strong> Para ello, el interesado debe remitir a nuestra direcci\u00f3n:<strong> Calle Eloy Gonzalo 40 &#8211; 28010 Madrid<\/strong>, los siguientes recaudos:<\/p>\n<ul class=\"n8H08c UVNKR\">\n<li id=\"h.p_2caoT4-GSNXR\" class=\"TYR86d zfr3Q\"><a href=\"https:\/\/consuladodevenezuelaenmadrid.com\/wp-content\/uploads\/2026\/04\/planilla-solicitud-visado.pdf\">Planilla de\u00a0solicitud de visa<\/a>, complementada en letra legible y sin tachadura.<\/li>\n<li>Pasaporte original, con al menos 12 meses de vigencia.<\/li>\n<li id=\"h.p_V2sVa4SdSNXS\" class=\"TYR86d zfr3Q\">Dos (2) fotograf\u00edas iguales, a color, recientes, tama\u00f1o carnet, con fondo blanco y sin lentes.<\/li>\n<li id=\"h.p_V2sVa4SdSNXS\" class=\"TYR86d zfr3Q\">Fotocopia de la Tarjeta de Residencia vigente, con m\u00ednimo de seis (6) meses desde su expedici\u00f3n.<\/li>\n<li id=\"h.p_0mebgGkYSNXS\" class=\"TYR86d zfr3Q\">Original del Certificado M\u00e9dico Oficial Ordinario, debidamente legalizado por el Consejo General de Colegios Oficiales de M\u00e9dicos de Espa\u00f1a (CGCOM) (v\u00e9ase el siguiente enlace: <a href=\"https:\/\/www.cgcom.es\/servicios\/certificados-medicos\/legalizacion-de-certificados-medicos-oficiales-ordinarios\" target=\"_blank\" rel=\"noopener\">https:\/\/www.cgcom.es\/servicios\/certificados-medicos\/legalizacion-de-certificados-medicos-oficiales-ordinarios<\/a>).<\/li>\n<li id=\"h.p_g9IjchvcSNXT\" class=\"TYR86d zfr3Q\">Carta o constancia de solicitud de la instituci\u00f3n que lo avala, indicando los medios econ\u00f3micos de que dispondr\u00e1 el estudiante en territorio venezolano.<\/li>\n<li id=\"h.p_TQTL1IB9SNXT\" class=\"TYR86d zfr3Q\">Constancia de aceptaci\u00f3n del instituto educativo donde realizar\u00e1 los estudios o de la empresa donde efectuar\u00e1 la pasant\u00eda.<\/li>\n<li id=\"h.p_7ad7V8YYSNXT\" class=\"TYR86d zfr3Q\">Copia de t\u00edtulos y\/o constancias de estudios.<\/li>\n<li id=\"h.p_SlKLBaQiSNXU\" class=\"TYR86d zfr3Q\">Original del comprobante de empadronamiento, que demuestre su residencia en cualquier Comunidad Aut\u00f3noma de la circunscripci\u00f3n de esta Misi\u00f3n Consular.<\/li>\n<li id=\"h.p_M6RenGeSSNXV\" class=\"TYR86d zfr3Q\"><strong>Original del comprobante del dep\u00f3sito bancario\u00a0<\/strong>de las tasas consulares correspondientes, las cuales ascienden a\u00a0<strong>sesenta euros<\/strong>\u00a0(60,00 \u20ac).<br \/>\n<ul class=\"n8H08c UVNKR\">\n<li id=\"h.p_sFhF4_CvXeMr\" class=\"TYR86d zfr3Q\">N\u00famero de Cuenta: <strong>ES91-0081-7307-05-0001577660<\/strong><\/li>\n<li id=\"h.p_k0KqPtRJXeMw\" class=\"TYR86d zfr3Q\">Banco:\u00a0<strong>Sabadell<\/strong><\/li>\n<li id=\"h.p_gowIMAiEXeMz\" class=\"TYR86d zfr3Q\">Titular:\u00a0<strong>Consulado General de la Rep\u00fablica Bolivariana de Venezuela<\/strong><\/li>\n<li id=\"h.p_3ROgB929XeM1\" class=\"TYR86d zfr3Q\">Incluir el nombre completo del interesado.<\/li>\n<\/ul>\n<\/li>\n<\/ul>\n<p id=\"h.p_AxHdcx6ISNXX\" class=\"zfr3Q\">Una vez recibidos todos los recaudos correctamente, esta Misi\u00f3n Consular proceder\u00e1 a la elaboraci\u00f3n y estampado del visado y le comunicar\u00e1 al interesado la fecha en la que\u00a0<strong>debe presentarse para retirar su pasaporte<\/strong>.<\/p>\n<p><strong>El tiempo de espera para tramitar un visado, depende del volumen de solicitudes<\/strong>. Existen circunstancias individuales que pueden variar el tiempo de espera en forma significativa, sobre todo cuando se requiere la aprobaci\u00f3n por parte de alg\u00fan Departamento externo. Por lo anterior, se recomienda hacer la solicitud al menos noventa (90) d\u00edas antes del viaje.<\/p>\n<p><strong>La petici\u00f3n de visado puede ser rechazada<\/strong> por varias razones, entra las m\u00e1s comunes se encuentra la falta de documentaci\u00f3n necesaria para completar la solicitud, respaldar su situaci\u00f3n o justificar el prop\u00f3sito del viaje. Tambi\u00e9n se puede negar por error en el tipo de visa solicitada, etc.<\/p>\n<p><strong>Si se le niega una visa no se le devolver\u00e1 las tasas consulare<\/strong>s.<\/p>\t\t\t\t\t\t\t\t<\/div>\n\t\t\t\t<\/div>\n\t\t\t\t<section class=\"elementor-section elementor-inner-section elementor-element elementor-element-f0b6dee elementor-section-boxed elementor-section-height-default elementor-section-height-default\" data-id=\"f0b6dee\" data-element_type=\"section\" data-e-type=\"section\">\n\t\t\t\t\t\t<div class=\"elementor-container elementor-column-gap-default\">\n\t\t\t\t\t<div class=\"elementor-column elementor-col-50 elementor-inner-column elementor-element elementor-element-3cb2ac0\" data-id=\"3cb2ac0\" data-element_type=\"column\" data-e-type=\"column\">\n\t\t\t<div class=\"elementor-widget-wrap elementor-element-populated\">\n\t\t\t\t\t\t<div class=\"elementor-element elementor-element-393e77a elementor-align-center elementor-widget elementor-widget-button\" data-id=\"393e77a\" data-element_type=\"widget\" data-e-type=\"widget\" data-widget_type=\"button.default\">\n\t\t\t\t<div class=\"elementor-widget-container\">\n\t\t\t\t\t\t\t\t\t<div class=\"elementor-button-wrapper\">\n\t\t\t\t\t<a class=\"elementor-button elementor-button-link elementor-size-sm\" href=\"mailto:tramites@consuladodevenezuelaenmadridcom\">\n\t\t\t\t\t\t<span class=\"elementor-button-content-wrapper\">\n\t\t\t\t\t\t\t\t\t<span class=\"elementor-button-text\">Requiero m\u00e1s informaci\u00f3n<\/span>\n\t\t\t\t\t<\/span>\n\t\t\t\t\t<\/a>\n\t\t\t\t<\/div>\n\t\t\t\t\t\t\t\t<\/div>\n\t\t\t\t<\/div>\n\t\t\t\t\t<\/div>\n\t\t<\/div>\n\t\t\t\t<div class=\"elementor-column elementor-col-50 elementor-inner-column elementor-element elementor-element-d249f83\" data-id=\"d249f83\" data-element_type=\"column\" data-e-type=\"column\">\n\t\t\t<div class=\"elementor-widget-wrap elementor-element-populated\">\n\t\t\t\t\t\t<div class=\"elementor-element elementor-element-54fb457 elementor-align-center elementor-widget elementor-widget-button\" data-id=\"54fb457\" data-element_type=\"widget\" data-e-type=\"widget\" data-widget_type=\"button.default\">\n\t\t\t\t<div class=\"elementor-widget-container\">\n\t\t\t\t\t\t\t\t\t<div class=\"elementor-button-wrapper\">\n\t\t\t\t\t<a class=\"elementor-button elementor-button-link elementor-size-sm\" href=\"http:\/\/consuladodevenezuelaenmadrid.com\/\">\n\t\t\t\t\t\t<span class=\"elementor-button-content-wrapper\">\n\t\t\t\t\t\t\t\t\t<span class=\"elementor-button-text\">Salir<\/span>\n\t\t\t\t\t<\/span>\n\t\t\t\t\t<\/a>\n\t\t\t\t<\/div>\n\t\t\t\t\t\t\t\t<\/div>\n\t\t\t\t<\/div>\n\t\t\t\t\t<\/div>\n\t\t<\/div>\n\t\t\t\t\t<\/div>\n\t\t<\/section>\n\t\t\t\t\t<\/div>\n\t\t<\/div>\n\t\t\t\t\t<\/div>\n\t\t<\/section>\n\t\t\t\t<\/div>\n\t\t","protected":false},"excerpt":{"rendered":"<p>VISA PARA ESTUDIANTE Se otorgar\u00e1 a personas no migrantes, que deseen ingresar al pa\u00eds para realizar estudios superiores t\u00e9cnicos o universitarios, de especializaci\u00f3n o para realizar pasant\u00edas en su especialidad. La visa de transe\u00fante estudiante se otorgar\u00e1 con una vigencia de un (1) a\u00f1o, m\u00faltiples entradas, con igual t\u00e9rmino de permanencia, y podr\u00e1 ser prorrogada [&hellip;]<\/p>\n","protected":false},"author":1,"featured_media":0,"parent":0,"menu_order":0,"comment_status":"closed","ping_status":"closed","template":"elementor_header_footer","meta":{"site-sidebar-layout":"default","site-content-layout":"default","ast-site-content-layout":"default","site-content-style":"default","site-sidebar-style":"default","ast-global-header-display":"","ast-banner-title-visibility":"","ast-main-header-display":"","ast-hfb-above-header-display":"","ast-hfb-below-header-display":"","ast-hfb-mobile-header-display":"","site-post-title":"","ast-breadcrumbs-content":"","ast-featured-img":"","footer-sml-layout":"","ast-disable-related-posts":"","theme-transparent-header-meta":"default","adv-header-id-meta":"","stick-header-meta":"","header-above-stick-meta":"","header-main-stick-meta":"","header-below-stick-meta":"","astra-migrate-meta-layouts":"default","ast-page-background-enabled":"default","ast-page-background-meta":{"desktop":{"background-color":"var(--ast-global-color-4)","background-image":"","background-repeat":"repeat","background-position":"center center","background-size":"auto","background-attachment":"scroll","background-type":"","background-media":"","overlay-type":"","overlay-color":"","overlay-opacity":"","overlay-gradient":""},"tablet":{"background-color":"","background-image":"","background-repeat":"repeat","background-position":"center center","background-size":"auto","background-attachment":"scroll","background-type":"","background-media":"","overlay-type":"","overlay-color":"","overlay-opacity":"","overlay-gradient":""},"mobile":{"background-color":"","background-image":"","background-repeat":"repeat","background-position":"center center","background-size":"auto","background-attachment":"scroll","background-type":"","background-media":"","overlay-type":"","overlay-color":"","overlay-opacity":"","overlay-gradient":""}},"ast-content-background-meta":{"desktop":{"background-color":"var(--ast-global-color-5)","background-image":"","background-repeat":"repeat","background-position":"center center","background-size":"auto","background-attachment":"scroll","background-type":"","background-media":"","overlay-type":"","overlay-color":"","overlay-opacity":"","overlay-gradient":""},"tablet":{"background-color":"var(--ast-global-color-5)","background-image":"","background-repeat":"repeat","background-position":"center center","background-size":"auto","background-attachment":"scroll","background-type":"","background-media":"","overlay-type":"","overlay-color":"","overlay-opacity":"","overlay-gradient":""},"mobile":{"background-color":"var(--ast-global-color-5)","background-image":"","background-repeat":"repeat","background-position":"center center","background-size":"auto","background-attachment":"scroll","background-type":"","background-media":"","overlay-type":"","overlay-color":"","overlay-opacity":"","overlay-gradient":""}},"footnotes":""},"class_list":["post-1467","page","type-page","status-publish","hentry"],"_links":{"self":[{"href":"https:\/\/consuladodevenezuelaenmadrid.com\/index.php\/wp-json\/wp\/v2\/pages\/1467","targetHints":{"allow":["GET"]}}],"collection":[{"href":"https:\/\/consuladodevenezuelaenmadrid.com\/index.php\/wp-json\/wp\/v2\/pages"}],"about":[{"href":"https:\/\/consuladodevenezuelaenmadrid.com\/index.php\/wp-json\/wp\/v2\/types\/page"}],"author":[{"embeddable":true,"href":"https:\/\/consuladodevenezuelaenmadrid.com\/index.php\/wp-json\/wp\/v2\/users\/1"}],"replies":[{"embeddable":true,"href":"https:\/\/consuladodevenezuelaenmadrid.com\/index.php\/wp-json\/wp\/v2\/comments?post=1467"}],"version-history":[{"count":41,"href":"https:\/\/consuladodevenezuelaenmadrid.com\/index.php\/wp-json\/wp\/v2\/pages\/1467\/revisions"}],"predecessor-version":[{"id":5593,"href":"https:\/\/consuladodevenezuelaenmadrid.com\/index.php\/wp-json\/wp\/v2\/pages\/1467\/revisions\/5593"}],"wp:attachment":[{"href":"https:\/\/consuladodevenezuelaenmadrid.com\/index.php\/wp-json\/wp\/v2\/media?parent=1467"}],"curies":[{"name":"wp","href":"https:\/\/api.w.org\/{rel}","templated":true}]}}