{"id":1339,"date":"2020-06-09T18:12:51","date_gmt":"2020-06-09T18:12:51","guid":{"rendered":"http:\/\/consuladodevenezuelaenmadrid.net\/?page_id=1339"},"modified":"2026-04-14T14:36:36","modified_gmt":"2026-04-14T14:36:36","slug":"visa-transeunte-familiar","status":"publish","type":"page","link":"https:\/\/consuladodevenezuelaenmadrid.com\/index.php\/visa-transeunte-familiar\/","title":{"rendered":"VISA TRANSEUNTE FAMILIAR"},"content":{"rendered":"\t\t<div data-elementor-type=\"wp-page\" data-elementor-id=\"1339\" class=\"elementor elementor-1339\">\n\t\t\t\t\t\t<section class=\"elementor-section elementor-top-section elementor-element elementor-element-1dbdac3b elementor-section-boxed elementor-section-height-default elementor-section-height-default\" data-id=\"1dbdac3b\" data-element_type=\"section\" data-e-type=\"section\">\n\t\t\t\t\t\t<div class=\"elementor-container elementor-column-gap-default\">\n\t\t\t\t\t<div class=\"elementor-column elementor-col-100 elementor-top-column elementor-element elementor-element-54a943b7\" data-id=\"54a943b7\" data-element_type=\"column\" data-e-type=\"column\">\n\t\t\t<div class=\"elementor-widget-wrap elementor-element-populated\">\n\t\t\t\t\t\t<div class=\"elementor-element elementor-element-c60b9e4 elementor-widget elementor-widget-spacer\" data-id=\"c60b9e4\" data-element_type=\"widget\" data-e-type=\"widget\" data-widget_type=\"spacer.default\">\n\t\t\t\t<div class=\"elementor-widget-container\">\n\t\t\t\t\t\t\t<div class=\"elementor-spacer\">\n\t\t\t<div class=\"elementor-spacer-inner\"><\/div>\n\t\t<\/div>\n\t\t\t\t\t\t<\/div>\n\t\t\t\t<\/div>\n\t\t\t\t<div class=\"elementor-element elementor-element-cb4a6a0 elementor-widget elementor-widget-heading\" data-id=\"cb4a6a0\" data-element_type=\"widget\" data-e-type=\"widget\" data-widget_type=\"heading.default\">\n\t\t\t\t<div class=\"elementor-widget-container\">\n\t\t\t\t\t<h2 class=\"elementor-heading-title elementor-size-default\">VISA TRANSE\u00daNTE FAMILIAR<\/h2>\t\t\t\t<\/div>\n\t\t\t\t<\/div>\n\t\t\t\t<div class=\"elementor-element elementor-element-076bedf elementor-widget elementor-widget-spacer\" data-id=\"076bedf\" data-element_type=\"widget\" data-e-type=\"widget\" data-widget_type=\"spacer.default\">\n\t\t\t\t<div class=\"elementor-widget-container\">\n\t\t\t\t\t\t\t<div class=\"elementor-spacer\">\n\t\t\t<div class=\"elementor-spacer-inner\"><\/div>\n\t\t<\/div>\n\t\t\t\t\t\t<\/div>\n\t\t\t\t<\/div>\n\t\t\t\t<div class=\"elementor-element elementor-element-1e7c1766 elementor-widget elementor-widget-text-editor\" data-id=\"1e7c1766\" data-element_type=\"widget\" data-e-type=\"widget\" data-widget_type=\"text-editor.default\">\n\t\t\t\t<div class=\"elementor-widget-container\">\n\t\t\t\t\t\t\t\t\t<div class=\"mYVXT\"><div class=\"LS81yb VICjCf\" tabindex=\"-1\"><div class=\"hJDwNd-AhqUyc-uQSCkd purZT-AhqUyc-II5mzb pSzOP-AhqUyc-qWD73c JNdkSc\"><div class=\"JNdkSc-SmKAyb\"><div class=\"\"><div class=\"oKdM2c Kzv0Me\"><div id=\"h.p_6d1P8ix6Sr0a\" class=\"hJDwNd-AhqUyc-uQSCkd jXK9ad D2fZ2 OjCsFc wHaque GNzUNc\"><div class=\"jXK9ad-SmKAyb\"><div class=\"tyJCtd mGzaTb baZpAe\"><p id=\"h.p_ErccWRzoSr0c\" class=\"zfr3Q\">Se otorgar\u00e1 al c\u00f3nyuge e hijos menores de 18 a\u00f1os de edad, no emancipados; a los progenitores y padres pol\u00edticos, previa comprobaci\u00f3n fehaciente del v\u00ednculo familiar de dependencia econ\u00f3mica, a solicitud de los titulares de los visados de transe\u00fante inversionista, transe\u00fante empresario, transe\u00fante rentista, transe\u00fante estudiante o laboral.<\/p><p id=\"h.p_BatL_pbRSsAD\" class=\"zfr3Q\"><strong>Requisitos para cada uno de los miembros de la familia que se domiciliar\u00e1n en el pa\u00eds:<\/strong><\/p><p id=\"h.p_Q7-mYhCFSsAD\" class=\"zfr3Q\">Este tr\u00e1mite se hace <strong>EXCLUSIVAMENTE POR CORREO POSTAL.<\/strong> Para ello, el interesado debe residir en cualquier Comunidad Aut\u00f3noma de la <a class=\"dhtgD aw5Odc\" href=\"https:\/\/consuladodevenezuelaenmadrid.net\/index.php\/registro-consular\/\">circunscripci\u00f3n de esta Misi\u00f3n Consular<\/a> y remitir a nuestra direcci\u00f3n <strong>Calle Eloy Gonzalo 40 &#8211; 28010 Madrid<\/strong>, los siguientes recaudos:<\/p><ul class=\"n8H08c UVNKR\"><li id=\"h.p_7Vcn85PtSsAE\" class=\"TYR86d zfr3Q\"><a href=\"https:\/\/consuladodevenezuelaenmadrid.com\/wp-content\/uploads\/2026\/04\/planilla-solicitud-visado.pdf\">Planilla de solicitud de visa<\/a>, complementada en letra legible y sin tachadura.<\/li><li>Fotocopia de la Tarjeta de Residencia vigente, con m\u00ednimo de seis (6) meses desde su expedici\u00f3n.<\/li><li id=\"h.p_HueGMeTwSsAE\" class=\"TYR86d zfr3Q\"><strong>Original del pasaporte<\/strong>, con al menos doce meses de validez.<\/li><li id=\"h.p_4bhHUg4MSsAE\" class=\"TYR86d zfr3Q\">Original del Certificado M\u00e9dico Oficial Ordinario, debidamente legalizado por el Consejo General de Colegios Oficiales de M\u00e9dicos de Espa\u00f1a (CGCOM) (v\u00e9ase el siguiente enlace: <a href=\"https:\/\/www.cgcom.es\/servicios\/certificados-medicos\/legalizacion-de-certificados-medicos-oficiales-ordinarios\" target=\"_blank\" rel=\"noopener\">https:\/\/www.cgcom.es\/servicios\/certificados-medicos\/legalizacion-de-certificados-medicos-oficiales-ordinarios<\/a>).<\/li><li id=\"h.p_IEKnqKZcSsAF\" class=\"TYR86d zfr3Q\">Dos (2) fotograf\u00edas a color, recientes, tama\u00f1o pasaporte y fondo blanco.<\/li><li id=\"h.p_TnVr0xTjSsAF\" class=\"TYR86d zfr3Q\">Comprobar los nexos familiares a trav\u00e9s de documentaci\u00f3n fehaciente (partida de nacimiento, matrimonio, etc.). Dichos documentos deben estar traducidos y apostillados.<\/li><li>Incluir copia de la visa vigente del titular de los visados de transe\u00fante inversionista, transe\u00fante empresario, transe\u00fante rentista, transe\u00fante estudiante o laboral, que hace la solicitud.<\/li><li class=\"TYR86d zfr3Q\">Si el solicitante, es\u00a0 ciudadano\u00a0 extranjero residente en Venezuela, deben incluir copia legible de la c\u00e9dula de identidad venezolana y de la visa vigente emitidos por una autoridad venezolana.<\/li><li id=\"h.p_cAjlLb4WlT5E\" class=\"TYR86d zfr3Q\"><strong>Original del comprobante del dep\u00f3sito bancario <\/strong>de las tasas consulares correspondientes, las cuales ascienden a <strong>sesenta euros<\/strong> (60,00 \u20ac).<br \/><ul class=\"n8H08c UVNKR\"><li id=\"h.p_E6IdNAaeXtNx\" class=\"TYR86d zfr3Q\">N\u00famero de Cuenta: <strong>ES91-0081-7307-05-0001577660<\/strong><\/li><li id=\"h.p_5jv1B_xuXtN1\" class=\"TYR86d zfr3Q\">Banco: <strong>Sabadell<\/strong><\/li><li id=\"h.p_U0PukWbnXtN3\" class=\"TYR86d zfr3Q\">Titular: <strong>Consulado General de la Rep\u00fablica Bolivariana de Venezuela<\/strong><\/li><li id=\"h.p_B99D2KbQXtN5\" class=\"TYR86d zfr3Q\">Incluir el nombre completo del interesado.<\/li><\/ul><\/li><\/ul><\/div><\/div><\/div><\/div><\/div><\/div><\/div><\/div><\/div><div id=\"wp-block-themeisle-blocks-advanced-columns-3fde4b9b\" class=\"wp-block-themeisle-blocks-advanced-columns has-undefined-columns has-desktop-undefined-layout has-tablet-equal-layout has-mobile-equal-layout has-default-gap has-vertical-unset\"><div class=\"innerblocks-wrap\"><p><strong>El tiempo de espera para tramitar un visado, depende del volumen de solicitudes<\/strong>. Existen circunstancias individuales que pueden variar el tiempo de espera en forma significativa, sobre todo cuando se requiere la aprobaci\u00f3n por parte de alg\u00fan Departamento externo. Por lo anterior, se recomienda hacer la solicitud al menos noventa (90) d\u00edas antes del viaje.<\/p><p><strong>La petici\u00f3n de visado puede ser rechazada<\/strong> por varias razones, entra las m\u00e1s comunes se encuentra la falta de documentaci\u00f3n necesaria para completar la solicitud, respaldar su situaci\u00f3n o justificar el prop\u00f3sito del viaje. Tambi\u00e9n se puede negar por error en el tipo de visa solicitada, etc.<\/p><p><strong>Si se le niega una visa no se le devolver\u00e1 las tasas consulare<\/strong>s.<\/p><\/div><\/div><p><!-- \/wp:themeisle-blocks\/advanced-columns --><\/p>\t\t\t\t\t\t\t\t<\/div>\n\t\t\t\t<\/div>\n\t\t\t\t<section class=\"elementor-section elementor-inner-section elementor-element elementor-element-ae8d0ca elementor-section-boxed elementor-section-height-default elementor-section-height-default\" data-id=\"ae8d0ca\" data-element_type=\"section\" data-e-type=\"section\">\n\t\t\t\t\t\t<div class=\"elementor-container elementor-column-gap-default\">\n\t\t\t\t\t<div class=\"elementor-column elementor-col-50 elementor-inner-column elementor-element elementor-element-55f5a07\" data-id=\"55f5a07\" data-element_type=\"column\" data-e-type=\"column\">\n\t\t\t<div class=\"elementor-widget-wrap elementor-element-populated\">\n\t\t\t\t\t\t<div class=\"elementor-element elementor-element-a8106bb elementor-align-center elementor-widget elementor-widget-button\" data-id=\"a8106bb\" data-element_type=\"widget\" data-e-type=\"widget\" data-widget_type=\"button.default\">\n\t\t\t\t<div class=\"elementor-widget-container\">\n\t\t\t\t\t\t\t\t\t<div class=\"elementor-button-wrapper\">\n\t\t\t\t\t<a class=\"elementor-button elementor-button-link elementor-size-sm\" href=\"mailto:tramites@consuladodevenezuelaenmadrid.com\">\n\t\t\t\t\t\t<span class=\"elementor-button-content-wrapper\">\n\t\t\t\t\t\t\t\t\t<span class=\"elementor-button-text\">Requiero m\u00e1s informaci\u00f3n<\/span>\n\t\t\t\t\t<\/span>\n\t\t\t\t\t<\/a>\n\t\t\t\t<\/div>\n\t\t\t\t\t\t\t\t<\/div>\n\t\t\t\t<\/div>\n\t\t\t\t\t<\/div>\n\t\t<\/div>\n\t\t\t\t<div class=\"elementor-column elementor-col-50 elementor-inner-column elementor-element elementor-element-be1dd0f\" data-id=\"be1dd0f\" data-element_type=\"column\" data-e-type=\"column\">\n\t\t\t<div class=\"elementor-widget-wrap elementor-element-populated\">\n\t\t\t\t\t\t<div class=\"elementor-element elementor-element-6ada577 elementor-align-center elementor-widget elementor-widget-button\" data-id=\"6ada577\" data-element_type=\"widget\" data-e-type=\"widget\" data-widget_type=\"button.default\">\n\t\t\t\t<div class=\"elementor-widget-container\">\n\t\t\t\t\t\t\t\t\t<div class=\"elementor-button-wrapper\">\n\t\t\t\t\t<a class=\"elementor-button elementor-button-link elementor-size-sm\" href=\"https:\/\/consuladodevenezuelaenmadrid.net\/\">\n\t\t\t\t\t\t<span class=\"elementor-button-content-wrapper\">\n\t\t\t\t\t\t\t\t\t<span class=\"elementor-button-text\">salir<\/span>\n\t\t\t\t\t<\/span>\n\t\t\t\t\t<\/a>\n\t\t\t\t<\/div>\n\t\t\t\t\t\t\t\t<\/div>\n\t\t\t\t<\/div>\n\t\t\t\t\t<\/div>\n\t\t<\/div>\n\t\t\t\t\t<\/div>\n\t\t<\/section>\n\t\t\t\t\t<\/div>\n\t\t<\/div>\n\t\t\t\t\t<\/div>\n\t\t<\/section>\n\t\t\t\t<\/div>\n\t\t","protected":false},"excerpt":{"rendered":"<p>VISA TRANSE\u00daNTE FAMILIAR Se otorgar\u00e1 al c\u00f3nyuge e hijos menores de 18 a\u00f1os de edad, no emancipados; a los progenitores y padres pol\u00edticos, previa comprobaci\u00f3n fehaciente del v\u00ednculo familiar de dependencia econ\u00f3mica, a solicitud de los titulares de los visados de transe\u00fante inversionista, transe\u00fante empresario, transe\u00fante rentista, transe\u00fante estudiante o laboral. Requisitos para cada uno [&hellip;]<\/p>\n","protected":false},"author":1,"featured_media":0,"parent":0,"menu_order":0,"comment_status":"closed","ping_status":"closed","template":"elementor_header_footer","meta":{"site-sidebar-layout":"default","site-content-layout":"default","ast-site-content-layout":"default","site-content-style":"default","site-sidebar-style":"default","ast-global-header-display":"","ast-banner-title-visibility":"","ast-main-header-display":"","ast-hfb-above-header-display":"","ast-hfb-below-header-display":"","ast-hfb-mobile-header-display":"","site-post-title":"","ast-breadcrumbs-content":"","ast-featured-img":"","footer-sml-layout":"","ast-disable-related-posts":"","theme-transparent-header-meta":"default","adv-header-id-meta":"","stick-header-meta":"","header-above-stick-meta":"","header-main-stick-meta":"","header-below-stick-meta":"","astra-migrate-meta-layouts":"default","ast-page-background-enabled":"default","ast-page-background-meta":{"desktop":{"background-color":"var(--ast-global-color-4)","background-image":"","background-repeat":"repeat","background-position":"center center","background-size":"auto","background-attachment":"scroll","background-type":"","background-media":"","overlay-type":"","overlay-color":"","overlay-opacity":"","overlay-gradient":""},"tablet":{"background-color":"","background-image":"","background-repeat":"repeat","background-position":"center center","background-size":"auto","background-attachment":"scroll","background-type":"","background-media":"","overlay-type":"","overlay-color":"","overlay-opacity":"","overlay-gradient":""},"mobile":{"background-color":"","background-image":"","background-repeat":"repeat","background-position":"center center","background-size":"auto","background-attachment":"scroll","background-type":"","background-media":"","overlay-type":"","overlay-color":"","overlay-opacity":"","overlay-gradient":""}},"ast-content-background-meta":{"desktop":{"background-color":"var(--ast-global-color-5)","background-image":"","background-repeat":"repeat","background-position":"center center","background-size":"auto","background-attachment":"scroll","background-type":"","background-media":"","overlay-type":"","overlay-color":"","overlay-opacity":"","overlay-gradient":""},"tablet":{"background-color":"var(--ast-global-color-5)","background-image":"","background-repeat":"repeat","background-position":"center center","background-size":"auto","background-attachment":"scroll","background-type":"","background-media":"","overlay-type":"","overlay-color":"","overlay-opacity":"","overlay-gradient":""},"mobile":{"background-color":"var(--ast-global-color-5)","background-image":"","background-repeat":"repeat","background-position":"center center","background-size":"auto","background-attachment":"scroll","background-type":"","background-media":"","overlay-type":"","overlay-color":"","overlay-opacity":"","overlay-gradient":""}},"footnotes":""},"class_list":["post-1339","page","type-page","status-publish","hentry"],"_links":{"self":[{"href":"https:\/\/consuladodevenezuelaenmadrid.com\/index.php\/wp-json\/wp\/v2\/pages\/1339","targetHints":{"allow":["GET"]}}],"collection":[{"href":"https:\/\/consuladodevenezuelaenmadrid.com\/index.php\/wp-json\/wp\/v2\/pages"}],"about":[{"href":"https:\/\/consuladodevenezuelaenmadrid.com\/index.php\/wp-json\/wp\/v2\/types\/page"}],"author":[{"embeddable":true,"href":"https:\/\/consuladodevenezuelaenmadrid.com\/index.php\/wp-json\/wp\/v2\/users\/1"}],"replies":[{"embeddable":true,"href":"https:\/\/consuladodevenezuelaenmadrid.com\/index.php\/wp-json\/wp\/v2\/comments?post=1339"}],"version-history":[{"count":50,"href":"https:\/\/consuladodevenezuelaenmadrid.com\/index.php\/wp-json\/wp\/v2\/pages\/1339\/revisions"}],"predecessor-version":[{"id":5605,"href":"https:\/\/consuladodevenezuelaenmadrid.com\/index.php\/wp-json\/wp\/v2\/pages\/1339\/revisions\/5605"}],"wp:attachment":[{"href":"https:\/\/consuladodevenezuelaenmadrid.com\/index.php\/wp-json\/wp\/v2\/media?parent=1339"}],"curies":[{"name":"wp","href":"https:\/\/api.w.org\/{rel}","templated":true}]}}