{"id":1152,"date":"2020-06-04T10:51:26","date_gmt":"2020-06-04T10:51:26","guid":{"rendered":"http:\/\/localhost\/consulado\/?page_id=1152"},"modified":"2026-04-14T14:34:46","modified_gmt":"2026-04-14T14:34:46","slug":"visa-religiosa","status":"publish","type":"page","link":"https:\/\/consuladodevenezuelaenmadrid.com\/index.php\/visa-religiosa\/","title":{"rendered":"VISA RELIGIOSA"},"content":{"rendered":"\t\t<div data-elementor-type=\"wp-page\" data-elementor-id=\"1152\" class=\"elementor elementor-1152\">\n\t\t\t\t\t\t<section class=\"elementor-section elementor-top-section elementor-element elementor-element-6900da49 elementor-section-boxed elementor-section-height-default elementor-section-height-default\" data-id=\"6900da49\" data-element_type=\"section\" data-e-type=\"section\">\n\t\t\t\t\t\t<div class=\"elementor-container elementor-column-gap-default\">\n\t\t\t\t\t<div class=\"elementor-column elementor-col-100 elementor-top-column elementor-element elementor-element-23005e5e\" data-id=\"23005e5e\" data-element_type=\"column\" data-e-type=\"column\">\n\t\t\t<div class=\"elementor-widget-wrap elementor-element-populated\">\n\t\t\t\t\t\t<div class=\"elementor-element elementor-element-6d4dc4b0 elementor-widget elementor-widget-text-editor\" data-id=\"6d4dc4b0\" data-element_type=\"widget\" data-e-type=\"widget\" data-widget_type=\"text-editor.default\">\n\t\t\t\t<div class=\"elementor-widget-container\">\n\t\t\t\t\t\t\t\t\t\n<div class=\"wp-block-themeisle-blocks-advanced-columns has-undefined-columns has-desktop-undefined-layout has-tablet-equal-layout has-mobile-equal-layout has-default-gap has-vertical-unset\" id=\"wp-block-themeisle-blocks-advanced-columns-db47562f\"><div class=\"wp-block-themeisle-blocks-advanced-columns-overlay\"><\/div><div class=\"innerblocks-wrap\"><\/div><\/div>\n\t\t\t\t\t\t\t\t<\/div>\n\t\t\t\t<\/div>\n\t\t\t\t<div class=\"elementor-element elementor-element-0d41d44 elementor-widget elementor-widget-heading\" data-id=\"0d41d44\" data-element_type=\"widget\" data-e-type=\"widget\" data-widget_type=\"heading.default\">\n\t\t\t\t<div class=\"elementor-widget-container\">\n\t\t\t\t\t<h2 class=\"elementor-heading-title elementor-size-default\">VISA RELIGIOSA<\/h2>\t\t\t\t<\/div>\n\t\t\t\t<\/div>\n\t\t\t\t<div class=\"elementor-element elementor-element-79e6f2a elementor-widget elementor-widget-spacer\" data-id=\"79e6f2a\" data-element_type=\"widget\" data-e-type=\"widget\" data-widget_type=\"spacer.default\">\n\t\t\t\t<div class=\"elementor-widget-container\">\n\t\t\t\t\t\t\t<div class=\"elementor-spacer\">\n\t\t\t<div class=\"elementor-spacer-inner\"><\/div>\n\t\t<\/div>\n\t\t\t\t\t\t<\/div>\n\t\t\t\t<\/div>\n\t\t\t\t<div class=\"elementor-element elementor-element-211733f elementor-widget elementor-widget-text-editor\" data-id=\"211733f\" data-element_type=\"widget\" data-e-type=\"widget\" data-widget_type=\"text-editor.default\">\n\t\t\t\t<div class=\"elementor-widget-container\">\n\t\t\t\t\t\t\t\t\t<p>Se otorgar\u00e1 a representantes de cualquier religi\u00f3n, no migrantes, cuando viajen a Venezuela en actividades de car\u00e1cter religioso, diferentes al turismo. La Visa de Transe\u00fante Religioso se otorgar\u00e1 previa aprobaci\u00f3n del Ministerio del Poder Popular para Relaciones Interiores, Justicia y Paz, con una vigencia de un (1) a\u00f1o, m\u00faltiples entradas, y permitir\u00e1 permanecer en el pa\u00eds por un lapso de un a\u00f1o, prorrogable por igual t\u00e9rmino por el Ministerio del Poder Popular para Relaciones Interiores, Justicia y Paz.<\/p>\n<p><strong>REQUISITOS<\/strong><\/p>\n<p>Este tr\u00e1mite se inicia <strong>EXCLUSIVAMENTE POR CORREO POSTAL.<\/strong> Para ello, el (la) interesado\/a debe residir en cualquier Comunidad Aut\u00f3noma de la <a href=\"https:\/\/consuladodevenezuelaenmadrid.com\/index.php\/circunscripcion\/\" target=\"_blank\" rel=\"noopener\">circunscripci\u00f3n de esta Misi\u00f3n Consular<\/a>\u00a0y remitir a nuestra direcci\u00f3n<strong>\u00a0Calle Eloy Gonzalo 40 &#8211; 28010 Madrid<\/strong>, los siguientes recaudos:<\/p>\n<ul>\n<li><a href=\"https:\/\/consuladodevenezuelaenmadrid.com\/wp-content\/uploads\/2026\/04\/planilla-solicitud-visado.pdf\">Formulario de Solicitud de Visado<\/a>\u00a0debidamente completado en letra legible y sin tachadura.<\/li>\n<li>Dos(2) fotograf\u00edas iguales, de frente, fondo blanco, recientes, tama\u00f1o carnet, sin lentes ni otros accesorios.<\/li>\n<li>Copia legible en Din A4 del DNI o Tarjeta de Residencia.<\/li>\n<li>Copia en Din A4 de las p\u00e1ginas del Pasaporte, donde aparecen sus datos personales. El pasaporte debe tener una vigencia superior a doce (12) meses.<\/li>\n<li>Originales de las solicitudes formuladas por el responsable de la Congregaci\u00f3n (tanto la venezolana, como la espa\u00f1ola), indicando religi\u00f3n, culto o cualquier actividad af\u00edn que realizar\u00e1 en Venezuela el interesado, as\u00ed como el tiempo de permanencia y la direcci\u00f3n de estad\u00eda.<\/li>\n<li>Original del Certificado de Antecedentes Penales, debidamente legalizado con la Apostilla de La Haya.<\/li>\n<li>Original del Certificado M\u00e9dico Oficial Ordinario, debidamente legalizado por el Consejo General de Colegios Oficiales de M\u00e9dicos de Espa\u00f1a (CGCOM) (v\u00e9ase el siguiente enlace: <a href=\"https:\/\/www.cgcom.es\/servicios\/certificados-medicos\/legalizacion-de-certificados-medicos-oficiales-ordinarios\" target=\"_blank\" rel=\"noopener\">https:\/\/www.cgcom.es\/servicios\/certificados-medicos\/legalizacion-de-certificados-medicos-oficiales-ordinarios<\/a>) y con la Apostilla de La Haya.<\/li>\n<li>Tarjeta de vacunaci\u00f3n contra la fiebre amarilla.<\/li>\n<\/ul>\n<ul>\n<li>Original del comprobante del dep\u00f3sito bancario\u00a0de las tasas consulares correspondientes, las cuales ascienden a\u00a0secenta euros (60,00 \u20ac).\n<ul>\n<li>N\u00famero de Cuenta:\u00a0ES91 \u2013 0081-7307-0500-0157-7660<\/li>\n<li>Banco:\u00a0Sabadell<\/li>\n<li>Titular:\u00a0Consulado General de la Rep\u00fablica Bolivariana de Venezuela<\/li>\n<li>Incluir el nombre completo del interesado.<\/li>\n<\/ul>\n<\/li>\n<\/ul>\n<p>Una vez recibidos todos los recaudos correctamente, se solicitar\u00e1 la aprobaci\u00f3n del visado por parte del <a href=\"http:\/\/www.google.com\/url?q=http%3A%2F%2Fwww.mpprijp.gob.ve&amp;sa=D&amp;sntz=1&amp;usg=AFQjCNE_ZA4OOV35venHPCotckj0yqxhzw\" target=\"_blank\" rel=\"noopener\">Ministerio del Poder Popular para Relaciones Interiores, Justicia y Paz.<\/a><\/p>\n<p>Al recibir el benepl\u00e1cito, esta Misi\u00f3n Consular se comunicar\u00e1 con el interesado a fin de que remita el pasaporte original para la elaboraci\u00f3n y estampado del visado y le comunicar\u00e1 al interesado la fecha en la cual<strong>\u00a0debe presentarse<\/strong> para retirar su pasaporte.<\/p>\n<p><strong>El tiempo requerido para realizar este tr\u00e1mite depende del volumen de solicitudes recibidas<\/strong><\/p>\t\t\t\t\t\t\t\t<\/div>\n\t\t\t\t<\/div>\n\t\t\t\t<section class=\"elementor-section elementor-inner-section elementor-element elementor-element-8c1afae elementor-section-boxed elementor-section-height-default elementor-section-height-default\" data-id=\"8c1afae\" data-element_type=\"section\" data-e-type=\"section\">\n\t\t\t\t\t\t<div class=\"elementor-container elementor-column-gap-default\">\n\t\t\t\t\t<div class=\"elementor-column elementor-col-50 elementor-inner-column elementor-element elementor-element-b0b88e5\" data-id=\"b0b88e5\" data-element_type=\"column\" data-e-type=\"column\">\n\t\t\t<div class=\"elementor-widget-wrap elementor-element-populated\">\n\t\t\t\t\t\t<div class=\"elementor-element elementor-element-4418a9d elementor-align-center elementor-widget elementor-widget-button\" data-id=\"4418a9d\" data-element_type=\"widget\" data-e-type=\"widget\" data-widget_type=\"button.default\">\n\t\t\t\t<div class=\"elementor-widget-container\">\n\t\t\t\t\t\t\t\t\t<div class=\"elementor-button-wrapper\">\n\t\t\t\t\t<a class=\"elementor-button elementor-button-link elementor-size-sm\" href=\"mailto:tramites@consuladodevenezuelaenmadrid.com\">\n\t\t\t\t\t\t<span class=\"elementor-button-content-wrapper\">\n\t\t\t\t\t\t\t\t\t<span class=\"elementor-button-text\">Requiero m\u00e1s informaci\u00f3n<\/span>\n\t\t\t\t\t<\/span>\n\t\t\t\t\t<\/a>\n\t\t\t\t<\/div>\n\t\t\t\t\t\t\t\t<\/div>\n\t\t\t\t<\/div>\n\t\t\t\t\t<\/div>\n\t\t<\/div>\n\t\t\t\t<div class=\"elementor-column elementor-col-50 elementor-inner-column elementor-element elementor-element-1982584\" data-id=\"1982584\" data-element_type=\"column\" data-e-type=\"column\">\n\t\t\t<div class=\"elementor-widget-wrap elementor-element-populated\">\n\t\t\t\t\t\t<div class=\"elementor-element elementor-element-0175c0b elementor-align-center elementor-widget elementor-widget-button\" data-id=\"0175c0b\" data-element_type=\"widget\" data-e-type=\"widget\" data-widget_type=\"button.default\">\n\t\t\t\t<div class=\"elementor-widget-container\">\n\t\t\t\t\t\t\t\t\t<div class=\"elementor-button-wrapper\">\n\t\t\t\t\t<a class=\"elementor-button elementor-button-link elementor-size-sm\" href=\"https:\/\/consuladodevenezuelaenmadrid.com\/\">\n\t\t\t\t\t\t<span class=\"elementor-button-content-wrapper\">\n\t\t\t\t\t\t\t\t\t<span class=\"elementor-button-text\">Salir<\/span>\n\t\t\t\t\t<\/span>\n\t\t\t\t\t<\/a>\n\t\t\t\t<\/div>\n\t\t\t\t\t\t\t\t<\/div>\n\t\t\t\t<\/div>\n\t\t\t\t\t<\/div>\n\t\t<\/div>\n\t\t\t\t\t<\/div>\n\t\t<\/section>\n\t\t\t\t\t<\/div>\n\t\t<\/div>\n\t\t\t\t\t<\/div>\n\t\t<\/section>\n\t\t\t\t<\/div>\n\t\t","protected":false},"excerpt":{"rendered":"<p>VISA RELIGIOSA Se otorgar\u00e1 a representantes de cualquier religi\u00f3n, no migrantes, cuando viajen a Venezuela en actividades de car\u00e1cter religioso, diferentes al turismo. La Visa de Transe\u00fante Religioso se otorgar\u00e1 previa aprobaci\u00f3n del Ministerio del Poder Popular para Relaciones Interiores, Justicia y Paz, con una vigencia de un (1) a\u00f1o, m\u00faltiples entradas, y permitir\u00e1 permanecer [&hellip;]<\/p>\n","protected":false},"author":1,"featured_media":0,"parent":0,"menu_order":0,"comment_status":"closed","ping_status":"closed","template":"elementor_header_footer","meta":{"site-sidebar-layout":"default","site-content-layout":"default","ast-site-content-layout":"default","site-content-style":"default","site-sidebar-style":"default","ast-global-header-display":"","ast-banner-title-visibility":"","ast-main-header-display":"","ast-hfb-above-header-display":"","ast-hfb-below-header-display":"","ast-hfb-mobile-header-display":"","site-post-title":"","ast-breadcrumbs-content":"","ast-featured-img":"","footer-sml-layout":"","ast-disable-related-posts":"","theme-transparent-header-meta":"default","adv-header-id-meta":"","stick-header-meta":"","header-above-stick-meta":"","header-main-stick-meta":"","header-below-stick-meta":"","astra-migrate-meta-layouts":"default","ast-page-background-enabled":"default","ast-page-background-meta":{"desktop":{"background-color":"var(--ast-global-color-4)","background-image":"","background-repeat":"repeat","background-position":"center center","background-size":"auto","background-attachment":"scroll","background-type":"","background-media":"","overlay-type":"","overlay-color":"","overlay-opacity":"","overlay-gradient":""},"tablet":{"background-color":"","background-image":"","background-repeat":"repeat","background-position":"center center","background-size":"auto","background-attachment":"scroll","background-type":"","background-media":"","overlay-type":"","overlay-color":"","overlay-opacity":"","overlay-gradient":""},"mobile":{"background-color":"","background-image":"","background-repeat":"repeat","background-position":"center center","background-size":"auto","background-attachment":"scroll","background-type":"","background-media":"","overlay-type":"","overlay-color":"","overlay-opacity":"","overlay-gradient":""}},"ast-content-background-meta":{"desktop":{"background-color":"var(--ast-global-color-5)","background-image":"","background-repeat":"repeat","background-position":"center center","background-size":"auto","background-attachment":"scroll","background-type":"","background-media":"","overlay-type":"","overlay-color":"","overlay-opacity":"","overlay-gradient":""},"tablet":{"background-color":"var(--ast-global-color-5)","background-image":"","background-repeat":"repeat","background-position":"center center","background-size":"auto","background-attachment":"scroll","background-type":"","background-media":"","overlay-type":"","overlay-color":"","overlay-opacity":"","overlay-gradient":""},"mobile":{"background-color":"var(--ast-global-color-5)","background-image":"","background-repeat":"repeat","background-position":"center center","background-size":"auto","background-attachment":"scroll","background-type":"","background-media":"","overlay-type":"","overlay-color":"","overlay-opacity":"","overlay-gradient":""}},"footnotes":""},"class_list":["post-1152","page","type-page","status-publish","hentry"],"_links":{"self":[{"href":"https:\/\/consuladodevenezuelaenmadrid.com\/index.php\/wp-json\/wp\/v2\/pages\/1152","targetHints":{"allow":["GET"]}}],"collection":[{"href":"https:\/\/consuladodevenezuelaenmadrid.com\/index.php\/wp-json\/wp\/v2\/pages"}],"about":[{"href":"https:\/\/consuladodevenezuelaenmadrid.com\/index.php\/wp-json\/wp\/v2\/types\/page"}],"author":[{"embeddable":true,"href":"https:\/\/consuladodevenezuelaenmadrid.com\/index.php\/wp-json\/wp\/v2\/users\/1"}],"replies":[{"embeddable":true,"href":"https:\/\/consuladodevenezuelaenmadrid.com\/index.php\/wp-json\/wp\/v2\/comments?post=1152"}],"version-history":[{"count":38,"href":"https:\/\/consuladodevenezuelaenmadrid.com\/index.php\/wp-json\/wp\/v2\/pages\/1152\/revisions"}],"predecessor-version":[{"id":5599,"href":"https:\/\/consuladodevenezuelaenmadrid.com\/index.php\/wp-json\/wp\/v2\/pages\/1152\/revisions\/5599"}],"wp:attachment":[{"href":"https:\/\/consuladodevenezuelaenmadrid.com\/index.php\/wp-json\/wp\/v2\/media?parent=1152"}],"curies":[{"name":"wp","href":"https:\/\/api.w.org\/{rel}","templated":true}]}}