{"id":1143,"date":"2020-06-04T10:43:21","date_gmt":"2020-06-04T10:43:21","guid":{"rendered":"http:\/\/localhost\/consulado\/?page_id=1143"},"modified":"2026-04-22T14:17:42","modified_gmt":"2026-04-22T14:17:42","slug":"visa-de-negocios","status":"publish","type":"page","link":"https:\/\/consuladodevenezuelaenmadrid.com\/index.php\/visa-de-negocios\/","title":{"rendered":"VISA DE NEGOCIOS"},"content":{"rendered":"\t\t<div data-elementor-type=\"wp-page\" data-elementor-id=\"1143\" class=\"elementor elementor-1143\">\n\t\t\t\t\t\t<section class=\"elementor-section elementor-top-section elementor-element elementor-element-7bc3e0ba elementor-section-boxed elementor-section-height-default elementor-section-height-default\" data-id=\"7bc3e0ba\" data-element_type=\"section\" data-e-type=\"section\">\n\t\t\t\t\t\t<div class=\"elementor-container elementor-column-gap-default\">\n\t\t\t\t\t<div class=\"elementor-column elementor-col-100 elementor-top-column elementor-element elementor-element-5f10f3bb\" data-id=\"5f10f3bb\" data-element_type=\"column\" data-e-type=\"column\">\n\t\t\t<div class=\"elementor-widget-wrap elementor-element-populated\">\n\t\t\t\t\t\t<div class=\"elementor-element elementor-element-2159c9d elementor-widget elementor-widget-spacer\" data-id=\"2159c9d\" data-element_type=\"widget\" data-e-type=\"widget\" data-widget_type=\"spacer.default\">\n\t\t\t\t<div class=\"elementor-widget-container\">\n\t\t\t\t\t\t\t<div class=\"elementor-spacer\">\n\t\t\t<div class=\"elementor-spacer-inner\"><\/div>\n\t\t<\/div>\n\t\t\t\t\t\t<\/div>\n\t\t\t\t<\/div>\n\t\t\t\t<div class=\"elementor-element elementor-element-5c6fd32 elementor-widget elementor-widget-heading\" data-id=\"5c6fd32\" data-element_type=\"widget\" data-e-type=\"widget\" data-widget_type=\"heading.default\">\n\t\t\t\t<div class=\"elementor-widget-container\">\n\t\t\t\t\t<h2 class=\"elementor-heading-title elementor-size-default\">VISA DE NEGOCIOS (TR-N)<\/h2>\t\t\t\t<\/div>\n\t\t\t\t<\/div>\n\t\t\t\t<div class=\"elementor-element elementor-element-9d52db4 elementor-widget elementor-widget-spacer\" data-id=\"9d52db4\" data-element_type=\"widget\" data-e-type=\"widget\" data-widget_type=\"spacer.default\">\n\t\t\t\t<div class=\"elementor-widget-container\">\n\t\t\t\t\t\t\t<div class=\"elementor-spacer\">\n\t\t\t<div class=\"elementor-spacer-inner\"><\/div>\n\t\t<\/div>\n\t\t\t\t\t\t<\/div>\n\t\t\t\t<\/div>\n\t\t\t\t<div class=\"elementor-element elementor-element-702b710 elementor-widget elementor-widget-text-editor\" data-id=\"702b710\" data-element_type=\"widget\" data-e-type=\"widget\" data-widget_type=\"text-editor.default\">\n\t\t\t\t<div class=\"elementor-widget-container\">\n\t\t\t\t\t\t\t\t\t<p data-start=\"152\" data-end=\"364\">La Visa de Transe\u00fante de Negocios (TR-N) se otorga a a ciudadanos extranjeros que deseen ingresar a la Rep\u00fablica Bolivariana de Venezuela para realizar actividades comerciales, mercantiles o de negociaci\u00f3n, <strong data-start=\"604\" data-end=\"678\">principalmente en representaci\u00f3n de una empresa legalmente constituida<\/strong>, sin intenci\u00f3n de fijar residencia.<\/p><p data-start=\"366\" data-end=\"445\"><strong data-start=\"366\" data-end=\"379\">Vigencia:<\/strong> 1 a\u00f1o<br data-start=\"385\" data-end=\"388\" \/><strong data-start=\"388\" data-end=\"411\">Permanencia m\u00e1xima:<\/strong> hasta 180 d\u00edas por cada ingreso.<\/p><h6 data-start=\"452\" data-end=\"479\"><strong><span style=\"color: #008080;\">\u26a0\ufe0f CONDICI\u00d3N TERRITORIAL<\/span><\/strong><\/h6><p data-start=\"480\" data-end=\"652\">El solicitante debe <strong data-start=\"500\" data-end=\"588\">residir legalmente dentro de la circunscripci\u00f3n del Consulado de Venezuela en Madrid<\/strong>.<br data-start=\"589\" data-end=\"592\" \/>Las solicitudes de personas no residentes ser\u00e1n inadmitidas.<\/p><h6 data-start=\"957\" data-end=\"985\" data-section-id=\"u5wgbw\"><span style=\"color: #008080;\"><strong>\ud83d\udc64 PERFIL DEL SOLICITANTE<\/strong><\/span><\/h6><h6 data-start=\"987\" data-end=\"1049\" data-section-id=\"6zulbj\"><em>\u2714\ufe0f CASO PRINCIPAL<\/em><\/h6><p data-start=\"1050\" data-end=\"1137\">Persona que act\u00faa <strong data-start=\"1068\" data-end=\"1136\">en representaci\u00f3n de una empresa extranjera (Espa\u00f1a u otro pa\u00eds)<\/strong>.<\/p><h6 data-start=\"1139\" data-end=\"1162\" data-section-id=\"148d4z2\"><em>\u2714\ufe0f CASO EXCEPCIONAL<\/em><\/h6><p data-start=\"1163\" data-end=\"1267\">Persona que actuar\u00e1 <strong data-start=\"1183\" data-end=\"1204\">a t\u00edtulo personal<\/strong> con intenci\u00f3n de desarrollar actividad comercial en Venezuela.\u00a0<\/p><p data-start=\"1163\" data-end=\"1267\">\ud83d\udc49 Este supuesto ser\u00e1 evaluado con mayor rigor y requerir\u00e1 <strong data-start=\"1328\" data-end=\"1390\">acreditaci\u00f3n reforzada de solvencia econ\u00f3mica y viabilidad<\/strong>.<\/p><h6 data-start=\"659\" data-end=\"685\"><span style=\"color: #008080;\"><strong>\ud83d\udcc4 REQUISITOS GENERALES<\/strong><\/span><\/h6><ol data-start=\"687\" data-end=\"1001\"><li data-start=\"687\" data-end=\"760\"><a href=\"https:\/\/consuladodevenezuelaenmadrid.com\/wp-content\/uploads\/2026\/04\/planilla-solicitud-visado.pdf\" target=\"_blank\" rel=\"noopener\">Formulario de solicitud de visa debidamente cumplimentado y firmado<\/a>.<\/li><li data-start=\"761\" data-end=\"819\">Pasaporte vigente con <strong data-start=\"786\" data-end=\"816\">m\u00ednimo 6 meses de validez<\/strong>.<\/li><li data-start=\"820\" data-end=\"869\">Copia de las p\u00e1ginas de datos del pasaporte.<\/li><li data-start=\"870\" data-end=\"917\">Dos (2) fotograf\u00eda reciente tama\u00f1o carnet.<\/li><li data-start=\"918\" data-end=\"1001\">Documento que acredite residencia legal en Espa\u00f1a (TIE, visado o equivalente).<\/li><li data-start=\"918\" data-end=\"1001\">Acreditaci\u00f3n Empresarial<\/li><li data-start=\"918\" data-end=\"1001\">Justificaci\u00f3n del Viaje<\/li><li>Original del Certificado M\u00e9dico Oficial Ordinario, debidamente legalizado por el Consejo General de Colegios Oficiales de M\u00e9dicos de Espa\u00f1a (CGCOM) (v\u00e9ase el siguiente enlace: <a href=\"https:\/\/www.cgcom.es\/servicios\/certificados-medicos\/legalizacion-de-certificados-medicos-oficiales-ordinarios\" target=\"_blank\" rel=\"noopener\">https:\/\/www.cgcom.es\/servicios\/certificados-medicos\/legalizacion-de-certificados-medicos-oficiales-ordinarios<\/a>)..<\/li><li data-start=\"918\" data-end=\"1001\"><strong>Original del comprobante del dep\u00f3sito bancario\u00a0<\/strong>de las tasas consulares correspondientes, las cuales ascienden a\u00a0<strong>sesenta euros<\/strong>\u00a0(60,00 \u20ac).<ul><li>N\u00famero de Cuenta: <strong>ES91<\/strong>&#8211;<strong>0081-7307-05-0001577660<\/strong><\/li><li>Banco:\u00a0<strong>Sabadell<\/strong><\/li><li>Titular:\u00a0<strong>Consulado General de la Rep\u00fablica Bolivariana de Venezuela<\/strong><\/li><li>Incluir el nombre completo del interesado.<\/li><\/ul><\/li><li>Dependiendo del caso, el Consulado se reserva el derecho de solicitar recaudos adicionales a los aqu\u00ed mencionado.<\/li><\/ol><h6 data-start=\"1606\" data-end=\"1653\" data-section-id=\"flnv89\"><span style=\"color: #008080;\"><strong>\ud83e\uddfe ACREDITACI\u00d3N EMPRESARIAL<\/strong><\/span><\/h6><p data-start=\"1655\" data-end=\"1685\">El solicitante deber\u00e1 aportar:<\/p><h6 data-start=\"1687\" data-end=\"1724\" data-section-id=\"1obqdhg\"><em>\ud83c\uddea\ud83c\uddf8 EMPRESA EN ESPA\u00d1A<\/em><\/h6><ul data-start=\"1725\" data-end=\"1966\"><li data-start=\"1725\" data-end=\"1771\" data-section-id=\"1kcg0y2\">Registro mercantil o documento equivalente<\/li><li data-start=\"1772\" data-end=\"1807\" data-section-id=\"t0ffg6\">NIF\/CIF o identificaci\u00f3n fiscal<\/li><li data-start=\"1808\" data-end=\"1923\" data-section-id=\"ddh69h\">Carta oficial de la empresa indicando:<br \/><ul data-start=\"1851\" data-end=\"1923\"><li data-start=\"1851\" data-end=\"1876\" data-section-id=\"j8ww4k\">cargo del solicitante<\/li><li data-start=\"1879\" data-end=\"1899\" data-section-id=\"g3pj2l\">objeto del viaje<\/li><li data-start=\"1902\" data-end=\"1923\" data-section-id=\"gow4qn\">duraci\u00f3n estimada<\/li><li>datos de contacto verificables<\/li><\/ul><\/li><\/ul><h6 data-start=\"1973\" data-end=\"2019\" data-section-id=\"4gf9qv\"><em>\ud83c\uddfb\ud83c\uddea CONTRAPARTE EMPRESA EN VENEZUELA<\/em><\/h6><ul data-start=\"2021\" data-end=\"2238\"><li data-start=\"2021\" data-end=\"2051\" data-section-id=\"13qpz2m\">Registro Mercantil vigente<\/li><li data-section-id=\"179uff9\" data-start=\"2052\" data-end=\"2059\">RIF<\/li><li data-section-id=\"1mwtiwj\" data-start=\"2112\" data-end=\"2238\">Carta de invitaci\u00f3n formal indicando:<br \/><ul data-start=\"2154\" data-end=\"2238\"><li data-section-id=\"i97zxd\" data-start=\"2154\" data-end=\"2189\">objeto de la relaci\u00f3n comercial<\/li><li data-section-id=\"gow4qn\" data-start=\"2192\" data-end=\"2213\">duraci\u00f3n estimada<\/li><li data-section-id=\"1bt8uxk\" data-start=\"2216\" data-end=\"2238\">datos de contacto verificables<\/li><\/ul><\/li><\/ul><h6 data-section-id=\"56jzaj\" data-start=\"2245\" data-end=\"2282\"><em>\ud83d\udc64 PERSONA DE CONTACTO EN VENEZUELA (SI APLICA)<\/em><\/h6><ul data-start=\"2284\" data-end=\"2399\"><li data-section-id=\"uub377\" data-start=\"2284\" data-end=\"2310\">Documento de identidad<\/li><li data-section-id=\"e3940x\" data-start=\"2311\" data-end=\"2353\">RIF<\/li><li>Carta de invitaci\u00f3n formal indicando:<br \/><ul data-start=\"2154\" data-end=\"2238\"><li data-section-id=\"i97zxd\" data-start=\"2154\" data-end=\"2189\">objeto de la relaci\u00f3n comercial<\/li><li data-section-id=\"gow4qn\" data-start=\"2192\" data-end=\"2213\">duraci\u00f3n estimada<\/li><li data-section-id=\"1bt8uxk\" data-start=\"2216\" data-end=\"2238\">datos de contacto verificables<\/li><\/ul><\/li><li data-section-id=\"e3940x\" data-start=\"2311\" data-end=\"2353\">Constancia de actividad econ\u00f3mica emitida por un contador p\u00fablico o documento equivalente<\/li><\/ul><h6 data-section-id=\"pzyimd\" data-start=\"2406\" data-end=\"2435\"><span style=\"color: #008080;\"><strong>\ud83d\udcca JUSTIFICACI\u00d3N DEL VIAJE<\/strong><\/span><\/h6><p data-start=\"2437\" data-end=\"2528\">Se deber\u00e1 demostrar la <strong data-start=\"2460\" data-end=\"2517\">existencia real de una relaci\u00f3n o intenci\u00f3n comercial<\/strong>, mediante:<\/p><ul data-start=\"2530\" data-end=\"2583\"><li data-section-id=\"7mdg1x\" data-start=\"2530\" data-end=\"2543\">Contratos<\/li><li data-section-id=\"y6pcif\" data-start=\"2544\" data-end=\"2559\">Preacuerdos<\/li><li data-section-id=\"nms15c\" data-start=\"2560\" data-end=\"2583\">Cartas de intenci\u00f3n<\/li><\/ul><p data-start=\"2585\" data-end=\"2649\">No se admitir\u00e1n declaraciones gen\u00e9ricas sin respaldo documental.<\/p><h6 data-section-id=\"7uk4vk\" data-start=\"2656\" data-end=\"2707\"><span style=\"color: #008080;\"><strong>\ud83d\udcb0 CASO EXCEPCIONAL: ACTIVIDAD POR CUENTA PROPIA<\/strong><\/span><\/h6><p data-start=\"2709\" data-end=\"2741\">El solicitante deber\u00e1 demostrar:<\/p><ul data-start=\"2743\" data-end=\"2860\"><li data-section-id=\"g05hfp\" data-start=\"2743\" data-end=\"2777\">Solvencia econ\u00f3mica suficiente<\/li><li data-section-id=\"1g8p8e6\" data-start=\"2778\" data-end=\"2805\">Origen l\u00edcito de fondos<\/li><li data-section-id=\"g75v9n\" data-start=\"2806\" data-end=\"2860\">Viabilidad de la actividad comercial a desarrollar<\/li><\/ul><p data-start=\"2862\" data-end=\"2871\">Mediante:<\/p><ul data-start=\"2872\" data-end=\"2979\"><li data-section-id=\"1a399gl\" data-start=\"2872\" data-end=\"2905\">Extractos bancarios recientes<\/li><li data-section-id=\"18u3nzi\" data-start=\"2906\" data-end=\"2930\">Declaraci\u00f3n de renta<\/li><li>Certificado de Antecedentes penales (Reciente y apostillado).<\/li><li data-section-id=\"1m7jgv8\" data-start=\"2931\" data-end=\"2979\">Plan o descripci\u00f3n detallada de la actividad<\/li><\/ul><h6 data-section-id=\"yr4j7\" data-start=\"2986\" data-end=\"3013\"><span style=\"color: #008080;\"><strong>\ud83d\udec2 VERIFICACI\u00d3N CONSULAR<\/strong><\/span><\/h6><p data-start=\"3015\" data-end=\"3034\">El Consulado podr\u00e1:<\/p><ul data-start=\"3036\" data-end=\"3219\"><li data-section-id=\"13vql\" data-start=\"3036\" data-end=\"3081\">Verificar la existencia legal de empresas<\/li><li data-section-id=\"15j65si\" data-start=\"3082\" data-end=\"3128\">Comprobar la actividad econ\u00f3mica declarada<\/li><li data-section-id=\"1xmrzhg\" data-start=\"3129\" data-end=\"3168\">Contactar a las partes involucradas<\/li><li data-section-id=\"1pwxisx\" data-start=\"3169\" data-end=\"3219\">Solicitar entrevista o documentaci\u00f3n adicional<\/li><\/ul><h6 data-section-id=\"kf88hr\" data-start=\"3226\" data-end=\"3250\"><strong><span style=\"color: #008080;\">\u274c CAUSALES DE RECHAZO<\/span><\/strong><\/h6><ul data-start=\"3252\" data-end=\"3468\"><li data-section-id=\"180sc85\" data-start=\"3252\" data-end=\"3295\">Falta de relaci\u00f3n comercial verificable<\/li><li data-section-id=\"19epkh4\" data-start=\"3296\" data-end=\"3333\">Empresas inexistentes o inactivas<\/li><li data-section-id=\"1n3ola3\" data-start=\"3334\" data-end=\"3371\">Informaci\u00f3n falsa o inconsistente<\/li><li data-section-id=\"1s7k3qg\" data-start=\"3372\" data-end=\"3422\">Solvencia insuficiente (en casos individuales)<\/li><li data-section-id=\"drpr4a\" data-start=\"3423\" data-end=\"3468\">No residir en la circunscripci\u00f3n consular.<\/li><\/ul><p data-section-id=\"r8igjq\" data-start=\"3475\" data-end=\"3494\">El Consulado podr\u00e1 denegar la solicitud por otras causas no expresamente previstas en la presente secci\u00f3n, cuando as\u00ed lo estime conforme a la evaluaci\u00f3n integral del expediente.<\/p><p>En caso de denegaci\u00f3n, el solicitante podr\u00e1 presentar una nueva solicitud transcurridos noventa (90) d\u00edas, siempre que subsane las causas que motivaron la decisi\u00f3n y cumpla con los requisitos establecidos.<\/p><h6 data-section-id=\"r8igjq\" data-start=\"3475\" data-end=\"3494\"><span style=\"color: #008080;\"><strong>\ud83d\udcec PROCEDIMIENTO<\/strong><\/span><\/h6><ol data-start=\"3496\" data-end=\"3649\"><li data-section-id=\"qjklr3\" data-start=\"3496\" data-end=\"3528\">Env\u00edo por correo postal o mensajer\u00eda privada de solicitud completa a nuestra direcci\u00f3n <strong>Calle Eloy Gonzalo 40 &#8211; 28010 Madrid<\/strong><\/li><li data-section-id=\"gui8p9\" data-start=\"3529\" data-end=\"3553\">Revisi\u00f3n preliminar<\/li><li data-section-id=\"1ek81vs\" data-start=\"3554\" data-end=\"3582\">Verificaci\u00f3n documental<\/li><li data-section-id=\"17klgkk\" data-start=\"3583\" data-end=\"3626\">Requerimientos adicionales (si aplica)<\/li><li data-section-id=\"1cfef9l\" data-start=\"3627\" data-end=\"3649\">Decisi\u00f3n consular<\/li><\/ol><p><strong>El tiempo de espera para tramitar un visado, depende del volumen de solicitudes<\/strong>. Existen circunstancias individuales que pueden variar el tiempo de espera en forma significativa, sobre todo cuando se requiere la aprobaci\u00f3n por parte de alg\u00fan Departamento externo. Por lo anterior, se recomienda hacer la solicitud al menos noventa (90) d\u00edas antes del viaje.<\/p><h6 data-section-id=\"1pg5fnu\" data-start=\"3656\" data-end=\"3679\"><span style=\"color: #008080;\"><strong>\u26a0\ufe0f DISPOSICI\u00d3N FINAL<\/strong><\/span><\/h6><p data-start=\"3681\" data-end=\"3824\">La concesi\u00f3n de la visa es una <strong data-start=\"3712\" data-end=\"3759\">facultad discrecional del Estado venezolano<\/strong>.<br data-start=\"3760\" data-end=\"3763\" \/>El cumplimiento de los requisitos no garantiza su aprobaci\u00f3n.<\/p><p><!--EndFragment --><\/p><p class=\"isselectedend\" style=\"padding-left: 40px;\"><!--EndFragment --><\/p>\t\t\t\t\t\t\t\t<\/div>\n\t\t\t\t<\/div>\n\t\t\t\t<section class=\"elementor-section elementor-inner-section elementor-element elementor-element-3aa27f0 elementor-section-boxed elementor-section-height-default elementor-section-height-default\" data-id=\"3aa27f0\" data-element_type=\"section\" data-e-type=\"section\">\n\t\t\t\t\t\t<div class=\"elementor-container elementor-column-gap-default\">\n\t\t\t\t\t<div class=\"elementor-column elementor-col-50 elementor-inner-column elementor-element elementor-element-8f86965\" data-id=\"8f86965\" data-element_type=\"column\" data-e-type=\"column\">\n\t\t\t<div class=\"elementor-widget-wrap elementor-element-populated\">\n\t\t\t\t\t\t<div class=\"elementor-element elementor-element-7d0ee2f elementor-align-center elementor-widget elementor-widget-button\" data-id=\"7d0ee2f\" data-element_type=\"widget\" data-e-type=\"widget\" data-widget_type=\"button.default\">\n\t\t\t\t<div class=\"elementor-widget-container\">\n\t\t\t\t\t\t\t\t\t<div class=\"elementor-button-wrapper\">\n\t\t\t\t\t<a class=\"elementor-button elementor-button-link elementor-size-sm\" href=\"mailto:tramites@consuladodevenezuelaenmadrid.com\">\n\t\t\t\t\t\t<span class=\"elementor-button-content-wrapper\">\n\t\t\t\t\t\t\t\t\t<span class=\"elementor-button-text\">Requiero m\u00e1s informaci\u00f3n<\/span>\n\t\t\t\t\t<\/span>\n\t\t\t\t\t<\/a>\n\t\t\t\t<\/div>\n\t\t\t\t\t\t\t\t<\/div>\n\t\t\t\t<\/div>\n\t\t\t\t\t<\/div>\n\t\t<\/div>\n\t\t\t\t<div class=\"elementor-column elementor-col-50 elementor-inner-column elementor-element elementor-element-8db7087\" data-id=\"8db7087\" data-element_type=\"column\" data-e-type=\"column\">\n\t\t\t<div class=\"elementor-widget-wrap elementor-element-populated\">\n\t\t\t\t\t\t<div class=\"elementor-element elementor-element-1fc6fbd elementor-align-center elementor-widget elementor-widget-button\" data-id=\"1fc6fbd\" data-element_type=\"widget\" data-e-type=\"widget\" data-widget_type=\"button.default\">\n\t\t\t\t<div class=\"elementor-widget-container\">\n\t\t\t\t\t\t\t\t\t<div class=\"elementor-button-wrapper\">\n\t\t\t\t\t<a class=\"elementor-button elementor-button-link elementor-size-sm\" href=\"https:\/\/consuladodevenezuelaenmadrid.com\/\">\n\t\t\t\t\t\t<span class=\"elementor-button-content-wrapper\">\n\t\t\t\t\t\t\t\t\t<span class=\"elementor-button-text\">Salir<\/span>\n\t\t\t\t\t<\/span>\n\t\t\t\t\t<\/a>\n\t\t\t\t<\/div>\n\t\t\t\t\t\t\t\t<\/div>\n\t\t\t\t<\/div>\n\t\t\t\t\t<\/div>\n\t\t<\/div>\n\t\t\t\t\t<\/div>\n\t\t<\/section>\n\t\t\t\t\t<\/div>\n\t\t<\/div>\n\t\t\t\t\t<\/div>\n\t\t<\/section>\n\t\t\t\t<\/div>\n\t\t","protected":false},"excerpt":{"rendered":"<p>VISA DE NEGOCIOS (TR-N) La Visa de Transe\u00fante de Negocios (TR-N) se otorga a a ciudadanos extranjeros que deseen ingresar a la Rep\u00fablica Bolivariana de Venezuela para realizar actividades comerciales, mercantiles o de negociaci\u00f3n, principalmente en representaci\u00f3n de una empresa legalmente constituida, sin intenci\u00f3n de fijar residencia. Vigencia: 1 a\u00f1oPermanencia m\u00e1xima: hasta 180 d\u00edas por [&hellip;]<\/p>\n","protected":false},"author":1,"featured_media":0,"parent":0,"menu_order":0,"comment_status":"closed","ping_status":"closed","template":"elementor_header_footer","meta":{"site-sidebar-layout":"default","site-content-layout":"default","ast-site-content-layout":"default","site-content-style":"default","site-sidebar-style":"default","ast-global-header-display":"","ast-banner-title-visibility":"","ast-main-header-display":"","ast-hfb-above-header-display":"","ast-hfb-below-header-display":"","ast-hfb-mobile-header-display":"","site-post-title":"","ast-breadcrumbs-content":"","ast-featured-img":"","footer-sml-layout":"","ast-disable-related-posts":"","theme-transparent-header-meta":"default","adv-header-id-meta":"","stick-header-meta":"","header-above-stick-meta":"","header-main-stick-meta":"","header-below-stick-meta":"","astra-migrate-meta-layouts":"default","ast-page-background-enabled":"default","ast-page-background-meta":{"desktop":{"background-color":"var(--ast-global-color-4)","background-image":"","background-repeat":"repeat","background-position":"center center","background-size":"auto","background-attachment":"scroll","background-type":"","background-media":"","overlay-type":"","overlay-color":"","overlay-opacity":"","overlay-gradient":""},"tablet":{"background-color":"","background-image":"","background-repeat":"repeat","background-position":"center center","background-size":"auto","background-attachment":"scroll","background-type":"","background-media":"","overlay-type":"","overlay-color":"","overlay-opacity":"","overlay-gradient":""},"mobile":{"background-color":"","background-image":"","background-repeat":"repeat","background-position":"center center","background-size":"auto","background-attachment":"scroll","background-type":"","background-media":"","overlay-type":"","overlay-color":"","overlay-opacity":"","overlay-gradient":""}},"ast-content-background-meta":{"desktop":{"background-color":"var(--ast-global-color-5)","background-image":"","background-repeat":"repeat","background-position":"center center","background-size":"auto","background-attachment":"scroll","background-type":"","background-media":"","overlay-type":"","overlay-color":"","overlay-opacity":"","overlay-gradient":""},"tablet":{"background-color":"var(--ast-global-color-5)","background-image":"","background-repeat":"repeat","background-position":"center center","background-size":"auto","background-attachment":"scroll","background-type":"","background-media":"","overlay-type":"","overlay-color":"","overlay-opacity":"","overlay-gradient":""},"mobile":{"background-color":"var(--ast-global-color-5)","background-image":"","background-repeat":"repeat","background-position":"center center","background-size":"auto","background-attachment":"scroll","background-type":"","background-media":"","overlay-type":"","overlay-color":"","overlay-opacity":"","overlay-gradient":""}},"footnotes":""},"class_list":["post-1143","page","type-page","status-publish","hentry"],"_links":{"self":[{"href":"https:\/\/consuladodevenezuelaenmadrid.com\/index.php\/wp-json\/wp\/v2\/pages\/1143","targetHints":{"allow":["GET"]}}],"collection":[{"href":"https:\/\/consuladodevenezuelaenmadrid.com\/index.php\/wp-json\/wp\/v2\/pages"}],"about":[{"href":"https:\/\/consuladodevenezuelaenmadrid.com\/index.php\/wp-json\/wp\/v2\/types\/page"}],"author":[{"embeddable":true,"href":"https:\/\/consuladodevenezuelaenmadrid.com\/index.php\/wp-json\/wp\/v2\/users\/1"}],"replies":[{"embeddable":true,"href":"https:\/\/consuladodevenezuelaenmadrid.com\/index.php\/wp-json\/wp\/v2\/comments?post=1143"}],"version-history":[{"count":83,"href":"https:\/\/consuladodevenezuelaenmadrid.com\/index.php\/wp-json\/wp\/v2\/pages\/1143\/revisions"}],"predecessor-version":[{"id":5641,"href":"https:\/\/consuladodevenezuelaenmadrid.com\/index.php\/wp-json\/wp\/v2\/pages\/1143\/revisions\/5641"}],"wp:attachment":[{"href":"https:\/\/consuladodevenezuelaenmadrid.com\/index.php\/wp-json\/wp\/v2\/media?parent=1143"}],"curies":[{"name":"wp","href":"https:\/\/api.w.org\/{rel}","templated":true}]}}