{"id":1136,"date":"2020-06-04T10:32:29","date_gmt":"2020-06-04T10:32:29","guid":{"rendered":"http:\/\/localhost\/consulado\/?page_id=1136"},"modified":"2026-04-14T14:31:23","modified_gmt":"2026-04-14T14:31:23","slug":"visa-laboral","status":"publish","type":"page","link":"https:\/\/consuladodevenezuelaenmadrid.com\/index.php\/visa-laboral\/","title":{"rendered":"VISA LABORAL"},"content":{"rendered":"\t\t<div data-elementor-type=\"wp-page\" data-elementor-id=\"1136\" class=\"elementor elementor-1136\">\n\t\t\t\t\t\t<section class=\"elementor-section elementor-top-section elementor-element elementor-element-3c118878 elementor-section-boxed elementor-section-height-default elementor-section-height-default\" data-id=\"3c118878\" data-element_type=\"section\" data-e-type=\"section\">\n\t\t\t\t\t\t<div class=\"elementor-container elementor-column-gap-default\">\n\t\t\t\t\t<div class=\"elementor-column elementor-col-100 elementor-top-column elementor-element elementor-element-106ef274\" data-id=\"106ef274\" data-element_type=\"column\" data-e-type=\"column\">\n\t\t\t<div class=\"elementor-widget-wrap elementor-element-populated\">\n\t\t\t\t\t\t<div class=\"elementor-element elementor-element-83a0cc9 elementor-widget elementor-widget-spacer\" data-id=\"83a0cc9\" data-element_type=\"widget\" data-e-type=\"widget\" data-widget_type=\"spacer.default\">\n\t\t\t\t<div class=\"elementor-widget-container\">\n\t\t\t\t\t\t\t<div class=\"elementor-spacer\">\n\t\t\t<div class=\"elementor-spacer-inner\"><\/div>\n\t\t<\/div>\n\t\t\t\t\t\t<\/div>\n\t\t\t\t<\/div>\n\t\t\t\t<div class=\"elementor-element elementor-element-68c0999 elementor-widget elementor-widget-heading\" data-id=\"68c0999\" data-element_type=\"widget\" data-e-type=\"widget\" data-widget_type=\"heading.default\">\n\t\t\t\t<div class=\"elementor-widget-container\">\n\t\t\t\t\t<h2 class=\"elementor-heading-title elementor-size-default\">VISA LABORAL<\/h2>\t\t\t\t<\/div>\n\t\t\t\t<\/div>\n\t\t\t\t<div class=\"elementor-element elementor-element-2cf81c89 elementor-widget elementor-widget-text-editor\" data-id=\"2cf81c89\" data-element_type=\"widget\" data-e-type=\"widget\" data-widget_type=\"text-editor.default\">\n\t\t\t\t<div class=\"elementor-widget-container\">\n\t\t\t\t\t\t\t\t\t\n<div class=\"wp-block-themeisle-blocks-advanced-columns has-undefined-columns has-desktop-undefined-layout has-tablet-equal-layout has-mobile-equal-layout has-default-gap has-vertical-unset\" id=\"wp-block-themeisle-blocks-advanced-columns-785934dc\"><div class=\"wp-block-themeisle-blocks-advanced-columns-overlay\"><\/div><div class=\"innerblocks-wrap\"><\/div><\/div>\n\t\t\t\t\t\t\t\t<\/div>\n\t\t\t\t<\/div>\n\t\t\t\t<div class=\"elementor-element elementor-element-a4369b4 elementor-widget elementor-widget-text-editor\" data-id=\"a4369b4\" data-element_type=\"widget\" data-e-type=\"widget\" data-widget_type=\"text-editor.default\">\n\t\t\t\t<div class=\"elementor-widget-container\">\n\t\t\t\t\t\t\t\t\t<p id=\"h.p_H2NKyH3QRdNL\" class=\"zfr3Q\">La visa de transe\u00fante laboral se otorgar\u00e1 con una vigencia de un (1) a\u00f1o, m\u00faltiples entradas, y permitir\u00e1 una permanencia por igual periodo. Podr\u00e1 ser prorrogado en el pa\u00eds por el\u00a0<a class=\"dhtgD aw5Odc\" href=\"http:\/\/www.google.com\/url?q=http%3A%2F%2Fwww.mpprijp.gob.ve%2F&amp;sa=D&amp;sntz=1&amp;usg=AFQjCNF7XRTAr8VIY1jcQunPD1UzLPGiFg\" target=\"_blank\" rel=\"noopener\">Ministerio del Poder Popular para Relaciones Interiores, Justicia y Paz<\/a>\u00a0por igual t\u00e9rmino, previa ratificaci\u00f3n de la autorizaci\u00f3n laboral por parte del\u00a0<a class=\"dhtgD aw5Odc\" href=\"http:\/\/www.google.com\/url?q=http%3A%2F%2Fwww.mpppst.gob.ve%2F&amp;sa=D&amp;sntz=1&amp;usg=AFQjCNE9kiXxyNqglwjhmOTD2fKc-nlyyQ\" target=\"_blank\" rel=\"noopener\">Ministerio del Poder Popular para el Proceso Social de Trabajo<\/a>.<\/p>\n<p id=\"h.p_rfxuX1cCRdh1\" class=\"zfr3Q\">Ser\u00e1 de la competencia del Ministerio del Poder Popular para Relaciones Interiores, Justicia y Paz, previa conformidad del Ministerio del Poder Popular para el Proceso Social de Trabajo, la autorizaci\u00f3n del visado de transe\u00fante laboral, a solicitud de la empresa que contrata el servicio del solicitante de la visa laboral.<\/p>\n<p id=\"h.p_7d1Zw5kkRdh2\" class=\"zfr3Q\">Se otorgar\u00e1 a aquellas personas que, previa contrataci\u00f3n de una empresa o persona solicitante en Venezuela, prestar\u00e1n un servicio como trabajador permanente hasta el cese del contrato.<\/p>\n<p id=\"h.p_nQSx8glwRdh3\" class=\"zfr3Q\">Se except\u00faan los artistas, corresponsales de prensa extranjera y deportistas en actividades lucrativas, cuyos representantes en territorio venezolano deber\u00e1n obtener solamente autorizaci\u00f3n del Ministerio del Poder Popular para Relaciones Interiores, Justicia y Paz, el cual establecer\u00e1 las condiciones del visado y el t\u00e9rmino de permanencia.<\/p>\n<p id=\"h.p_QLs8oBBMRdh4\" class=\"zfr3Q\"><strong>REQUISITOS<\/strong><\/p>\n<p id=\"h.p_mUFGFvryRdh5\" class=\"zfr3Q\">Una vez aprobado el permiso de trabajo por las autoridades competentes venezolanas, el interesado deber\u00e1 remitir POR\u00a0<strong>CORREO POSTAL<\/strong>, a nuestra direcci\u00f3n:\u00a0<strong>Calle Calle Eloy Gonzalo 40 &#8211; 28010 Madrid<\/strong>:<\/p>\n<ul class=\"n8H08c UVNKR\">\n<li id=\"h.p_wz4sPhzlRdh6\" class=\"TYR86d zfr3Q\"><a href=\"https:\/\/consuladodevenezuelaenmadrid.com\/wp-content\/uploads\/2026\/04\/planilla-solicitud-visado.pdf\">Planilla de\u00a0solicitud de visa<\/a>\u00a0la cual debe llenarse a letra de imprenta y sin tachaduras.<\/li>\n<li id=\"h.p_G5WV66K-Rdh6\" class=\"TYR86d zfr3Q\"><strong>Pasaporte original<\/strong> que debe tener por lo menos doce (12) meses de validez.<\/li>\n<li>Copia del pasaporte (solamente hojas con datos personales)<\/li>\n<li id=\"h.p_FtRVGJCcRdh7\" class=\"TYR86d zfr3Q\">Dos (2) fotograf\u00edas iguales de color, recientes, tama\u00f1o carnet, con fondo blanco y sin lentes.<\/li>\n<li id=\"h.p_W7XiMraXRdh8\" class=\"TYR86d zfr3Q\">Original del Certificado M\u00e9dico Oficial Ordinario, debidamente legalizado por el Consejo General de Colegios Oficiales de M\u00e9dicos de Espa\u00f1a (CGCOM) (v\u00e9ase el siguiente enlace: <a href=\"https:\/\/www.cgcom.es\/servicios\/certificados-medicos\/legalizacion-de-certificados-medicos-oficiales-ordinarios\" target=\"_blank\" rel=\"noopener\">https:\/\/www.cgcom.es\/servicios\/certificados-medicos\/legalizacion-de-certificados-medicos-oficiales-ordinarios<\/a>).<\/li>\n<li id=\"h.p_pXAGTqhjRdh8\" class=\"TYR86d zfr3Q\">Autorizaci\u00f3n del\u00a0<a class=\"dhtgD aw5Odc\" href=\"http:\/\/www.google.com\/url?q=http%3A%2F%2Fwww.saime.gob.ve%2F&amp;sa=D&amp;sntz=1&amp;usg=AFQjCNFSF0oEUH7mRv7ePPyPKxNncIfEpA\" target=\"_blank\" rel=\"noopener\">Servicio Administrativo de Identificaci\u00f3n, Migraci\u00f3n y Extranjer\u00eda<\/a> (SAIME).<\/li>\n<li id=\"h.p_5DmHiU-lRdh8\" class=\"TYR86d zfr3Q\">Copia certificada del permiso laboral expedido por el Ministerio del Poder Popular para el Proceso Social de Trabajo de la Rep\u00fablica Bolivariana de Venezuela. Se except\u00faan los artistas, corresponsales de prensa extranjera y deportistas en actividades lucrativas.<\/li>\n<li id=\"h.p_La3ZDgvLRdh9\" class=\"TYR86d zfr3Q\">Una (1) fotocopia de los t\u00edtulos, diplomas o certificados universitarios que comprueben la profesi\u00f3n de la visa autorizada a fin de avalar su condici\u00f3n laboral.<\/li>\n<li id=\"h.p_YyxE06rTRdh9\" class=\"TYR86d zfr3Q\">Original del comprobante de empadronamiento, que demuestre su residencia en cualquier Comunidad Aut\u00f3noma de la circunscripci\u00f3n de esta Misi\u00f3n Consular.<\/li>\n<li><strong>Original del comprobante del dep\u00f3sito bancario\u00a0<\/strong>de las tasas consulares correspondientes, las cuales ascienden a\u00a0<strong>sesenta euros<\/strong>\u00a0(60,00 \u20ac).<br \/>\n<ul class=\"n8H08c UVNKR\">\n<li id=\"h.p_XwPairsaXUmn\" class=\"TYR86d zfr3Q\">N\u00famero de Cuenta: <strong>ES91<\/strong>&#8211;<strong>0081-7307-05-0001577660<\/strong><\/li>\n<li id=\"h.p_Vneb_chsXUmr\" class=\"TYR86d zfr3Q\">Banco:\u00a0<strong>Sabadell<\/strong><\/li>\n<li id=\"h.p_DAeQbTB9XUmu\" class=\"TYR86d zfr3Q\">Titular:\u00a0<strong>Consulado General de la Rep\u00fablica Bolivariana de Venezuela<\/strong><\/li>\n<li id=\"h.p_2tFY7_AKXUmw\" class=\"TYR86d zfr3Q\">Incluir el nombre completo del interesado.<\/li>\n<\/ul>\n<\/li>\n<\/ul>\n<p id=\"h.p_N5NLJxLxRdh-\" class=\"zfr3Q\"><strong>Nota:<\/strong>\u00a0El c\u00f3nyuge, hijos menores de dieciocho (18) a\u00f1os de edad, progenitores y padres pol\u00edticos del solicitante de la visa de transe\u00fante laboral tienen que aplicar por una\u00a0<a class=\"dhtgD aw5Odc\" href=\"https:\/\/www.consuladodevenezuelaenmadrid.com\/tr%C3%A1mites\/para-extranjeros\/visas\/familiar\">visa de transe\u00fante familiar<\/a>\u00a0antes de trasladarse al pa\u00eds a establecerse con \u00e9l.<\/p>\n<p id=\"h.p_O7hNlqykRdh-\" class=\"zfr3Q\">Una vez recibidos todos los documentos, esta Misi\u00f3n Consular requiere unos cinco (5) d\u00edas h\u00e1biles para su an\u00e1lisis y aprobaci\u00f3n final.<\/p>\n<p id=\"h.p_BzT7NYnORdh_\" class=\"zfr3Q\">Posteriormente, el interesado deber\u00e1 remitir, por correo postal certificado, mensajer\u00eda privada o en persona el pasaporte original.<\/p>\n<p id=\"h.p_9a-sRrIPRdh_\" class=\"zfr3Q\">Una vez recibidos todos los recaudos correctamente, esta Misi\u00f3n Consular proceder\u00e1 a la elaboraci\u00f3n y estampado del visado y le comunicar\u00e1 al interesado la fecha en la que\u00a0<strong>debe presentarse para retirar su pasaporte<\/strong>.\u00a0<\/p>\n<p><strong>El tiempo de espera para tramitar un visado, depende del volumen de solicitudes<\/strong>. Existen circunstancias individuales que pueden variar el tiempo de espera en forma significativa, sobre todo cuando se requiere la aprobaci\u00f3n por parte de alg\u00fan Departamento externo. Por lo anterior, se recomienda hacer la solicitud al menos noventa (90) d\u00edas antes del viaje.<\/p>\n<p><strong>La petici\u00f3n de visado puede ser rechazada<\/strong> por varias razones, entra las m\u00e1s comunes se encuentra la falta de documentaci\u00f3n necesaria para completar la solicitud, respaldar su situaci\u00f3n o justificar el prop\u00f3sito del viaje. Tambi\u00e9n se puede negar por error en el tipo de visa solicitada, etc.<\/p>\n<p><strong>Si se le niega una visa no se le devolver\u00e1 las tasas consulare<\/strong>s.<\/p>\t\t\t\t\t\t\t\t<\/div>\n\t\t\t\t<\/div>\n\t\t\t\t<section class=\"elementor-section elementor-inner-section elementor-element elementor-element-64a8e31 elementor-section-boxed elementor-section-height-default elementor-section-height-default\" data-id=\"64a8e31\" data-element_type=\"section\" data-e-type=\"section\">\n\t\t\t\t\t\t<div class=\"elementor-container elementor-column-gap-default\">\n\t\t\t\t\t<div class=\"elementor-column elementor-col-50 elementor-inner-column elementor-element elementor-element-8906ecd\" data-id=\"8906ecd\" data-element_type=\"column\" data-e-type=\"column\">\n\t\t\t<div class=\"elementor-widget-wrap elementor-element-populated\">\n\t\t\t\t\t\t<div class=\"elementor-element elementor-element-4337f41 elementor-align-center elementor-widget elementor-widget-button\" data-id=\"4337f41\" data-element_type=\"widget\" data-e-type=\"widget\" data-widget_type=\"button.default\">\n\t\t\t\t<div class=\"elementor-widget-container\">\n\t\t\t\t\t\t\t\t\t<div class=\"elementor-button-wrapper\">\n\t\t\t\t\t<a class=\"elementor-button elementor-button-link elementor-size-sm\" href=\"mailto:tramites@consuladodevenezuelaenmadrid.com\">\n\t\t\t\t\t\t<span class=\"elementor-button-content-wrapper\">\n\t\t\t\t\t\t\t\t\t<span class=\"elementor-button-text\">Requiero m\u00e1s informaci\u00f3n<\/span>\n\t\t\t\t\t<\/span>\n\t\t\t\t\t<\/a>\n\t\t\t\t<\/div>\n\t\t\t\t\t\t\t\t<\/div>\n\t\t\t\t<\/div>\n\t\t\t\t\t<\/div>\n\t\t<\/div>\n\t\t\t\t<div class=\"elementor-column elementor-col-50 elementor-inner-column elementor-element elementor-element-c69d5a5\" data-id=\"c69d5a5\" data-element_type=\"column\" data-e-type=\"column\">\n\t\t\t<div class=\"elementor-widget-wrap elementor-element-populated\">\n\t\t\t\t\t\t<div class=\"elementor-element elementor-element-d636b6a elementor-align-center elementor-widget elementor-widget-button\" data-id=\"d636b6a\" data-element_type=\"widget\" data-e-type=\"widget\" data-widget_type=\"button.default\">\n\t\t\t\t<div class=\"elementor-widget-container\">\n\t\t\t\t\t\t\t\t\t<div class=\"elementor-button-wrapper\">\n\t\t\t\t\t<a class=\"elementor-button elementor-button-link elementor-size-sm\" href=\"https:\/\/consuladodevenezuelaenmadrid.com\/\">\n\t\t\t\t\t\t<span class=\"elementor-button-content-wrapper\">\n\t\t\t\t\t\t\t\t\t<span class=\"elementor-button-text\">Salir<\/span>\n\t\t\t\t\t<\/span>\n\t\t\t\t\t<\/a>\n\t\t\t\t<\/div>\n\t\t\t\t\t\t\t\t<\/div>\n\t\t\t\t<\/div>\n\t\t\t\t\t<\/div>\n\t\t<\/div>\n\t\t\t\t\t<\/div>\n\t\t<\/section>\n\t\t\t\t\t<\/div>\n\t\t<\/div>\n\t\t\t\t\t<\/div>\n\t\t<\/section>\n\t\t\t\t<\/div>\n\t\t","protected":false},"excerpt":{"rendered":"<p>VISA LABORAL La visa de transe\u00fante laboral se otorgar\u00e1 con una vigencia de un (1) a\u00f1o, m\u00faltiples entradas, y permitir\u00e1 una permanencia por igual periodo. Podr\u00e1 ser prorrogado en el pa\u00eds por el\u00a0Ministerio del Poder Popular para Relaciones Interiores, Justicia y Paz\u00a0por igual t\u00e9rmino, previa ratificaci\u00f3n de la autorizaci\u00f3n laboral por parte del\u00a0Ministerio del Poder [&hellip;]<\/p>\n","protected":false},"author":1,"featured_media":0,"parent":0,"menu_order":0,"comment_status":"closed","ping_status":"closed","template":"elementor_header_footer","meta":{"site-sidebar-layout":"default","site-content-layout":"default","ast-site-content-layout":"default","site-content-style":"default","site-sidebar-style":"default","ast-global-header-display":"","ast-banner-title-visibility":"","ast-main-header-display":"","ast-hfb-above-header-display":"","ast-hfb-below-header-display":"","ast-hfb-mobile-header-display":"","site-post-title":"","ast-breadcrumbs-content":"","ast-featured-img":"","footer-sml-layout":"","ast-disable-related-posts":"","theme-transparent-header-meta":"default","adv-header-id-meta":"","stick-header-meta":"","header-above-stick-meta":"","header-main-stick-meta":"","header-below-stick-meta":"","astra-migrate-meta-layouts":"default","ast-page-background-enabled":"default","ast-page-background-meta":{"desktop":{"background-color":"var(--ast-global-color-4)","background-image":"","background-repeat":"repeat","background-position":"center center","background-size":"auto","background-attachment":"scroll","background-type":"","background-media":"","overlay-type":"","overlay-color":"","overlay-opacity":"","overlay-gradient":""},"tablet":{"background-color":"","background-image":"","background-repeat":"repeat","background-position":"center center","background-size":"auto","background-attachment":"scroll","background-type":"","background-media":"","overlay-type":"","overlay-color":"","overlay-opacity":"","overlay-gradient":""},"mobile":{"background-color":"","background-image":"","background-repeat":"repeat","background-position":"center center","background-size":"auto","background-attachment":"scroll","background-type":"","background-media":"","overlay-type":"","overlay-color":"","overlay-opacity":"","overlay-gradient":""}},"ast-content-background-meta":{"desktop":{"background-color":"var(--ast-global-color-5)","background-image":"","background-repeat":"repeat","background-position":"center center","background-size":"auto","background-attachment":"scroll","background-type":"","background-media":"","overlay-type":"","overlay-color":"","overlay-opacity":"","overlay-gradient":""},"tablet":{"background-color":"var(--ast-global-color-5)","background-image":"","background-repeat":"repeat","background-position":"center center","background-size":"auto","background-attachment":"scroll","background-type":"","background-media":"","overlay-type":"","overlay-color":"","overlay-opacity":"","overlay-gradient":""},"mobile":{"background-color":"var(--ast-global-color-5)","background-image":"","background-repeat":"repeat","background-position":"center center","background-size":"auto","background-attachment":"scroll","background-type":"","background-media":"","overlay-type":"","overlay-color":"","overlay-opacity":"","overlay-gradient":""}},"footnotes":""},"class_list":["post-1136","page","type-page","status-publish","hentry"],"_links":{"self":[{"href":"https:\/\/consuladodevenezuelaenmadrid.com\/index.php\/wp-json\/wp\/v2\/pages\/1136","targetHints":{"allow":["GET"]}}],"collection":[{"href":"https:\/\/consuladodevenezuelaenmadrid.com\/index.php\/wp-json\/wp\/v2\/pages"}],"about":[{"href":"https:\/\/consuladodevenezuelaenmadrid.com\/index.php\/wp-json\/wp\/v2\/types\/page"}],"author":[{"embeddable":true,"href":"https:\/\/consuladodevenezuelaenmadrid.com\/index.php\/wp-json\/wp\/v2\/users\/1"}],"replies":[{"embeddable":true,"href":"https:\/\/consuladodevenezuelaenmadrid.com\/index.php\/wp-json\/wp\/v2\/comments?post=1136"}],"version-history":[{"count":38,"href":"https:\/\/consuladodevenezuelaenmadrid.com\/index.php\/wp-json\/wp\/v2\/pages\/1136\/revisions"}],"predecessor-version":[{"id":5590,"href":"https:\/\/consuladodevenezuelaenmadrid.com\/index.php\/wp-json\/wp\/v2\/pages\/1136\/revisions\/5590"}],"wp:attachment":[{"href":"https:\/\/consuladodevenezuelaenmadrid.com\/index.php\/wp-json\/wp\/v2\/media?parent=1136"}],"curies":[{"name":"wp","href":"https:\/\/api.w.org\/{rel}","templated":true}]}}